{"id":35693,"date":"2023-09-21T22:17:31","date_gmt":"2023-09-21T20:17:31","guid":{"rendered":"https:\/\/pro-body.com\/pl\/?page_id=35693"},"modified":"2023-09-29T01:25:48","modified_gmt":"2023-09-28T23:25:48","slug":"kalkulator-peptydow","status":"publish","type":"page","link":"https:\/\/pro-body.com\/pl\/kalkulator-peptydow\/","title":{"rendered":"Kalkulator peptyd\u00f3w"},"content":{"rendered":"\t\t<div data-elementor-type=\"wp-post\" data-elementor-id=\"35693\" class=\"elementor elementor-35693\" data-elementor-post-type=\"page\">\n\t\t\t\t\t\t<section class=\"elementor-section elementor-top-section elementor-element elementor-element-7846ab7 elementor-section-height-min-height elementor-section-content-middle elementor-section-boxed elementor-section-height-default elementor-section-items-middle\" data-id=\"7846ab7\" data-element_type=\"section\" data-settings=\"{&quot;background_background&quot;:&quot;classic&quot;}\">\n\t\t\t\t\t\t\t<div class=\"elementor-background-overlay\"><\/div>\n\t\t\t\t\t\t\t<div class=\"elementor-container elementor-column-gap-no\">\n\t\t\t\t\t<div class=\"elementor-column elementor-col-100 elementor-top-column elementor-element elementor-element-211b1e4 elementor-invisible\" data-id=\"211b1e4\" data-element_type=\"column\" data-settings=\"{&quot;animation&quot;:&quot;fadeIn&quot;}\">\n\t\t\t<div class=\"elementor-widget-wrap elementor-element-populated\">\n\t\t\t\t\t\t<div class=\"elementor-element elementor-element-6ac0aca elementor-widget elementor-widget-heading\" data-id=\"6ac0aca\" data-element_type=\"widget\" data-widget_type=\"heading.default\">\n\t\t\t\t<div class=\"elementor-widget-container\">\n\t\t\t\t\t<h1 class=\"elementor-heading-title elementor-size-default\">Kalkulator peptyd\u00f3w<\/h1>\t\t\t\t<\/div>\n\t\t\t\t<\/div>\n\t\t\t\t<div class=\"elementor-element elementor-element-10e4631 elementor-widget elementor-widget-text-editor\" data-id=\"10e4631\" data-element_type=\"widget\" data-widget_type=\"text-editor.default\">\n\t\t\t\t<div class=\"elementor-widget-container\">\n\t\t\t\t\t\t\t\t\t<p>Planujesz rozpocz\u0105\u0107 suplementacj\u0119 peptydami lub masz zamiar wprowadzi\u0107 nowy peptyd do swojej diety, ale nie jeste\u015b pewien, jak dok\u0142adnie obliczy\u0107 odpowiedni\u0105 dawk\u0119 obj\u0119to\u015bciow\u0105? Nasz kalkulator peptyd\u00f3w online jest narz\u0119dziem, kt\u00f3re pomo\u017ce Ci w oszacowaniu w\u0142a\u015bciwej ilo\u015bci peptydu do podania, wyra\u017conej w liczbie kresek na strzykawce. Kalkulator ten jest \u0142atwy w u\u017cyciu i dost\u0119pny online, co u\u0142atwia precyzyjne obliczenia. Dzi\u0119ki niemu mo\u017cesz by\u0107 pewien, \u017ce stosujesz odpowiedni\u0105 dawk\u0119 peptydu, aby maksymalnie wykorzysta\u0107 jego korzy\u015bci dla zdrowia i kondycji.<\/p>\t\t\t\t\t\t\t\t<\/div>\n\t\t\t\t<\/div>\n\t\t\t\t<div class=\"elementor-element elementor-element-31881e5 elementor-align-center elementor-widget elementor-widget-button\" data-id=\"31881e5\" data-element_type=\"widget\" data-widget_type=\"button.default\">\n\t\t\t\t<div class=\"elementor-widget-container\">\n\t\t\t\t\t\t\t\t\t<div class=\"elementor-button-wrapper\">\n\t\t\t\t\t<a class=\"elementor-button elementor-button-link elementor-size-sm\" href=\"https:\/\/pro-body.com\/pl\/sklep\/\">\n\t\t\t\t\t\t<span class=\"elementor-button-content-wrapper\">\n\t\t\t\t\t\t\t\t\t<span class=\"elementor-button-text\">SKLEP<\/span>\n\t\t\t\t\t<\/span>\n\t\t\t\t\t<\/a>\n\t\t\t\t<\/div>\n\t\t\t\t\t\t\t\t<\/div>\n\t\t\t\t<\/div>\n\t\t\t\t\t<\/div>\n\t\t<\/div>\n\t\t\t\t\t<\/div>\n\t\t<\/section>\n\t\t\t\t<section class=\"elementor-section elementor-top-section elementor-element elementor-element-8977841 elementor-section-boxed elementor-section-height-default elementor-section-height-default elementor-invisible\" data-id=\"8977841\" data-element_type=\"section\" data-settings=\"{&quot;animation&quot;:&quot;fadeIn&quot;}\">\n\t\t\t\t\t\t<div class=\"elementor-container elementor-column-gap-no\">\n\t\t\t\t\t<div class=\"elementor-column elementor-col-50 elementor-top-column elementor-element elementor-element-4c3d67b\" data-id=\"4c3d67b\" data-element_type=\"column\">\n\t\t\t<div class=\"elementor-widget-wrap elementor-element-populated\">\n\t\t\t\t\t\t<div class=\"elementor-element elementor-element-680c92c elementor-widget elementor-widget-html\" data-id=\"680c92c\" data-element_type=\"widget\" data-widget_type=\"html.default\">\n\t\t\t\t<div class=\"elementor-widget-container\">\n\t\t\t\t\t    <style>\n        .container {\n            max-width: 600px;\n            margin: 0 auto;\n            padding: 30px;\n            background-color: #fff;\n            border-radius: 30px;\n            box-shadow: 0 0 10px rgba(0, 0, 0, 0.2);\n        }\n        label {\n            font-weight: bold;\n        }\n        input[type=\"number\"] {\n            width: 100%;\n            padding: 10px;\n            margin-bottom: 10px;\n            border: 1px solid #ccc;\n            border-radius: 3px;\n        }\n        button {\n            margin-top: 20px;\n            width: 100%;\n            cursor: pointer;\n        }\n        select, input{\n            width: 100%;\n        }\n        \n        #output-peptides{\n        margin-top: 20px;\n        }\n    <\/style>\n    \n    \n    <div class=\"container\">\n        <h2>KALKULATOR PEPTYD\u00d3W<\/h2>\n        <p><\/p>\n        <form id=\"calculator\" action=\"#\">\n            Pojemno\u015b\u0107 Twojej strzykawki:\n            <select id=\"inj_size\" class=\"form-select\" name=\"inj_size\">\n                <option value=\"0.3\">0.3 ML<\/option>\n                <option value=\"0.5\">0.5 ML<\/option>\n                <option value=\"1\">1 ML<\/option>\n                <option value=\"2\">2 ML<\/option>\n                <option value=\"3\">3 ML<\/option>\n                <option value=\"4\">4 ML<\/option>\n                <option value=\"5\">5 ML<\/option>\n            <\/select><br>\n\n            Ile kresek ma Twoja strzykawka?:\n            <input id=\"ui\" max=\"100\" min=\"1\" name=\"ui\" type=\"text\" value=\"30\"> <br>\n\n            Ilo\u015b\u0107 peptydu we fiolce w <strong>MG<\/strong>:\n            <input id=\"mg\" class=\"form-control\" max=\"100\" min=\"1\" name=\"mg\" type=\"number\" value=\"5\"> <br>\n\n            Ile doda\u0142e\u015b <strong>ML<\/strong> p\u0142ynu do fiolki z peptydem?:\n            <input id=\"ml\" class=\"form-control\" max=\"100\" min=\"1\" name=\"ml\" type=\"number\" value=\"5\"> <br>\n\n            Jak\u0105 chcesz osi\u0105gn\u0105\u0107 dawk\u0119 peptydu na porcj\u0119 w <strong>MCG<\/strong>?:\n            <input id=\"mcg\" class=\"form-control\" max=\"1000\" min=\"1\" name=\"mcg\" type=\"number\" value=\"100\"> <br>\n\n            <button id=\"btn-peptides\" class=\"btn btn-primary\">Przelicz<\/button>\n        <\/form>\n        <div id=\"output-peptides\"><\/div>\n    <\/div>\n   <script type=\"text\/javascript\">\/\/ <![CDATA[\n        let btn_peptides = document.querySelector(\"#btn-peptides\");\n        let output_peptides = document.querySelector(\"#output-peptides\");\n        let output_num;\n\n        if (btn_peptides) {\n            btn_peptides.addEventListener(\"click\", (e) => {\n                e.preventDefault();\n                let inj_size = parseFloat(document.querySelector(\"#inj_size\").value);\n                let ui = parseFloat(document.querySelector(\"#ui\").value);\n                let mg = parseFloat(document.querySelector(\"#mg\").value);\n                let ml = parseFloat(document.querySelector(\"#ml\").value);\n                let mcg = parseFloat(document.querySelector(\"#mcg\").value);\n\n                if (inj_size > 0 && ui > 0 && mg > 0 && ml > 0 && mcg > 0) {\n                    output_num = (ui \/ inj_size) * mcg * (ml \/ mg) \/ 1000;\n                    output_peptides.innerHTML = `Dawka kt\u00f3r\u0105 chcesz u\u017cy\u0107, czyli <b>${mcg}<\/b> mcg to <b>${output_num.toFixed(2)}<\/b> kresek na Twojej strzykawce`;\n                } else {\n                    output_peptides.innerHTML = \"B\u0142\u0105d, wype\u0142nij poprawnie formularz.\";\n                }\n            });\n        }\n\/\/ ]]><\/script>\t\t\t\t<\/div>\n\t\t\t\t<\/div>\n\t\t\t\t\t<\/div>\n\t\t<\/div>\n\t\t\t\t<div class=\"elementor-column elementor-col-50 elementor-top-column elementor-element elementor-element-113c859\" data-id=\"113c859\" data-element_type=\"column\">\n\t\t\t<div class=\"elementor-widget-wrap elementor-element-populated\">\n\t\t\t\t\t\t<div class=\"elementor-element elementor-element-962d10e elementor-widget elementor-widget-text-editor\" data-id=\"962d10e\" data-element_type=\"widget\" data-widget_type=\"text-editor.default\">\n\t\t\t\t<div class=\"elementor-widget-container\">\n\t\t\t\t\t\t\t\t\t<div class=\"flex flex-grow flex-col gap-3 max-w-full\"><div class=\"min-h-[20px] flex flex-col items-start gap-3 overflow-x-auto whitespace-pre-wrap break-words\"><div class=\"markdown prose w-full break-words dark:prose-invert light\"><h2>Czym s\u0105 peptydy?<\/h2><p>Zanim skorzystasz z kalkulatora peptydowego online, warto pozna\u0107 podstawowe informacje na temat peptyd\u00f3w. Peptydy to substancje nazywane potocznie prostymi bia\u0142kami. W organizmie ludzkim ka\u017cdy z peptyd\u00f3w pe\u0142ni r\u00f3\u017cne funkcje. Od kilku dziesi\u0119cioleci naukowcy pracuj\u0105 nad syntetycznymi peptydami, kt\u00f3re mog\u0105 wp\u0142ywa\u0107 korzystnie na zdrowie, samopoczucie i kondycj\u0119 ludzi. Obecnie coraz wi\u0119cej os\u00f3b, zw\u0142aszcza sportowc\u00f3w, korzysta z peptyd\u00f3w.<\/p><h2>Kalkulator peptydowy online<\/h2><p>Nasz kalkulator peptydowy online zosta\u0142 stworzony, aby pom\u00f3c Ci okre\u015bli\u0107 odpowiedni\u0105 ilo\u015b\u0107 peptydu do podania, wyra\u017con\u0105 w jednostkach obj\u0119to\u015bci, takich jak kreski na strzykawce. Pami\u0119taj jednak, \u017ce zawsze powiniene\u015b stosowa\u0107 dawk\u0119 zgodnie z zaleceniami profesjonalisty, gdy\u017c dawkowanie peptyd\u00f3w powinno by\u0107 starannie dostosowane do Twoich potrzeb.<\/p><h2>Czy peptydy s\u0105 bezpieczne?<\/h2><p>Peptydy s\u0105 uwa\u017cane za stosunkowo bezpieczne substancje, kt\u00f3re przesz\u0142y wiele bada\u0144, g\u0142\u00f3wnie na zwierz\u0119tach, a cz\u0119\u015b\u0107 z nich r\u00f3wnie\u017c na ludziach. Niemniej jednak, jak w przypadku wi\u0119kszo\u015bci substancji, nadmierna konsumpcja peptyd\u00f3w mo\u017ce prowadzi\u0107 do niepo\u017c\u0105danych efekt\u00f3w. Korzystaj\u0105c z naszego kalkulatora peptydowego online, mo\u017cesz precyzyjnie okre\u015bli\u0107 dawk\u0119, ale zawsze pami\u0119taj o przestrzeganiu zaleconych dziennych porcji, aby unikn\u0105\u0107 niepotrzebnych ryzyk.<\/p><\/div><\/div><\/div>\t\t\t\t\t\t\t\t<\/div>\n\t\t\t\t<\/div>\n\t\t\t\t\t<\/div>\n\t\t<\/div>\n\t\t\t\t\t<\/div>\n\t\t<\/section>\n\t\t\t\t<section class=\"elementor-section elementor-top-section elementor-element elementor-element-f486f54 elementor-section-height-min-height elementor-section-content-middle elementor-section-boxed elementor-section-height-default elementor-section-items-middle\" data-id=\"f486f54\" data-element_type=\"section\" data-settings=\"{&quot;background_background&quot;:&quot;classic&quot;}\">\n\t\t\t\t\t\t\t<div class=\"elementor-background-overlay\"><\/div>\n\t\t\t\t\t\t\t<div class=\"elementor-container elementor-column-gap-no\">\n\t\t\t\t\t<div class=\"elementor-column elementor-col-100 elementor-top-column elementor-element elementor-element-bb42394 elementor-invisible\" data-id=\"bb42394\" data-element_type=\"column\" data-settings=\"{&quot;animation&quot;:&quot;fadeIn&quot;}\">\n\t\t\t<div class=\"elementor-widget-wrap elementor-element-populated\">\n\t\t\t\t\t\t<div class=\"elementor-element elementor-element-1bbbc1b premium-floating-effects-yes elementor-widget elementor-widget-heading\" data-id=\"1bbbc1b\" data-element_type=\"widget\" data-settings=\"{&quot;premium_fe_translate_switcher&quot;:&quot;yes&quot;,&quot;premium_fe_Xtranslate&quot;:{&quot;unit&quot;:&quot;px&quot;,&quot;size&quot;:&quot;&quot;,&quot;sizes&quot;:{&quot;from&quot;:0,&quot;to&quot;:0}},&quot;premium_fe_Ytranslate&quot;:{&quot;unit&quot;:&quot;px&quot;,&quot;size&quot;:&quot;&quot;,&quot;sizes&quot;:{&quot;from&quot;:-10,&quot;to&quot;:-2}},&quot;premium_fe_trans_duration&quot;:{&quot;unit&quot;:&quot;px&quot;,&quot;size&quot;:1000,&quot;sizes&quot;:[]},&quot;premium_fe_trans_delay&quot;:{&quot;unit&quot;:&quot;px&quot;,&quot;size&quot;:&quot;&quot;,&quot;sizes&quot;:[]},&quot;premium_fe_direction&quot;:&quot;alternate&quot;,&quot;premium_fe_loop&quot;:&quot;default&quot;,&quot;premium_fe_easing&quot;:&quot;easeInOutSine&quot;}\" data-widget_type=\"heading.default\">\n\t\t\t\t<div class=\"elementor-widget-container\">\n\t\t\t\t\t<h2 class=\"elementor-heading-title elementor-size-default\">Zapraszamy do odwiedzenia naszego sklepu online i odkrycia fascynuj\u0105cego \u015bwiata peptyd\u00f3w!<\/h2>\t\t\t\t<\/div>\n\t\t\t\t<\/div>\n\t\t\t\t<div class=\"elementor-element elementor-element-f4c635c elementor-widget-divider--view-line elementor-widget elementor-widget-divider\" data-id=\"f4c635c\" data-element_type=\"widget\" data-widget_type=\"divider.default\">\n\t\t\t\t<div class=\"elementor-widget-container\">\n\t\t\t\t\t\t\t<div class=\"elementor-divider\">\n\t\t\t<span class=\"elementor-divider-separator\">\n\t\t\t\t\t\t<\/span>\n\t\t<\/div>\n\t\t\t\t\t\t<\/div>\n\t\t\t\t<\/div>\n\t\t\t\t<div class=\"elementor-element elementor-element-f467897 elementor-widget elementor-widget-text-editor\" data-id=\"f467897\" data-element_type=\"widget\" data-widget_type=\"text-editor.default\">\n\t\t\t\t<div class=\"elementor-widget-container\">\n\t\t\t\t\t\t\t\t\t<p>Sprawd\u017a nasz\u0105 ofert\u0119 ju\u017c dzi\u015b i do\u0142\u0105cz do naszych zadowolonych klient\u00f3w!<\/p>\t\t\t\t\t\t\t\t<\/div>\n\t\t\t\t<\/div>\n\t\t\t\t<div class=\"elementor-element elementor-element-2301f36 elementor-mobile-align-center elementor-align-center elementor-widget elementor-widget-button\" data-id=\"2301f36\" data-element_type=\"widget\" data-widget_type=\"button.default\">\n\t\t\t\t<div class=\"elementor-widget-container\">\n\t\t\t\t\t\t\t\t\t<div class=\"elementor-button-wrapper\">\n\t\t\t\t\t<a class=\"elementor-button elementor-button-link elementor-size-md\" href=\"https:\/\/pro-body.com\/pl\/sklep\/\">\n\t\t\t\t\t\t<span class=\"elementor-button-content-wrapper\">\n\t\t\t\t\t\t\t\t\t<span class=\"elementor-button-text\">SKLEP<\/span>\n\t\t\t\t\t<\/span>\n\t\t\t\t\t<\/a>\n\t\t\t\t<\/div>\n\t\t\t\t\t\t\t\t<\/div>\n\t\t\t\t<\/div>\n\t\t\t\t\t<\/div>\n\t\t<\/div>\n\t\t\t\t\t<\/div>\n\t\t<\/section>\n\t\t\t\t<\/div>\n\t\t","protected":false},"excerpt":{"rendered":"<p>Kalkulator peptyd\u00f3w Planujesz rozpocz\u0105\u0107 suplementacj\u0119 peptydami lub masz zamiar wprowadzi\u0107 nowy peptyd do swojej diety, ale nie jeste\u015b pewien, jak dok\u0142adnie obliczy\u0107 odpowiedni\u0105 dawk\u0119 obj\u0119to\u015bciow\u0105? Nasz kalkulator peptyd\u00f3w online jest narz\u0119dziem, kt\u00f3re pomo\u017ce Ci w oszacowaniu w\u0142a\u015bciwej ilo\u015bci peptydu do podania, wyra\u017conej w liczbie kresek na strzykawce. Kalkulator ten jest \u0142atwy w u\u017cyciu i dost\u0119pny &hellip;<\/p>\n<p class=\"read-more\"> <a class=\"\" href=\"https:\/\/pro-body.com\/pl\/kalkulator-peptydow\/\"> <span class=\"screen-reader-text\">Kalkulator peptyd\u00f3w<\/span> Read More &raquo;<\/a><\/p>\n","protected":false},"author":1,"featured_media":0,"parent":0,"menu_order":0,"comment_status":"closed","ping_status":"closed","template":"","meta":{"_acf_changed":false,"site-sidebar-layout":"no-sidebar","site-content-layout":"page-builder","ast-site-content-layout":"full-width-container","site-content-style":"unboxed","site-sidebar-style":"unboxed","ast-global-header-display":"","ast-banner-title-visibility":"","ast-main-header-display":"","ast-hfb-above-header-display":"","ast-hfb-below-header-display":"","ast-hfb-mobile-header-display":"","site-post-title":"disabled","ast-breadcrumbs-content":"","ast-featured-img":"disabled","footer-sml-layout":"","theme-transparent-header-meta":"enabled","adv-header-id-meta":"","stick-header-meta":"","header-above-stick-meta":"","header-main-stick-meta":"","header-below-stick-meta":"","astra-migrate-meta-layouts":"set","footnotes":""},"class_list":["post-35693","page","type-page","status-publish","hentry"],"acf":[],"aioseo_notices":[],"_links":{"self":[{"href":"https:\/\/pro-body.com\/pl\/wp-json\/wp\/v2\/pages\/35693","targetHints":{"allow":["GET"]}}],"collection":[{"href":"https:\/\/pro-body.com\/pl\/wp-json\/wp\/v2\/pages"}],"about":[{"href":"https:\/\/pro-body.com\/pl\/wp-json\/wp\/v2\/types\/page"}],"author":[{"embeddable":true,"href":"https:\/\/pro-body.com\/pl\/wp-json\/wp\/v2\/users\/1"}],"replies":[{"embeddable":true,"href":"https:\/\/pro-body.com\/pl\/wp-json\/wp\/v2\/comments?post=35693"}],"version-history":[{"count":0,"href":"https:\/\/pro-body.com\/pl\/wp-json\/wp\/v2\/pages\/35693\/revisions"}],"wp:attachment":[{"href":"https:\/\/pro-body.com\/pl\/wp-json\/wp\/v2\/media?parent=35693"}],"curies":[{"name":"wp","href":"https:\/\/api.w.org\/{rel}","templated":true}]}}