{"id":109095,"date":"2025-11-01T17:53:39","date_gmt":"2025-11-01T16:53:39","guid":{"rendered":"https:\/\/pro-body.com\/pl\/?post_type=product&#038;p=109095"},"modified":"2026-01-12T08:11:12","modified_gmt":"2026-01-12T07:11:12","slug":"slu-pp-332-plus-500mcg-60-caps","status":"publish","type":"product","link":"https:\/\/pro-body.com\/pl\/produkt\/slu-pp-332-plus-500mcg-60-caps\/","title":{"rendered":"SLU-PP-332-PLUS 500mcg 60 caps"},"content":{"rendered":"<h3><a href=\"https:\/\/pro-body.com\/pl\/wp-content\/uploads\/2025\/11\/Beauty-Website-in-Light-Pink-Maroon-Dark-Pink-Style.png\"><img fetchpriority=\"high\" decoding=\"async\" class=\"aligncenter wp-image-110394 size-full\" src=\"https:\/\/pro-body.com\/pl\/wp-content\/uploads\/2025\/11\/Beauty-Website-in-Light-Pink-Maroon-Dark-Pink-Style.png\" alt=\"slu-pp-332 spalacz t\u0142uszczu, booster energetyczny\" width=\"1800\" height=\"900\" srcset=\"https:\/\/pro-body.com\/pl\/wp-content\/uploads\/2025\/11\/Beauty-Website-in-Light-Pink-Maroon-Dark-Pink-Style.png 1800w, https:\/\/pro-body.com\/pl\/wp-content\/uploads\/2025\/11\/Beauty-Website-in-Light-Pink-Maroon-Dark-Pink-Style-300x150.png 300w, https:\/\/pro-body.com\/pl\/wp-content\/uploads\/2025\/11\/Beauty-Website-in-Light-Pink-Maroon-Dark-Pink-Style-1024x512.png 1024w, https:\/\/pro-body.com\/pl\/wp-content\/uploads\/2025\/11\/Beauty-Website-in-Light-Pink-Maroon-Dark-Pink-Style-768x384.png 768w, https:\/\/pro-body.com\/pl\/wp-content\/uploads\/2025\/11\/Beauty-Website-in-Light-Pink-Maroon-Dark-Pink-Style-1536x768.png 1536w, https:\/\/pro-body.com\/pl\/wp-content\/uploads\/2025\/11\/Beauty-Website-in-Light-Pink-Maroon-Dark-Pink-Style-1000x500.png 1000w, https:\/\/pro-body.com\/pl\/wp-content\/uploads\/2025\/11\/Beauty-Website-in-Light-Pink-Maroon-Dark-Pink-Style-64x32.png 64w\" sizes=\"(max-width: 1800px) 100vw, 1800px\" \/><\/a><br \/>\nCzym jest SLU-PP-332?<\/h3>\n<p data-start=\"586\" data-end=\"915\"><strong data-start=\"586\" data-end=\"600\">SLU-PP-332<\/strong> to produkt opracowany z my\u015bl\u0105 o osobach, kt\u00f3re chc\u0105 zadba\u0107 o <strong data-start=\"662\" data-end=\"710\">efektywne wykorzystanie energii w organizmie<\/strong> oraz <strong data-start=\"716\" data-end=\"741\">harmonijny metabolizm<\/strong>. Sk\u0142ad SLU-PP-332 zwraca uwag\u0119 swoj\u0105 <strong data-start=\"779\" data-end=\"854\">ukierunkowan\u0105 rol\u0105 w procesach zwi\u0105zanych z aktywno\u015bci\u0105 mitochondrialn\u0105<\/strong>, r\u00f3wnowag\u0105 energetyczn\u0105 oraz tempem przemian metabolicznych.<\/p>\n<p style=\"text-align: left;\" data-start=\"917\" data-end=\"1087\">To propozycja dla os\u00f3b, kt\u00f3re stawiaj\u0105 na <strong data-start=\"959\" data-end=\"992\">klarown\u0105 energi\u0119 w ci\u0105gu dnia<\/strong>, stabilny rytm dzia\u0142ania i dobr\u0105 kondycj\u0119 metaboliczn\u0105 \u2013 <strong data-start=\"1050\" data-end=\"1087\">bez pobudzenia i bez stymulant\u00f3w.<\/strong><\/p>\n<p style=\"text-align: center;\" data-start=\"917\" data-end=\"1087\"><strong data-start=\"1050\" data-end=\"1087\"><br \/>\nSzukasz innego rodzaju SLU-PP-332? Sprawd\u017a nasze wersje <a href=\"https:\/\/pro-body.com\/pl\/produkt\/slu-pp-332-100mcg-60caps\/\">100mcg<\/a> i <a href=\"https:\/\/pro-body.com\/pl\/produkt\/slu-pp-332-max-plus-1000mg-60caps\/\">1000mcg<\/a>.\u00a0<\/strong><\/p>\n<p><strong>W kontek\u015bcie bada\u0144 naukowych SLU-PP-332 stanowi warto\u015bciowy model do studiowania:<\/strong><\/p>\n<ul>\n<li style=\"font-weight: 400;\" aria-level=\"1\"><span style=\"font-weight: 400;\">Proces\u00f3w mitochondrialnych w kom\u00f3rkach<\/span><\/li>\n<li style=\"font-weight: 400;\" aria-level=\"1\"><span style=\"font-weight: 400;\">Mechanizm\u00f3w regulacji metabolizmu energetycznego<\/span><\/li>\n<li style=\"font-weight: 400;\" aria-level=\"1\"><span style=\"font-weight: 400;\">\u015acie\u017cek sygnalizacyjnych zwi\u0105zanych z receptorami j\u0105drowymi<\/span><\/li>\n<li style=\"font-weight: 400;\" aria-level=\"1\"><span style=\"font-weight: 400;\">Biogenezy mitochondrialnej<\/span><\/li>\n<li style=\"font-weight: 400;\" aria-level=\"1\"><span style=\"font-weight: 400;\">Oksydacji substrat\u00f3w energetycznych<\/span><\/li>\n<\/ul>\n<h3><b>Kontekst naukowy<\/b><\/h3>\n<p><span style=\"font-weight: 400;\">Receptory ERR (ERR\u03b1, ERR\u03b2, ERR\u03b3) nale\u017c\u0105 do rodziny receptor\u00f3w j\u0105drowych i odgrywaj\u0105 istotn\u0105 rol\u0119 w regulacji ekspresji gen\u00f3w zwi\u0105zanych z metabolizmem energetycznym. W badaniach in vitro wykazano, \u017ce SLU-PP-332 wykazuje w\u0142a\u015bciwo\u015bci agonistyczne wobec tych receptor\u00f3w, co czyni go przydatnym narz\u0119dziem w badaniach podstawowych nad funkcjonowaniem tych szlak\u00f3w molekularnych.<\/span><\/p>\n","protected":false},"excerpt":{"rendered":"<p><span style=\"font-weight: 400;\"><strong>SLU-PP-332<\/strong> dzia\u0142a jako agonista receptor\u00f3w ERR (Estrogen-Related Receptors), kt\u00f3re s\u0105 kluczowymi regulatorami metabolizmu energetycznego. Kiedy SLU-PP-332 aktywuje te receptory zwi\u0119ksza si\u0119 ekspresja gen\u00f3w odpowiedzialnych za biogenez\u0119 mitochondrialn\u0105 \u2013 organizm tworzy wi\u0119cej sprawniejszych mitochondri\u00f3w. Poprawia si\u0119 oksydacja kwas\u00f3w t\u0142uszczowych \u2013 <strong>t\u0142uszcze s\u0105 efektywniej wykorzystywane jako \u017ar\u00f3d\u0142o energii<\/strong>. Wzrasta termogeneza i poprawia si\u0119 wra\u017cliwo\u015b\u0107 insulinowa. <\/span><\/p>\n","protected":false},"featured_media":109093,"comment_status":"open","ping_status":"closed","template":"","meta":{"_acf_changed":false,"site-sidebar-layout":"default","site-content-layout":"","ast-site-content-layout":"default","site-content-style":"default","site-sidebar-style":"default","ast-global-header-display":"","ast-banner-title-visibility":"","ast-main-header-display":"","ast-hfb-above-header-display":"","ast-hfb-below-header-display":"","ast-hfb-mobile-header-display":"","site-post-title":"","ast-breadcrumbs-content":"","ast-featured-img":"","footer-sml-layout":"","theme-transparent-header-meta":"default","adv-header-id-meta":"","stick-header-meta":"","header-above-stick-meta":"","header-main-stick-meta":"","header-below-stick-meta":"","astra-migrate-meta-layouts":"set"},"product_brand":[],"product_cat":[15,119,117,65,66],"product_tag":[],"class_list":{"0":"post-109095","1":"product","2":"type-product","3":"status-publish","4":"has-post-thumbnail","6":"product_cat-bez-kategorii","7":"product_cat-kapsulki","8":"product_cat-nowosc","9":"product_cat-spalacze-tluszczu","10":"product_cat-suplementy","11":"desktop-align-center","12":"tablet-align-left","13":"mobile-align-left","15":"first","16":"instock","17":"sale","18":"taxable","19":"shipping-taxable","20":"purchasable","21":"product-type-simple"},"acf":[],"aioseo_notices":[],"_links":{"self":[{"href":"https:\/\/pro-body.com\/pl\/wp-json\/wp\/v2\/product\/109095","targetHints":{"allow":["GET"]}}],"collection":[{"href":"https:\/\/pro-body.com\/pl\/wp-json\/wp\/v2\/product"}],"about":[{"href":"https:\/\/pro-body.com\/pl\/wp-json\/wp\/v2\/types\/product"}],"replies":[{"embeddable":true,"href":"https:\/\/pro-body.com\/pl\/wp-json\/wp\/v2\/comments?post=109095"}],"wp:featuredmedia":[{"embeddable":true,"href":"https:\/\/pro-body.com\/pl\/wp-json\/wp\/v2\/media\/109093"}],"wp:attachment":[{"href":"https:\/\/pro-body.com\/pl\/wp-json\/wp\/v2\/media?parent=109095"}],"wp:term":[{"taxonomy":"product_brand","embeddable":true,"href":"https:\/\/pro-body.com\/pl\/wp-json\/wp\/v2\/product_brand?post=109095"},{"taxonomy":"product_cat","embeddable":true,"href":"https:\/\/pro-body.com\/pl\/wp-json\/wp\/v2\/product_cat?post=109095"},{"taxonomy":"product_tag","embeddable":true,"href":"https:\/\/pro-body.com\/pl\/wp-json\/wp\/v2\/product_tag?post=109095"}],"curies":[{"name":"wp","href":"https:\/\/api.w.org\/{rel}","templated":true}]}}