{"id":110309,"date":"2025-11-27T08:35:19","date_gmt":"2025-11-27T07:35:19","guid":{"rendered":"https:\/\/pro-body.com\/pl\/?post_type=product&#038;p=110309"},"modified":"2026-01-12T08:11:12","modified_gmt":"2026-01-12T07:11:12","slug":"sugar-shield-60-caps","status":"publish","type":"product","link":"https:\/\/pro-body.com\/pl\/produkt\/sugar-shield-60-caps\/","title":{"rendered":"Sugar Shield 60 caps"},"content":{"rendered":"<h1><a href=\"https:\/\/pro-body.com\/pl\/wp-content\/uploads\/2025\/11\/Beauty-Website-in-Light-Pink-Maroon-Dark-Pink-Style.jpg\"><img fetchpriority=\"high\" decoding=\"async\" class=\"aligncenter wp-image-110514 size-full\" src=\"https:\/\/pro-body.com\/pl\/wp-content\/uploads\/2025\/11\/Beauty-Website-in-Light-Pink-Maroon-Dark-Pink-Style.jpg\" alt=\"sugar shield 60 caps endogenic - mimetyk insuliny, GDA, suplement diety wspierajcy wra\u017aliwo\u015b\u0107 insulinowa\" width=\"1900\" height=\"950\" srcset=\"https:\/\/pro-body.com\/pl\/wp-content\/uploads\/2025\/11\/Beauty-Website-in-Light-Pink-Maroon-Dark-Pink-Style.jpg 1900w, https:\/\/pro-body.com\/pl\/wp-content\/uploads\/2025\/11\/Beauty-Website-in-Light-Pink-Maroon-Dark-Pink-Style-300x150.jpg 300w, https:\/\/pro-body.com\/pl\/wp-content\/uploads\/2025\/11\/Beauty-Website-in-Light-Pink-Maroon-Dark-Pink-Style-1024x512.jpg 1024w, https:\/\/pro-body.com\/pl\/wp-content\/uploads\/2025\/11\/Beauty-Website-in-Light-Pink-Maroon-Dark-Pink-Style-768x384.jpg 768w, https:\/\/pro-body.com\/pl\/wp-content\/uploads\/2025\/11\/Beauty-Website-in-Light-Pink-Maroon-Dark-Pink-Style-1536x768.jpg 1536w, https:\/\/pro-body.com\/pl\/wp-content\/uploads\/2025\/11\/Beauty-Website-in-Light-Pink-Maroon-Dark-Pink-Style-1000x500.jpg 1000w, https:\/\/pro-body.com\/pl\/wp-content\/uploads\/2025\/11\/Beauty-Website-in-Light-Pink-Maroon-Dark-Pink-Style-64x32.jpg 64w\" sizes=\"(max-width: 1900px) 100vw, 1900px\" \/><\/a><\/h1>\n<h2 style=\"text-align: center;\">Sugar Shield 60 caps Endogenic &#8211; mimetyk insuliny GDA<\/h2>\n<p style=\"text-align: left;\"><strong data-start=\"279\" data-end=\"295\">Sugar Shield<\/strong> to mimetyk insuliny kompleksowy suplement w kapsu\u0142kach, stworzony z my\u015bl\u0105 o osobach, kt\u00f3re chc\u0105 w naturalny spos\u00f3b wspiera\u0107 <strong data-start=\"403\" data-end=\"454\">utrzymanie prawid\u0142owego poziomu glukozy we krwi<\/strong> oraz <strong data-start=\"460\" data-end=\"487\">wra\u017cliwo\u015bci na insulin\u0119<\/strong>. Formu\u0142a opiera si\u0119 na synergii czterech sk\u0142adnik\u00f3w ro\u015blinnych i metabolicznych: <strong data-start=\"569\" data-end=\"589\">dihydroberberyny<\/strong>, <strong data-start=\"591\" data-end=\"612\">Gymnema sylvestre<\/strong>, <strong data-start=\"614\" data-end=\"631\">myo-inozytolu<\/strong> oraz <strong data-start=\"637\" data-end=\"665\">ekstraktu z li\u015bci banaby<\/strong>.<\/p>\n<h2><strong>Dlaczego mimetyk insuliny Sugar Shield jest tak skuteczny?<\/strong><\/h2>\n<p>Utrzymanie prawid\u0142owego poziomu glukozy we krwi wymaga jednoczesnego wsparcia kilku proces\u00f3w: <strong data-start=\"449\" data-end=\"476\">wra\u017cliwo\u015bci insulinowej<\/strong>, <strong data-start=\"478\" data-end=\"511\">transportu glukozy do kom\u00f3rek<\/strong> oraz <strong data-start=\"517\" data-end=\"559\">regulacji apetytu i ochoty na s\u0142odycze<\/strong>. Sugar Shield zosta\u0142 opracowany tak, aby dzia\u0142a\u0107 <strong data-start=\"609\" data-end=\"628\">wielokierunkowo<\/strong>, \u0142\u0105cz\u0105c sk\u0142adniki wsp\u00f3\u0142pracuj\u0105ce ze sob\u0105 na r\u00f3\u017cnych etapach metabolizmu cukru.<br \/>\nFormu\u0142a opiera si\u0119 na synergii:<\/p>\n<ul>\n<li data-start=\"743\" data-end=\"825\"><strong data-start=\"743\" data-end=\"763\">dihydroberberyny<\/strong>, kt\u00f3ra wspiera efektywne wykorzystanie glukozy przez kom\u00f3rki,<\/li>\n<li data-start=\"743\" data-end=\"825\"><strong data-start=\"828\" data-end=\"849\">Gymnemy sylvestre<\/strong>, wp\u0142ywaj\u0105cej na odczuwanie s\u0142odkiego smaku i kontrol\u0119 \u0142aknienia,<\/li>\n<li data-start=\"743\" data-end=\"825\"><strong data-start=\"917\" data-end=\"934\">myo-inozytolu<\/strong>, wspieraj\u0105cego komunikacj\u0119 insulinow\u0105,<\/li>\n<li data-start=\"743\" data-end=\"825\">oraz <strong data-start=\"981\" data-end=\"1009\">ekstraktu z li\u015bci banaby<\/strong>, kt\u00f3ry pomaga utrzyma\u0107 stabilno\u015b\u0107 poziomu cukru po posi\u0142ku.<\/li>\n<\/ul>\n<p data-start=\"1071\" data-end=\"1237\">Dzi\u0119ki temu Sugar Shield nie dzia\u0142a jednostronnie \u2014 <strong data-start=\"1123\" data-end=\"1236\">pracuje zar\u00f3wno na poziomie receptor\u00f3w insulinowych, jak i zachowania apetytu oraz metabolizmu energetycznego<\/strong>.<\/p>\n<h2><b>Jak dzia\u0142a mimimer insuliny Endogenic Sugar Shield?<\/b><\/h2>\n<p><span style=\"font-weight: 400;\">Specyfikacja techniczna sk\u0142adnik\u00f3w jest wa\u017cna, ale co to wszystko oznacza dla ciebie w codziennym \u017cyciu? Jakie korzy\u015bci odczujesz, w\u0142\u0105czaj\u0105c Sugar Shield do swojego planu dnia?<\/span><\/p>\n<p><b>1. Stabilny poziom energii<\/b><\/p>\n<p><span style=\"font-weight: 400;\">To koniec z popo\u0142udniowymi \u201ezjazdami\u201d. Dzi\u0119ki lepszemu zarz\u0105dzaniu glukoz\u0105, twoje cia\u0142o otrzymuje sta\u0142y dop\u0142yw paliwa. Zamiast gwa\u0142townych zryw\u00f3w i r\u00f3wnie gwa\u0142townych spadk\u00f3w, odczuwasz stabiln\u0105, r\u00f3wn\u0105 energi\u0119, kt\u00f3ra pozwala ci produktywnie pracowa\u0107, efektywnie trenowa\u0107 i cieszy\u0107 si\u0119 wieczorem bez uczucia wyczerpania.<\/span><\/p>\n<p><b>2. Lepsza kontrola nad apetytem i ochot\u0105 na s\u0142odycze<\/b><\/p>\n<p><span style=\"font-weight: 400;\">To jedna z najbardziej odczuwalnych korzy\u015bci. Dzi\u0119ki <\/span><i><span style=\"font-weight: 400;\">Gymnema sylvestre<\/span><\/i><span style=\"font-weight: 400;\"> ochota na s\u0142odkie przek\u0105ski znacz\u0105co maleje. Co wi\u0119cej, stabilny poziom cukru we krwi eliminuje nag\u0142e napady \u201ewilczego g\u0142odu\u201d wywo\u0142ane hipoglikemi\u0105. \u0141atwiej ci trzyma\u0107 si\u0119 planu \u017cywieniowego, dokonywa\u0107 \u015bwiadomych wybor\u00f3w i osi\u0105ga\u0107 cele sylwetkowe.<\/span><\/p>\n<p><b>3. Efektywniejsze wykorzystanie w\u0119glowodan\u00f3w (\u201ePartycjonowanie sk\u0142adnik\u00f3w\u201d)<\/b><\/p>\n<p><span style=\"font-weight: 400;\">Dla os\u00f3b aktywnych fizycznie to kluczowa korzy\u015b\u0107. Sugar Shield dzia\u0142a jak \u201ekierownik ruchu\u201d. Pomaga skierowa\u0107 w\u0119glowodany z posi\u0142ku prosto do mi\u0119\u015bni, aby odbudowa\u0107 zapasy glikogenu po treningu. Oznacza to lepsz\u0105 regeneracj\u0119, pe\u0142niejsze mi\u0119\u015bnie (tzw. \u201epompa mi\u0119\u015bniowa\u201d) i mniejsze ryzyko, \u017ce nadmiar kalorii z w\u0119glowodan\u00f3w od\u0142o\u017cy si\u0119 w postaci tkanki t\u0142uszczowej.<\/span><\/p>\n<p><b>4. Wsparcie dla wra\u017cliwo\u015bci insulinowej<\/b><\/p>\n<p><span style=\"font-weight: 400;\">To korzy\u015b\u0107 d\u0142ugoterminowa. Regularne wspieranie organizmu w efektywnym zarz\u0105dzaniu glukoz\u0105 pomaga utrzyma\u0107 kom\u00f3rki w \u201edobrej kondycji\u201d \u2013 wra\u017cliwe i gotowe do reakcji na insulin\u0119. To fundament zdrowego metabolizmu, kt\u00f3ry procentuje przez lata.<\/span><\/p>\n","protected":false},"excerpt":{"rendered":"<p><b>Sugar Shield 60 caps \u2013 Mimetyk Insuliny GDA. <\/b><span style=\"font-weight: 400;\" data-mce-style=\"font-weight: 400;\">Odzyskaj kontrol\u0119 nad metabolizmem w\u0119glowodan\u00f3w! Sugar Shield to zaawansowany mimetyk insuliny (GDA) zaprojektowany, by wspiera\u0107 stabilny poziom glukozy i redukowa\u0107 niepohamowan\u0105 ochot\u0119 na s\u0142odycze. Dzi\u0119ki synergii innowacyjnej Dihydroberberyny (DHB), &#8220;niszczyciela cukru&#8221; <\/span><i><span style=\"font-weight: 400;\" data-mce-style=\"font-weight: 400;\">Gymnema sylvestre<\/span><\/i><span style=\"font-weight: 400;\" data-mce-style=\"font-weight: 400;\"> oraz myo-inozytolu, suplement pomaga efektywnie zarz\u0105dza\u0107 energi\u0105 po posi\u0142ku. To idealne wsparcie dla os\u00f3b aktywnych i ka\u017cdego, kto chce cieszy\u0107 si\u0119 stabiln\u0105 energi\u0105 przez ca\u0142y dzie\u0144 bez waha\u0144 cukru.<\/span><\/p>\n","protected":false},"featured_media":110510,"comment_status":"open","ping_status":"closed","template":"","meta":{"_acf_changed":false,"site-sidebar-layout":"default","site-content-layout":"","ast-site-content-layout":"default","site-content-style":"default","site-sidebar-style":"default","ast-global-header-display":"","ast-banner-title-visibility":"","ast-main-header-display":"","ast-hfb-above-header-display":"","ast-hfb-below-header-display":"","ast-hfb-mobile-header-display":"","site-post-title":"","ast-breadcrumbs-content":"","ast-featured-img":"","footer-sml-layout":"","theme-transparent-header-meta":"default","adv-header-id-meta":"","stick-header-meta":"","header-above-stick-meta":"","header-main-stick-meta":"","header-below-stick-meta":"","astra-migrate-meta-layouts":"set"},"product_brand":[],"product_cat":[15,119,117,66],"product_tag":[],"class_list":{"0":"post-110309","1":"product","2":"type-product","3":"status-publish","4":"has-post-thumbnail","6":"product_cat-bez-kategorii","7":"product_cat-kapsulki","8":"product_cat-nowosc","9":"product_cat-suplementy","10":"desktop-align-center","11":"tablet-align-left","12":"mobile-align-left","14":"first","15":"instock","16":"sale","17":"taxable","18":"shipping-taxable","19":"purchasable","20":"product-type-simple"},"acf":[],"aioseo_notices":[],"_links":{"self":[{"href":"https:\/\/pro-body.com\/pl\/wp-json\/wp\/v2\/product\/110309","targetHints":{"allow":["GET"]}}],"collection":[{"href":"https:\/\/pro-body.com\/pl\/wp-json\/wp\/v2\/product"}],"about":[{"href":"https:\/\/pro-body.com\/pl\/wp-json\/wp\/v2\/types\/product"}],"replies":[{"embeddable":true,"href":"https:\/\/pro-body.com\/pl\/wp-json\/wp\/v2\/comments?post=110309"}],"wp:featuredmedia":[{"embeddable":true,"href":"https:\/\/pro-body.com\/pl\/wp-json\/wp\/v2\/media\/110510"}],"wp:attachment":[{"href":"https:\/\/pro-body.com\/pl\/wp-json\/wp\/v2\/media?parent=110309"}],"wp:term":[{"taxonomy":"product_brand","embeddable":true,"href":"https:\/\/pro-body.com\/pl\/wp-json\/wp\/v2\/product_brand?post=110309"},{"taxonomy":"product_cat","embeddable":true,"href":"https:\/\/pro-body.com\/pl\/wp-json\/wp\/v2\/product_cat?post=110309"},{"taxonomy":"product_tag","embeddable":true,"href":"https:\/\/pro-body.com\/pl\/wp-json\/wp\/v2\/product_tag?post=110309"}],"curies":[{"name":"wp","href":"https:\/\/api.w.org\/{rel}","templated":true}]}}