{"id":112162,"date":"2025-11-25T16:13:45","date_gmt":"2025-11-25T15:13:45","guid":{"rendered":"https:\/\/pro-body.com\/pl\/?post_type=product&#038;p=112162"},"modified":"2026-04-14T11:56:43","modified_gmt":"2026-04-14T09:56:43","slug":"triple-g-20mg-pen","status":"publish","type":"product","link":"https:\/\/pro-body.com\/pl\/produkt\/triple-g-20mg-pen\/","title":{"rendered":"TRIPLE G 20mg PEN"},"content":{"rendered":"<h2>TRIPLE G 20mg PEN &#8211; odczynnik chemiczny we wstrzykiwaczu<\/h2>\n<p><span style=\"font-weight: 400;\"><strong>TRIPLE G 20mg PEN<\/strong> to syntetyczny peptyd b\u0119d\u0105cy przedmiotem intensywnych bada\u0144 naukowych w obszarze fizjologii metabolizmu oraz regulacji homeostazy energetycznej. W kontek\u015bcie bada\u0144 molekularnych, substancja ta reprezentuje klas\u0119 potr\u00f3jnych agonist\u00f3w receptor\u00f3w peptydowych, co czyni j\u0105 istotnym narz\u0119dziem w badaniach nad sygnalizacj\u0105 kom\u00f3rkow\u0105 oraz mechanizmami regulacji metabolicznej na poziomie molekularnym.<\/span><\/p>\n<p><span style=\"font-weight: 400;\"><strong>TRIPLE G 20mg PEN<\/strong> to forma aplikacyjna umo\u017cliwiaj\u0105ca precyzyjne dozowanie substancji w warunkach laboratoryjnych. Forma PEN (aplikator typu d\u0142ugopis) zosta\u0142a zaprojektowana dla zapewnienia powtarzalno\u015bci i standaryzacji w procedurach badawczych wymagaj\u0105cych precyzyjnego wprowadzania okre\u015blonych ilo\u015bci odczynnika chemicznego.<\/span><\/p>\n<p><span style=\"font-weight: 400;\">Sprawd\u017a r\u00f3wnie\u017c <a href=\"https:\/\/pro-body.com\/pl\/produkt\/triple-g-20mg\/\">odczynnik we flakoniku.<\/a><\/span><\/p>\n","protected":false},"excerpt":{"rendered":"<p><strong>TRIPLE G<\/strong> stanowi znacz\u0105cy post\u0119p w badaniach nad metabolizmem i regulacj\u0105 masy cia\u0142a. Jego unikalny mechanizm dzia\u0142ania, celuj\u0105cy w trzy r\u00f3\u017cne \u015bcie\u017cki hormonalne, oferuje kompleksowe podej\u015bcie do zrozumienia proces\u00f3w metabolicznych. Badania kliniczne przynosz\u0105 obiecuj\u0105ce wyniki w zakresie: Znacz\u0105cej redukcji masy cia\u0142a (ponad 20% w badaniach 48-tygodniowych); Poprawy kontroli glikemii; Zwi\u0119kszenia uczucia syto\u015bci; Korzystnych zmian parametr\u00f3w kardiometabolicznych.\u00a0<strong>TRIPLE G 20mg PEN<\/strong> oferuje naukowcom wygodn\u0105 form\u0119 tej innowacyjnej substancji do zastosowa\u0144 w badaniach laboratoryjnych.<\/p>\n","protected":false},"featured_media":112161,"comment_status":"open","ping_status":"closed","template":"","meta":{"_acf_changed":false,"site-sidebar-layout":"default","site-content-layout":"","ast-site-content-layout":"default","site-content-style":"default","site-sidebar-style":"default","ast-global-header-display":"","ast-banner-title-visibility":"","ast-main-header-display":"","ast-hfb-above-header-display":"","ast-hfb-below-header-display":"","ast-hfb-mobile-header-display":"","site-post-title":"","ast-breadcrumbs-content":"","ast-featured-img":"","footer-sml-layout":"","theme-transparent-header-meta":"default","adv-header-id-meta":"","stick-header-meta":"","header-above-stick-meta":"","header-main-stick-meta":"","header-below-stick-meta":"","astra-migrate-meta-layouts":"set"},"product_brand":[],"product_cat":[15,96,117,118,47,57,65],"product_tag":[],"class_list":{"0":"post-112162","1":"product","2":"type-product","3":"status-publish","4":"has-post-thumbnail","6":"product_cat-bez-kategorii","7":"product_cat-peptydy-iniekcyjne","8":"product_cat-nowosc","9":"product_cat-peny","10":"product_cat-peptydy","11":"product_cat-peptydy-na-spalanie-tkanki-tluszczowej","12":"product_cat-spalacze-tluszczu","13":"desktop-align-center","14":"tablet-align-left","15":"mobile-align-left","17":"first","18":"outofstock","19":"sale","20":"taxable","21":"shipping-taxable","22":"purchasable","23":"product-type-simple"},"acf":[],"aioseo_notices":[],"_links":{"self":[{"href":"https:\/\/pro-body.com\/pl\/wp-json\/wp\/v2\/product\/112162","targetHints":{"allow":["GET"]}}],"collection":[{"href":"https:\/\/pro-body.com\/pl\/wp-json\/wp\/v2\/product"}],"about":[{"href":"https:\/\/pro-body.com\/pl\/wp-json\/wp\/v2\/types\/product"}],"replies":[{"embeddable":true,"href":"https:\/\/pro-body.com\/pl\/wp-json\/wp\/v2\/comments?post=112162"}],"wp:featuredmedia":[{"embeddable":true,"href":"https:\/\/pro-body.com\/pl\/wp-json\/wp\/v2\/media\/112161"}],"wp:attachment":[{"href":"https:\/\/pro-body.com\/pl\/wp-json\/wp\/v2\/media?parent=112162"}],"wp:term":[{"taxonomy":"product_brand","embeddable":true,"href":"https:\/\/pro-body.com\/pl\/wp-json\/wp\/v2\/product_brand?post=112162"},{"taxonomy":"product_cat","embeddable":true,"href":"https:\/\/pro-body.com\/pl\/wp-json\/wp\/v2\/product_cat?post=112162"},{"taxonomy":"product_tag","embeddable":true,"href":"https:\/\/pro-body.com\/pl\/wp-json\/wp\/v2\/product_tag?post=112162"}],"curies":[{"name":"wp","href":"https:\/\/api.w.org\/{rel}","templated":true}]}}