{"id":112169,"date":"2026-01-09T11:11:02","date_gmt":"2026-01-09T10:11:02","guid":{"rendered":"https:\/\/pro-body.com\/pl\/?post_type=product&#038;p=112169"},"modified":"2026-01-09T11:11:02","modified_gmt":"2026-01-09T10:11:02","slug":"triple-g-10mg-pen","status":"publish","type":"product","link":"https:\/\/pro-body.com\/pl\/produkt\/triple-g-10mg-pen\/","title":{"rendered":"TRIPLE G 10mg PEN"},"content":{"rendered":"<h2>TRIPLE G 10mg PEN &#8211; odczynnik do bada\u0144 we wstrzykiwaczu<\/h2>\n<p><span style=\"font-weight: 400;\"><strong>TRIPLE G 10mg PEN<\/strong> to wysokiej czysto\u015bci substancja peptydowa oferowana jako materia\u0142 odniesienia przeznaczony wy\u0142\u0105cznie do zastosowa\u0144 badawczych i laboratoryjnych. Produkt zawiera retatrutyd \u2013 syntetyczny analog peptydowy, kt\u00f3ry stanowi przedmiot intensywnych bada\u0144 naukowych prowadzonych przez o\u015brodki akademickie i instytucje badawcze na ca\u0142ym \u015bwiecie. Niniejszy dokument przedstawia charakterystyk\u0119 chemiczn\u0105, w\u0142a\u015bciwo\u015bci fizykochemiczne oraz potencjalne zastosowania badawcze tej substancji. Wszystkie informacje maj\u0105 charakter wy\u0142\u0105cznie naukowy i edukacyjny, opieraj\u0105c si\u0119 na publikowanych wynikach bada\u0144 laboratoryjnych i przedklinicznych.<\/span><\/p>\n<p><span style=\"font-weight: 400;\"><strong>TRIPLE G 10mg PEN jest odczynnikiem chemicznym dostarczanym w sterylnym wstrzykiwaczu typu pen.<\/strong> Forma ta zapewnia wygod\u0119 przygotowania roztwor\u00f3w badawczych oraz precyzj\u0119 dozowania niezb\u0119dn\u0105 w pracach laboratoryjnych. Produkt kwalifikuje si\u0119 jako materia\u0142 odniesienia dopuszczony do obrotu na terenie Unii Europejskiej zgodnie z obowi\u0105zuj\u0105cymi przepisami dotycz\u0105cymi substancji chemicznych stosowanych w badaniach naukowych.<\/span><\/p>\n<p><span style=\"font-weight: 400;\">Ka\u017cdy pen zawiera 10 mg substancji czynnej o wysokim stopniu czysto\u015bci, co pozwala na przeprowadzenie precyzyjnych eksperyment\u00f3w badawczych wymagaj\u0105cych powtarzalno\u015bci wynik\u00f3w. <\/span><\/p>\n<p>Sprawd\u017a te\u017c wi\u0119ksze <a href=\"https:\/\/pro-body.com\/pl\/produkt\/triple-g-20mg-pen\/\">opakowanie 20 mg<\/a><\/p>\n","protected":false},"excerpt":{"rendered":"<div>\n<div><strong>Triple G 10mg pen<\/strong> to innowacyjny peptyd badawczy, kt\u00f3ry stanowi przedmiot intensywnych bada\u0144 klinicznych na ca\u0142ym \u015bwiecie. W przeciwie\u0144stwie do wcze\u015bniejszych substancji z tej grupy, retatrutyd dzia\u0142a jednocze\u015bnie na trzy receptory hormonalne:<strong> GLP-1<\/strong> (glukagonopodobny peptyd-1),<strong> GIP<\/strong> (polipeptyd insulinotropowy zale\u017cny od glukozy) oraz <strong>glukagon<\/strong>. To w\u0142a\u015bnie ta potr\u00f3jna aktywno\u015b\u0107 sprawia, \u017ce substancja ta budzi ogromne zainteresowanie \u015brodowiska naukowego.<\/div>\n<\/div>\n","protected":false},"featured_media":112170,"comment_status":"open","ping_status":"closed","template":"","meta":{"_acf_changed":false,"site-sidebar-layout":"default","site-content-layout":"","ast-site-content-layout":"default","site-content-style":"default","site-sidebar-style":"default","ast-global-header-display":"","ast-banner-title-visibility":"","ast-main-header-display":"","ast-hfb-above-header-display":"","ast-hfb-below-header-display":"","ast-hfb-mobile-header-display":"","site-post-title":"","ast-breadcrumbs-content":"","ast-featured-img":"","footer-sml-layout":"","theme-transparent-header-meta":"default","adv-header-id-meta":"","stick-header-meta":"","header-above-stick-meta":"","header-main-stick-meta":"","header-below-stick-meta":"","astra-migrate-meta-layouts":"set"},"product_brand":[],"product_cat":[15,96,117,118,47,57,65],"product_tag":[],"class_list":{"0":"post-112169","1":"product","2":"type-product","3":"status-publish","4":"has-post-thumbnail","6":"product_cat-bez-kategorii","7":"product_cat-peptydy-iniekcyjne","8":"product_cat-nowosc","9":"product_cat-peny","10":"product_cat-peptydy","11":"product_cat-peptydy-na-spalanie-tkanki-tluszczowej","12":"product_cat-spalacze-tluszczu","13":"desktop-align-center","14":"tablet-align-left","15":"mobile-align-left","17":"first","18":"instock","19":"sale","20":"taxable","21":"shipping-taxable","22":"purchasable","23":"product-type-simple"},"acf":[],"aioseo_notices":[],"_links":{"self":[{"href":"https:\/\/pro-body.com\/pl\/wp-json\/wp\/v2\/product\/112169","targetHints":{"allow":["GET"]}}],"collection":[{"href":"https:\/\/pro-body.com\/pl\/wp-json\/wp\/v2\/product"}],"about":[{"href":"https:\/\/pro-body.com\/pl\/wp-json\/wp\/v2\/types\/product"}],"replies":[{"embeddable":true,"href":"https:\/\/pro-body.com\/pl\/wp-json\/wp\/v2\/comments?post=112169"}],"wp:featuredmedia":[{"embeddable":true,"href":"https:\/\/pro-body.com\/pl\/wp-json\/wp\/v2\/media\/112170"}],"wp:attachment":[{"href":"https:\/\/pro-body.com\/pl\/wp-json\/wp\/v2\/media?parent=112169"}],"wp:term":[{"taxonomy":"product_brand","embeddable":true,"href":"https:\/\/pro-body.com\/pl\/wp-json\/wp\/v2\/product_brand?post=112169"},{"taxonomy":"product_cat","embeddable":true,"href":"https:\/\/pro-body.com\/pl\/wp-json\/wp\/v2\/product_cat?post=112169"},{"taxonomy":"product_tag","embeddable":true,"href":"https:\/\/pro-body.com\/pl\/wp-json\/wp\/v2\/product_tag?post=112169"}],"curies":[{"name":"wp","href":"https:\/\/api.w.org\/{rel}","templated":true}]}}