{"id":112707,"date":"2025-11-28T19:30:34","date_gmt":"2025-11-28T18:30:34","guid":{"rendered":"https:\/\/pro-body.com\/pl\/?post_type=product&#038;p=112707"},"modified":"2025-11-30T14:31:14","modified_gmt":"2025-11-30T13:31:14","slug":"triple-g-20mg","status":"publish","type":"product","link":"https:\/\/pro-body.com\/pl\/produkt\/triple-g-20mg\/","title":{"rendered":"TRIPLE G 20mg"},"content":{"rendered":"<h2><b>Triple G 20 mg (Retatrutide) &#8211; odczynnik we flakonie<\/b><\/h2>\n<p><span style=\"font-weight: 400;\">Wsp\u00f3\u0142czesna biochemia i farmakologia molekularna nieustannie d\u0105\u017c\u0105 do odkrycia substancji, kt\u00f3re w spos\u00f3b kompleksowy m\u00f3g\u0142by na\u015bladowa\u0107 naturalne procesy regulacyjne organizmu. <\/span><b>Triple G 20 mg<\/b><span style=\"font-weight: 400;\">, chemicznie zidentyfikowany jako <\/span><b>Retatrutide (LY3437943)<\/b><span style=\"font-weight: 400;\">, stanowi szczytowe osi\u0105gni\u0119cie w tej dziedzinie, definiuj\u0105c now\u0105 kategori\u0119 w in\u017cynierii peptydowej. Jest to zaawansowany, syntetyczny analog inkretynowy, kt\u00f3ry wykracza poza tradycyjne paradygmaty mono- i dual-agonist\u00f3w, oferuj\u0105c badaczom unikalny mechanizm <\/span><b>potr\u00f3jnego agonizmu<\/b><span style=\"font-weight: 400;\">.<\/span><\/p>\n<p><span style=\"font-weight: 400;\">Jako pojedyncza, precyzyjnie zaprojektowana cz\u0105steczka peptydowa, Retatrutide oddzia\u0142uje symultanicznie na trzy kluczowe szlaki sygna\u0142owe:<\/span><\/p>\n<ul>\n<li style=\"font-weight: 400;\" aria-level=\"1\"><b>Receptor glukagonopodobnego peptydu-1 (GLP-1),<\/b><\/li>\n<li style=\"font-weight: 400;\" aria-level=\"1\"><b>Receptor polipeptydu insulinotropowego zale\u017cnego od glukozy (GIP),<\/b><\/li>\n<li style=\"font-weight: 400;\" aria-level=\"1\"><b>Receptor glukagonu (GCG).<\/b><\/li>\n<\/ul>\n<p><span style=\"font-weight: 400;\">Ta innowacyjna struktura czyni Triple G materia\u0142em referencyjnym o fundamentalnym znaczeniu dla laboratori\u00f3w zajmuj\u0105cych si\u0119 endokrynologi\u0105 i chorobami metabolicznymi. Substancja ta umo\u017cliwia naukowcom zg\u0142\u0119bianie z\u0142o\u017conych synergii mi\u0119dzy insulinotropowym dzia\u0142aniem inkretyn a energetycznym wp\u0142ywem glukagonu, co do tej pory by\u0142o trudne do osi\u0105gni\u0119cia przy u\u017cyciu oddzielnych ligand\u00f3w.<\/span><\/p>\n<p><span style=\"font-weight: 400;\">Sprawd\u017a te\u017c <a href=\"https:\/\/pro-body.com\/pl\/produkt\/triple-g-20mg-pen\/\">Triple G PEN<\/a><\/span><\/p>\n","protected":false},"excerpt":{"rendered":"<p><span style=\"font-weight: 400;\">Wysokiej czysto\u015bci <strong>potr\u00f3jny agonista receptor\u00f3w GLP-1, GIP, GCGR<\/strong>, stanowi\u0105cy najnowszy kierunek w badaniach nad metabolizmem, oty\u0142o\u015bci\u0105 i cukrzyc\u0105. Produkt przeznaczony wy\u0142\u0105cznie do u\u017cytku profesjonalnego i bada\u0144 naukowych (nie do spo\u017cycia przez ludzi). Gwarantowana jako\u015bci.\u00a0<\/span><\/p>\n","protected":false},"featured_media":112705,"comment_status":"open","ping_status":"closed","template":"","meta":{"_acf_changed":false,"site-sidebar-layout":"default","site-content-layout":"","ast-site-content-layout":"default","site-content-style":"default","site-sidebar-style":"default","ast-global-header-display":"","ast-banner-title-visibility":"","ast-main-header-display":"","ast-hfb-above-header-display":"","ast-hfb-below-header-display":"","ast-hfb-mobile-header-display":"","site-post-title":"","ast-breadcrumbs-content":"","ast-featured-img":"","footer-sml-layout":"","theme-transparent-header-meta":"default","adv-header-id-meta":"","stick-header-meta":"","header-above-stick-meta":"","header-main-stick-meta":"","header-below-stick-meta":"","astra-migrate-meta-layouts":"set"},"product_brand":[],"product_cat":[15,96,117,47,57,65],"product_tag":[],"class_list":{"0":"post-112707","1":"product","2":"type-product","3":"status-publish","4":"has-post-thumbnail","6":"product_cat-bez-kategorii","7":"product_cat-peptydy-iniekcyjne","8":"product_cat-nowosc","9":"product_cat-peptydy","10":"product_cat-peptydy-na-spalanie-tkanki-tluszczowej","11":"product_cat-spalacze-tluszczu","12":"desktop-align-center","13":"tablet-align-left","14":"mobile-align-left","16":"first","17":"instock","18":"sale","19":"taxable","20":"shipping-taxable","21":"purchasable","22":"product-type-simple"},"acf":[],"aioseo_notices":[],"_links":{"self":[{"href":"https:\/\/pro-body.com\/pl\/wp-json\/wp\/v2\/product\/112707","targetHints":{"allow":["GET"]}}],"collection":[{"href":"https:\/\/pro-body.com\/pl\/wp-json\/wp\/v2\/product"}],"about":[{"href":"https:\/\/pro-body.com\/pl\/wp-json\/wp\/v2\/types\/product"}],"replies":[{"embeddable":true,"href":"https:\/\/pro-body.com\/pl\/wp-json\/wp\/v2\/comments?post=112707"}],"wp:featuredmedia":[{"embeddable":true,"href":"https:\/\/pro-body.com\/pl\/wp-json\/wp\/v2\/media\/112705"}],"wp:attachment":[{"href":"https:\/\/pro-body.com\/pl\/wp-json\/wp\/v2\/media?parent=112707"}],"wp:term":[{"taxonomy":"product_brand","embeddable":true,"href":"https:\/\/pro-body.com\/pl\/wp-json\/wp\/v2\/product_brand?post=112707"},{"taxonomy":"product_cat","embeddable":true,"href":"https:\/\/pro-body.com\/pl\/wp-json\/wp\/v2\/product_cat?post=112707"},{"taxonomy":"product_tag","embeddable":true,"href":"https:\/\/pro-body.com\/pl\/wp-json\/wp\/v2\/product_tag?post=112707"}],"curies":[{"name":"wp","href":"https:\/\/api.w.org\/{rel}","templated":true}]}}