{"id":114956,"date":"2026-02-02T00:01:01","date_gmt":"2026-02-01T23:01:01","guid":{"rendered":"https:\/\/pro-body.com\/pl\/?post_type=product&#038;p=114956"},"modified":"2026-04-14T15:31:14","modified_gmt":"2026-04-14T13:31:14","slug":"glp-1-max-5mg-60-caps","status":"publish","type":"product","link":"https:\/\/pro-body.com\/pl\/produkt\/glp-1-max-5mg-60-caps\/","title":{"rendered":"GLP-1 MAX 5mg 60 caps"},"content":{"rendered":"<h2>GLP-1 MAX (orforglipronu) 5 mg 60 caps &#8211; Endogenic<\/h2>\n<p><span style=\"font-weight: 400;\">GLP-1 MAX to innowacyjny preparat zawieraj\u0105cy drobnocz\u0105steczkowego agonist\u0119 receptora GLP-1 w formie doustnej. Produkt przeznaczony jest dla os\u00f3b doros\u0142ych o zwi\u0119kszonej aktywno\u015bci fizycznej oraz os\u00f3b d\u0105\u017c\u0105cych do redukcji tkanki t\u0142uszczowej poprzez modulacj\u0119 szlak\u00f3w metabolicznych i kontrol\u0119 \u0142aknienia. <\/span><span style=\"font-weight: 400;\">Sk\u0142adnik aktywny, Acetyli GLP-1 MAX (analog orforglipronu), wykazuje dzia\u0142anie mimetyczne wzgl\u0119dem naturalnego hormonu inkretynowego, wspieraj\u0105c gospodark\u0119 glukozowo-insulinow\u0105 oraz procesy syto\u015bci.<\/span><\/p>\n<p><a href=\"https:\/\/pro-body.com\/pl\/wp-content\/uploads\/2025\/12\/Beauty-Website-in-Light-Pink-Maroon-Dark-Pink-Style-1-1.jpg\"><img fetchpriority=\"high\" decoding=\"async\" class=\"alignnone size-full wp-image-114996\" src=\"https:\/\/pro-body.com\/pl\/wp-content\/uploads\/2025\/12\/Beauty-Website-in-Light-Pink-Maroon-Dark-Pink-Style-1-1.jpg\" alt=\"\" width=\"1900\" height=\"950\" srcset=\"https:\/\/pro-body.com\/pl\/wp-content\/uploads\/2025\/12\/Beauty-Website-in-Light-Pink-Maroon-Dark-Pink-Style-1-1.jpg 1900w, https:\/\/pro-body.com\/pl\/wp-content\/uploads\/2025\/12\/Beauty-Website-in-Light-Pink-Maroon-Dark-Pink-Style-1-1-300x150.jpg 300w, https:\/\/pro-body.com\/pl\/wp-content\/uploads\/2025\/12\/Beauty-Website-in-Light-Pink-Maroon-Dark-Pink-Style-1-1-1024x512.jpg 1024w, https:\/\/pro-body.com\/pl\/wp-content\/uploads\/2025\/12\/Beauty-Website-in-Light-Pink-Maroon-Dark-Pink-Style-1-1-768x384.jpg 768w, https:\/\/pro-body.com\/pl\/wp-content\/uploads\/2025\/12\/Beauty-Website-in-Light-Pink-Maroon-Dark-Pink-Style-1-1-1536x768.jpg 1536w, https:\/\/pro-body.com\/pl\/wp-content\/uploads\/2025\/12\/Beauty-Website-in-Light-Pink-Maroon-Dark-Pink-Style-1-1-1000x500.jpg 1000w, https:\/\/pro-body.com\/pl\/wp-content\/uploads\/2025\/12\/Beauty-Website-in-Light-Pink-Maroon-Dark-Pink-Style-1-1-64x32.jpg 64w\" sizes=\"(max-width: 1900px) 100vw, 1900px\" \/><\/a><\/p>\n","protected":false},"excerpt":{"rendered":"<p>GLP-1 MAX (orforglipronu) 5 mg 60 caps &#8211; Endogenic GLP-1 MAX to innowacyjny preparat zawieraj\u0105cy drobnocz\u0105steczkowego agonist\u0119 receptora GLP-1 w formie doustnej. Produkt przeznaczony jest dla os\u00f3b doros\u0142ych o zwi\u0119kszonej aktywno\u015bci fizycznej oraz os\u00f3b d\u0105\u017c\u0105cych do redukcji tkanki t\u0142uszczowej poprzez modulacj\u0119 szlak\u00f3w metabolicznych i kontrol\u0119 \u0142aknienia. Sk\u0142adnik aktywny, Acetyli GLP-1 MAX (analog orforglipronu), wykazuje dzia\u0142anie &hellip;<\/p>\n<p class=\"read-more\"> <a class=\"\" href=\"https:\/\/pro-body.com\/pl\/produkt\/glp-1-max-5mg-60-caps\/\"> <span class=\"screen-reader-text\">GLP-1 MAX 5mg 60 caps<\/span> Read More &raquo;<\/a><\/p>\n","protected":false},"featured_media":114966,"comment_status":"open","ping_status":"closed","template":"","meta":{"_acf_changed":false,"site-sidebar-layout":"default","site-content-layout":"","ast-site-content-layout":"default","site-content-style":"default","site-sidebar-style":"default","ast-global-header-display":"","ast-banner-title-visibility":"","ast-main-header-display":"","ast-hfb-above-header-display":"","ast-hfb-below-header-display":"","ast-hfb-mobile-header-display":"","site-post-title":"","ast-breadcrumbs-content":"","ast-featured-img":"","footer-sml-layout":"","theme-transparent-header-meta":"default","adv-header-id-meta":"","stick-header-meta":"","header-above-stick-meta":"","header-main-stick-meta":"","header-below-stick-meta":"","astra-migrate-meta-layouts":"set"},"product_brand":[],"product_cat":[15,50,119,117,47,57,65,66],"product_tag":[],"class_list":{"0":"post-114956","1":"product","2":"type-product","3":"status-publish","4":"has-post-thumbnail","6":"product_cat-bez-kategorii","7":"product_cat-peptydy-w-kapsulkach","8":"product_cat-kapsulki","9":"product_cat-nowosc","10":"product_cat-peptydy","11":"product_cat-peptydy-na-spalanie-tkanki-tluszczowej","12":"product_cat-spalacze-tluszczu","13":"product_cat-suplementy","14":"desktop-align-center","15":"tablet-align-left","16":"mobile-align-left","18":"first","19":"instock","20":"sale","21":"taxable","22":"shipping-taxable","23":"purchasable","24":"product-type-simple"},"acf":[],"aioseo_notices":[],"_links":{"self":[{"href":"https:\/\/pro-body.com\/pl\/wp-json\/wp\/v2\/product\/114956","targetHints":{"allow":["GET"]}}],"collection":[{"href":"https:\/\/pro-body.com\/pl\/wp-json\/wp\/v2\/product"}],"about":[{"href":"https:\/\/pro-body.com\/pl\/wp-json\/wp\/v2\/types\/product"}],"replies":[{"embeddable":true,"href":"https:\/\/pro-body.com\/pl\/wp-json\/wp\/v2\/comments?post=114956"}],"wp:featuredmedia":[{"embeddable":true,"href":"https:\/\/pro-body.com\/pl\/wp-json\/wp\/v2\/media\/114966"}],"wp:attachment":[{"href":"https:\/\/pro-body.com\/pl\/wp-json\/wp\/v2\/media?parent=114956"}],"wp:term":[{"taxonomy":"product_brand","embeddable":true,"href":"https:\/\/pro-body.com\/pl\/wp-json\/wp\/v2\/product_brand?post=114956"},{"taxonomy":"product_cat","embeddable":true,"href":"https:\/\/pro-body.com\/pl\/wp-json\/wp\/v2\/product_cat?post=114956"},{"taxonomy":"product_tag","embeddable":true,"href":"https:\/\/pro-body.com\/pl\/wp-json\/wp\/v2\/product_tag?post=114956"}],"curies":[{"name":"wp","href":"https:\/\/api.w.org\/{rel}","templated":true}]}}