{"id":2014,"date":"2023-09-13T09:58:59","date_gmt":"2023-09-13T07:58:59","guid":{"rendered":"https:\/\/pro-body.com\/pl\/?post_type=product&#038;p=2014"},"modified":"2025-09-18T11:12:37","modified_gmt":"2025-09-18T09:12:37","slug":"selank-5mg","status":"publish","type":"product","link":"https:\/\/pro-body.com\/pl\/produkt\/selank-5mg\/","title":{"rendered":"SELANK 5mg"},"content":{"rendered":"<h1>Selank 5 mg \u2014 peptyd nootropowy<\/h1>\n<p>Selank 5 mg to peptyd o dzia\u0142aniu nootropowym, Selank jednak\u017ce dzia\u0142a inaczej ni\u017c <a href=\"https:\/\/pro-body.com\/pl\/produkt\/semax-50-mg\/\">Semax<\/a>. <strong>\u00a0W swoim dzia\u0142aniu jest bardziej subtelny<\/strong>, ma g\u0142\u00f3wnie <strong>dzia\u0142anie przeciwdepresyjne<\/strong> i przeciwl\u0119kowe. Dzi\u0119ki Selank cz\u0119sto mo\u017cliwe jest odstawienie lek\u00f3w psychotropowych. Jest szczeg\u00f3lnie polecany osobom, kt\u00f3re maj\u0105 problemy z przewlek\u0142ym stresem i s\u0105 rozchwiane emocjonalnie. Cz\u0119sto grup\u0105 odbiorc\u00f3w selanku s\u0105 osoby pracuj\u0105ce umys\u0142owo, na wa\u017cnych i odpowiedzialnych stanowiskach. Selank, b\u0119d\u0105c cz\u0119\u015bci\u0105 kategorii nootrop\u00f3w, staje si\u0119 jednym z ciekawszych produkt\u00f3w dla os\u00f3b, kt\u00f3re szukaj\u0105 naturalnego wsparcia w optymalizacji zdolno\u015bci intelektualnych i poprawy jako\u015bci \u017cycia.<\/p>\n","protected":false},"excerpt":{"rendered":"<p><strong>Selank 5 mg peptyd nootropowy<\/strong><br \/>\n<span style=\"color: #ff0000;\">ODCZYNNIK LABORATORYJNY &#8211; DO CEL\u00d3W BADAWCZYCH<\/span><br \/>\nProdukt nie jest lekiem ani \u017cywno\u015bci\u0105. Substancja s\u0142u\u017cy jedynie jako odczynnik chemiczny do zastosowania laboratoryjnego. Wszelkie informacje na stronie maj\u0105 charakter edukacyjny.<\/p>\n","protected":false},"featured_media":2044,"comment_status":"open","ping_status":"closed","template":"","meta":{"_acf_changed":false,"site-sidebar-layout":"default","site-content-layout":"","ast-site-content-layout":"default","site-content-style":"default","site-sidebar-style":"default","ast-global-header-display":"","ast-banner-title-visibility":"","ast-main-header-display":"","ast-hfb-above-header-display":"","ast-hfb-below-header-display":"","ast-hfb-mobile-header-display":"","site-post-title":"","ast-breadcrumbs-content":"","ast-featured-img":"","footer-sml-layout":"","theme-transparent-header-meta":"default","adv-header-id-meta":"","stick-header-meta":"","header-above-stick-meta":"","header-main-stick-meta":"","header-below-stick-meta":"","astra-migrate-meta-layouts":"set"},"product_brand":[],"product_cat":[15,47],"product_tag":[],"class_list":{"0":"post-2014","1":"product","2":"type-product","3":"status-publish","4":"has-post-thumbnail","6":"product_cat-bez-kategorii","7":"product_cat-peptydy","8":"desktop-align-center","9":"tablet-align-left","10":"mobile-align-left","12":"first","13":"outofstock","14":"sale","15":"taxable","16":"shipping-taxable","17":"purchasable","18":"product-type-simple"},"acf":[],"aioseo_notices":[],"_links":{"self":[{"href":"https:\/\/pro-body.com\/pl\/wp-json\/wp\/v2\/product\/2014","targetHints":{"allow":["GET"]}}],"collection":[{"href":"https:\/\/pro-body.com\/pl\/wp-json\/wp\/v2\/product"}],"about":[{"href":"https:\/\/pro-body.com\/pl\/wp-json\/wp\/v2\/types\/product"}],"replies":[{"embeddable":true,"href":"https:\/\/pro-body.com\/pl\/wp-json\/wp\/v2\/comments?post=2014"}],"wp:featuredmedia":[{"embeddable":true,"href":"https:\/\/pro-body.com\/pl\/wp-json\/wp\/v2\/media\/2044"}],"wp:attachment":[{"href":"https:\/\/pro-body.com\/pl\/wp-json\/wp\/v2\/media?parent=2014"}],"wp:term":[{"taxonomy":"product_brand","embeddable":true,"href":"https:\/\/pro-body.com\/pl\/wp-json\/wp\/v2\/product_brand?post=2014"},{"taxonomy":"product_cat","embeddable":true,"href":"https:\/\/pro-body.com\/pl\/wp-json\/wp\/v2\/product_cat?post=2014"},{"taxonomy":"product_tag","embeddable":true,"href":"https:\/\/pro-body.com\/pl\/wp-json\/wp\/v2\/product_tag?post=2014"}],"curies":[{"name":"wp","href":"https:\/\/api.w.org\/{rel}","templated":true}]}}