{"id":2018,"date":"2023-09-13T09:58:59","date_gmt":"2023-09-13T07:58:59","guid":{"rendered":"https:\/\/pro-body.com\/pl\/?post_type=product&#038;p=2018"},"modified":"2025-11-05T19:12:49","modified_gmt":"2025-11-05T18:12:49","slug":"cjc-1295-with-dac-5mg","status":"publish","type":"product","link":"https:\/\/pro-body.com\/pl\/produkt\/cjc-1295-with-dac-5mg\/","title":{"rendered":"CJC-1295 with DAC 5mg"},"content":{"rendered":"<h1>CJC-1295 with DAC 5 mg<\/h1>\n<p><strong>CJC-1295 with DAC <\/strong>to peptyd\u00a0pobudzaj\u0105cy przedni\u0105 cz\u0119\u015b\u0107 przysadki do produkcji <strong>hormonu wzrostu<\/strong>. Najwi\u0119ksz\u0105 zalet\u0105 jest wspieranie naturalnych, pulsacyjnych wyrzut\u00f3w GH w przeciwie\u0144stwie do syntetycznej wersji hormonu. Obecno\u015b\u0107 DAC pozwala na utrzymywanie zwi\u0119kszonego poziomu GH przez d\u0142u\u017cszy czas w naszym organizmie (do 14 dni). W suplementacji sportowej CJC-1295 with DAC\u00a0 cenione jest ze wzgl\u0119du na swoj\u0105 skuteczno\u015b\u0107 i silne wsparcie organizmu osoby trenuj\u0105cej.<\/p>\n","protected":false},"excerpt":{"rendered":"<p><img fetchpriority=\"high\" decoding=\"async\" class=\"alignnone size-large wp-image-12355\" src=\"https:\/\/pl.pro-peptydy.com\/wp-content\/uploads\/2021\/05\/cjc-1024x707.png\" alt=\"\" width=\"800\" height=\"552\" \/><\/p>\n","protected":false},"featured_media":2048,"comment_status":"open","ping_status":"closed","template":"","meta":{"_acf_changed":false,"site-sidebar-layout":"default","site-content-layout":"","ast-site-content-layout":"default","site-content-style":"default","site-sidebar-style":"default","ast-global-header-display":"","ast-banner-title-visibility":"","ast-main-header-display":"","ast-hfb-above-header-display":"","ast-hfb-below-header-display":"","ast-hfb-mobile-header-display":"","site-post-title":"","ast-breadcrumbs-content":"","ast-featured-img":"","footer-sml-layout":"","theme-transparent-header-meta":"default","adv-header-id-meta":"","stick-header-meta":"","header-above-stick-meta":"","header-main-stick-meta":"","header-below-stick-meta":"","astra-migrate-meta-layouts":"set"},"product_brand":[],"product_cat":[15,96,47,48,56,54,52,49,57,55,59],"product_tag":[],"class_list":{"0":"post-2018","1":"product","2":"type-product","3":"status-publish","4":"has-post-thumbnail","6":"product_cat-bez-kategorii","7":"product_cat-peptydy-iniekcyjne","8":"product_cat-peptydy","9":"product_cat-peptydy-do-sportow-walki","10":"product_cat-peptydy-na-kontuzje","11":"product_cat-peptydy-na-mase-miesniowa","12":"product_cat-peptydy-na-regeneracje","13":"product_cat-peptydy-na-sen","14":"product_cat-peptydy-na-spalanie-tkanki-tluszczowej","15":"product_cat-peptydy-na-wytrzymalosc","16":"product_cat-peptydy-zwiekszajace-hormon-wzrostu","17":"desktop-align-center","18":"tablet-align-left","19":"mobile-align-left","21":"first","22":"instock","23":"sale","24":"taxable","25":"shipping-taxable","26":"purchasable","27":"product-type-simple"},"acf":[],"aioseo_notices":[],"_links":{"self":[{"href":"https:\/\/pro-body.com\/pl\/wp-json\/wp\/v2\/product\/2018","targetHints":{"allow":["GET"]}}],"collection":[{"href":"https:\/\/pro-body.com\/pl\/wp-json\/wp\/v2\/product"}],"about":[{"href":"https:\/\/pro-body.com\/pl\/wp-json\/wp\/v2\/types\/product"}],"replies":[{"embeddable":true,"href":"https:\/\/pro-body.com\/pl\/wp-json\/wp\/v2\/comments?post=2018"}],"wp:featuredmedia":[{"embeddable":true,"href":"https:\/\/pro-body.com\/pl\/wp-json\/wp\/v2\/media\/2048"}],"wp:attachment":[{"href":"https:\/\/pro-body.com\/pl\/wp-json\/wp\/v2\/media?parent=2018"}],"wp:term":[{"taxonomy":"product_brand","embeddable":true,"href":"https:\/\/pro-body.com\/pl\/wp-json\/wp\/v2\/product_brand?post=2018"},{"taxonomy":"product_cat","embeddable":true,"href":"https:\/\/pro-body.com\/pl\/wp-json\/wp\/v2\/product_cat?post=2018"},{"taxonomy":"product_tag","embeddable":true,"href":"https:\/\/pro-body.com\/pl\/wp-json\/wp\/v2\/product_tag?post=2018"}],"curies":[{"name":"wp","href":"https:\/\/api.w.org\/{rel}","templated":true}]}}