{"id":2019,"date":"2023-09-13T09:58:59","date_gmt":"2023-09-13T07:58:59","guid":{"rendered":"https:\/\/pro-body.com\/pl\/?post_type=product&#038;p=2019"},"modified":"2025-11-06T12:43:27","modified_gmt":"2025-11-06T11:43:27","slug":"epithalon-10mg","status":"publish","type":"product","link":"https:\/\/pro-body.com\/pl\/produkt\/epithalon-10mg\/","title":{"rendered":"Epithalon 10mg"},"content":{"rendered":"<h2><strong>Epithalon 10 mg &#8211; peptyd wykazuj\u0105cy dzia\u0142anie regeneracyjne<\/strong><\/h2>\n<p><span style=\"font-weight: 400;\">Epithalon to syntetyczny tetrapeptyd, co oznacza, \u017ce jego struktura sk\u0142ada si\u0119 z czterech po\u0142\u0105czonych wi\u0105zaniami peptydowymi aminokwas\u00f3w. Jego sekwencja to <\/span><b>Ala-Glu-Asp-Gly<\/b><span style=\"font-weight: 400;\"> (Alanina-Kwas glutaminowy-Kwas asparaginowy-Glicyna).<\/span><\/p>\n<p><span style=\"font-weight: 400;\">Historycznie, badania nad tym peptydem zosta\u0142y zainicjowane przez prof. W\u0142adimira Chawinsona (Vladimir Khavinson) i jego zesp\u00f3\u0142 w ramach szerszych bada\u0144 nad bioregulatorami peptydowymi. Epitalon zosta\u0142 zsyntetyzowany jako analog epitalaminy, kompleksu polipeptydowego naturalnie izolowanego z szyszynki bydl\u0119cej. Zainteresowanie naukowe wok\u00f3\u0142 peptydu na regeneracj\u0119 koncentruje si\u0119 na jego potencjalnej roli w procesach kom\u00f3rkowych, co czyni go u\u017cytecznym narz\u0119dziem w eksperymentach laboratoryjnych maj\u0105cych na celu zrozumienie fundamentalnych mechanizm\u00f3w biologicznych. Sprawd\u017a te\u017c <a href=\"https:\/\/pro-body.com\/pl\/produkt\/n-acetyl-epithalon\">N-Acetyl Epithalon 10 mg<\/a>.<\/span><\/p>\n","protected":false},"excerpt":{"rendered":"<p data-pm-slice=\"1 1 []\">W \u015bwiecie biohackingu i nowoczesnej medycyny regeneracyjnej <strong>Epithalon<\/strong> zyska\u0142 miano jednego z najbardziej obiecuj\u0105cych peptyd\u00f3w wspieraj\u0105cych <strong>d\u0142ugowieczno\u015b\u0107, regeneracj\u0119 organizmu oraz popraw\u0119 funkcji kom\u00f3rkowych<\/strong>. To syntetyczny analog epitalaminy \u2013 naturalnego bia\u0142ka wytwarzanego przez szyszynk\u0119, kt\u00f3re wp\u0142ywa na <strong>produkcj\u0119 telomerazy<\/strong>, enzymu odpowiedzialnego za ochron\u0119 i regeneracj\u0119 telomer\u00f3w w DNA. Im d\u0142u\u017csze telomery, tym wi\u0119ksza zdolno\u015b\u0107 organizmu do <strong>zachowania m\u0142odo\u015bci i zdrowia<\/strong>.<\/p>\n<p><strong>Zam\u00f3w Peptyd Epithalon 10 mg ju\u017c dzi\u015b i zadbaj o optymalne funkcjonowanie swojego organizmu!<\/strong><\/p>\n","protected":false},"featured_media":2049,"comment_status":"open","ping_status":"closed","template":"","meta":{"_acf_changed":false,"site-sidebar-layout":"default","site-content-layout":"","ast-site-content-layout":"default","site-content-style":"default","site-sidebar-style":"default","ast-global-header-display":"","ast-banner-title-visibility":"","ast-main-header-display":"","ast-hfb-above-header-display":"","ast-hfb-below-header-display":"","ast-hfb-mobile-header-display":"","site-post-title":"","ast-breadcrumbs-content":"","ast-featured-img":"","footer-sml-layout":"","theme-transparent-header-meta":"default","adv-header-id-meta":"","stick-header-meta":"","header-above-stick-meta":"","header-main-stick-meta":"","header-below-stick-meta":"","astra-migrate-meta-layouts":"set"},"product_brand":[],"product_cat":[15,96,67,47,48,56,51,58,53,46,52,49,55],"product_tag":[],"class_list":{"0":"post-2019","1":"product","2":"type-product","3":"status-publish","4":"has-post-thumbnail","6":"product_cat-bez-kategorii","7":"product_cat-peptydy-iniekcyjne","8":"product_cat-uroda","9":"product_cat-peptydy","10":"product_cat-peptydy-do-sportow-walki","11":"product_cat-peptydy-na-kontuzje","12":"product_cat-peptydy-na-libido","13":"product_cat-peptydy-na-odpornosc","14":"product_cat-peptydy-na-poprawe-samopoczucia","15":"product_cat-peptydy-na-prace-mozgu","16":"product_cat-peptydy-na-regeneracje","17":"product_cat-peptydy-na-sen","18":"product_cat-peptydy-na-wytrzymalosc","19":"desktop-align-center","20":"tablet-align-left","21":"mobile-align-left","23":"first","24":"instock","25":"sale","26":"taxable","27":"shipping-taxable","28":"purchasable","29":"product-type-simple"},"acf":[],"aioseo_notices":[],"_links":{"self":[{"href":"https:\/\/pro-body.com\/pl\/wp-json\/wp\/v2\/product\/2019","targetHints":{"allow":["GET"]}}],"collection":[{"href":"https:\/\/pro-body.com\/pl\/wp-json\/wp\/v2\/product"}],"about":[{"href":"https:\/\/pro-body.com\/pl\/wp-json\/wp\/v2\/types\/product"}],"replies":[{"embeddable":true,"href":"https:\/\/pro-body.com\/pl\/wp-json\/wp\/v2\/comments?post=2019"}],"wp:featuredmedia":[{"embeddable":true,"href":"https:\/\/pro-body.com\/pl\/wp-json\/wp\/v2\/media\/2049"}],"wp:attachment":[{"href":"https:\/\/pro-body.com\/pl\/wp-json\/wp\/v2\/media?parent=2019"}],"wp:term":[{"taxonomy":"product_brand","embeddable":true,"href":"https:\/\/pro-body.com\/pl\/wp-json\/wp\/v2\/product_brand?post=2019"},{"taxonomy":"product_cat","embeddable":true,"href":"https:\/\/pro-body.com\/pl\/wp-json\/wp\/v2\/product_cat?post=2019"},{"taxonomy":"product_tag","embeddable":true,"href":"https:\/\/pro-body.com\/pl\/wp-json\/wp\/v2\/product_tag?post=2019"}],"curies":[{"name":"wp","href":"https:\/\/api.w.org\/{rel}","templated":true}]}}