{"id":2020,"date":"2023-09-13T09:58:59","date_gmt":"2023-09-13T07:58:59","guid":{"rendered":"https:\/\/pro-body.com\/pl\/?post_type=product&#038;p=2020"},"modified":"2025-11-05T19:13:20","modified_gmt":"2025-11-05T18:13:20","slug":"ghk-cu-20mg","status":"publish","type":"product","link":"https:\/\/pro-body.com\/pl\/produkt\/ghk-cu-20mg\/","title":{"rendered":"GHK-CU 20mg"},"content":{"rendered":"<h2>GHK-CU 20 mg &#8211; tripeptyd miedziowy-1<\/h2>\n<p><span style=\"font-weight: 400;\">Z perspektywy chemicznej, GHK-Cu jest kompleksem peptydu GHK (sk\u0142adaj\u0105cego si\u0119 z sekwencji trzech aminokwas\u00f3w: Glicyna-Histydyna-Lizyna) z jonem miedzi (Cu2+). Jest to naturalnie wyst\u0119puj\u0105cy w ludzkim osoczu kompleks, kt\u00f3rego st\u0119\u017cenie, jak wykazuj\u0105 badania naukowe, maleje wraz z wiekiem. Sprawd\u017a te\u017c peptyd <a href=\"https:\/\/pro-body.com\/pl\/produkt\/epithalon-10mg\">epithalon<\/a>.\u00a0<\/span><\/p>\n<p><span style=\"font-weight: 400;\">Odkrycie GHK-Cu przez dr. Lorena Pickarta w latach 70. XX wieku otworzy\u0142o nowy rozdzia\u0142 w badaniach nad rol\u0105 peptyd\u00f3w i jon\u00f3w metali w procesach biologicznych. Pickart pierwotnie zidentyfikowa\u0142 ten zwi\u0105zek jako czynnik o potencjalnym wp\u0142ywie na funkcje kom\u00f3rkowe, co zapocz\u0105tkowa\u0142o dekady bada\u0144 nad jego w\u0142a\u015bciwo\u015bciami. Dzi\u015b, jako standard analityczny i odczynnik laboratoryjny, peptyd miedziowy pozwala naukowcom na dalsze zg\u0142\u0119bianie tych skomplikowanych mechanizm\u00f3w w kontrolowanych warunkach laboratoryjnych, z dala od zastosowa\u0144 klinicznych.<\/span><\/p>\n","protected":false},"excerpt":{"rendered":"<p><img fetchpriority=\"high\" decoding=\"async\" class=\"alignnone size-large wp-image-12356\" src=\"https:\/\/pl.pro-peptydy.com\/wp-content\/uploads\/2021\/05\/ghkcu-1024x707.png\" alt=\"\" width=\"800\" height=\"552\" \/><\/p>\n","protected":false},"featured_media":2050,"comment_status":"open","ping_status":"closed","template":"","meta":{"_acf_changed":false,"site-sidebar-layout":"default","site-content-layout":"","ast-site-content-layout":"default","site-content-style":"default","site-sidebar-style":"default","ast-global-header-display":"","ast-banner-title-visibility":"","ast-main-header-display":"","ast-hfb-above-header-display":"","ast-hfb-below-header-display":"","ast-hfb-mobile-header-display":"","site-post-title":"","ast-breadcrumbs-content":"","ast-featured-img":"","footer-sml-layout":"","theme-transparent-header-meta":"default","adv-header-id-meta":"","stick-header-meta":"","header-above-stick-meta":"","header-main-stick-meta":"","header-below-stick-meta":"","astra-migrate-meta-layouts":"set"},"product_brand":[],"product_cat":[15,96,67,47,56,58,52,49],"product_tag":[],"class_list":{"0":"post-2020","1":"product","2":"type-product","3":"status-publish","4":"has-post-thumbnail","6":"product_cat-bez-kategorii","7":"product_cat-peptydy-iniekcyjne","8":"product_cat-uroda","9":"product_cat-peptydy","10":"product_cat-peptydy-na-kontuzje","11":"product_cat-peptydy-na-odpornosc","12":"product_cat-peptydy-na-regeneracje","13":"product_cat-peptydy-na-sen","14":"desktop-align-center","15":"tablet-align-left","16":"mobile-align-left","18":"first","19":"instock","20":"sale","21":"taxable","22":"shipping-taxable","23":"purchasable","24":"product-type-simple"},"acf":[],"aioseo_notices":[],"_links":{"self":[{"href":"https:\/\/pro-body.com\/pl\/wp-json\/wp\/v2\/product\/2020","targetHints":{"allow":["GET"]}}],"collection":[{"href":"https:\/\/pro-body.com\/pl\/wp-json\/wp\/v2\/product"}],"about":[{"href":"https:\/\/pro-body.com\/pl\/wp-json\/wp\/v2\/types\/product"}],"replies":[{"embeddable":true,"href":"https:\/\/pro-body.com\/pl\/wp-json\/wp\/v2\/comments?post=2020"}],"wp:featuredmedia":[{"embeddable":true,"href":"https:\/\/pro-body.com\/pl\/wp-json\/wp\/v2\/media\/2050"}],"wp:attachment":[{"href":"https:\/\/pro-body.com\/pl\/wp-json\/wp\/v2\/media?parent=2020"}],"wp:term":[{"taxonomy":"product_brand","embeddable":true,"href":"https:\/\/pro-body.com\/pl\/wp-json\/wp\/v2\/product_brand?post=2020"},{"taxonomy":"product_cat","embeddable":true,"href":"https:\/\/pro-body.com\/pl\/wp-json\/wp\/v2\/product_cat?post=2020"},{"taxonomy":"product_tag","embeddable":true,"href":"https:\/\/pro-body.com\/pl\/wp-json\/wp\/v2\/product_tag?post=2020"}],"curies":[{"name":"wp","href":"https:\/\/api.w.org\/{rel}","templated":true}]}}