{"id":2021,"date":"2023-09-13T09:58:59","date_gmt":"2023-09-13T07:58:59","guid":{"rendered":"https:\/\/pro-body.com\/pl\/?post_type=product&#038;p=2021"},"modified":"2025-10-31T10:03:41","modified_gmt":"2025-10-31T09:03:41","slug":"ghrp-2-10mg","status":"publish","type":"product","link":"https:\/\/pro-body.com\/pl\/produkt\/ghrp-2-10mg\/","title":{"rendered":"GHRP-2 10mg"},"content":{"rendered":"<h2>Peptyd GHRP-2 10 mg &#8211; sekretagog hormonu wzrostu<\/h2>\n<p><span style=\"font-weight: 400;\">GHRP-2, czyli Peptyd Uwalniaj\u0105cy Hormon Wzrostu 2, to syntetyczny zwi\u0105zek chemiczny zbudowany z sekwencji sze\u015bciu aminokwas\u00f3w: D-Ala-D-2-Nal-Ala-Trp-D-Phe-Lys-NH\u2082. Nale\u017cy on do klasy substancji okre\u015blanych jako <\/span><b><a href=\"https:\/\/pro-body.com\/pl\/kategoria-produktu\/peptydy\/peptydy-zwiekszajace-hormon-wzrostu\/\">sekretagogi hormonu wzrostu<\/a> (GHS \u2013 Growth Hormone Secretagogues)<\/b><span style=\"font-weight: 400;\">. W nomenklaturze naukowej jest klasyfikowany jako agonista receptora GHS-R1a (receptora greliny). Oznacza to, \u017ce w warunkach <\/span><i><span style=\"font-weight: 400;\">in vitro<\/span><\/i><span style=\"font-weight: 400;\"> jest w stanie wi\u0105za\u0107 si\u0119 z tym receptorem i aktywowa\u0107 go, co pozwala naukowcom bada\u0107 dalsze etapy wewn\u0105trzkom\u00f3rkowych szlak\u00f3w sygna\u0142owych. Ze wzgl\u0119du na swoj\u0105 precyzyjn\u0105 i powtarzaln\u0105 aktywno\u015b\u0107 molekularn\u0105, GHRP-2 jest wykorzystywany jako standard w wielu eksperymentach laboratoryjnych maj\u0105cych na celu zrozumienie roli i funkcji receptor\u00f3w GHS-R1a w r\u00f3\u017cnych typach kom\u00f3rek.<\/span><\/p>\n","protected":false},"excerpt":{"rendered":"<p>Peptyd GHRP-2 10 mg &#8211; sekretagog hormonu wzrostu GHRP-2, czyli Peptyd Uwalniaj\u0105cy Hormon Wzrostu 2, to syntetyczny zwi\u0105zek chemiczny zbudowany z sekwencji sze\u015bciu aminokwas\u00f3w: D-Ala-D-2-Nal-Ala-Trp-D-Phe-Lys-NH\u2082. Nale\u017cy on do klasy substancji okre\u015blanych jako sekretagogi hormonu wzrostu (GHS \u2013 Growth Hormone Secretagogues). W nomenklaturze naukowej jest klasyfikowany jako agonista receptora GHS-R1a (receptora greliny). Oznacza to, \u017ce w &hellip;<\/p>\n<p class=\"read-more\"> <a class=\"\" href=\"https:\/\/pro-body.com\/pl\/produkt\/ghrp-2-10mg\/\"> <span class=\"screen-reader-text\">GHRP-2 10mg<\/span> Read More &raquo;<\/a><\/p>\n","protected":false},"featured_media":2051,"comment_status":"open","ping_status":"closed","template":"","meta":{"_acf_changed":false,"site-sidebar-layout":"default","site-content-layout":"","ast-site-content-layout":"default","site-content-style":"default","site-sidebar-style":"default","ast-global-header-display":"","ast-banner-title-visibility":"","ast-main-header-display":"","ast-hfb-above-header-display":"","ast-hfb-below-header-display":"","ast-hfb-mobile-header-display":"","site-post-title":"","ast-breadcrumbs-content":"","ast-featured-img":"","footer-sml-layout":"","theme-transparent-header-meta":"default","adv-header-id-meta":"","stick-header-meta":"","header-above-stick-meta":"","header-main-stick-meta":"","header-below-stick-meta":"","astra-migrate-meta-layouts":"set"},"product_brand":[],"product_cat":[15,96,47,48,56,54,52,49,57,55,59],"product_tag":[],"class_list":{"0":"post-2021","1":"product","2":"type-product","3":"status-publish","4":"has-post-thumbnail","6":"product_cat-bez-kategorii","7":"product_cat-peptydy-iniekcyjne","8":"product_cat-peptydy","9":"product_cat-peptydy-do-sportow-walki","10":"product_cat-peptydy-na-kontuzje","11":"product_cat-peptydy-na-mase-miesniowa","12":"product_cat-peptydy-na-regeneracje","13":"product_cat-peptydy-na-sen","14":"product_cat-peptydy-na-spalanie-tkanki-tluszczowej","15":"product_cat-peptydy-na-wytrzymalosc","16":"product_cat-peptydy-zwiekszajace-hormon-wzrostu","17":"desktop-align-center","18":"tablet-align-left","19":"mobile-align-left","21":"first","22":"instock","23":"sale","24":"taxable","25":"shipping-taxable","26":"purchasable","27":"product-type-simple"},"acf":[],"aioseo_notices":[],"_links":{"self":[{"href":"https:\/\/pro-body.com\/pl\/wp-json\/wp\/v2\/product\/2021","targetHints":{"allow":["GET"]}}],"collection":[{"href":"https:\/\/pro-body.com\/pl\/wp-json\/wp\/v2\/product"}],"about":[{"href":"https:\/\/pro-body.com\/pl\/wp-json\/wp\/v2\/types\/product"}],"replies":[{"embeddable":true,"href":"https:\/\/pro-body.com\/pl\/wp-json\/wp\/v2\/comments?post=2021"}],"wp:featuredmedia":[{"embeddable":true,"href":"https:\/\/pro-body.com\/pl\/wp-json\/wp\/v2\/media\/2051"}],"wp:attachment":[{"href":"https:\/\/pro-body.com\/pl\/wp-json\/wp\/v2\/media?parent=2021"}],"wp:term":[{"taxonomy":"product_brand","embeddable":true,"href":"https:\/\/pro-body.com\/pl\/wp-json\/wp\/v2\/product_brand?post=2021"},{"taxonomy":"product_cat","embeddable":true,"href":"https:\/\/pro-body.com\/pl\/wp-json\/wp\/v2\/product_cat?post=2021"},{"taxonomy":"product_tag","embeddable":true,"href":"https:\/\/pro-body.com\/pl\/wp-json\/wp\/v2\/product_tag?post=2021"}],"curies":[{"name":"wp","href":"https:\/\/api.w.org\/{rel}","templated":true}]}}