{"id":2022,"date":"2023-09-13T09:58:59","date_gmt":"2023-09-13T07:58:59","guid":{"rendered":"https:\/\/pro-body.com\/pl\/?post_type=product&#038;p=2022"},"modified":"2025-11-05T19:14:00","modified_gmt":"2025-11-05T18:14:00","slug":"ghrp-6-10mg","status":"publish","type":"product","link":"https:\/\/pro-body.com\/pl\/produkt\/ghrp-6-10mg\/","title":{"rendered":"GHRP-6 10 mg"},"content":{"rendered":"<h2>Peptyd uwalniaj\u0105cy hormon wzrostu GHRP-6 10 mg<\/h2>\n<p><span style=\"font-weight: 400;\">GHRP-6 to syntetyczny heksapeptyd o okre\u015blonej sekwencji aminokwas\u00f3w: His-D-Trp-Ala-Trp-D-Phe-Lys-NH2. Nale\u017cy do klasy zwi\u0105zk\u00f3w znanych jako sekretagogi hormonu wzrostu (GHS), kt\u00f3re s\u0105 przedmiotem zainteresowania w <a href=\"https:\/\/pmc.ncbi.nlm.nih.gov\/articles\/PMC5392015\/\">badaniach naukowych<\/a> nad mechanizmami endokrynologicznymi. Jako agonista receptora greliny (GHS-R1a), booster jest wykorzystywany w warunkach laboratoryjnych do badania szlak\u00f3w sygna\u0142owych zwi\u0105zanych z tym receptorem. Produkt podobny jest to peptydu <a href=\"https:\/\/pro-body.com\/pl\/produkt\/ghrp-2-10mg\/\">GHRP-2<\/a>.\u00a0<\/span><\/p>\n<p><span style=\"font-weight: 400;\"><strong>Peptydy stymuluj\u0105ce uwalnianie hormonu wzrostu (GHRPs)<\/strong> stanowi\u0105 klas\u0119 syntetycznych zwi\u0105zk\u00f3w, kt\u00f3re zosta\u0142y opracowane w celu badania mechanizm\u00f3w reguluj\u0105cych wydzielanie somatotropiny (GH). <strong>GHRP-6<\/strong>, jako jeden z pierwszych i najlepiej scharakteryzowanych cz\u0142onk\u00f3w tej rodziny, jest cennym modelem badawczym. Jego dzia\u0142anie nie opiera si\u0119 na szlaku somatoliberyny (GHRH), lecz na aktywacji specyficznego receptora GHSR-1a, co pozwala na badanie alternatywnych \u015bcie\u017cek sygna\u0142owych w kom\u00f3rkach przysadki. Zrozumienie tych interakcji ma fundamentalne znaczenie dla post\u0119p\u00f3w w dziedzinie biochemii i biologii molekularnej.<\/span><\/p>\n","protected":false},"excerpt":{"rendered":"<p>Peptyd uwalniaj\u0105cy hormon wzrostu GHRP-6 10 mg GHRP-6 to syntetyczny heksapeptyd o okre\u015blonej sekwencji aminokwas\u00f3w: His-D-Trp-Ala-Trp-D-Phe-Lys-NH2. Nale\u017cy do klasy zwi\u0105zk\u00f3w znanych jako sekretagogi hormonu wzrostu (GHS), kt\u00f3re s\u0105 przedmiotem zainteresowania w badaniach naukowych nad mechanizmami endokrynologicznymi. Jako agonista receptora greliny (GHS-R1a), booster jest wykorzystywany w warunkach laboratoryjnych do badania szlak\u00f3w sygna\u0142owych zwi\u0105zanych z tym receptorem. &hellip;<\/p>\n<p class=\"read-more\"> <a class=\"\" href=\"https:\/\/pro-body.com\/pl\/produkt\/ghrp-6-10mg\/\"> <span class=\"screen-reader-text\">GHRP-6 10 mg<\/span> Read More &raquo;<\/a><\/p>\n","protected":false},"featured_media":2052,"comment_status":"open","ping_status":"closed","template":"","meta":{"_acf_changed":false,"site-sidebar-layout":"default","site-content-layout":"","ast-site-content-layout":"default","site-content-style":"default","site-sidebar-style":"default","ast-global-header-display":"","ast-banner-title-visibility":"","ast-main-header-display":"","ast-hfb-above-header-display":"","ast-hfb-below-header-display":"","ast-hfb-mobile-header-display":"","site-post-title":"","ast-breadcrumbs-content":"","ast-featured-img":"","footer-sml-layout":"","theme-transparent-header-meta":"default","adv-header-id-meta":"","stick-header-meta":"","header-above-stick-meta":"","header-main-stick-meta":"","header-below-stick-meta":"","astra-migrate-meta-layouts":"set"},"product_brand":[],"product_cat":[15,96,47,48,56,54,52,49,57,55,59],"product_tag":[],"class_list":{"0":"post-2022","1":"product","2":"type-product","3":"status-publish","4":"has-post-thumbnail","6":"product_cat-bez-kategorii","7":"product_cat-peptydy-iniekcyjne","8":"product_cat-peptydy","9":"product_cat-peptydy-do-sportow-walki","10":"product_cat-peptydy-na-kontuzje","11":"product_cat-peptydy-na-mase-miesniowa","12":"product_cat-peptydy-na-regeneracje","13":"product_cat-peptydy-na-sen","14":"product_cat-peptydy-na-spalanie-tkanki-tluszczowej","15":"product_cat-peptydy-na-wytrzymalosc","16":"product_cat-peptydy-zwiekszajace-hormon-wzrostu","17":"desktop-align-center","18":"tablet-align-left","19":"mobile-align-left","21":"first","22":"instock","23":"sale","24":"taxable","25":"shipping-taxable","26":"purchasable","27":"product-type-simple"},"acf":[],"aioseo_notices":[],"_links":{"self":[{"href":"https:\/\/pro-body.com\/pl\/wp-json\/wp\/v2\/product\/2022","targetHints":{"allow":["GET"]}}],"collection":[{"href":"https:\/\/pro-body.com\/pl\/wp-json\/wp\/v2\/product"}],"about":[{"href":"https:\/\/pro-body.com\/pl\/wp-json\/wp\/v2\/types\/product"}],"replies":[{"embeddable":true,"href":"https:\/\/pro-body.com\/pl\/wp-json\/wp\/v2\/comments?post=2022"}],"wp:featuredmedia":[{"embeddable":true,"href":"https:\/\/pro-body.com\/pl\/wp-json\/wp\/v2\/media\/2052"}],"wp:attachment":[{"href":"https:\/\/pro-body.com\/pl\/wp-json\/wp\/v2\/media?parent=2022"}],"wp:term":[{"taxonomy":"product_brand","embeddable":true,"href":"https:\/\/pro-body.com\/pl\/wp-json\/wp\/v2\/product_brand?post=2022"},{"taxonomy":"product_cat","embeddable":true,"href":"https:\/\/pro-body.com\/pl\/wp-json\/wp\/v2\/product_cat?post=2022"},{"taxonomy":"product_tag","embeddable":true,"href":"https:\/\/pro-body.com\/pl\/wp-json\/wp\/v2\/product_tag?post=2022"}],"curies":[{"name":"wp","href":"https:\/\/api.w.org\/{rel}","templated":true}]}}