{"id":2023,"date":"2023-09-13T09:58:59","date_gmt":"2023-09-13T07:58:59","guid":{"rendered":"https:\/\/pro-body.com\/pl\/?post_type=product&#038;p=2023"},"modified":"2025-11-05T19:14:19","modified_gmt":"2025-11-05T18:14:19","slug":"hgh-fragment-176-191-5mg","status":"publish","type":"product","link":"https:\/\/pro-body.com\/pl\/produkt\/hgh-fragment-176-191-5mg\/","title":{"rendered":"HGH Fragment 176-191 5mg"},"content":{"rendered":"<h2>HGH Fragment 176-191<\/h2>\n<p><span style=\"font-weight: 400;\"><strong>HGH Fragment 176-191<\/strong> to syntetyczny, C-ko\u0144cowy analog ludzkiego hormonu wzrostu, wykorzystywany jako specjalistyczny odczynnik w badaniach biochemicznych i biologii molekularnej. Jego precyzyjnie zdefiniowana sekwencja 16 aminokwas\u00f3w, w tym stabilizuj\u0105cy mostek disiarczkowy, czyni go cennym narz\u0119dziem do eksploracji interakcji bia\u0142ko-receptor oraz jako wzorzec analityczny.\u00a0<\/span>Sprawd\u017a te\u017c <a href=\"https:\/\/pro-body.com\/pl\/produkt\/aod-9604-5mg\/\">AOD-9604<\/a><\/p>\n<p><span style=\"font-weight: 400;\">W dziedzinie chemii bioorganicznej i biochemii, syntetyczne peptydy stanowi\u0105 fundamentalne narz\u0119dzia umo\u017cliwiaj\u0105ce naukowcom zg\u0142\u0119bianie z\u0142o\u017conych proces\u00f3w biologicznych na poziomie molekularnym. Fragment HGH 176-191, b\u0119d\u0105cy syntetycznym, C-ko\u0144cowym analogiem ludzkiego hormonu wzrostu, jest przyk\u0142adem takiego w\u0142a\u015bnie specjalistycznego odczynnika. Jego precyzyjnie zdefiniowana sekwencja aminokwas\u00f3w pozwala na wykorzystanie go jako wzorca analitycznego lub narz\u0119dzia w badaniach nad interakcjami bia\u0142ko-receptor w kontrolowanych warunkach laboratoryjnych. Niniejszy opis ma na celu przedstawienie wy\u0142\u0105cznie chemicznych i fizycznych w\u0142a\u015bciwo\u015bci tej substancji oraz jej potencjalnych zastosowa\u0144 jako odczynnika badawczego.<\/span><\/p>\n","protected":false},"excerpt":{"rendered":"<p>HGH Fragment 176-191 HGH Fragment 176-191 to syntetyczny, C-ko\u0144cowy analog ludzkiego hormonu wzrostu, wykorzystywany jako specjalistyczny odczynnik w badaniach biochemicznych i biologii molekularnej. Jego precyzyjnie zdefiniowana sekwencja 16 aminokwas\u00f3w, w tym stabilizuj\u0105cy mostek disiarczkowy, czyni go cennym narz\u0119dziem do eksploracji interakcji bia\u0142ko-receptor oraz jako wzorzec analityczny.\u00a0Sprawd\u017a te\u017c AOD-9604 W dziedzinie chemii bioorganicznej i biochemii, syntetyczne &hellip;<\/p>\n<p class=\"read-more\"> <a class=\"\" href=\"https:\/\/pro-body.com\/pl\/produkt\/hgh-fragment-176-191-5mg\/\"> <span class=\"screen-reader-text\">HGH Fragment 176-191 5mg<\/span> Read More &raquo;<\/a><\/p>\n","protected":false},"featured_media":2053,"comment_status":"open","ping_status":"closed","template":"","meta":{"_acf_changed":false,"site-sidebar-layout":"default","site-content-layout":"","ast-site-content-layout":"default","site-content-style":"default","site-sidebar-style":"default","ast-global-header-display":"","ast-banner-title-visibility":"","ast-main-header-display":"","ast-hfb-above-header-display":"","ast-hfb-below-header-display":"","ast-hfb-mobile-header-display":"","site-post-title":"","ast-breadcrumbs-content":"","ast-featured-img":"","footer-sml-layout":"","theme-transparent-header-meta":"default","adv-header-id-meta":"","stick-header-meta":"","header-above-stick-meta":"","header-main-stick-meta":"","header-below-stick-meta":"","astra-migrate-meta-layouts":"set"},"product_brand":[],"product_cat":[15,96,47,48,57,55,65],"product_tag":[],"class_list":{"0":"post-2023","1":"product","2":"type-product","3":"status-publish","4":"has-post-thumbnail","6":"product_cat-bez-kategorii","7":"product_cat-peptydy-iniekcyjne","8":"product_cat-peptydy","9":"product_cat-peptydy-do-sportow-walki","10":"product_cat-peptydy-na-spalanie-tkanki-tluszczowej","11":"product_cat-peptydy-na-wytrzymalosc","12":"product_cat-spalacze-tluszczu","13":"desktop-align-center","14":"tablet-align-left","15":"mobile-align-left","17":"first","18":"instock","19":"sale","20":"taxable","21":"shipping-taxable","22":"purchasable","23":"product-type-simple"},"acf":[],"aioseo_notices":[],"_links":{"self":[{"href":"https:\/\/pro-body.com\/pl\/wp-json\/wp\/v2\/product\/2023","targetHints":{"allow":["GET"]}}],"collection":[{"href":"https:\/\/pro-body.com\/pl\/wp-json\/wp\/v2\/product"}],"about":[{"href":"https:\/\/pro-body.com\/pl\/wp-json\/wp\/v2\/types\/product"}],"replies":[{"embeddable":true,"href":"https:\/\/pro-body.com\/pl\/wp-json\/wp\/v2\/comments?post=2023"}],"wp:featuredmedia":[{"embeddable":true,"href":"https:\/\/pro-body.com\/pl\/wp-json\/wp\/v2\/media\/2053"}],"wp:attachment":[{"href":"https:\/\/pro-body.com\/pl\/wp-json\/wp\/v2\/media?parent=2023"}],"wp:term":[{"taxonomy":"product_brand","embeddable":true,"href":"https:\/\/pro-body.com\/pl\/wp-json\/wp\/v2\/product_brand?post=2023"},{"taxonomy":"product_cat","embeddable":true,"href":"https:\/\/pro-body.com\/pl\/wp-json\/wp\/v2\/product_cat?post=2023"},{"taxonomy":"product_tag","embeddable":true,"href":"https:\/\/pro-body.com\/pl\/wp-json\/wp\/v2\/product_tag?post=2023"}],"curies":[{"name":"wp","href":"https:\/\/api.w.org\/{rel}","templated":true}]}}