{"id":2024,"date":"2023-09-13T09:59:00","date_gmt":"2023-09-13T07:59:00","guid":{"rendered":"https:\/\/pro-body.com\/pl\/?post_type=product&#038;p=2024"},"modified":"2025-11-11T18:18:46","modified_gmt":"2025-11-11T17:18:46","slug":"melanotan-2-10mg","status":"publish","type":"product","link":"https:\/\/pro-body.com\/pl\/produkt\/melanotan-2-10mg\/","title":{"rendered":"Melanotan-2 10mg"},"content":{"rendered":"<h1>Melanotan-2 10 mg \u2014 peptyd do opalania<\/h1>\n<p>Peptyd na opalenizn\u0119 melanotan 2 &#8211; to eden z bardziej popularnych peptyd\u00f3w, szczeg\u00f3lnie w sferze beauty. Stosowanie Melanotan-2 zwi\u0119ksza produkcj\u0119 melaniny, dzi\u0119ki czemu opalamy si\u0119 z \u0142atwo\u015bci\u0105. Szczeg\u00f3lnie chwalony przez ludzi z ja\u015bniejsz\u0105 karnacj\u0105, dzi\u0119ki ograniczonym poparzeniom po mocnym opalaniu. Peptyd przede wszystkim przyspiesza uzyskanie opalenizny, jak i nasila efekt ciemnej karnacji. Ciesz si\u0119 g\u0142\u0119bok\u0105 opalenizn\u0105 nawet w okresie zimowym.<\/p>\n<p>&nbsp;<\/p>\n","protected":false},"excerpt":{"rendered":"<p><img fetchpriority=\"high\" decoding=\"async\" class=\"alignnone size-large wp-image-12356\" src=\"https:\/\/pl.pro-peptydy.com\/wp-content\/uploads\/2021\/05\/ghkcu-1024x707.png\" alt=\"\" width=\"800\" height=\"552\" \/><\/p>\n","protected":false},"featured_media":2054,"comment_status":"open","ping_status":"closed","template":"","meta":{"_acf_changed":false,"site-sidebar-layout":"default","site-content-layout":"","ast-site-content-layout":"default","site-content-style":"default","site-sidebar-style":"default","ast-global-header-display":"","ast-banner-title-visibility":"","ast-main-header-display":"","ast-hfb-above-header-display":"","ast-hfb-below-header-display":"","ast-hfb-mobile-header-display":"","site-post-title":"","ast-breadcrumbs-content":"","ast-featured-img":"","footer-sml-layout":"","theme-transparent-header-meta":"default","adv-header-id-meta":"","stick-header-meta":"","header-above-stick-meta":"","header-main-stick-meta":"","header-below-stick-meta":"","astra-migrate-meta-layouts":"set"},"product_brand":[],"product_cat":[15,96,47,51,53,57],"product_tag":[],"class_list":{"0":"post-2024","1":"product","2":"type-product","3":"status-publish","4":"has-post-thumbnail","6":"product_cat-bez-kategorii","7":"product_cat-peptydy-iniekcyjne","8":"product_cat-peptydy","9":"product_cat-peptydy-na-libido","10":"product_cat-peptydy-na-poprawe-samopoczucia","11":"product_cat-peptydy-na-spalanie-tkanki-tluszczowej","12":"desktop-align-center","13":"tablet-align-left","14":"mobile-align-left","16":"first","17":"instock","18":"sale","19":"taxable","20":"shipping-taxable","21":"purchasable","22":"product-type-simple"},"acf":[],"aioseo_notices":[],"_links":{"self":[{"href":"https:\/\/pro-body.com\/pl\/wp-json\/wp\/v2\/product\/2024","targetHints":{"allow":["GET"]}}],"collection":[{"href":"https:\/\/pro-body.com\/pl\/wp-json\/wp\/v2\/product"}],"about":[{"href":"https:\/\/pro-body.com\/pl\/wp-json\/wp\/v2\/types\/product"}],"replies":[{"embeddable":true,"href":"https:\/\/pro-body.com\/pl\/wp-json\/wp\/v2\/comments?post=2024"}],"wp:featuredmedia":[{"embeddable":true,"href":"https:\/\/pro-body.com\/pl\/wp-json\/wp\/v2\/media\/2054"}],"wp:attachment":[{"href":"https:\/\/pro-body.com\/pl\/wp-json\/wp\/v2\/media?parent=2024"}],"wp:term":[{"taxonomy":"product_brand","embeddable":true,"href":"https:\/\/pro-body.com\/pl\/wp-json\/wp\/v2\/product_brand?post=2024"},{"taxonomy":"product_cat","embeddable":true,"href":"https:\/\/pro-body.com\/pl\/wp-json\/wp\/v2\/product_cat?post=2024"},{"taxonomy":"product_tag","embeddable":true,"href":"https:\/\/pro-body.com\/pl\/wp-json\/wp\/v2\/product_tag?post=2024"}],"curies":[{"name":"wp","href":"https:\/\/api.w.org\/{rel}","templated":true}]}}