{"id":2027,"date":"2023-09-13T09:59:00","date_gmt":"2023-09-13T07:59:00","guid":{"rendered":"https:\/\/pro-body.com\/pl\/?post_type=product&#038;p=2027"},"modified":"2024-08-06T10:45:19","modified_gmt":"2024-08-06T08:45:19","slug":"woda-bakteriostatyczna-5ml","status":"publish","type":"product","link":"https:\/\/pro-body.com\/pl\/produkt\/woda-bakteriostatyczna-5ml\/","title":{"rendered":"Woda do iniekcji 5ml"},"content":{"rendered":"<div style=\"display: none;\">\n<h1>Woda bakteriostatyczna do iniekcji 5 ml \u2014 bezpieczny i skuteczny rozpuszczalnik<\/h1>\n<p><strong>Woda bakteriostatyczna<\/strong> 5 ml pozwala na bezproblemowe rozpuszczenie peptyd\u00f3w przeznaczonych do iniekcji. Charakteryzuje si\u0119 wi\u0119kszym bezpiecze\u0144stwem, ze wzgl\u0119du na dodatek alkoholu, kt\u00f3ry zapobiega rozmna\u017caniu si\u0119 bakterii. Cz\u0119sto wykorzystuje si\u0119 j\u0105 <strong>jako rozpuszczalnik do lek\u00f3w<\/strong>.<\/p>\n<h2>Czym jest woda bakteriostatyczna do iniekcji 5 ml?<\/h2>\n<p><strong>Woda <\/strong>do iniekcji to specjalnie przefiltrowana woda, kt\u00f3ra zosta\u0142a wzbogacona w sk\u0142adnik bakteriostatyczny, tak aby zapewni\u0107 skuteczn\u0105 ochron\u0119 przed rozwojem bakterii. Jest to bezbarwna i bezwonna ciecz, kt\u00f3ra jest stosowana jako rozpuszczalnik do lek\u00f3w w formie proszkowej. Szczeg\u00f3lnie polecana jako rozpuszczalnik do peptyd\u00f3w. Pozwala na wykonanie skutecznej i bezpiecznej iniekcji.<\/p>\n<h2>Jakie ma zastosowanie produkt aqua pro do peptyd\u00f3w?<\/h2>\n<p>Wod\u0119 bakteriostatyczn\u0105 do iniekcji u\u017cywa si\u0119 jako rozpuszczalnik do lek\u00f3w, kt\u00f3re podaje si\u0119 w formie iniekcji. Dzi\u0119ki zawarto\u015bci sk\u0142adnik\u00f3w bakteriostatycznych <strong>produkt ten chroni przed rozwojem bakterii<\/strong>, co jest szczeg\u00f3lnie wa\u017cne w przypadku lek\u00f3w i peptyd\u00f3w podawanych w formie iniekcji. Ka\u017cda ingerencja w uk\u0142ad krwiono\u015bny, czy iniekcj\u0119 w mi\u0119sie\u0144 stwarza pewne ryzyko zaka\u017cenia rany. Woda specjalnie przeznaczona do iniekcji znacznie ogranicza ryzyko zanieczyszczenia nie tylko rany, ale r\u00f3wnie\u017c podawanego produktu.<br \/>\nWoda do iniekcji wykorzystywana jest r\u00f3wnie\u017c w medycynie estetycznej, jako sk\u0142adnik roztwor\u00f3w do wype\u0142niania zmarszczek.<\/p>\n<h2>Najwa\u017cniejsze cechy wody bakteriostatycznej do iniekcji<\/h2>\n<ul>\n<li>Bezpieczny i skuteczny rozpuszczalnik do peptyd\u00f3w,<\/li>\n<li>Chroni przed rozwojem bakterii,<\/li>\n<li>Stosowana jako rozpuszczalnik do lek\u00f3w podawanych w formie iniekcji,<\/li>\n<li>Bezpieczne podawanie lek\u00f3w.<\/li>\n<\/ul>\n<h3>Woda bakteriostatyczna podsumowanie<\/h3>\n<p>Zapewnij sobie bezpiecze\u0144stwo podczas podawania lek\u00f3w dzi\u0119ki wodzie bakteriostatycznej do iniekcji. Chroni przed rozwojem bakterii i jest idealnym rozpuszczalnikiem do peptyd\u00f3w. Jest to du\u017co lepsze rozwi\u0105zanie ni\u017c woda z NaCl dost\u0119pna w aptekach. Woda idealnie nadaje si\u0119 tez do mieszania z<a href=\"https:\/\/pl.pro-peptydy.com\/produkt\/oxytropin-2\/\"> hormonem wzrostu.\u00a0<\/a>\n<\/div>\n<h3>PRZEZNACZONY DO CEL\u00d3W BADAWCZYCH!<\/h3>\n<p>Wszystkie wy\u017cej wymienione w\u0142a\u015bciwo\u015bci obserwuje si\u0119 przy badaniach laboratoryjnych, nierobione na ludziach, maj\u0105 one charakter wy\u0142\u0105cznie informacyjny. Wszelkie informacje zawarte w opisach nie zatwierdzono przez GIS, GIF ani EFSA. Substancja nie jest lekiem, produktem spo\u017cywczym ani suplementem diety, w konsekwencji nie nadaje si\u0119 on do spo\u017cycia przez ludzi. Produkt kwalifikuje si\u0119 jako odczynnik chemiczny \/ materia\u0142 odniesienia dopuszczony do obrotu na terenie UE. Mo\u017cna go u\u017cywa\u0107 wy\u0142\u0105cznie do bada\u0144 naukowych. Pozosta\u0142e informacje na temat \u015brodka zawarto w karcie charakterystyki substancji chemicznej, kt\u00f3r\u0105 udost\u0119pniamy do wgl\u0105du. Produkty dost\u0119pne s\u0105 tylko dla instytucji lub os\u00f3b prywatnych, kt\u00f3re powi\u0105zano z dzia\u0142alno\u015bci\u0105 badawcz\u0105 lub laboratoryjn\u0105.<\/p>\n","protected":false},"excerpt":{"rendered":"<p>Woda bakteriostatyczna do iniekcji 5 ml \u2014 bezpieczny i skuteczny rozpuszczalnik Woda bakteriostatyczna 5 ml pozwala na bezproblemowe rozpuszczenie peptyd\u00f3w przeznaczonych do iniekcji. Charakteryzuje si\u0119 wi\u0119kszym bezpiecze\u0144stwem, ze wzgl\u0119du na dodatek alkoholu, kt\u00f3ry zapobiega rozmna\u017caniu si\u0119 bakterii. Cz\u0119sto wykorzystuje si\u0119 j\u0105 jako rozpuszczalnik do lek\u00f3w. Czym jest woda bakteriostatyczna do iniekcji 5 ml? Woda do &hellip;<\/p>\n<p class=\"read-more\"> <a class=\"\" href=\"https:\/\/pro-body.com\/pl\/produkt\/woda-bakteriostatyczna-5ml\/\"> <span class=\"screen-reader-text\">Woda do iniekcji 5ml<\/span> Read More &raquo;<\/a><\/p>\n","protected":false},"featured_media":70568,"comment_status":"open","ping_status":"closed","template":"","meta":{"_acf_changed":false,"site-sidebar-layout":"default","site-content-layout":"","ast-site-content-layout":"default","site-content-style":"default","site-sidebar-style":"default","ast-global-header-display":"","ast-banner-title-visibility":"","ast-main-header-display":"","ast-hfb-above-header-display":"","ast-hfb-below-header-display":"","ast-hfb-mobile-header-display":"","site-post-title":"","ast-breadcrumbs-content":"","ast-featured-img":"","footer-sml-layout":"","theme-transparent-header-meta":"default","adv-header-id-meta":"","stick-header-meta":"","header-above-stick-meta":"","header-main-stick-meta":"","header-below-stick-meta":"","astra-migrate-meta-layouts":"set"},"product_brand":[],"product_cat":[15,88],"product_tag":[],"class_list":{"0":"post-2027","1":"product","2":"type-product","3":"status-publish","4":"has-post-thumbnail","6":"product_cat-bez-kategorii","7":"product_cat-gh-i-igf-1","8":"desktop-align-center","9":"tablet-align-left","10":"mobile-align-left","12":"first","13":"outofstock","14":"taxable","15":"shipping-taxable","16":"purchasable","17":"product-type-simple"},"acf":[],"aioseo_notices":[],"_links":{"self":[{"href":"https:\/\/pro-body.com\/pl\/wp-json\/wp\/v2\/product\/2027","targetHints":{"allow":["GET"]}}],"collection":[{"href":"https:\/\/pro-body.com\/pl\/wp-json\/wp\/v2\/product"}],"about":[{"href":"https:\/\/pro-body.com\/pl\/wp-json\/wp\/v2\/types\/product"}],"replies":[{"embeddable":true,"href":"https:\/\/pro-body.com\/pl\/wp-json\/wp\/v2\/comments?post=2027"}],"wp:featuredmedia":[{"embeddable":true,"href":"https:\/\/pro-body.com\/pl\/wp-json\/wp\/v2\/media\/70568"}],"wp:attachment":[{"href":"https:\/\/pro-body.com\/pl\/wp-json\/wp\/v2\/media?parent=2027"}],"wp:term":[{"taxonomy":"product_brand","embeddable":true,"href":"https:\/\/pro-body.com\/pl\/wp-json\/wp\/v2\/product_brand?post=2027"},{"taxonomy":"product_cat","embeddable":true,"href":"https:\/\/pro-body.com\/pl\/wp-json\/wp\/v2\/product_cat?post=2027"},{"taxonomy":"product_tag","embeddable":true,"href":"https:\/\/pro-body.com\/pl\/wp-json\/wp\/v2\/product_tag?post=2027"}],"curies":[{"name":"wp","href":"https:\/\/api.w.org\/{rel}","templated":true}]}}