{"id":2036,"date":"2023-09-13T09:59:00","date_gmt":"2023-09-13T07:59:00","guid":{"rendered":"https:\/\/pro-body.com\/pl\/?post_type=product&#038;p=2036"},"modified":"2025-11-05T19:11:13","modified_gmt":"2025-11-05T18:11:13","slug":"ipamorelin-2mg","status":"publish","type":"product","link":"https:\/\/pro-body.com\/pl\/produkt\/ipamorelin-2mg\/","title":{"rendered":"Ipamorelin 2mg"},"content":{"rendered":"<h1>Ipamorelin 2 mg<\/h1>\n<p><strong>Ipamorelin to peptyd z\u0142o\u017cony z 5 aminokwas\u00f3w z rodziny GHRP<\/strong>. Stymuluje przysadk\u0119 m\u00f3zgow\u0105 do uwalniania wi\u0119kszej ilo\u015bci hormonu wzrostu. Peptyd b\u0119dzie mia\u0142 podobne w\u0142a\u015bciwo\u015bci co stosowanie hormonu wzrostu. Pozwala przede wszystkim na efektywniejsz\u0105 regeneracj\u0119, podnosi poziom GH i IGF-1. Jego dzia\u0142anie pozwala na uzyskanie du\u017co lepszych przyrost\u00f3w suchej masy mi\u0119\u015bniowej, w konsekwencji znacznie przyspiesza Twoje wyniki!<\/p>\n<h3><strong>Kluczowe w\u0142a\u015bciwo\u015bci Ipamorelinu<\/strong><\/h3>\n<ul>\n<li><strong>Specyficzno\u015b\u0107 dzia\u0142ania<\/strong>: Ipamorelin dzia\u0142a wy\u0142\u0105cznie na receptory odpowiedzialne za wydzielanie hormonu wzrostu.<\/li>\n<li><strong>Minimalne skutki uboczne<\/strong>: Nie powoduje nag\u0142ych wzrost\u00f3w prolaktyny ani kortyzolu.<\/li>\n<li><strong>D\u0142ugi czas dzia\u0142ania<\/strong>: Jego dzia\u0142anie utrzymuje si\u0119 przez kilka godzin po podaniu.<\/li>\n<\/ul>\n","protected":false},"excerpt":{"rendered":"<p><img fetchpriority=\"high\" decoding=\"async\" class=\"alignnone size-large wp-image-12358\" src=\"https:\/\/pl.pro-peptydy.com\/wp-content\/uploads\/2021\/05\/hghfrag-1024x707.png\" alt=\"\" width=\"800\" height=\"552\" \/><\/p>\n","protected":false},"featured_media":2078,"comment_status":"open","ping_status":"closed","template":"","meta":{"_acf_changed":false,"site-sidebar-layout":"default","site-content-layout":"","ast-site-content-layout":"default","site-content-style":"default","site-sidebar-style":"default","ast-global-header-display":"","ast-banner-title-visibility":"","ast-main-header-display":"","ast-hfb-above-header-display":"","ast-hfb-below-header-display":"","ast-hfb-mobile-header-display":"","site-post-title":"","ast-breadcrumbs-content":"","ast-featured-img":"","footer-sml-layout":"","theme-transparent-header-meta":"default","adv-header-id-meta":"","stick-header-meta":"","header-above-stick-meta":"","header-main-stick-meta":"","header-below-stick-meta":"","astra-migrate-meta-layouts":"set"},"product_brand":[],"product_cat":[15,96,47,48,56,54,52,57,55],"product_tag":[],"class_list":{"0":"post-2036","1":"product","2":"type-product","3":"status-publish","4":"has-post-thumbnail","6":"product_cat-bez-kategorii","7":"product_cat-peptydy-iniekcyjne","8":"product_cat-peptydy","9":"product_cat-peptydy-do-sportow-walki","10":"product_cat-peptydy-na-kontuzje","11":"product_cat-peptydy-na-mase-miesniowa","12":"product_cat-peptydy-na-regeneracje","13":"product_cat-peptydy-na-spalanie-tkanki-tluszczowej","14":"product_cat-peptydy-na-wytrzymalosc","15":"desktop-align-center","16":"tablet-align-left","17":"mobile-align-left","19":"first","20":"instock","21":"sale","22":"taxable","23":"shipping-taxable","24":"purchasable","25":"product-type-simple"},"acf":[],"aioseo_notices":[],"_links":{"self":[{"href":"https:\/\/pro-body.com\/pl\/wp-json\/wp\/v2\/product\/2036","targetHints":{"allow":["GET"]}}],"collection":[{"href":"https:\/\/pro-body.com\/pl\/wp-json\/wp\/v2\/product"}],"about":[{"href":"https:\/\/pro-body.com\/pl\/wp-json\/wp\/v2\/types\/product"}],"replies":[{"embeddable":true,"href":"https:\/\/pro-body.com\/pl\/wp-json\/wp\/v2\/comments?post=2036"}],"wp:featuredmedia":[{"embeddable":true,"href":"https:\/\/pro-body.com\/pl\/wp-json\/wp\/v2\/media\/2078"}],"wp:attachment":[{"href":"https:\/\/pro-body.com\/pl\/wp-json\/wp\/v2\/media?parent=2036"}],"wp:term":[{"taxonomy":"product_brand","embeddable":true,"href":"https:\/\/pro-body.com\/pl\/wp-json\/wp\/v2\/product_brand?post=2036"},{"taxonomy":"product_cat","embeddable":true,"href":"https:\/\/pro-body.com\/pl\/wp-json\/wp\/v2\/product_cat?post=2036"},{"taxonomy":"product_tag","embeddable":true,"href":"https:\/\/pro-body.com\/pl\/wp-json\/wp\/v2\/product_tag?post=2036"}],"curies":[{"name":"wp","href":"https:\/\/api.w.org\/{rel}","templated":true}]}}