{"id":2038,"date":"2023-09-13T09:59:00","date_gmt":"2023-09-13T07:59:00","guid":{"rendered":"https:\/\/pro-body.com\/pl\/?post_type=product&#038;p=2038"},"modified":"2024-11-25T14:11:45","modified_gmt":"2024-11-25T13:11:45","slug":"selank-10mg","status":"publish","type":"product","link":"https:\/\/pro-body.com\/pl\/produkt\/selank-10mg\/","title":{"rendered":"Selank 10mg"},"content":{"rendered":"<h1>Selank 10 mg \u2014 peptyd nootropowy<\/h1>\n<p>Selank to peptyd o dzia\u0142aniu nootropowym, Selank jednak\u017ce dzia\u0142a inaczej ni\u017c <a href=\"https:\/\/pro-body.com\/pl\/produkt\/semax-50-mg\/\">Semax<\/a>. Przede wszystkim w<strong>\u00a0swoim dzia\u0142aniu jest bardziej subtelny<\/strong>, ma g\u0142\u00f3wnie <strong>dzia\u0142anie przeciwdepresyjne<\/strong> i przeciwl\u0119kowe. Dzi\u0119ki Selank cz\u0119sto mo\u017cliwe jest odstawienie lek\u00f3w psychotropowych. Jest szczeg\u00f3lnie polecany osobom, kt\u00f3re maj\u0105 problemy z przewlek\u0142ym stresem i s\u0105 rozchwiane emocjonalnie. Cz\u0119sto grup\u0105 odbiorc\u00f3w selanku s\u0105 osoby pracuj\u0105ce umys\u0142owo, na wa\u017cnych i odpowiedzialnych stanowiskach.<\/p>\n<p>Mechanizm dzia\u0142ania Selanku przede wszystkim polega na zwi\u0119kszeniu poziomu enkefaliny, kt\u00f3ry jest wa\u017cnym czynnikiem reguluj\u0105cym uk\u0142ad odporno\u015bciowy i wp\u0142ywaj\u0105cym na poziom neuroprzeka\u017anik\u00f3w w m\u00f3zgu. Selank mo\u017ce przyczyni\u0107 si\u0119 do zmniejszenia objaw\u00f3w l\u0119ku i depresji poprzez regulacj\u0119 poziomu kortyzolu i serotoniny.<\/p>\n<p>Selank dzia\u0142a r\u00f3wnie\u017c na poziomie uk\u0142adu immunologicznego. Wp\u0142ywa na produkcj\u0119 cytokin przeciwzapalnych i tym dzia\u0142aniem mo\u017ce przyczynia\u0107 si\u0119 do efektywniejszej walki z infekcjami.\u00a0W badaniach Selank wykaza\u0142 skuteczno\u015b\u0107 w leczeniu zaburze\u0144 emocjonalnych, takich jak depresja i l\u0119ki, a tak\u017ce w leczeniu chor\u00f3b neurologicznych, takich jak choroba Alzheimera i choroba Parkinsona.<\/p>\n","protected":false},"excerpt":{"rendered":"<p><img fetchpriority=\"high\" decoding=\"async\" class=\"alignnone size-large wp-image-12352\" src=\"https:\/\/pl.pro-peptydy.com\/wp-content\/uploads\/2021\/05\/selank-1024x707.png\" alt=\"\" width=\"800\" height=\"552\" \/><\/p>\n","protected":false},"featured_media":2092,"comment_status":"open","ping_status":"closed","template":"","meta":{"_acf_changed":false,"site-sidebar-layout":"default","site-content-layout":"","ast-site-content-layout":"default","site-content-style":"default","site-sidebar-style":"default","ast-global-header-display":"","ast-banner-title-visibility":"","ast-main-header-display":"","ast-hfb-above-header-display":"","ast-hfb-below-header-display":"","ast-hfb-mobile-header-display":"","site-post-title":"","ast-breadcrumbs-content":"","ast-featured-img":"","footer-sml-layout":"","theme-transparent-header-meta":"default","adv-header-id-meta":"","stick-header-meta":"","header-above-stick-meta":"","header-main-stick-meta":"","header-below-stick-meta":"","astra-migrate-meta-layouts":"set"},"product_brand":[],"product_cat":[15,47],"product_tag":[],"class_list":{"0":"post-2038","1":"product","2":"type-product","3":"status-publish","4":"has-post-thumbnail","6":"product_cat-bez-kategorii","7":"product_cat-peptydy","8":"desktop-align-center","9":"tablet-align-left","10":"mobile-align-left","12":"first","13":"instock","14":"sale","15":"taxable","16":"shipping-taxable","17":"purchasable","18":"product-type-simple"},"acf":[],"aioseo_notices":[],"_links":{"self":[{"href":"https:\/\/pro-body.com\/pl\/wp-json\/wp\/v2\/product\/2038","targetHints":{"allow":["GET"]}}],"collection":[{"href":"https:\/\/pro-body.com\/pl\/wp-json\/wp\/v2\/product"}],"about":[{"href":"https:\/\/pro-body.com\/pl\/wp-json\/wp\/v2\/types\/product"}],"replies":[{"embeddable":true,"href":"https:\/\/pro-body.com\/pl\/wp-json\/wp\/v2\/comments?post=2038"}],"wp:featuredmedia":[{"embeddable":true,"href":"https:\/\/pro-body.com\/pl\/wp-json\/wp\/v2\/media\/2092"}],"wp:attachment":[{"href":"https:\/\/pro-body.com\/pl\/wp-json\/wp\/v2\/media?parent=2038"}],"wp:term":[{"taxonomy":"product_brand","embeddable":true,"href":"https:\/\/pro-body.com\/pl\/wp-json\/wp\/v2\/product_brand?post=2038"},{"taxonomy":"product_cat","embeddable":true,"href":"https:\/\/pro-body.com\/pl\/wp-json\/wp\/v2\/product_cat?post=2038"},{"taxonomy":"product_tag","embeddable":true,"href":"https:\/\/pro-body.com\/pl\/wp-json\/wp\/v2\/product_tag?post=2038"}],"curies":[{"name":"wp","href":"https:\/\/api.w.org\/{rel}","templated":true}]}}