{"id":2039,"date":"2023-09-13T09:59:00","date_gmt":"2023-09-13T07:59:00","guid":{"rendered":"https:\/\/pro-body.com\/pl\/?post_type=product&#038;p=2039"},"modified":"2025-06-27T11:48:25","modified_gmt":"2025-06-27T09:48:25","slug":"igf-1-lr3","status":"publish","type":"product","link":"https:\/\/pro-body.com\/pl\/produkt\/igf-1-lr3\/","title":{"rendered":"Oxymedin"},"content":{"rendered":"<h1>IGF-1 LR3 insulinopodobny czynnik wzrostu<\/h1>\n<p style=\"font-size: medium;\">Wyj\u0105tkowy produkt marki Endogenic dost\u0119pny ju\u017c na naszej stronie!\u00a0<strong>Insulinopodobny czynnik wzrostu<\/strong>\u00a0to najmocniejszy peptyd, jaki dost\u0119pny jest na rynku. Jego si\u0142a dzia\u0142ania jest niepor\u00f3wnywalna z innymi peptydami wp\u0142ywaj\u0105cymi na poziom hormonu wzrostu, czy st\u0119\u017cenie igf-1.<\/p>\n<h2>Czym w\u0142a\u015bciwie jest IGF-1 LR3?<\/h2>\n<p style=\"font-size: medium;\"><strong>IGF-1 LR3<\/strong>\u00a0ma zmodyfikowan\u0105 sekwencj\u0119 aminokwasow\u0105 w por\u00f3wnaniu do biologicznego IGF-1. Kwas glutaminowy zosta\u0142 zmieniony na arginin\u0119 w pozycji 3 i zosta\u0142o dodane 13 kolejnych aminokwas\u00f3w. Dzi\u0119ki temu czas dzia\u0142ania peptydu zosta\u0142 wyd\u0142u\u017cony. Jest powszechnie stosowany jako d\u0142ugo dzia\u0142aj\u0105ca wersja z tych samych powod\u00f3w co terapeutyczne IGF-1. Produkt znany jest i uwielbiany przez najlepszych zawodnik\u00f3w m.in. sport\u00f3w sylwetkowych. Jego dzia\u0142anie jest niezast\u0105pione. Ogromnym plusem Oxymedin jest zwi\u0119kszenie liczby w\u0142\u00f3kien mi\u0119\u015bniowych. \u017baden inny \u015brodek nie potrafi tego dokona\u0107. Dodatkowo wspiera dzia\u0142anie innych \u015brodk\u00f3w anaboliczno-androgennych (lepsze efekty bez zwi\u0119kszenia dawek SAA).<\/p>\n<h3>BARDZO WA\u017bNE!<\/h3>\n<p style=\"font-size: medium;\">IGF-1 LR3 to bardzo delikatne bia\u0142ko, a mianowicie peptyd, kt\u00f3ry bardzo szybko traci swoje w\u0142a\u015bciwo\u015bci.\u00a0<strong>PO ROZROBIENIU NIE WOLNO WSTRZ\u0104SA\u0106 FIOLK\u0104!\u00a0<\/strong>Nieostro\u017cne obchodzenie si\u0119 z rozrobion\u0105 substancj\u0105 prowadzi do degradacji produktu. Je\u017celi zale\u017cy ci na maksymalnym wykorzystaniu Oxymedin to obchodzi si\u0119 z nim bardzo delikatnie.<\/p>\n","protected":false},"excerpt":{"rendered":"<p><img fetchpriority=\"high\" decoding=\"async\" class=\"alignnone size-large wp-image-12358\" src=\"https:\/\/pl.pro-peptydy.com\/wp-content\/uploads\/2021\/05\/hghfrag-1024x707.png\" alt=\"\" width=\"800\" height=\"552\" \/><\/p>\n","protected":false},"featured_media":70567,"comment_status":"open","ping_status":"closed","template":"","meta":{"_acf_changed":false,"site-sidebar-layout":"default","site-content-layout":"","ast-site-content-layout":"default","site-content-style":"default","site-sidebar-style":"default","ast-global-header-display":"","ast-banner-title-visibility":"","ast-main-header-display":"","ast-hfb-above-header-display":"","ast-hfb-below-header-display":"","ast-hfb-mobile-header-display":"","site-post-title":"","ast-breadcrumbs-content":"","ast-featured-img":"","footer-sml-layout":"","theme-transparent-header-meta":"default","adv-header-id-meta":"","stick-header-meta":"","header-above-stick-meta":"","header-main-stick-meta":"","header-below-stick-meta":"","astra-migrate-meta-layouts":"set"},"product_brand":[],"product_cat":[15,95,88],"product_tag":[],"class_list":{"0":"post-2039","1":"product","2":"type-product","3":"status-publish","4":"has-post-thumbnail","6":"product_cat-bez-kategorii","7":"product_cat-igf-1-lr3","8":"product_cat-gh-i-igf-1","9":"desktop-align-center","10":"tablet-align-left","11":"mobile-align-left","13":"first","14":"instock","15":"sale","16":"taxable","17":"shipping-taxable","18":"purchasable","19":"product-type-simple"},"acf":[],"aioseo_notices":[],"_links":{"self":[{"href":"https:\/\/pro-body.com\/pl\/wp-json\/wp\/v2\/product\/2039","targetHints":{"allow":["GET"]}}],"collection":[{"href":"https:\/\/pro-body.com\/pl\/wp-json\/wp\/v2\/product"}],"about":[{"href":"https:\/\/pro-body.com\/pl\/wp-json\/wp\/v2\/types\/product"}],"replies":[{"embeddable":true,"href":"https:\/\/pro-body.com\/pl\/wp-json\/wp\/v2\/comments?post=2039"}],"wp:featuredmedia":[{"embeddable":true,"href":"https:\/\/pro-body.com\/pl\/wp-json\/wp\/v2\/media\/70567"}],"wp:attachment":[{"href":"https:\/\/pro-body.com\/pl\/wp-json\/wp\/v2\/media?parent=2039"}],"wp:term":[{"taxonomy":"product_brand","embeddable":true,"href":"https:\/\/pro-body.com\/pl\/wp-json\/wp\/v2\/product_brand?post=2039"},{"taxonomy":"product_cat","embeddable":true,"href":"https:\/\/pro-body.com\/pl\/wp-json\/wp\/v2\/product_cat?post=2039"},{"taxonomy":"product_tag","embeddable":true,"href":"https:\/\/pro-body.com\/pl\/wp-json\/wp\/v2\/product_tag?post=2039"}],"curies":[{"name":"wp","href":"https:\/\/api.w.org\/{rel}","templated":true}]}}