{"id":2063,"date":"2023-09-13T09:59:26","date_gmt":"2023-09-13T07:59:26","guid":{"rendered":"https:\/\/pro-body.com\/pl\/?post_type=product&#038;p=2063"},"modified":"2026-03-02T09:01:08","modified_gmt":"2026-03-02T08:01:08","slug":"yohimbine-hcl-30ml","status":"publish","type":"product","link":"https:\/\/pro-body.com\/pl\/produkt\/yohimbine-hcl-30ml\/","title":{"rendered":"Yohimbine HCl &#8211; 30ml"},"content":{"rendered":"<h1>Yohimbine HCl \u2013 30 ml spalacz t\u0142uszczu w p\u0142ynie<\/h1>\n<p><strong>YOHIMBINE HCL najsilniejszy spalacz t\u0142uszczu na oporn\u0105 tkank\u0119 t\u0142uszczow\u0105.\u00a0<\/strong> Johimbina to bardzo ciekawy produkt, kt\u00f3ry jest u\u017cywany przez niekt\u00f3rych jako lek na potencj\u0119. Opr\u00f3cz w\u0142a\u015bciwo\u015bci afrodyzjaka ma jeszcze wiele innych zastosowa\u0144, kt\u00f3re opisali\u015bmy dla Was w poni\u017cszym tek\u015bcie.<br \/>\nWersja HCL w p\u0142ynie jest du\u017co bardziej skuteczna ni\u017c wersja sproszkowana w formie ekstraktu ro\u015blinnego.\u00a0 (wyst\u0119puj\u0105ca naturalnie). Ponadto ma mniej skutk\u00f3w ubocznych, ze wzgl\u0119du na brak wyst\u0119puj\u0105cych w niej innych alkaloid\u00f3w.<\/p>\n<p><a href=\"https:\/\/pro-body.com\/pl\/wp-content\/uploads\/2023\/09\/joha-liq-e1771780555605.png\"><img fetchpriority=\"high\" decoding=\"async\" class=\" wp-image-121458 aligncenter\" src=\"https:\/\/pro-body.com\/pl\/wp-content\/uploads\/2023\/09\/joha-liq-e1771780555605.png\" alt=\"\" width=\"352\" height=\"355\" srcset=\"https:\/\/pro-body.com\/pl\/wp-content\/uploads\/2023\/09\/joha-liq-e1771780555605.png 1510w, https:\/\/pro-body.com\/pl\/wp-content\/uploads\/2023\/09\/joha-liq-e1771780555605-297x300.png 297w, https:\/\/pro-body.com\/pl\/wp-content\/uploads\/2023\/09\/joha-liq-e1771780555605-1015x1024.png 1015w, https:\/\/pro-body.com\/pl\/wp-content\/uploads\/2023\/09\/joha-liq-e1771780555605-150x150.png 150w, https:\/\/pro-body.com\/pl\/wp-content\/uploads\/2023\/09\/joha-liq-e1771780555605-768x775.png 768w, https:\/\/pro-body.com\/pl\/wp-content\/uploads\/2023\/09\/joha-liq-e1771780555605-1000x1009.png 1000w, https:\/\/pro-body.com\/pl\/wp-content\/uploads\/2023\/09\/joha-liq-e1771780555605-100x100.png 100w, https:\/\/pro-body.com\/pl\/wp-content\/uploads\/2023\/09\/joha-liq-e1771780555605-64x65.png 64w\" sizes=\"(max-width: 352px) 100vw, 352px\" \/><\/a><\/p>\n<h2>Czym jest spalacz t\u0142uszczu johimbina?<\/h2>\n<p><strong>Johimbina to naturalny alkaloid<\/strong> uzyskiwany z kory drzewa Pausinystalia yohimbe, rosn\u0105cego w Afryce Zachodniej. Stosowana jako suplement w spalaczach t\u0142uszczu ze wzgl\u0119du na swoje w\u0142a\u015bciwo\u015bci pobudzaj\u0105ce i lipolityczne. Yohimbine HCL to syntetyzowana wersja w postaci chlorowodorku, kt\u00f3ra dostarcza jedynie jednego alkaloidu o bardzo mocnym dzia\u0142aniu.<\/p>\n<p>Mechanizm dzia\u0142ania johimbiny polega na <strong>blokowaniu receptor\u00f3w alfa-2 adrenergicznych<\/strong>, co prowadzi do zwi\u0119kszenia uwalniania noradrenaliny. Noradrenalina dzia\u0142a na kom\u00f3rki t\u0142uszczowe, zwi\u0119kszaj\u0105c lipoliz\u0119 (rozpad t\u0142uszczu) i przyspieszaj\u0105c metabolizm. <strong>Johimbina jest szczeg\u00f3lnie efektywna w spalaniu tzw. t\u0142uszczu opornego<\/strong>, kt\u00f3ry jest trudniejszy do pozbycia si\u0119 w wyniku diety i \u0107wicze\u0144, takiego jak t\u0142uszcz w okolicach bioder, ud i brzucha. Johimbina jest szeroko dodawana do spalaczy t\u0142uszczu lub te\u017c stosowana solo. <strong>Produkt wykazuje wysok\u0105 efektywno\u015b\u0107.\u00a0<\/strong><\/p>\n<p>Johimbina mo\u017ce r\u00f3wnie\u017c dzia\u0142a\u0107 jako stymulant o\u015brodkowego uk\u0142adu nerwowego, zwi\u0119kszaj\u0105c czujno\u015b\u0107, energi\u0119 i wytrzyma\u0142o\u015b\u0107. Obecnie jest do\u015b\u0107 powszechnie wykorzystywana jako element suplement\u00f3w przedtreningowych. Jej dzia\u0142anie<\/p>\n<h2>Johimbina jako afrodyzjak<\/h2>\n<p>Johimbina jest stosowana jako afrodyzjak ze wzgl\u0119du na jej zdolno\u015b\u0107 do pobudzenia przep\u0142ywu krwi i poprawy funkcji seksualnych u m\u0119\u017cczyzn i kobiet. Jej dzia\u0142anie w tym kontek\u015bcie opiera si\u0119 na kilku mechanizmach.<\/p>\n<ul>\n<li><strong>Blokowanie receptor\u00f3w alfa-2 adrenergicznych:<\/strong> G\u0142\u00f3wny mechanizm dzia\u0142ania johimbiny polega na blokowaniu receptor\u00f3w alfa-2 adrenergicznych, co prowadzi do zwi\u0119kszenia uwalniania noradrenaliny. W rezultacie <strong>zwi\u0119ksza si\u0119 przep\u0142yw krwi do narz\u0105d\u00f3w miednicy<\/strong>, w tym do penisa i pochwy, co mo\u017ce pom\u00f3c w osi\u0105gni\u0119ciu i utrzymaniu erekcji oraz zwi\u0119kszy\u0107 przyjemno\u015b\u0107 seksualn\u0105.<\/li>\n<li><strong>Stymulacja uk\u0142adu nerwowego: <\/strong>Johimbina dzia\u0142a r\u00f3wnie\u017c jako stymulant o\u015brodkowego uk\u0142adu nerwowego, zwi\u0119kszaj\u0105c czujno\u015b\u0107 i pobudzenie. To mo\u017ce prowadzi\u0107 do <strong>wzrostu libido i podniecenia seksualnego.<\/strong><\/li>\n<li><strong>Wp\u0142yw na neurotransmitery: <\/strong>Johimbina wp\u0142ywa na poziomy neuroprzeka\u017anik\u00f3w, takich jak serotonina i dopamina, kt\u00f3re powi\u0105zano z nastrojem, motywacj\u0105 i uczuciem przyjemno\u015bci. W ten spos\u00f3b johimbina <strong>mo\u017ce wp\u0142ywa\u0107 na popraw\u0119 nastroju i zwi\u0119kszenie libido.<\/strong><\/li>\n<\/ul>\n<h2>Dzia\u0142anie produktu Yohimbine HCL<\/h2>\n<ul>\n<li>Bardzo skutecznie spala oporna tkank\u0119 t\u0142uszczowa (m.in. brzuch, po\u015bladki, twarz),<\/li>\n<li>Najlepsze dzia\u0142anie mo\u017cna odczu\u0107 w ostatnim etapie redukcji, przy ju\u017c niskim poziomie tkanki t\u0142uszczowej,<\/li>\n<li>Mo\u017ce nasila\u0107 i przed\u0142u\u017ca\u0107 dzia\u0142anie viagry na proces erekcji,<\/li>\n<li>Warto \u0142\u0105czy\u0107 z kofeina,<\/li>\n<li>Hamuje \u0142aknienie,<\/li>\n<li>Nasila termogenez\u0119,<\/li>\n<li>Dzia\u0142anie przeciwzapalne dla staw\u00f3w w przypadkach reumatoidalnego zapalenia staw\u00f3w,<\/li>\n<li>M\u0119\u017cczy\u017ani, ale i kobiety szczeg\u00f3lnie mog\u0105 odczuwa\u0107 dzia\u0142anie johimbiny jako afrodyzjaku.<\/li>\n<\/ul>\n<h2>Z czym \u0142\u0105czy\u0107 Johimbin\u0119 na odchudzanie?<\/h2>\n<p>Zalecamy \u0142\u0105czy\u0107 johimbin\u0119 w okresie redukcyjnym razem z <a href=\"https:\/\/pl.pro-peptydy.com\/produkt\/gw-501516-10mg-60-kapsulek\/\">GW-501516 <\/a>oraz <a href=\"https:\/\/pl.pro-peptydy.com\/produkt\/sr-9009-10mg-60-kapsulek\/\">SR-9009.<\/a> Dzia\u0142anie spalaj\u0105ce t\u0142uszcz nasila r\u00f3wnie\u017c <a href=\"https:\/\/pl.pro-peptydy.com\/produkt\/hgh-fragment-176-191\/\">Fragment HGH<\/a>, <a href=\"https:\/\/pl.pro-peptydy.com\/produkt\/glp1gip\/\">GLP-1+GIP<\/a> czy te\u017c <a href=\"https:\/\/pl.pro-peptydy.com\/produkt\/5-amino-1mq\/\">5-Amino-1MQ<\/a>.<\/p>\n<h3>O czym nale\u017cy pami\u0119ta\u0107 stosuj\u0105c spalacz t\u0142uszczu johimbin\u0119?<\/h3>\n<ul>\n<li><span style=\"font-size: 16px;\">Johimbina jest bardzo silnym spalaczem t\u0142uszczu.<\/span><\/li>\n<li>Suplement pozwala na redukcj\u0119 opornego t\u0142uszczu.<\/li>\n<li>Warto \u0142\u0105czy\u0107 johimbin\u0119 z kofein\u0105 i innymi \u015brodkami jak Fragment HGH.<\/li>\n<\/ul>\n<p><strong>\u0179r\u00f3d\u0142a:<\/strong><\/p>\n<p><a href=\"https:\/\/pubmed.ncbi.nlm.nih.gov\/11744068\/\">Dzia\u0142anie johimbiny<\/a><\/p>\n<h3>Yohimbine HCl PRZEZNACZONY DO CEL\u00d3W BADAWCZYCH!<\/h3>\n<p>Wszystkie wy\u017cej wymienione w\u0142a\u015bciwo\u015bci obserwuje si\u0119 przy badaniach laboratoryjnych, nierobione na ludziach, maj\u0105 one charakter wy\u0142\u0105cznie informacyjny. Wszelkie informacje zawarte w opisach nie zatwierdzono przez GIS, GIF ani EFSA. Substancja nie jest lekiem, produktem spo\u017cywczym ani suplementem diety, w konsekwencji nie nadaje si\u0119 on do spo\u017cycia przez ludzi. Produkt kwalifikuje si\u0119 jako odczynnik chemiczny \/ materia\u0142 odniesienia dopuszczony do obrotu na terenie UE. Mo\u017cna go u\u017cywa\u0107 wy\u0142\u0105cznie do bada\u0144 naukowych. Pozosta\u0142e informacje na temat \u015brodka zawarto w karcie charakterystyki substancji chemicznej, kt\u00f3r\u0105 udost\u0119pniamy do wgl\u0105du. Produkty dost\u0119pne s\u0105 tylko dla instytucji lub os\u00f3b prywatnych, kt\u00f3re powi\u0105zano z dzia\u0142alno\u015bci\u0105 badawcz\u0105 lub laboratoryjn\u0105.<\/p>\n","protected":false},"excerpt":{"rendered":"<p>Yohimbine HCl \u2013 30 ml spalacz t\u0142uszczu w p\u0142ynie YOHIMBINE HCL najsilniejszy spalacz t\u0142uszczu na oporn\u0105 tkank\u0119 t\u0142uszczow\u0105.\u00a0 Johimbina to bardzo ciekawy produkt, kt\u00f3ry jest u\u017cywany przez niekt\u00f3rych jako lek na potencj\u0119. Opr\u00f3cz w\u0142a\u015bciwo\u015bci afrodyzjaka ma jeszcze wiele innych zastosowa\u0144, kt\u00f3re opisali\u015bmy dla Was w poni\u017cszym tek\u015bcie. Wersja HCL w p\u0142ynie jest du\u017co bardziej skuteczna &hellip;<\/p>\n<p class=\"read-more\"> <a class=\"\" href=\"https:\/\/pro-body.com\/pl\/produkt\/yohimbine-hcl-30ml\/\"> <span class=\"screen-reader-text\">Yohimbine HCl &#8211; 30ml<\/span> Read More &raquo;<\/a><\/p>\n","protected":false},"featured_media":121458,"comment_status":"open","ping_status":"closed","template":"","meta":{"_acf_changed":false,"site-sidebar-layout":"default","site-content-layout":"","ast-site-content-layout":"default","site-content-style":"default","site-sidebar-style":"default","ast-global-header-display":"","ast-banner-title-visibility":"","ast-main-header-display":"","ast-hfb-above-header-display":"","ast-hfb-below-header-display":"","ast-hfb-mobile-header-display":"","site-post-title":"","ast-breadcrumbs-content":"","ast-featured-img":"","footer-sml-layout":"","theme-transparent-header-meta":"default","adv-header-id-meta":"","stick-header-meta":"","header-above-stick-meta":"","header-main-stick-meta":"","header-below-stick-meta":"","astra-migrate-meta-layouts":"set"},"product_brand":[],"product_cat":[15,65],"product_tag":[],"class_list":{"0":"post-2063","1":"product","2":"type-product","3":"status-publish","4":"has-post-thumbnail","6":"product_cat-bez-kategorii","7":"product_cat-spalacze-tluszczu","8":"desktop-align-center","9":"tablet-align-left","10":"mobile-align-left","12":"first","13":"instock","14":"sale","15":"taxable","16":"shipping-taxable","17":"purchasable","18":"product-type-simple"},"acf":[],"aioseo_notices":[],"_links":{"self":[{"href":"https:\/\/pro-body.com\/pl\/wp-json\/wp\/v2\/product\/2063","targetHints":{"allow":["GET"]}}],"collection":[{"href":"https:\/\/pro-body.com\/pl\/wp-json\/wp\/v2\/product"}],"about":[{"href":"https:\/\/pro-body.com\/pl\/wp-json\/wp\/v2\/types\/product"}],"replies":[{"embeddable":true,"href":"https:\/\/pro-body.com\/pl\/wp-json\/wp\/v2\/comments?post=2063"}],"wp:featuredmedia":[{"embeddable":true,"href":"https:\/\/pro-body.com\/pl\/wp-json\/wp\/v2\/media\/121458"}],"wp:attachment":[{"href":"https:\/\/pro-body.com\/pl\/wp-json\/wp\/v2\/media?parent=2063"}],"wp:term":[{"taxonomy":"product_brand","embeddable":true,"href":"https:\/\/pro-body.com\/pl\/wp-json\/wp\/v2\/product_brand?post=2063"},{"taxonomy":"product_cat","embeddable":true,"href":"https:\/\/pro-body.com\/pl\/wp-json\/wp\/v2\/product_cat?post=2063"},{"taxonomy":"product_tag","embeddable":true,"href":"https:\/\/pro-body.com\/pl\/wp-json\/wp\/v2\/product_tag?post=2063"}],"curies":[{"name":"wp","href":"https:\/\/api.w.org\/{rel}","templated":true}]}}