{"id":2147,"date":"2023-09-13T10:01:28","date_gmt":"2023-09-13T08:01:28","guid":{"rendered":"https:\/\/pro-body.com\/pl\/?post_type=product&#038;p=2147"},"modified":"2025-10-07T17:32:57","modified_gmt":"2025-10-07T15:32:57","slug":"ghrp-2-cjc-1295-55mg","status":"publish","type":"product","link":"https:\/\/pro-body.com\/pl\/produkt\/ghrp-2-cjc-1295-55mg\/","title":{"rendered":"GHRP-2 + CJC-1295 5+5mg"},"content":{"rendered":"<h1>Peptydy GHRP-2 + CJC-1295 &#8211; 10 mg<\/h1>\n<p><strong>GHRP-2 + CJC-1295 skuteczne po\u0142\u0105czenie stymuluj\u0105ce produkcj\u0119 HGH. Peptyd GHRP-2 <\/strong>to popularny zwi\u0105zek chemiczny, kt\u00f3ry znalaz\u0142 zastosowanie w medycynie i sporcie. Jest to zwi\u0105zek, kt\u00f3ry ma wiele zalet, w tym stymulowanie wydzielania hormonu wzrostu, zwi\u0119kszenie apetytu i popraw\u0119 jako\u015bci snu. W tym artykule om\u00f3wimy peptyd <a href=\"https:\/\/pl.pro-peptydy.com\/produkt\/ghrp-2-10mg\/\">GHRP-2<\/a>, jego w\u0142a\u015bciwo\u015bci, zastosowanie, dawkowanie i skutki uboczne. <a href=\"https:\/\/pl.pro-peptydy.com\/produkt\/cjc-1295-w-o-dac-5mg\/\"><strong>CJC-1295<\/strong><\/a> to syntetyczny peptyd, kt\u00f3ry jest pochodn\u0105 hormonu wzrostu uwalnianego przez przysadk\u0119 m\u00f3zgow\u0105. Peptyd ten zosta\u0142 opracowany w celu zwi\u0119kszenia poziomu hormonu wzrostu u ludzi. Po\u0142\u0105czenie obu produkt\u00f3w przede wszystkim nasila produkcj\u0119 HGH i daje nam podobne korzy\u015bci jak korzystanie ze syntetycznej wersji hormonu.<\/p>\n<h2>Co to jest peptyd GHRP-2 i jak dzia\u0142a?<\/h2>\n<p>Peptyd GHRP-2 to syntetyczny peptyd, kt\u00f3ry jest bardzo podobny do ludzkiego hormonu wzrostu (GH). Po pierwsze jest to jedna z wielu form peptyd\u00f3w GHRP, kt\u00f3re zosta\u0142y opracowane, aby <strong>zwi\u0119kszy\u0107 wydzielanie GH w organizmie<\/strong>. Po drugie peptyd GHRP-2 dzia\u0142a na receptory w podwzg\u00f3rzu, co prowadzi do zwi\u0119kszenia wydzielania hormonu wzrostu przez przysadk\u0119 m\u00f3zgow\u0105. Zwi\u0119kszone wydzielanie GH prowadzi do wielu korzy\u015bci, w tym zwi\u0119kszenia masy mi\u0119\u015bniowej, redukcji tkanki t\u0142uszczowej, poprawy jako\u015bci snu i zwi\u0119kszenia wytrzyma\u0142o\u015bci.<\/p>\n<h2>Zalety peptydu GHRP-2<\/h2>\n<ul>\n<li>Zwi\u0119kszenie wydzielania hormonu wzrostu,<\/li>\n<li>Zwi\u0119kszenie apetytu &#8211; cho\u0107 nie tak mocno, jak w przypadku ghrp-6,<\/li>\n<li>Wzrost masy mi\u0119\u015bniowej,<\/li>\n<li>Redukcja tkanki t\u0142uszczowej,<\/li>\n<li>Poprawa jako\u015bci snu,<\/li>\n<li>Zwi\u0119kszenie wytrzyma\u0142o\u015bci,<\/li>\n<li>Przyspieszenie regeneracji mi\u0119\u015bni,<\/li>\n<li>Poprawa funkcji uk\u0142adu immunologicznego,<\/li>\n<li>Redukcja ryzyka chor\u00f3b serca i cukrzycy typu 2.<\/li>\n<\/ul>\n<p>W sporcie peptyd GHRP-2 jest stosowany jako \u015brodek dopinguj\u0105cy, aby zwi\u0119kszy\u0107 wydolno\u015b\u0107 fizyczn\u0105, si\u0142\u0119 i wytrzyma\u0142o\u015b\u0107. Mo\u017ce by\u0107 r\u00f3wnie\u017c stosowany w celu poprawy regeneracji mi\u0119\u015bni po treningu, w konsekwencji mo\u017ce przyspieszy\u0107 proces budowania masy mi\u0119\u015bniowej.<\/p>\n<h2>Peptyd CJC-1295: Co to jest, jak dzia\u0142a i jakie s\u0105 jego zalety?<\/h2>\n<p><strong>CJC-1295 dzia\u0142a poprzez stymulacj\u0119 przysadki m\u00f3zgowej do wydzielania hormonu wzrostu<\/strong>, co mo\u017ce pom\u00f3c w zwi\u0119kszeniu masy mi\u0119\u015bniowej, redukcji tkanki t\u0142uszczowej oraz poprawie og\u00f3lnego stanu zdrowia.\u00a0 GH jest kluczowym hormonem anabolicznym, kt\u00f3ry jest odpowiedzialny za wzrost i rozw\u00f3j tkanek, w tym mi\u0119\u015bni, ko\u015bci i sk\u00f3ry. Wysoki poziom GH mo\u017ce pom\u00f3c w zwi\u0119kszeniu masy mi\u0119\u015bniowej, redukcji tkanki t\u0142uszczowej, poprawie metabolizmu i lepszym samopoczuciu. <strong>CJC-1295 dzia\u0142a d\u0142u\u017cej ni\u017c GHRP-2<\/strong>, co pozwala na d\u0142u\u017cszy okres wydzielania GH i jego efekt\u00f3w anabolicznych.<\/p>\n<h2>Zalety CJC-1295 &#8211; opis<\/h2>\n<p>CJC-1295 ma wiele potencjalnych zalet dla os\u00f3b szukaj\u0105cych zwi\u0119kszenia masy mi\u0119\u015bniowej, redukcji tkanki t\u0142uszczowej i poprawy og\u00f3lnego zdrowia. Oto niekt\u00f3re z potencjalnych zalet peptydu:<\/p>\n<ul>\n<li><strong>Zwi\u0119kszenie masy mi\u0119\u015bniowej<\/strong> &#8211; CJC-1295 mo\u017ce pom\u00f3c w zwi\u0119kszeniu masy mi\u0119\u015bniowej poprzez stymulacj\u0119 wydzielania hormonu wzrostu. Wysoki poziom GH mo\u017ce zwi\u0119kszy\u0107 syntez\u0119 bia\u0142ka i poprawi\u0107 regeneracj\u0119 mi\u0119\u015bni po treningu, w konsekwencji zwi\u0119kszy\u0107 nasze efekty treningowe.<\/li>\n<li><strong>Redukcja tkanki t\u0142uszczowej<\/strong> &#8211; CJC-1295 mo\u017ce pom\u00f3c w redukcji tkanki t\u0142uszczowej poprzez zwi\u0119kszenie tempa metabolizmu. Wysoki poziom GH mo\u017ce przyspieszy\u0107 spalanie t\u0142uszczu i zwi\u0119kszy\u0107 utrat\u0119 wagi.<\/li>\n<li><strong>Poprawa samopoczucia<\/strong> &#8211; Wysoki poziom GH mo\u017ce poprawi\u0107 samopoczucie poprzez zwi\u0119kszenie poziomu energii oraz popraw\u0119 jako\u015bci snu. CJC-1295 mo\u017ce pom\u00f3c w poprawie jako\u015bci snu i walczy\u0107 z problemami zwi\u0105zanymi z bezsenno\u015bci\u0105, przez co mamy lepsz\u0105 regeneracj\u0119.<\/li>\n<li><strong>Poprawa wytrzyma\u0142o\u015bci<\/strong> &#8211; peptyd mo\u017ce pom\u00f3c w poprawie wytrzyma\u0142o\u015bci poprzez zwi\u0119kszenie masy mi\u0119\u015bniowej i popraw\u0119 metabolizmu. Wysoki poziom GH mo\u017ce zwi\u0119kszy\u0107 produkcj\u0119 czerwonych krwinek, co pozwala na lepsze dostarczenie tlenu do mi\u0119\u015bni podczas treningu.<\/li>\n<\/ul>\n<h3>O czym nale\u017cy pami\u0119ta\u0107 stosuj\u0105c peptydy GHRP-2 i CJC-1295?<\/h3>\n<ul>\n<li>Peptydy wspomagaj\u0105 wydzielanie hormonu wzrostu.<\/li>\n<li>Korzy\u015bci z ich stosowania s\u0105 podobne jak w przypadku HGH.<\/li>\n<li>Najlepiej dawkowa\u0107 mniejsze ilo\u015bci, a cz\u0119\u015bciej, co na\u015bladuje naturalne wydzielanie GH w ciele.<\/li>\n<\/ul>\n<p><strong>\u0179r\u00f3d\u0142a:<\/strong><\/p>\n<p><a href=\"https:\/\/www.ncbi.nlm.nih.gov\/pmc\/articles\/PMC2824650\/\">GHRP-2 dzia\u0142anie<\/a><\/p>\n<p><a href=\"https:\/\/pubmed.ncbi.nlm.nih.gov\/16352683\/\">CJC-1295 dzia\u0142anie<\/a><\/p>\n<h3>GHRP-2 + CJC-1295 PRZEZNACZONY DO CEL\u00d3W BADAWCZYCH!<\/h3>\n<p>Wszystkie wy\u017cej wymienione w\u0142a\u015bciwo\u015bci obserwuje si\u0119 przy badaniach laboratoryjnych, nierobione na ludziach, maj\u0105 one charakter wy\u0142\u0105cznie informacyjny. Wszelkie informacje zawarte w opisach nie zatwierdzono przez GIS, GIF ani EFSA. Substancja nie jest lekiem, produktem spo\u017cywczym ani suplementem diety, nie nadaje si\u0119 on do spo\u017cycia przez ludzi. Produkt kwalifikuje si\u0119 jako odczynnik chemiczny \/ materia\u0142 odniesienia dopuszczony do obrotu na terenie UE. Mo\u017cna go u\u017cywa\u0107 wy\u0142\u0105cznie do bada\u0144 naukowych. Pozosta\u0142e informacje na temat \u015brodka zawarto w karcie charakterystyki substancji chemicznej, kt\u00f3r\u0105 udost\u0119pniamy do wgl\u0105du. Produkty dost\u0119pne s\u0105 tylko dla instytucji lub os\u00f3b prywatnych, kt\u00f3re s\u0105 powi\u0105zane z dzia\u0142alno\u015bci\u0105 badawcz\u0105 lub laboratoryjn\u0105.<\/p>\n","protected":false},"excerpt":{"rendered":"<p>Peptydy GHRP-2 + CJC-1295 &#8211; 10 mg GHRP-2 + CJC-1295 skuteczne po\u0142\u0105czenie stymuluj\u0105ce produkcj\u0119 HGH. Peptyd GHRP-2 to popularny zwi\u0105zek chemiczny, kt\u00f3ry znalaz\u0142 zastosowanie w medycynie i sporcie. Jest to zwi\u0105zek, kt\u00f3ry ma wiele zalet, w tym stymulowanie wydzielania hormonu wzrostu, zwi\u0119kszenie apetytu i popraw\u0119 jako\u015bci snu. W tym artykule om\u00f3wimy peptyd GHRP-2, jego w\u0142a\u015bciwo\u015bci, &hellip;<\/p>\n<p class=\"read-more\"> <a class=\"\" href=\"https:\/\/pro-body.com\/pl\/produkt\/ghrp-2-cjc-1295-55mg\/\"> <span class=\"screen-reader-text\">GHRP-2 + CJC-1295 5+5mg<\/span> Read More &raquo;<\/a><\/p>\n","protected":false},"featured_media":2154,"comment_status":"open","ping_status":"closed","template":"","meta":{"_acf_changed":false,"site-sidebar-layout":"default","site-content-layout":"","ast-site-content-layout":"default","site-content-style":"default","site-sidebar-style":"default","ast-global-header-display":"","ast-banner-title-visibility":"","ast-main-header-display":"","ast-hfb-above-header-display":"","ast-hfb-below-header-display":"","ast-hfb-mobile-header-display":"","site-post-title":"","ast-breadcrumbs-content":"","ast-featured-img":"","footer-sml-layout":"","theme-transparent-header-meta":"default","adv-header-id-meta":"","stick-header-meta":"","header-above-stick-meta":"","header-main-stick-meta":"","header-below-stick-meta":"","astra-migrate-meta-layouts":"set"},"product_brand":[],"product_cat":[15,96,47,48,54,52,49,57,55,59],"product_tag":[],"class_list":{"0":"post-2147","1":"product","2":"type-product","3":"status-publish","4":"has-post-thumbnail","6":"product_cat-bez-kategorii","7":"product_cat-peptydy-iniekcyjne","8":"product_cat-peptydy","9":"product_cat-peptydy-do-sportow-walki","10":"product_cat-peptydy-na-mase-miesniowa","11":"product_cat-peptydy-na-regeneracje","12":"product_cat-peptydy-na-sen","13":"product_cat-peptydy-na-spalanie-tkanki-tluszczowej","14":"product_cat-peptydy-na-wytrzymalosc","15":"product_cat-peptydy-zwiekszajace-hormon-wzrostu","16":"desktop-align-center","17":"tablet-align-left","18":"mobile-align-left","20":"first","21":"instock","22":"sale","23":"taxable","24":"shipping-taxable","25":"purchasable","26":"product-type-simple"},"acf":[],"aioseo_notices":[],"_links":{"self":[{"href":"https:\/\/pro-body.com\/pl\/wp-json\/wp\/v2\/product\/2147","targetHints":{"allow":["GET"]}}],"collection":[{"href":"https:\/\/pro-body.com\/pl\/wp-json\/wp\/v2\/product"}],"about":[{"href":"https:\/\/pro-body.com\/pl\/wp-json\/wp\/v2\/types\/product"}],"replies":[{"embeddable":true,"href":"https:\/\/pro-body.com\/pl\/wp-json\/wp\/v2\/comments?post=2147"}],"wp:featuredmedia":[{"embeddable":true,"href":"https:\/\/pro-body.com\/pl\/wp-json\/wp\/v2\/media\/2154"}],"wp:attachment":[{"href":"https:\/\/pro-body.com\/pl\/wp-json\/wp\/v2\/media?parent=2147"}],"wp:term":[{"taxonomy":"product_brand","embeddable":true,"href":"https:\/\/pro-body.com\/pl\/wp-json\/wp\/v2\/product_brand?post=2147"},{"taxonomy":"product_cat","embeddable":true,"href":"https:\/\/pro-body.com\/pl\/wp-json\/wp\/v2\/product_cat?post=2147"},{"taxonomy":"product_tag","embeddable":true,"href":"https:\/\/pro-body.com\/pl\/wp-json\/wp\/v2\/product_tag?post=2147"}],"curies":[{"name":"wp","href":"https:\/\/api.w.org\/{rel}","templated":true}]}}