{"id":2148,"date":"2023-09-13T10:01:28","date_gmt":"2023-09-13T08:01:28","guid":{"rendered":"https:\/\/pro-body.com\/pl\/?post_type=product&#038;p=2148"},"modified":"2025-09-15T17:59:54","modified_gmt":"2025-09-15T15:59:54","slug":"bromantan-60-kapsulek","status":"publish","type":"product","link":"https:\/\/pro-body.com\/pl\/produkt\/bromantan-60-kapsulek\/","title":{"rendered":"Bromantan 60 kapsu\u0142ek"},"content":{"rendered":"<h1>Bromantan 60 kapsu\u0142ek 50 mg<\/h1>\n<p><strong>Bromantan to pochodna adamantanu. <\/strong>Dzia\u0142anie substancji charakteryzuje si\u0119 tym, \u017ce stymuluje uk\u0142ad nerwowy, zmniejszaj\u0105c przy tym l\u0119k. Przede wszystkim bromantan bardzo dobrze radzi sobie z dzia\u0142aniem ograniczaj\u0105cym zm\u0119czenia, jak i podnosz\u0105cym dzia\u0142anie funkcji poznawczych. \u0141apie Ci\u0119 prokrastynacja? Masz problemy z podtrzymaniem motywacji w pracy? Do\u015bwiadczasz stan\u00f3w l\u0119kowych spowodowanych zbli\u017caj\u0105cym si\u0119 dead linem? Mamy dla Ciebie rozwi\u0105zanie!<\/p>\n<p>&nbsp;<\/p>\n<h2>Czy bromantan jest nootropikiem?<\/h2>\n<p style=\"color: #374151;\">Tak, bromantan jest substancj\u0105, kt\u00f3ra cz\u0119sto klasyfikowana jest jako nootropik. Nootropiki to grupa substancji, kt\u00f3re maj\u0105 potencja\u0142 poprawia\u0107 funkcje poznawcze, takie jak pami\u0119\u0107, koncentracj\u0119, motywacj\u0119, kreatywno\u015b\u0107 czy wytrzyma\u0142o\u015b\u0107 umys\u0142ow\u0105. Bromantan to psychostymulant i anksjolityk o dzia\u0142aniu adaptogenowym, opracowany w Zwi\u0105zku Radzieckim w latach 80. XX wieku. Ma struktur\u0119 pochodn\u0105 adamantanu i jest zwi\u0105zkiem o unikalnym dzia\u0142aniu, \u0142\u0105cz\u0105cym w\u0142a\u015bciwo\u015bci stymuluj\u0105ce z anksjolitycznymi. Po pierwsze bromantan jest znany z poprawy czujno\u015bci, poziomu energii i wytrzyma\u0142o\u015bci umys\u0142owej. Po drugie dzia\u0142a przeciwl\u0119kowego. Suplement doskonale wspiera mo\u017cliwo\u015bci umys\u0142owe. Jego dzia\u0142anie mo\u017ce by\u0107 wykorzystane w pracy umys\u0142owej, podczas trudnego okresu nauki, czy sportach wymagaj\u0105cych jasno\u015bci umys\u0142u.<\/p>\n<h2>Dzia\u0142anie Bromantanu:<\/h2>\n<ul>\n<li>Ma dzia\u0142anie adaptogenne,<\/li>\n<li>Wp\u0142ywa na wzrost syntezy dopaminy,<\/li>\n<li>Nie powoduje rozdra\u017cnienia,<\/li>\n<li>Dzia\u0142a nootropowo,<\/li>\n<li>Hamuje l\u0119ki,<\/li>\n<li>Zwi\u0119ksza energi\u0119 i mo\u017cliwo\u015bci fizyczne,<\/li>\n<li>Poprawia zdolno\u015bci wysi\u0142kowe,<\/li>\n<li>Redukuje uczucie zm\u0119czenia i poprawia samopoczucie,<\/li>\n<li>Poprawia koncentracje i zdolno\u015bci do nauki.<\/li>\n<\/ul>\n<h2>Z czym \u0142\u0105czy\u0107 bromantan?<\/h2>\n<p>Bromantan mo\u017cemy \u0142\u0105czy\u0107 z innymi peptydami o dzia\u0142aniu nootropowym. Cz\u0119sto stosuje si\u0119 go z<a href=\"https:\/\/pl.pro-peptydy.com\/produkt\/semax\/\"> Semax<\/a> lub <a href=\"https:\/\/pl.pro-peptydy.com\/produkt\/adamax\/\">Adamax<\/a>.<\/p>\n<h2>Mechanizm dzia\u0142ania \u2014 opis<\/h2>\n<p><strong>Dzia\u0142anie bromantanu przede wszystkim polega na wychwycie zwrotnym takich neuroprzeka\u017anik\u00f3w jak dopamina i serotonina.<\/strong> Co wi\u0119cej, substancja ma wp\u0142yw na poziom dopaminy, poprzez mechanizm stymulacje specyficznych enzym\u00f3w. Oddzia\u0142uje na produkcj\u0119 hydroksylazy tyrozyny i dekarboksylazy aromatycznych aminokwas\u00f3w. Efekt stymulowania poziomu dopaminy utrzymuje si\u0119 relatywnie d\u0142ugo. Na uwag\u0119 nie tylko zas\u0142uguje dzia\u0142anie podnosz\u0105ce samopoczucie, ale te\u017c wp\u0142yw na zapami\u0119tywanie. Suplementacja \u015brodkiem pomaga te\u017c w regeneracji kom\u00f3rek nerwowych.<\/p>\n<p>Dzia\u0142anie przeciwl\u0119kowe powi\u0105zano z systemem GABA. Warto te\u017c zaznaczy\u0107, \u017ce bromantan dzia\u0142a przeciwzapalnie i chroni nasz umys\u0142 przed stanami depresyjnymi.<\/p>\n<p>\u0179r\u00f3d\u0142a:<\/p>\n<p><a href=\"https:\/\/drugs.selfdecode.com\/blog\/bromantane\/\">Dzia\u0142anie suplementu bromantan<\/a><\/p>\n<h3>PRZEZNACZONY DO CEL\u00d3W BADAWCZYCH!<\/h3>\n<p>Wszystkie wy\u017cej wymienione w\u0142a\u015bciwo\u015bci obserwuje si\u0119 przy badaniach laboratoryjnych, nierobione na ludziach, maj\u0105 one charakter wy\u0142\u0105cznie informacyjny. Wszelkie informacje zawarte w opisach nie s\u0105 zatwierdzone przez GIS, GIF ani EFSA. Substancja nie jest lekiem, produktem spo\u017cywczym ani suplementem diety, nie nadaje si\u0119 on do spo\u017cycia przez ludzi. Produkt kwalifikuje si\u0119 jako odczynnik chemiczny \/ materia\u0142 odniesienia dopuszczony do obrotu na terenie UE. Mo\u017cna go u\u017cywa\u0107 wy\u0142\u0105cznie do bada\u0144 naukowych. Pozosta\u0142e informacje na temat \u015brodka zawarto w karcie charakterystyki substancji chemicznej, kt\u00f3r\u0105 udost\u0119pniamy do wgl\u0105du. Produkty dost\u0119pne s\u0105 tylko dla instytucji lub os\u00f3b prywatnych, kt\u00f3re s\u0105 powi\u0105zane z dzia\u0142alno\u015bci\u0105 badawcz\u0105 lub laboratoryjn\u0105.<\/p>\n","protected":false},"excerpt":{"rendered":"<p><img fetchpriority=\"high\" decoding=\"async\" class=\"alignnone size-large wp-image-12352\" src=\"https:\/\/pl.pro-peptydy.com\/wp-content\/uploads\/2021\/05\/selank-1024x707.png\" alt=\"\" width=\"800\" height=\"552\" \/><\/p>\n","protected":false},"featured_media":103206,"comment_status":"open","ping_status":"closed","template":"","meta":{"_acf_changed":false,"site-sidebar-layout":"default","site-content-layout":"","ast-site-content-layout":"default","site-content-style":"default","site-sidebar-style":"default","ast-global-header-display":"","ast-banner-title-visibility":"","ast-main-header-display":"","ast-hfb-above-header-display":"","ast-hfb-below-header-display":"","ast-hfb-mobile-header-display":"","site-post-title":"","ast-breadcrumbs-content":"","ast-featured-img":"","footer-sml-layout":"","theme-transparent-header-meta":"default","adv-header-id-meta":"","stick-header-meta":"","header-above-stick-meta":"","header-main-stick-meta":"","header-below-stick-meta":"","astra-migrate-meta-layouts":"set"},"product_brand":[],"product_cat":[15,50,119,47,53,46,66],"product_tag":[],"class_list":{"0":"post-2148","1":"product","2":"type-product","3":"status-publish","4":"has-post-thumbnail","6":"product_cat-bez-kategorii","7":"product_cat-peptydy-w-kapsulkach","8":"product_cat-kapsulki","9":"product_cat-peptydy","10":"product_cat-peptydy-na-poprawe-samopoczucia","11":"product_cat-peptydy-na-prace-mozgu","12":"product_cat-suplementy","13":"desktop-align-center","14":"tablet-align-left","15":"mobile-align-left","17":"first","18":"instock","19":"sale","20":"taxable","21":"shipping-taxable","22":"purchasable","23":"product-type-simple"},"acf":[],"aioseo_notices":[],"_links":{"self":[{"href":"https:\/\/pro-body.com\/pl\/wp-json\/wp\/v2\/product\/2148","targetHints":{"allow":["GET"]}}],"collection":[{"href":"https:\/\/pro-body.com\/pl\/wp-json\/wp\/v2\/product"}],"about":[{"href":"https:\/\/pro-body.com\/pl\/wp-json\/wp\/v2\/types\/product"}],"replies":[{"embeddable":true,"href":"https:\/\/pro-body.com\/pl\/wp-json\/wp\/v2\/comments?post=2148"}],"wp:featuredmedia":[{"embeddable":true,"href":"https:\/\/pro-body.com\/pl\/wp-json\/wp\/v2\/media\/103206"}],"wp:attachment":[{"href":"https:\/\/pro-body.com\/pl\/wp-json\/wp\/v2\/media?parent=2148"}],"wp:term":[{"taxonomy":"product_brand","embeddable":true,"href":"https:\/\/pro-body.com\/pl\/wp-json\/wp\/v2\/product_brand?post=2148"},{"taxonomy":"product_cat","embeddable":true,"href":"https:\/\/pro-body.com\/pl\/wp-json\/wp\/v2\/product_cat?post=2148"},{"taxonomy":"product_tag","embeddable":true,"href":"https:\/\/pro-body.com\/pl\/wp-json\/wp\/v2\/product_tag?post=2148"}],"curies":[{"name":"wp","href":"https:\/\/api.w.org\/{rel}","templated":true}]}}