{"id":2149,"date":"2023-09-13T10:01:28","date_gmt":"2023-09-13T08:01:28","guid":{"rendered":"https:\/\/pro-body.com\/pl\/?post_type=product&#038;p=2149"},"modified":"2026-01-24T10:50:56","modified_gmt":"2026-01-24T09:50:56","slug":"minoxidil-80mg-1ml-30ml","status":"publish","type":"product","link":"https:\/\/pro-body.com\/pl\/produkt\/minoxidil-80mg-1ml-30ml\/","title":{"rendered":"Minoxidil 50mg\/1ml &#8211; 30ml"},"content":{"rendered":"<h1>Minoxidil 50 mg\/1 ml \u2014 30 ml \u2014 zahamuj \u0142ysienie<\/h1>\n<p>Minoxidil skuteczny preparat chroni\u0105cy w\u0142osy. Przeciwdzia\u0142aj wypadaniu w\u0142os\u00f3w dzi\u0119ki <strong>Endogenic Minoxidilum, <\/strong>kt\u00f3ry jest idealny do stosowania we wczesnych stadiach przerzedzania w\u0142os\u00f3w. Jego szybkie dzia\u0142anie jest udowodnione badaniami klinicznymi. Przede wszystkim <strong>p\u0142yn mocno penetruje sk\u00f3r\u0119 g\u0142owy<\/strong>, co pozwala na aktywowanie mieszk\u00f3w w\u0142osowych. Dzia\u0142anie to sprawia, \u017ce nasze w\u0142osy nabieraj\u0105 g\u0119sto\u015bci, nie wypadaj\u0105, s\u0105 grubsze i zdrowsze.<\/p>\n<p>&nbsp;<\/p>\n<h2>Czym jest i jak dzia\u0142a MINOXIDIL?<\/h2>\n<p>Minoxidil to lek stosowany g\u0142\u00f3wnie jako \u015brodek przeciw wypadaniu w\u0142os\u00f3w i stymuluj\u0105cy ich porost. Pocz\u0105tkowo by\u0142 stosowany jako lek przeciwnadci\u015bnieniowy, ale zauwa\u017cono, \u017ce jednym z jego efekt\u00f3w ubocznych jest wzrost w\u0142os\u00f3w. W zwi\u0105zku z tym minoksydyl zyska\u0142 popularno\u015b\u0107 jako lek przeciwko \u0142ysieniu. Jego dzia\u0142anie powoduje zwi\u0119kszona aktywno\u015b\u0107 mieszk\u00f3w w\u0142osowych, dzi\u0119ki czemu w\u0142osy robi\u0105 si\u0119 grubsze i zdrowsze.<\/p>\n<h2>Minoxidil hamuje wypadanie w\u0142os\u00f3w poprzez:<\/h2>\n<p><strong>Wzrost przep\u0142ywu krwi w sk\u00f3rze g\u0142owy:<\/strong> po pierwsze dzia\u0142a jako wazodylatator (rozszerza naczynia krwiono\u015bne), zwi\u0119kszaj\u0105c przep\u0142yw krwi do mieszk\u00f3w w\u0142osowych. Wi\u0119ksza ilo\u015b\u0107 krwi dostarcza wi\u0119cej sk\u0142adnik\u00f3w od\u017cywczych i tlenu do mieszk\u00f3w w\u0142osowych, co mo\u017ce wspiera\u0107 wzrost w\u0142os\u00f3w.<\/p>\n<p><strong>Przed\u0142u\u017cenie fazy wzrostu w\u0142os\u00f3w (anagenu):<\/strong>po drugie Minoxidil mo\u017ce przyczyni\u0107 si\u0119 do przed\u0142u\u017cenia fazy anagenu, co jest aktywn\u0105 faz\u0105 wzrostu w\u0142os\u00f3w. D\u0142u\u017csza faza anagenu mo\u017ce prowadzi\u0107 do wzrostu w\u0142os\u00f3w na obszarach dotkni\u0119tych \u0142ysieniem.<\/p>\n<p><strong>Zmniejszenie efekt\u00f3w DHT (dihydrotestosteronu): <\/strong>DHT to hormon, kt\u00f3ry mo\u017ce prowadzi\u0107 do miniaturyzacji mieszk\u00f3w w\u0142osowych u os\u00f3b z predyspozycjami genetycznymi do \u0142ysienia. Minoxidil mo\u017ce pom\u00f3c w zmniejszeniu wp\u0142ywu DHT na mieszki w\u0142osowe, co mo\u017ce przyczyni\u0107 si\u0119 do zahamowania wypadania w\u0142os\u00f3w.<\/p>\n<h2>Czym charakteryzuje si\u0119 produkt firmy Endogenic?<\/h2>\n<p><strong>Formu\u0142a 8% Minoxidilu<\/strong> dzia\u0142a w celu zwi\u0119kszenia aktywno\u015bci mieszk\u00f3w w\u0142osowych i produkcji bia\u0142ek w\u0142os\u00f3w, pomagaj\u0105c utrzyma\u0107 g\u0119sto\u015b\u0107 w\u0142os\u00f3w. Ten preparat na przerzedzanie w\u0142os\u00f3w jest dost\u0119pny w postaci roztworu do stosowania miejscowego, kt\u00f3ry jest \u0142atwy w u\u017cyciu: wystarczy na\u0142o\u017cy\u0107 1 mililitr (1 ca\u0142\u0105 pipet\u0119) bezpo\u015brednio na sk\u00f3r\u0119 g\u0142owy dwa razy dziennie i wmasowa\u0107 go we w\u0142osy.<\/p>\n<p>Dodatek<strong> kofeiny i melatoniny<\/strong> sprawia, \u017ce produkt Endogenic Minoxidilum wyr\u00f3\u017cnia si\u0119 na tle wszystkich innych preparat\u00f3w dost\u0119pnych na rynku!<\/p>\n<p><strong>Produkt starcza na miesi\u0105c, w ci\u0105gu kt\u00f3rego na pewno zauwa\u017cysz efekty!<\/strong><\/p>\n<h2>Minoksydyl to skuteczne wsparcie przeciwko \u0142ysieniu<\/h2>\n<ul>\n<li>Stworzony z 8% Minoksydylu, kofeiny i melatoniny,<\/li>\n<li>Roztw\u00f3r do stosowania miejscowego pomaga leczy\u0107 wypadanie w\u0142os\u00f3w i utrzyma\u0107 g\u0119sto\u015b\u0107 w\u0142os\u00f3w,<\/li>\n<li>Klinicznie udowodniono, \u017ce dzia\u0142a szybko na odrastanie w\u0142os\u00f3w,<\/li>\n<li>Idealny do stosowania we wczesnych fazach przerzedzania w\u0142os\u00f3w i pozwala na odrost pe\u0142niejszych w\u0142os\u00f3w,<\/li>\n<li>Formu\u0142a 8% Minoxidil dzia\u0142a w celu zwi\u0119kszenia aktywno\u015bci mieszk\u00f3w w\u0142osowych i produkcji bia\u0142ka w\u0142os\u00f3w,<\/li>\n<li>Nasza kuracja na porost w\u0142os\u00f3w penetruje sk\u00f3r\u0119 g\u0142owy, aby reaktywowa\u0107 skurczone mieszki w\u0142osowe.<\/li>\n<\/ul>\n<h3>Endogenic Minoxidilum sk\u0142ad:<\/h3>\n<p>Produkt zawiera w 1 porcji 80 mg minoxidilu oraz dodatek kofeiny i melatoniny.<\/p>\n<p>\u0179r\u00f3d\u0142a:<\/p>\n<p><a href=\"https:\/\/www.ncbi.nlm.nih.gov\/pmc\/articles\/PMC5877552\/\">Dzia\u0142anie minoxidilu<\/a><\/p>\n<h3>PRZEZNACZONY DO CEL\u00d3W BADAWCZYCH!<\/h3>\n<p>Wszystkie wy\u017cej wymienione w\u0142a\u015bciwo\u015bci obserwuje si\u0119 przy badaniach laboratoryjnych, nierobione na ludziach, maj\u0105 one charakter wy\u0142\u0105cznie informacyjny. Wszelkie informacje zawarte w opisach nie zatwierdzono przez GIS, GIF ani EFSA. Substancja nie jest lekiem, produktem spo\u017cywczym ani suplementem diety, nie nadaje si\u0119 on do spo\u017cycia przez ludzi. Produkt kwalifikuje si\u0119 jako odczynnik chemiczny \/ materia\u0142 odniesienia dopuszczony do obrotu na terenie UE. Mo\u017cna go u\u017cywa\u0107 wy\u0142\u0105cznie do bada\u0144 naukowych. Pozosta\u0142e informacje na temat \u015brodka zawarto w karcie charakterystyki substancji chemicznej, kt\u00f3r\u0105 udost\u0119pniamy do wgl\u0105du. Produkty dost\u0119pne s\u0105 tylko dla instytucji lub os\u00f3b prywatnych, kt\u00f3re s\u0105 powi\u0105zane z dzia\u0142alno\u015bci\u0105 badawcz\u0105 lub laboratoryjn\u0105.<\/p>\n","protected":false},"excerpt":{"rendered":"<p>Minoxidil 50 mg\/1 ml \u2014 30 ml \u2014 zahamuj \u0142ysienie Minoxidil skuteczny preparat chroni\u0105cy w\u0142osy. Przeciwdzia\u0142aj wypadaniu w\u0142os\u00f3w dzi\u0119ki Endogenic Minoxidilum, kt\u00f3ry jest idealny do stosowania we wczesnych stadiach przerzedzania w\u0142os\u00f3w. Jego szybkie dzia\u0142anie jest udowodnione badaniami klinicznymi. Przede wszystkim p\u0142yn mocno penetruje sk\u00f3r\u0119 g\u0142owy, co pozwala na aktywowanie mieszk\u00f3w w\u0142osowych. Dzia\u0142anie to sprawia, \u017ce &hellip;<\/p>\n<p class=\"read-more\"> <a class=\"\" href=\"https:\/\/pro-body.com\/pl\/produkt\/minoxidil-80mg-1ml-30ml\/\"> <span class=\"screen-reader-text\">Minoxidil 50mg\/1ml &#8211; 30ml<\/span> Read More &raquo;<\/a><\/p>\n","protected":false},"featured_media":99409,"comment_status":"open","ping_status":"closed","template":"","meta":{"_acf_changed":false,"site-sidebar-layout":"default","site-content-layout":"","ast-site-content-layout":"default","site-content-style":"default","site-sidebar-style":"default","ast-global-header-display":"","ast-banner-title-visibility":"","ast-main-header-display":"","ast-hfb-above-header-display":"","ast-hfb-below-header-display":"","ast-hfb-mobile-header-display":"","site-post-title":"","ast-breadcrumbs-content":"","ast-featured-img":"","footer-sml-layout":"","theme-transparent-header-meta":"default","adv-header-id-meta":"","stick-header-meta":"","header-above-stick-meta":"","header-main-stick-meta":"","header-below-stick-meta":"","astra-migrate-meta-layouts":"set"},"product_brand":[],"product_cat":[15,67],"product_tag":[],"class_list":{"0":"post-2149","1":"product","2":"type-product","3":"status-publish","4":"has-post-thumbnail","6":"product_cat-bez-kategorii","7":"product_cat-uroda","8":"desktop-align-center","9":"tablet-align-left","10":"mobile-align-left","12":"first","13":"instock","14":"sale","15":"taxable","16":"shipping-taxable","17":"purchasable","18":"product-type-simple"},"acf":[],"aioseo_notices":[],"_links":{"self":[{"href":"https:\/\/pro-body.com\/pl\/wp-json\/wp\/v2\/product\/2149","targetHints":{"allow":["GET"]}}],"collection":[{"href":"https:\/\/pro-body.com\/pl\/wp-json\/wp\/v2\/product"}],"about":[{"href":"https:\/\/pro-body.com\/pl\/wp-json\/wp\/v2\/types\/product"}],"replies":[{"embeddable":true,"href":"https:\/\/pro-body.com\/pl\/wp-json\/wp\/v2\/comments?post=2149"}],"wp:featuredmedia":[{"embeddable":true,"href":"https:\/\/pro-body.com\/pl\/wp-json\/wp\/v2\/media\/99409"}],"wp:attachment":[{"href":"https:\/\/pro-body.com\/pl\/wp-json\/wp\/v2\/media?parent=2149"}],"wp:term":[{"taxonomy":"product_brand","embeddable":true,"href":"https:\/\/pro-body.com\/pl\/wp-json\/wp\/v2\/product_brand?post=2149"},{"taxonomy":"product_cat","embeddable":true,"href":"https:\/\/pro-body.com\/pl\/wp-json\/wp\/v2\/product_cat?post=2149"},{"taxonomy":"product_tag","embeddable":true,"href":"https:\/\/pro-body.com\/pl\/wp-json\/wp\/v2\/product_tag?post=2149"}],"curies":[{"name":"wp","href":"https:\/\/api.w.org\/{rel}","templated":true}]}}