{"id":2151,"date":"2023-09-13T10:01:28","date_gmt":"2023-09-13T08:01:28","guid":{"rendered":"https:\/\/pro-body.com\/pl\/?post_type=product&#038;p=2151"},"modified":"2026-01-09T11:20:46","modified_gmt":"2026-01-09T10:20:46","slug":"ru58841-minoxidil-roller","status":"publish","type":"product","link":"https:\/\/pro-body.com\/pl\/produkt\/ru58841-minoxidil-roller\/","title":{"rendered":"RU58841 + Minoxidil + Roller"},"content":{"rendered":"<h1>Zestaw na w\u0142osy RU58841 + Minoxidil + Derma Roller<\/h1>\n<p>RU58841 + Minoxidil + Derma Roller to bestsellerowy zestaw produkt\u00f3w wspomagaj\u0105cych porost w\u0142os\u00f3w. Jest to oferta dla os\u00f3b poszukuj\u0105cych kompleksowego wsparcia dla odbudowy i <strong>regeneracji w\u0142os\u00f3w<\/strong>. W zestawie znajdziesz <strong>derma roller<\/strong>, <strong>minoxidil <\/strong>oraz nasz najlepszy produkt przeciwko \u0142ysieniu <strong>RU58841<\/strong>. Poni\u017cej znajdziesz kr\u00f3tk\u0105 charakterystyk\u0119 produkt\u00f3w.<\/p>\n<p>&nbsp;<\/p>\n<h2>Derma Roller &#8211; charakterystyka<\/h2>\n<p><a href=\"https:\/\/pl.pro-peptydy.com\/produkt\/roller\/\">Derma roller<\/a> to narz\u0119dzie sk\u0142adaj\u0105ce si\u0119 z drobnej rolki pokrytej mikro ig\u0142ami, s\u0142u\u017c\u0105ce do stymulowania wzrostu w\u0142os\u00f3w poprzez <strong>mikro nak\u0142ucia sk\u00f3ry,<\/strong> co zwi\u0119ksza przep\u0142yw krwi i dostarczenie sk\u0142adnik\u00f3w od\u017cywczych do mieszk\u00f3w w\u0142osowych. Przede wszystkim Roller pozwala na wykonanie zabieg\u00f3w mezoterapii, a jego dzia\u0142anie pobudza syntez\u0119 kolagenu i elastyny.<\/p>\n<p>Po pierwsze przed u\u017cyciem derma rollera do zabiegu, sk\u00f3r\u0119 nale\u017cy dok\u0142adnie oczy\u015bci\u0107 i wysuszy\u0107. <strong>Stosowanie derma rollera jest bezpieczne<\/strong> i mo\u017cna go stosowa\u0107 w domu, o ile przestrzega si\u0119 instrukcji i wytycznych dotycz\u0105cych higieny. Zalety stosowania derma rollera to stymulacja wzrostu w\u0142os\u00f3w, poprawa og\u00f3lnego stanu w\u0142os\u00f3w, zmniejszenie wypadania w\u0142os\u00f3w oraz zwi\u0119kszenie skuteczno\u015bci produkt\u00f3w do piel\u0119gnacji w\u0142os\u00f3w. Po drugie <strong>Derma Roller wspomaga aplikacje naszych produkt\u00f3w przeciwko \u0142ysieniu<\/strong>, dlatego proponujemy zastosowanie go razem w zestawie z naszymi preparatami na w\u0142osy.<\/p>\n<h2>Minoxidil &#8211; opis produktu<\/h2>\n<p>Minoxidil to <strong>lek<\/strong>, kt\u00f3ry opracowano w celu leczenia wysokiego ci\u015bnienia krwi. Jednak z czasem odkryto, \u017ce Minoxidil ma r\u00f3wnie\u017c korzystny wp\u0142yw na porost w\u0142os\u00f3w, w konsekwencji przyczyni\u0142o si\u0119 to do jego popularno\u015bci w bran\u017cy kosmetycznej. Wi\u0119cej na temat produktu przeczytasz <a href=\"https:\/\/pl.pro-peptydy.com\/produkt\/minoxidil\/\">tutaj<\/a>.<\/p>\n<p><strong>Korzy\u015bci z u\u017cywania Minoxidilu<\/strong><\/p>\n<ul>\n<li>Poprawia wzrost w\u0142os\u00f3w. Minoxidil dzia\u0142a na receptory w sk\u00f3rze g\u0142owy, pobudzaj\u0105c wzrost w\u0142os\u00f3w. W badaniach klinicznych stwierdzono, \u017ce Minoxidil przede wszystkim skutecznie hamuje \u0142ysienie u m\u0119\u017cczyzn i kobiet.<\/li>\n<li>Zwi\u0119ksza obj\u0119to\u015b\u0107 i grubo\u015b\u0107 w\u0142os\u00f3w. <strong>Minoxidil mo\u017ce r\u00f3wnie\u017c zwi\u0119ksza\u0107 obj\u0119to\u015b\u0107 i grubo\u015b\u0107 w\u0142os\u00f3w<\/strong>. Regularne stosowanie tego leku mo\u017ce spowodowa\u0107, \u017ce w\u0142osy stan\u0105 si\u0119 grubsze i mocniejsze.<\/li>\n<li>Przyspiesza porost w\u0142os\u00f3w. Minoxidil mo\u017ce przyspieszy\u0107 porost w\u0142os\u00f3w nawet o 12 tygodni, w konsekwencji w\u0142osy b\u0119d\u0105 d\u0142u\u017csze i grubsze.<\/li>\n<li>Redukuje \u0142upie\u017c. Minoxidil mo\u017ce pom\u00f3c w redukcji \u0142upie\u017cu. Dzia\u0142aj\u0105c na sk\u00f3r\u0119 g\u0142owy, zmniejsza sw\u0119dzenie i \u0142uszczenie, co przyczynia si\u0119 do poprawy zdrowia sk\u00f3ry.<\/li>\n<li>Poprawia ukrwienie sk\u00f3ry g\u0142owy. Minoxidil dzia\u0142a na naczynia krwiono\u015bne w sk\u00f3rze g\u0142owy, zwi\u0119kszaj\u0105c ukrwienie sk\u00f3ry. To pozytywnie wp\u0142ywa na porost w\u0142os\u00f3w, poniewa\u017c w\u0142osy potrzebuj\u0105 odpowiedniej ilo\u015bci krwi do od\u017cywienia.<\/li>\n<\/ul>\n<h2>RU58841 &#8211; najlepsze wsparcie dla w\u0142os\u00f3w<\/h2>\n<p><strong>RU58841 + GHK-CU + melatonina + kofeina<\/strong> \u2013 \u017cadne z tych element\u00f3w nie pozostaje bez wp\u0142ywu! Co wi\u0119cej, kompozycja nie jest \u0142\u0105czona z DMSO, kt\u00f3re mo\u017ce prowadzi\u0107 do wielu efekt\u00f3w ubocznych. Receptura produktu jest w 100% starannie opracowana i sprawdzona na licznych u\u017cytkownikach.<\/p>\n<p><strong>G\u0142\u00f3wne korzy\u015bci stosowania produktu:<\/strong><\/p>\n<ul>\n<li>Najbardziej efektywny \u015brodek przeciwdzia\u0142aj\u0105cy wypadaniu w\u0142os\u00f3w,<\/li>\n<li>Odbudowa i rekonstrukcja zniszczonych pasm w\u0142os\u00f3w,<\/li>\n<li><strong>Zmniejszenie skutk\u00f3w \u0142ysienia androgenowego<\/strong> (dla wielu obowi\u0105zkowe podczas u\u017cywania \u015brodk\u00f3w wspomagaj\u0105cych),<\/li>\n<li>Kompozycja oparta na wielu badaniach naukowych,<\/li>\n<li>Potwierdzona praktycznie efektywno\u015b\u0107 sk\u0142adnik\u00f3w,<\/li>\n<li>Lokalne dzia\u0142anie antyandrogenowe bez efekt\u00f3w ubocznych, takich jak w przypadku finasterydu.<\/li>\n<\/ul>\n<h3>Co warto zapami\u0119ta\u0107 o zestawie RU58841 + Minoxidil + Roller?<\/h3>\n<ul>\n<li>Kompletne po\u0142\u0105czenie dw\u00f3ch produkt\u00f3w wspomagaj\u0105cych walk\u0119 z \u0142ysieniem androgenowym.<\/li>\n<li>Poprawa wzrostu w\u0142os\u00f3w.<\/li>\n<li>Lepsza regeneracja w\u0142os\u00f3w, poprawa ich wygl\u0105du i wytrzyma\u0142o\u015bci.<\/li>\n<\/ul>\n<p><strong>\u0179r\u00f3d\u0142a:<\/strong><\/p>\n<p><a href=\"https:\/\/www.hairguard.com\/ru58841-study-results\/\">Dzia\u0142anie RU58841<\/a><\/p>\n<p><a href=\"https:\/\/www.ncbi.nlm.nih.gov\/pmc\/articles\/PMC6691938\/\">Dzia\u0142anie Minoxidil<\/a><\/p>\n<h3>RU58841 + Minoxidil + Roller &#8211; PRZEZNACZONY DO CEL\u00d3W BADAWCZYCH!<\/h3>\n<p>Wszystkie wy\u017cej wymienione w\u0142a\u015bciwo\u015bci obserwuje si\u0119 przy badaniach laboratoryjnych, nierobione na ludziach, maj\u0105 one charakter wy\u0142\u0105cznie informacyjny. Wszelkie informacje zawarte w opisach nie s\u0105 zatwierdzone przez GIS, GIF ani EFSA. Substancja nie jest lekiem, produktem spo\u017cywczym ani suplementem diety, nie nadaje si\u0119 on do spo\u017cycia przez ludzi. Produkt kwalifikuje si\u0119 jako odczynnik chemiczny \/ materia\u0142 odniesienia dopuszczony do obrotu na terenie UE. Mo\u017cna go u\u017cywa\u0107 wy\u0142\u0105cznie do bada\u0144 naukowych. Pozosta\u0142e informacje na temat \u015brodka zawarte s\u0105 w karcie charakterystyki substancji chemicznej, kt\u00f3r\u0105 udost\u0119pniamy do wgl\u0105du. Produkty dost\u0119pne s\u0105 tylko dla instytucji lub os\u00f3b prywatnych, kt\u00f3re s\u0105 powi\u0105zane z dzia\u0142alno\u015bci\u0105 badawcz\u0105 lub laboratoryjn\u0105.<\/p>\n","protected":false},"excerpt":{"rendered":"<p>Zestaw na w\u0142osy RU58841 + Minoxidil + Derma Roller RU58841 + Minoxidil + Derma Roller to bestsellerowy zestaw produkt\u00f3w wspomagaj\u0105cych porost w\u0142os\u00f3w. Jest to oferta dla os\u00f3b poszukuj\u0105cych kompleksowego wsparcia dla odbudowy i regeneracji w\u0142os\u00f3w. W zestawie znajdziesz derma roller, minoxidil oraz nasz najlepszy produkt przeciwko \u0142ysieniu RU58841. Poni\u017cej znajdziesz kr\u00f3tk\u0105 charakterystyk\u0119 produkt\u00f3w. &nbsp; Derma &hellip;<\/p>\n<p class=\"read-more\"> <a class=\"\" href=\"https:\/\/pro-body.com\/pl\/produkt\/ru58841-minoxidil-roller\/\"> <span class=\"screen-reader-text\">RU58841 + Minoxidil + Roller<\/span> Read More &raquo;<\/a><\/p>\n","protected":false},"featured_media":99420,"comment_status":"open","ping_status":"closed","template":"","meta":{"_acf_changed":false,"site-sidebar-layout":"default","site-content-layout":"","ast-site-content-layout":"default","site-content-style":"default","site-sidebar-style":"default","ast-global-header-display":"","ast-banner-title-visibility":"","ast-main-header-display":"","ast-hfb-above-header-display":"","ast-hfb-below-header-display":"","ast-hfb-mobile-header-display":"","site-post-title":"","ast-breadcrumbs-content":"","ast-featured-img":"","footer-sml-layout":"","theme-transparent-header-meta":"default","adv-header-id-meta":"","stick-header-meta":"","header-above-stick-meta":"","header-main-stick-meta":"","header-below-stick-meta":"","astra-migrate-meta-layouts":"set"},"product_brand":[],"product_cat":[15,67],"product_tag":[],"class_list":{"0":"post-2151","1":"product","2":"type-product","3":"status-publish","4":"has-post-thumbnail","6":"product_cat-bez-kategorii","7":"product_cat-uroda","8":"desktop-align-center","9":"tablet-align-left","10":"mobile-align-left","12":"first","13":"outofstock","14":"taxable","15":"shipping-taxable","16":"purchasable","17":"product-type-simple"},"acf":[],"aioseo_notices":[],"_links":{"self":[{"href":"https:\/\/pro-body.com\/pl\/wp-json\/wp\/v2\/product\/2151","targetHints":{"allow":["GET"]}}],"collection":[{"href":"https:\/\/pro-body.com\/pl\/wp-json\/wp\/v2\/product"}],"about":[{"href":"https:\/\/pro-body.com\/pl\/wp-json\/wp\/v2\/types\/product"}],"replies":[{"embeddable":true,"href":"https:\/\/pro-body.com\/pl\/wp-json\/wp\/v2\/comments?post=2151"}],"wp:featuredmedia":[{"embeddable":true,"href":"https:\/\/pro-body.com\/pl\/wp-json\/wp\/v2\/media\/99420"}],"wp:attachment":[{"href":"https:\/\/pro-body.com\/pl\/wp-json\/wp\/v2\/media?parent=2151"}],"wp:term":[{"taxonomy":"product_brand","embeddable":true,"href":"https:\/\/pro-body.com\/pl\/wp-json\/wp\/v2\/product_brand?post=2151"},{"taxonomy":"product_cat","embeddable":true,"href":"https:\/\/pro-body.com\/pl\/wp-json\/wp\/v2\/product_cat?post=2151"},{"taxonomy":"product_tag","embeddable":true,"href":"https:\/\/pro-body.com\/pl\/wp-json\/wp\/v2\/product_tag?post=2151"}],"curies":[{"name":"wp","href":"https:\/\/api.w.org\/{rel}","templated":true}]}}