{"id":2161,"date":"2023-09-13T10:01:50","date_gmt":"2023-09-13T08:01:50","guid":{"rendered":"https:\/\/pro-body.com\/pl\/?post_type=product&#038;p=2161"},"modified":"2024-04-14T11:49:02","modified_gmt":"2024-04-14T09:49:02","slug":"zestaw-2x-selank","status":"publish","type":"product","link":"https:\/\/pro-body.com\/pl\/produkt\/zestaw-2x-selank\/","title":{"rendered":"Zestaw 2x Selank 10mg"},"content":{"rendered":"<h1>Selank 10 mg\u00a0 Zestaw &#8211; peptyd nootropowy<\/h1>\n<p>Selank 10 mg to peptyd o zdumiewaj\u0105cych w\u0142a\u015bciwo\u015bciach nootropowych. B\u0119d\u0105c \u0142agodniejszym w oddzia\u0142ywaniu ni\u017c Semax, Selank przede wszystkim wykazuje dzia\u0142anie antydepresyjne i przeciwl\u0119kowe. Co si\u0119 okazuje, stosowanie peptydu przede wszystkim mo\u017ce znacznie poprawi\u0107 kondycj\u0119 uk\u0142adu nerwowego. Istnieje wiele przypadk\u00f3w, \u017ce peptyd redukuje ilo\u015b\u0107 przyjmowanych lek\u00f3w psychotropowych, a nawet ca\u0142kowicie eliminuje je z leczenia. Peptyd szczeg\u00f3lnie wa\u017cny jest dla os\u00f3b podatnych na stres i reaguj\u0105cych emocjonalnie na zdarzenia losowe. Kupuj\u0105c zestaw, oszcz\u0119dzasz pieni\u0105dze.<\/p>\n<h2>Dzia\u0142anie Selank-u:<\/h2>\n<ul>\n<li>Selank pomaga zwalcza\u0107 stany depresyjne,<\/li>\n<li>Selank zwi\u0119ksza poziom BDNF w m\u00f3zgu,<\/li>\n<li>Selank nie prowadzi do uzale\u017cnienia,<\/li>\n<li>Selank odbudowuje uk\u0142ad nerwowy,<\/li>\n<li>Selank wspiera terapi\u0119 zaburze\u0144 l\u0119kowych,<\/li>\n<li>Selank wyra\u017anie usprawnia pami\u0119\u0107 kr\u00f3tko- i d\u0142ugotrwa\u0142\u0105,<\/li>\n<li>Selank dzia\u0142a protekcyjnie na nasze neurony,<\/li>\n<li>Selank nie powoduje \u017cadnych efekt\u00f3w ubocznych (przy zalecanym dawkowaniu).<\/li>\n<\/ul>\n<h2>Selank 10 mg &#8211; zalecane dawkowanie:<\/h2>\n<p>Zacz\u0105\u0107 od 50 do 75 mcg na porcj\u0119, stosowa\u0107 2-3 x dziennie. W przypadku depresji i stan\u00f3w l\u0119kowych mo\u017cliwe dawki dla niekt\u00f3rych to 100-150 mcg na porcj\u0119. Szczeg\u00f3\u0142y dawkowania znajdziesz tutaj.<\/p>\n<h2>Spos\u00f3b podania produktu:<\/h2>\n<p>Aerozol \/ Spray donosowo<br \/>\nW formie iniekcji podsk\u00f3rnie<\/p>\n<h2>Czym jest Selank spray i jak dzia\u0142a \u2014 opis<\/h2>\n<p>Selank to syntetyczny peptyd odkryty w Rosji, kt\u00f3ry zyskuje coraz wi\u0119ksz\u0105 popularno\u015b\u0107 w \u015bwiecie nootrop\u00f3w. Wielu ludzi wybiera ten suplement ze wzgl\u0119du na jego obiecuj\u0105ce w\u0142a\u015bciwo\u015bci nootropowe, przeciwl\u0119kowe i regeneracyjne dla m\u00f3zgu.<\/p>\n<p>Selank dzia\u0142a na r\u00f3\u017cnych poziomach, wp\u0142ywaj\u0105c na uk\u0142ad nerwowy centralny (CNS), co przyczynia si\u0119 do polepszenia funkcji poznawczych. Po pierwsze jako nootropowy \u015brodek, Selank pot\u0119guje zdolno\u015b\u0107 koncentracji, pami\u0119ci, kreatywno\u015bci i uczenia si\u0119. Mo\u017ce to by\u0107 nieocenione dla os\u00f3b pracuj\u0105cych w zawodach wymagaj\u0105cych intensywnego my\u015blenia oraz dla student\u00f3w.<\/p>\n<p>Po drugie jednym z kluczowych aspekt\u00f3w dzia\u0142ania Selanku jest jego wp\u0142yw na przeciwdzia\u0142anie objawom l\u0119ku. Zwi\u0105zane jest to z regulacj\u0105 poziomu serotoniny i noradrenaliny w m\u00f3zgu, co przek\u0142ada si\u0119 na lepsze samopoczucie, redukcj\u0119 l\u0119ku i wzrost odporno\u015bci na stres. St\u0105d te\u017c Selank mo\u017ce by\u0107 pomocny w przypadku zaburze\u0144 l\u0119kowych, depresji czy nadpobudliwo\u015bci.<\/p>\n<p>Ciekawym aspektem jest r\u00f3wnie\u017c zdolno\u015b\u0107 Selanku do wspierania regeneracji m\u00f3zgu. Peptyd ten wp\u0142ywa na rozw\u00f3j neuroplastyczno\u015bci, poprawiaj\u0105c komunikacj\u0119 pomi\u0119dzy neuronami oraz wspomagaj\u0105c procesy odbudowy kom\u00f3rek nerwowych. W praktyce oznacza to, \u017ce stosowanie Selanku mo\u017ce przyczyni\u0107 si\u0119 do poprawy zdolno\u015bci umys\u0142owych oraz zapobiega\u0107 ich pogorszeniu spowodowanemu stresem, starzeniem si\u0119 czy chorobami neurodegeneracyjnymi.<\/p>\n<p>Selank mo\u017ce by\u0107 stosowany w formie <a href=\"https:\/\/pl.pro-peptydy.com\/produkt\/selank-spray\/\">spraya do nosa<\/a>, co jest szybk\u0105 i wygodn\u0105 metod\u0105 dostarczania peptydu do organizmu. Warto jednak pami\u0119ta\u0107, \u017ce ka\u017cdy organizm mo\u017ce reagowa\u0107 inaczej na suplementy, dlatego zaleca si\u0119 konsultacj\u0119 z lekarzem przed rozpocz\u0119ciem stosowania.<\/p>\n<h2>Selank 10 mg &#8211; podsumowanie<\/h2>\n<p>Selank to obiecuj\u0105cy nootropowy \u015brodek, kt\u00f3ry mo\u017ce pom\u00f3c w poprawie funkcji poznawczych, redukcji l\u0119ku i regeneracji m\u00f3zgu. Jego zastosowanie mo\u017ce okaza\u0107 si\u0119 korzystne dla os\u00f3b szukaj\u0105cych wsparcia w codziennym funkcjonowaniu, zw\u0142aszcza w sytuacjach stresuj\u0105cych czy wymagaj\u0105cych du\u017cego zaanga\u017cowania umys\u0142owego.<\/p>\n<p><a href=\"https:\/\/www.ncbi.nlm.nih.gov\/pmc\/articles\/PMC4757669\/\">BADANIE<\/a><\/p>\n<h3>Selank 10 mg &#8211; PRODUKT SELANK PRZEZNACZONY DO CEL\u00d3W BADAWCZYCH !<\/h3>\n<p>Wszystkie wy\u017cej wymienione w\u0142a\u015bciwo\u015bci obserwuje si\u0119 przy badaniach laboratoryjnych, nierobione na ludziach, maj\u0105 one charakter wy\u0142\u0105cznie informacyjny. Wszelkie informacje zawarte w opisach nie zatwierdzono przez GIS, GIF ani EFSA. Substancja nie jest lekiem, produktem spo\u017cywczym ani suplementem diety, nie nadaje si\u0119 on do spo\u017cycia przez ludzi. Produkt kwalifikuje si\u0119 jako odczynnik chemiczny \/ materia\u0142 odniesienia dopuszczony do obrotu na terenie UE. Mo\u017cna go u\u017cywa\u0107 wy\u0142\u0105cznie do bada\u0144 naukowych. Pozosta\u0142e informacje na temat \u015brodka zawarto w karcie charakterystyki substancji chemicznej, kt\u00f3r\u0105 udost\u0119pniamy do wgl\u0105du. Produkty dost\u0119pne s\u0105 tylko dla instytucji lub os\u00f3b prywatnych, kt\u00f3re s\u0105 powi\u0105zane z dzia\u0142alno\u015bci\u0105 badawcz\u0105 lub laboratoryjn\u0105.<\/p>\n","protected":false},"excerpt":{"rendered":"<p><img fetchpriority=\"high\" decoding=\"async\" class=\"alignnone size-large wp-image-12352\" src=\"https:\/\/pl.pro-peptydy.com\/wp-content\/uploads\/2021\/05\/selank-1024x707.png\" alt=\"\" width=\"800\" height=\"552\" \/><\/p>\n","protected":false},"featured_media":2186,"comment_status":"open","ping_status":"closed","template":"","meta":{"_acf_changed":false,"site-sidebar-layout":"default","site-content-layout":"","ast-site-content-layout":"default","site-content-style":"default","site-sidebar-style":"default","ast-global-header-display":"","ast-banner-title-visibility":"","ast-main-header-display":"","ast-hfb-above-header-display":"","ast-hfb-below-header-display":"","ast-hfb-mobile-header-display":"","site-post-title":"","ast-breadcrumbs-content":"","ast-featured-img":"","footer-sml-layout":"","theme-transparent-header-meta":"default","adv-header-id-meta":"","stick-header-meta":"","header-above-stick-meta":"","header-main-stick-meta":"","header-below-stick-meta":"","astra-migrate-meta-layouts":"set"},"product_brand":[],"product_cat":[15,68],"product_tag":[],"class_list":{"0":"post-2161","1":"product","2":"type-product","3":"status-publish","4":"has-post-thumbnail","6":"product_cat-bez-kategorii","7":"product_cat-zestawy","8":"desktop-align-center","9":"tablet-align-left","10":"mobile-align-left","12":"first","13":"instock","14":"sale","15":"taxable","16":"shipping-taxable","17":"purchasable","18":"product-type-simple"},"acf":[],"aioseo_notices":[],"_links":{"self":[{"href":"https:\/\/pro-body.com\/pl\/wp-json\/wp\/v2\/product\/2161","targetHints":{"allow":["GET"]}}],"collection":[{"href":"https:\/\/pro-body.com\/pl\/wp-json\/wp\/v2\/product"}],"about":[{"href":"https:\/\/pro-body.com\/pl\/wp-json\/wp\/v2\/types\/product"}],"replies":[{"embeddable":true,"href":"https:\/\/pro-body.com\/pl\/wp-json\/wp\/v2\/comments?post=2161"}],"wp:featuredmedia":[{"embeddable":true,"href":"https:\/\/pro-body.com\/pl\/wp-json\/wp\/v2\/media\/2186"}],"wp:attachment":[{"href":"https:\/\/pro-body.com\/pl\/wp-json\/wp\/v2\/media?parent=2161"}],"wp:term":[{"taxonomy":"product_brand","embeddable":true,"href":"https:\/\/pro-body.com\/pl\/wp-json\/wp\/v2\/product_brand?post=2161"},{"taxonomy":"product_cat","embeddable":true,"href":"https:\/\/pro-body.com\/pl\/wp-json\/wp\/v2\/product_cat?post=2161"},{"taxonomy":"product_tag","embeddable":true,"href":"https:\/\/pro-body.com\/pl\/wp-json\/wp\/v2\/product_tag?post=2161"}],"curies":[{"name":"wp","href":"https:\/\/api.w.org\/{rel}","templated":true}]}}