{"id":2162,"date":"2023-09-13T10:01:50","date_gmt":"2023-09-13T08:01:50","guid":{"rendered":"https:\/\/pro-body.com\/pl\/?post_type=product&#038;p=2162"},"modified":"2025-06-27T11:48:09","modified_gmt":"2025-06-27T09:48:09","slug":"zestaw-2x-igf-1-lr3","status":"publish","type":"product","link":"https:\/\/pro-body.com\/pl\/produkt\/zestaw-2x-igf-1-lr3\/","title":{"rendered":"Zestaw 2x IGF-1 LR3"},"content":{"rendered":"<div style=\"display: none;\">\n<h1>Zestaw IGF-1 LR3 2 szt insulinopodobny czynnik wzrostu<\/h1>\n<p>Zestaw IGF-1 LR3\u00a0 (insulinopodobny czynnik wzrostu) to bezkonkurencyjna oferta na rynku peptyd\u00f3w. Jego si\u0142a dzia\u0142ania jest absolutnie bezkonkurencyjna w\u015br\u00f3d innych dost\u0119pnych \u015brodk\u00f3w wp\u0142ywaj\u0105cych na st\u0119\u017cenie igf-1. Je\u017celi zale\u017cy Ci na pot\u0119\u017cnych i trwa\u0142ych przyrostach, to jest to opcja, kt\u00f3r\u0105 powiniene\u015b spr\u00f3bowa\u0107.<\/p>\n<h2>Czym w\u0142a\u015bciwie jest IGF-1 LR3?<\/h2>\n<p>IGF-1 LR3 to niejako ulepszona wersja biologicznego IGF-1, kt\u00f3rego sekwencja aminokwas\u00f3w zosta\u0142a zmodyfikowana. Aby zwi\u0119kszy\u0107 jego dzia\u0142anie, kwas glutaminowy w pozycji trzeciej zmieniono na arginin\u0119, a tak\u017ce dodano 13 kolejnych aminokwas\u00f3w. Dzi\u0119ki temu czas dzia\u0142ania tego preparatu zosta\u0142 wyd\u0142u\u017cony, co sprawia, \u017ce jest on cz\u0119sto stosowany jako d\u0142ugo dzia\u0142aj\u0105ca wersja terapeutyczna IGF-1.<\/p>\n<p>Produkt ten cieszy si\u0119 ogromn\u0105 popularno\u015bci\u0105 w\u015br\u00f3d najlepszych zawodnik\u00f3w, szczeg\u00f3lnie tych uprawiaj\u0105cych sporty sylwetkowe. Jego dzia\u0142anie jest wr\u0119cz niezast\u0105pione, a ogromnym atutem stosowania tego produktu jest zwi\u0119kszenie liczby w\u0142\u00f3kien mi\u0119\u015bniowych. Nic nie jest w stanie si\u0119 z tym r\u00f3wna\u0107. Ponadto IGF-1 LR3 wspomaga dzia\u0142anie innych \u015brodk\u00f3w anaboliczno-androgennych. Oznacza to, \u017ce b\u0119d\u0105c na cyklu SAA, Twoje efekty b\u0119d\u0105 jeszcze lepsze.<\/p>\n<h2>Jak dzia\u0142a IGF-1 LR3?<\/h2>\n<p>Peptyd dzia\u0142a na wiele sposob\u00f3w. Jest to bardzo silny czynnik anaboliczny, kt\u00f3ry prowadzi do wzrostu mi\u0119\u015bni, si\u0142y oraz wydajno\u015bci organizmu. Poprzez swoje dzia\u0142anie, wp\u0142ywa na zdolno\u015b\u0107 mi\u0119\u015bni do wzrostu i powstawania nowych kom\u00f3rek mi\u0119\u015bniowych. Ponadto wp\u0142ywa pozytywnie na regeneracj\u0119 organizmu i posiada silne dzia\u0142anie antykataboliczne, co oznacza, \u017ce chroni mi\u0119\u015bnie przed rozpadem.<\/p>\n<p>Jest to tak\u017ce czynnik, kt\u00f3ry zwi\u0119ksza g\u0119sto\u015b\u0107 mineraln\u0105 ko\u015bci, a jego dzia\u0142anie przeciwstarzeniowe jest dobrze znane. Wzmacnia r\u00f3wnie\u017c uk\u0142ad odporno\u015bciowy organizmu i dzia\u0142a przeciwzapalnie, co przyczynia si\u0119 do og\u00f3lnego dobrego samopoczucia i zdrowia.<\/p>\n<h2>BARDZO WA\u017bNE!<\/h2>\n<p>IGF-1 LR3 to bardzo delikatne bia\u0142ko, a mianowicie peptyd, kt\u00f3ry bardzo szybko traci swoje w\u0142a\u015bciwo\u015bci. PO ROZROBIENIU NIE WOLNO WSTRZ\u0104SA\u0106 FIOLK\u0104! Nieostro\u017cne obchodzenie si\u0119 z rozrobion\u0105 substancj\u0105 prowadzi do degradacji produktu. Je\u017celi zale\u017cy ci na maksymalnym wykorzystaniu Oxymedin to obchodzi si\u0119 z nim bardzo delikatnie.<\/p>\n<h2>Insulinopodobny czynnik wzrostu w kulturystyce<\/h2>\n<p>IGF-1 (insulinopodobny czynnik wzrostu 1) to bia\u0142ko wytwarzane w organizmie w odpowiedzi na dzia\u0142anie hormonu wzrostu. W kulturystyce odgrywa kluczow\u0105 rol\u0119 jako czynnik wzrostu dla kom\u00f3rek mi\u0119\u015bniowych i dzi\u0119ki niemu jeste\u015bmy w stanie budowa\u0107 mas\u0119. Stosowanie IGF-1 w kulturystyce ma na celu zwi\u0119kszenie wzrostu mi\u0119\u015bni poprzez zwi\u0119kszenie syntezy bia\u0142ek w kom\u00f3rkach mi\u0119\u015bniowych. Dzi\u0119ki temu mo\u017cna przekroczy\u0107 naturalne ograniczenia, co prowadzi do zbudowania naprawd\u0119 du\u017cej masy mi\u0119\u015bniowej. Produkt ten powszechnie wykorzystuj\u0105 zawodnicy PRO, kt\u00f3rzy chc\u0105 osi\u0105gn\u0105\u0107 maksymalne przyrosty. Zawodnicy startuj\u0105cy na \u015bwiatowych deskach sceny kulturystycznej maj\u0105 tego typu dodatek w swojej codziennej rutynie suplementacyjnej.<\/p>\n<p>Oxymedin dzia\u0142a silnie ochronnie dla mi\u0119\u015bni. Jego dzia\u0142anie pozwala znacznie zwi\u0119kszy\u0107 intensywno\u015b\u0107 trening\u00f3w bez ryzyka utraty ci\u0119\u017cko wypracowanych mi\u0119\u015bni. B\u0119dzie on r\u00f3wnie\u017c znacznie skraca\u0142 czas regeneracji, co jest szczeg\u00f3lnie wa\u017cne podczas ci\u0119\u017ckich trening\u00f3w przygotowawczych pod zawody.<\/p>\n<h2>Zestaw IGF-1 LR3 dawkowanie:<\/h2>\n<p>Osoby, kt\u00f3rym zale\u017cy na poprawie odporno\u015bci, zdrowszej sk\u00f3rze, w\u0142osach i paznokciach zaleca si\u0119 stosowanie 10 mcg raz dziennie. W takim przypadku najlepiej rozrabia\u0107 Oxymedin w wodzie bakteriostatycznej w celu zachowania trwa\u0142o\u015bci IGF po rozrobieniu. <a href=\"https:\/\/pl.pro-peptydy.com\/produkt\/woda-bakteriostatyczna-10ml\/\">Woda bakteriostatyczna<\/a> jest dost\u0119pna r\u00f3wnie\u017c w naszym asortymencie.<\/p>\n<p>Osoby pocz\u0105tkuj\u0105ce:<br \/>\n20-40 mcg roz\u0142o\u017cone na dwie porcje dziennie.<\/p>\n<p>Osoby zaawansowane:<br \/>\n80-100 mcg roz\u0142o\u017cone na dwie porcje dziennie<\/p>\n<h2>Zestaw IGF-1 LR3\u00a0 &#8211; co zawiera opakowanie?<\/h2>\n<p>Oferowany przez nas produkt IGF-1 LR3 wyr\u00f3\u017cnia si\u0119 na tle konkurencji. Specjalnie stworzony w wersji 10 fiolek o zawarto\u015bci po 100 mcg prawdziwego IGF-1 LR3, aby zachowa\u0107 swoj\u0105 trwa\u0142o\u015b\u0107 w 100% po rozrobieniu. Prosimy nie por\u00f3wnywa\u0107 nas do innych firm, kt\u00f3re oferuj\u0105 jedno-flakonowe wersje IGF-1 LR3. Nie ma to nic wsp\u00f3lnego z tym, co napisano na etykiecie\u2026 Chyba \u017ce konkurencja lubi dok\u0142ada\u0107 do biznesu. Nie ma mo\u017cliwo\u015bci technicznych, aby stworzy\u0107 produkt dzia\u0142aj\u0105cy w tej cenie. Je\u017celi nie lubisz by\u0107 naci\u0105gany na \u015brodki, kt\u00f3re nie dzia\u0142aj\u0105, to oferujemy Ci rozwi\u0105zanie godne zainteresowania.<\/p>\n<p>\u0179r\u00f3d\u0142a:<br \/>\n<a href=\"https:\/\/pubmed.ncbi.nlm.nih.gov\/11485445\/\">Dzia\u0142anie peptydu<\/a><\/p>\n<\/div>\n<h3>O czym nale\u017cy pami\u0119ta\u0107?<\/h3>\n<p>Wszystkie wy\u017cej wymienione w\u0142a\u015bciwo\u015bci obserwuje si\u0119 przy badaniach laboratoryjnych, nierobione na ludziach, maj\u0105 one charakter wy\u0142\u0105cznie informacyjny. Wszelkie informacje zawarte w opisach nie s\u0105 zatwierdzone przez GIS, GIF ani EFSA. Substancja nie jest lekiem, produktem spo\u017cywczym ani suplementem diety, nie nadaje si\u0119 on do spo\u017cycia przez ludzi. Produkt kwalifikuje si\u0119 jako odczynnik chemiczny \/ materia\u0142 odniesienia dopuszczony do obrotu na terenie UE. Mo\u017cna go u\u017cywa\u0107 wy\u0142\u0105cznie do bada\u0144 naukowych. Pozosta\u0142e informacje na temat \u015brodka zawarto w karcie charakterystyki substancji chemicznej, kt\u00f3r\u0105 udost\u0119pniamy do wgl\u0105du. Produkty dost\u0119pne s\u0105 tylko dla instytucji lub os\u00f3b prywatnych, kt\u00f3re s\u0105 powi\u0105zane z dzia\u0142alno\u015bci\u0105 badawcz\u0105 lub laboratoryjn\u0105.<\/p>\n","protected":false},"excerpt":{"rendered":"<p>Zestaw IGF-1 LR3 2 szt insulinopodobny czynnik wzrostu Zestaw IGF-1 LR3\u00a0 (insulinopodobny czynnik wzrostu) to bezkonkurencyjna oferta na rynku peptyd\u00f3w. Jego si\u0142a dzia\u0142ania jest absolutnie bezkonkurencyjna w\u015br\u00f3d innych dost\u0119pnych \u015brodk\u00f3w wp\u0142ywaj\u0105cych na st\u0119\u017cenie igf-1. Je\u017celi zale\u017cy Ci na pot\u0119\u017cnych i trwa\u0142ych przyrostach, to jest to opcja, kt\u00f3r\u0105 powiniene\u015b spr\u00f3bowa\u0107. Czym w\u0142a\u015bciwie jest IGF-1 LR3? IGF-1 &hellip;<\/p>\n<p class=\"read-more\"> <a class=\"\" href=\"https:\/\/pro-body.com\/pl\/produkt\/zestaw-2x-igf-1-lr3\/\"> <span class=\"screen-reader-text\">Zestaw 2x IGF-1 LR3<\/span> Read More &raquo;<\/a><\/p>\n","protected":false},"featured_media":70567,"comment_status":"open","ping_status":"closed","template":"","meta":{"_acf_changed":false,"site-sidebar-layout":"default","site-content-layout":"","ast-site-content-layout":"default","site-content-style":"default","site-sidebar-style":"default","ast-global-header-display":"","ast-banner-title-visibility":"","ast-main-header-display":"","ast-hfb-above-header-display":"","ast-hfb-below-header-display":"","ast-hfb-mobile-header-display":"","site-post-title":"","ast-breadcrumbs-content":"","ast-featured-img":"","footer-sml-layout":"","theme-transparent-header-meta":"default","adv-header-id-meta":"","stick-header-meta":"","header-above-stick-meta":"","header-main-stick-meta":"","header-below-stick-meta":"","astra-migrate-meta-layouts":"set"},"product_brand":[],"product_cat":[15,95,68],"product_tag":[],"class_list":{"0":"post-2162","1":"product","2":"type-product","3":"status-publish","4":"has-post-thumbnail","6":"product_cat-bez-kategorii","7":"product_cat-igf-1-lr3","8":"product_cat-zestawy","9":"desktop-align-center","10":"tablet-align-left","11":"mobile-align-left","13":"first","14":"instock","15":"sale","16":"taxable","17":"shipping-taxable","18":"purchasable","19":"product-type-simple"},"acf":[],"aioseo_notices":[],"_links":{"self":[{"href":"https:\/\/pro-body.com\/pl\/wp-json\/wp\/v2\/product\/2162","targetHints":{"allow":["GET"]}}],"collection":[{"href":"https:\/\/pro-body.com\/pl\/wp-json\/wp\/v2\/product"}],"about":[{"href":"https:\/\/pro-body.com\/pl\/wp-json\/wp\/v2\/types\/product"}],"replies":[{"embeddable":true,"href":"https:\/\/pro-body.com\/pl\/wp-json\/wp\/v2\/comments?post=2162"}],"wp:featuredmedia":[{"embeddable":true,"href":"https:\/\/pro-body.com\/pl\/wp-json\/wp\/v2\/media\/70567"}],"wp:attachment":[{"href":"https:\/\/pro-body.com\/pl\/wp-json\/wp\/v2\/media?parent=2162"}],"wp:term":[{"taxonomy":"product_brand","embeddable":true,"href":"https:\/\/pro-body.com\/pl\/wp-json\/wp\/v2\/product_brand?post=2162"},{"taxonomy":"product_cat","embeddable":true,"href":"https:\/\/pro-body.com\/pl\/wp-json\/wp\/v2\/product_cat?post=2162"},{"taxonomy":"product_tag","embeddable":true,"href":"https:\/\/pro-body.com\/pl\/wp-json\/wp\/v2\/product_tag?post=2162"}],"curies":[{"name":"wp","href":"https:\/\/api.w.org\/{rel}","templated":true}]}}