{"id":2166,"date":"2023-09-13T10:01:50","date_gmt":"2023-09-13T08:01:50","guid":{"rendered":"https:\/\/pro-body.com\/pl\/?post_type=product&#038;p=2166"},"modified":"2025-03-18T09:01:52","modified_gmt":"2025-03-18T08:01:52","slug":"zestaw-2x-5-amino-1mq-30-kapsulek","status":"publish","type":"product","link":"https:\/\/pro-body.com\/pl\/produkt\/zestaw-2x-5-amino-1mq-30-kapsulek\/","title":{"rendered":"Zestaw 2x 5-Amino-1MQ 30 kapsu\u0142ek"},"content":{"rendered":"<h1>Zestaw 5-Amino-1MQ 30 kapsu\u0142ek 2 szt<\/h1>\n<p><strong>Zestaw 5-AMINO-1MQ to nowoczesny produkt, kt\u00f3ry pomaga w walce z t\u0142uszczem w Twoim ciele.<\/strong> Badania wykaza\u0142y, \u017ce podczas stosowania 5-AMINO-1MQ przez 3 tygodnie, bez zmiany diety czy innych interwencji \u017cywieniowych, w konsekwencji osi\u0105gni\u0119to utrat\u0119 7% masy cia\u0142a. Dzi\u0119ki substancji aktywnej, jak\u0105 jest 5-Amino-1-Methylquinolinium, uzyskujesz dzia\u0142anie typowo redukuj\u0105ce mas\u0119 cia\u0142a. Je\u015bli pomimo stara\u0144 i zmian \u017cywieniowych nadal masz trudno\u015bci z pozbyciem si\u0119 t\u0142uszczu, 5-AMINO-1MQ to idealne rozwi\u0105zanie dla Ciebie. Kupuj\u0105c produkty w zestawie oszcz\u0119dzasz pieni\u0105dze.<\/p>\n<h2>Zestaw 5-AMINO-1MQ czym jest i jak dzia\u0142a?<\/h2>\n<p>Produkt dzia\u0142a bezkompromisowo dzi\u0119ki swojemu wp\u0142ywowi na enzym NNMT. Substancja aktywna 5-Amino-1-Methylquinolinium wp\u0142ywa na enzym NNMT, kt\u00f3ry ma kluczowe znaczenie w procesie magazynowania t\u0142uszczu w Twoim ciele. Dzi\u0119ki temu Twoje cia\u0142o pozbywa si\u0119 t\u0142uszczu w spos\u00f3b efektywny i bezpieczny.<\/p>\n<p>Stosowanie 5-AMINO-1MQ przynosi wiele korzy\u015bci dla Twojego organizmu. Oto niekt\u00f3re z nich:<\/p>\n<ul>\n<li>Po pierwsze redukcja masy cia\u0142a \u2013 dzi\u0119ki dzia\u0142aniu redukuj\u0105cemu masy cia\u0142a, produkt pomaga Ci pozby\u0107 si\u0119 nadmiaru t\u0142uszczu.<\/li>\n<li>Wzrost metabolizmu \u2013 dzi\u0119ki zwi\u0119kszeniu tempa metabolizmu, Tw\u00f3j organizm szybciej spala t\u0142uszcz i przyspiesza proces odchudzania.<\/li>\n<li>Poprawa samopoczucia \u2013 dzi\u0119ki redukcji masy cia\u0142a, zyskujesz wi\u0119ksze poczucie lekko\u015bci i pewno\u015bci siebie.<\/li>\n<li>Bezpiecze\u0144stwo \u2013 dzia\u0142a bezpiecznie i skutecznie, dzi\u0119ki czemu nie musisz obawia\u0107 si\u0119 skutk\u00f3w ubocznych.<\/li>\n<\/ul>\n<h2>Sugerowane dawkowanie<\/h2>\n<p>Dawka 2-3 kapsu\u0142ki dziennie.<\/p>\n<p>Badani nie odnotowali skutk\u00f3w ubocznych podczas stosowania 5-AMINO-1MQ. Produkt mo\u017cna \u0142\u0105czy\u0107 m.in. z <a href=\"https:\/\/pl.pro-peptydy.com\/produkt\/hgh-fragment-176-191\/\">Fragmententem HGH 176-191<\/a>.<\/p>\n<h2>Dodatkowe w\u0142a\u015bciwo\u015bci 5-AMINO-1MQ<\/h2>\n<p>Opr\u00f3cz swojego dzia\u0142ania jako spalacza t\u0142uszczu, 5-AMINO-1MQ ma wiele innych w\u0142a\u015bciwo\u015bci, kt\u00f3re wp\u0142ywaj\u0105 na zdrowie i dobre samopoczucie.<\/p>\n<p><strong>Redukcja masy cia\u0142a<\/strong><br \/>\n5-Amino-1-Methylquinolinium dzia\u0142a na poziomie kom\u00f3rkowym, co umo\u017cliwia skuteczn\u0105 redukcj\u0119 masy cia\u0142a. Co wa\u017cne, badania wykaza\u0142y, \u017ce stosowanie produktu przez 3 tygodnie, bez innych interwencji \u017cywieniowych, mo\u017ce prowadzi\u0107 do utraty 7% masy cia\u0142a.<\/p>\n<p><strong>Dzia\u0142anie antyrakowe<\/strong><br \/>\n\u015arodek ma w\u0142a\u015bciwo\u015bci antyrakowe, poniewa\u017c blokuje enzym NNMT, kt\u00f3ry w konsekwencji mo\u017ce prowadzi\u0107 do rozwoju niekt\u00f3rych rodzaj\u00f3w nowotwor\u00f3w. Badania naukowe wskazuj\u0105 na pozytywny wp\u0142yw substancji w leczeniu chor\u00f3b nowotworowych.<\/p>\n<p><strong>Dzia\u0142anie przeciwzapalne<\/strong><br \/>\nSuplement dzia\u0142a przeciwzapalnie, poniewa\u017c blokuje enzym NNMT, kt\u00f3ry mo\u017ce nasila\u0107 stany zapalne w organizmie. Dlatego te\u017c stosowanie go mo\u017ce pom\u00f3c w \u0142agodzeniu stan\u00f3w zapalnych, a co za tym idzie ochronie tkanki przed dalszymi uszkodzeniami.<\/p>\n<p><strong>Dzia\u0142anie kardioprotekcyjne<\/strong><br \/>\nMo\u017ce wp\u0142yn\u0105\u0107 korzystnie na uk\u0142ad sercowo-naczyniowy. Badania wykaza\u0142y, \u017ce mo\u017ce ona zmniejszy\u0107 poziom cholesterolu we krwi, co przyczynia si\u0119 do ochrony serca i naczy\u0144 krwiono\u015bnych. Ponadto mo\u017ce r\u00f3wnie\u017c chroni\u0107 naczynia krwiono\u015bne przed uszkodzeniem.<\/p>\n<p><strong>Walka z sarkopeni\u0105<\/strong><br \/>\n5-AMINO-1MQ mo\u017ce pom\u00f3c w walce z sarkopeni\u0105, czyli zanikiem mi\u0119\u015bni. Badania wykaza\u0142y, \u017ce substancja ta mo\u017ce poprawi\u0107 prac\u0119 tkanki mi\u0119\u015bniowej oraz zmniejszy\u0107 tempo post\u0119puj\u0105cej sarkopenii.<\/p>\n<p><strong>\u0179r\u00f3d\u0142a:<\/strong><\/p>\n<p><a href=\"https:\/\/www.ncbi.nlm.nih.gov\/pmc\/articles\/PMC5826726\/\">Dzia\u0142anie peptydu 5-amino-1mq<\/a><\/p>\n<h3>Zestaw 5-AMINO-1MQ PRZEZNACZONY DO CEL\u00d3W BADAWCZYCH!<\/h3>\n<p>Wszystkie wy\u017cej wymienione w\u0142a\u015bciwo\u015bci obserwuje si\u0119 przy badaniach laboratoryjnych, nierobione na ludziach, maj\u0105 one charakter wy\u0142\u0105cznie informacyjny. Wszelkie informacje zawarte w opisach nie zatwierdzono przez GIS, GIF ani EFSA. Substancja nie jest lekiem, produktem spo\u017cywczym ani suplementem diety, nie nadaje si\u0119 on do spo\u017cycia przez ludzi. Produkt kwalifikuje si\u0119 jako odczynnik chemiczny \/ materia\u0142 odniesienia dopuszczony do obrotu na terenie UE. Mo\u017cna go u\u017cywa\u0107 wy\u0142\u0105cznie do bada\u0144 naukowych. Pozosta\u0142e informacje na temat \u015brodka zawarto w karcie charakterystyki substancji chemicznej, kt\u00f3r\u0105 udost\u0119pniamy do wgl\u0105du. Produkty dost\u0119pne s\u0105 tylko dla instytucji lub os\u00f3b prywatnych, kt\u00f3re s\u0105 powi\u0105zane z dzia\u0142alno\u015bci\u0105 badawcz\u0105 lub laboratoryjn\u0105.<\/p>\n","protected":false},"excerpt":{"rendered":"<p>Zestaw 5-Amino-1MQ 30 kapsu\u0142ek 2 szt Zestaw 5-AMINO-1MQ to nowoczesny produkt, kt\u00f3ry pomaga w walce z t\u0142uszczem w Twoim ciele. Badania wykaza\u0142y, \u017ce podczas stosowania 5-AMINO-1MQ przez 3 tygodnie, bez zmiany diety czy innych interwencji \u017cywieniowych, w konsekwencji osi\u0105gni\u0119to utrat\u0119 7% masy cia\u0142a. Dzi\u0119ki substancji aktywnej, jak\u0105 jest 5-Amino-1-Methylquinolinium, uzyskujesz dzia\u0142anie typowo redukuj\u0105ce mas\u0119 cia\u0142a. &hellip;<\/p>\n<p class=\"read-more\"> <a class=\"\" href=\"https:\/\/pro-body.com\/pl\/produkt\/zestaw-2x-5-amino-1mq-30-kapsulek\/\"> <span class=\"screen-reader-text\">Zestaw 2x 5-Amino-1MQ 30 kapsu\u0142ek<\/span> Read More &raquo;<\/a><\/p>\n","protected":false},"featured_media":2191,"comment_status":"open","ping_status":"closed","template":"","meta":{"_acf_changed":false,"site-sidebar-layout":"default","site-content-layout":"","ast-site-content-layout":"default","site-content-style":"default","site-sidebar-style":"default","ast-global-header-display":"","ast-banner-title-visibility":"","ast-main-header-display":"","ast-hfb-above-header-display":"","ast-hfb-below-header-display":"","ast-hfb-mobile-header-display":"","site-post-title":"","ast-breadcrumbs-content":"","ast-featured-img":"","footer-sml-layout":"","theme-transparent-header-meta":"default","adv-header-id-meta":"","stick-header-meta":"","header-above-stick-meta":"","header-main-stick-meta":"","header-below-stick-meta":"","astra-migrate-meta-layouts":"set"},"product_brand":[],"product_cat":[15,68],"product_tag":[],"class_list":{"0":"post-2166","1":"product","2":"type-product","3":"status-publish","4":"has-post-thumbnail","6":"product_cat-bez-kategorii","7":"product_cat-zestawy","8":"desktop-align-center","9":"tablet-align-left","10":"mobile-align-left","12":"first","13":"instock","14":"sale","15":"taxable","16":"shipping-taxable","17":"purchasable","18":"product-type-simple"},"acf":[],"aioseo_notices":[],"_links":{"self":[{"href":"https:\/\/pro-body.com\/pl\/wp-json\/wp\/v2\/product\/2166","targetHints":{"allow":["GET"]}}],"collection":[{"href":"https:\/\/pro-body.com\/pl\/wp-json\/wp\/v2\/product"}],"about":[{"href":"https:\/\/pro-body.com\/pl\/wp-json\/wp\/v2\/types\/product"}],"replies":[{"embeddable":true,"href":"https:\/\/pro-body.com\/pl\/wp-json\/wp\/v2\/comments?post=2166"}],"wp:featuredmedia":[{"embeddable":true,"href":"https:\/\/pro-body.com\/pl\/wp-json\/wp\/v2\/media\/2191"}],"wp:attachment":[{"href":"https:\/\/pro-body.com\/pl\/wp-json\/wp\/v2\/media?parent=2166"}],"wp:term":[{"taxonomy":"product_brand","embeddable":true,"href":"https:\/\/pro-body.com\/pl\/wp-json\/wp\/v2\/product_brand?post=2166"},{"taxonomy":"product_cat","embeddable":true,"href":"https:\/\/pro-body.com\/pl\/wp-json\/wp\/v2\/product_cat?post=2166"},{"taxonomy":"product_tag","embeddable":true,"href":"https:\/\/pro-body.com\/pl\/wp-json\/wp\/v2\/product_tag?post=2166"}],"curies":[{"name":"wp","href":"https:\/\/api.w.org\/{rel}","templated":true}]}}