{"id":2169,"date":"2023-09-13T10:01:50","date_gmt":"2023-09-13T08:01:50","guid":{"rendered":"https:\/\/pro-body.com\/pl\/?post_type=product&#038;p=2169"},"modified":"2025-11-05T19:03:05","modified_gmt":"2025-11-05T18:03:05","slug":"bpc-157-tb-500-55mg","status":"publish","type":"product","link":"https:\/\/pro-body.com\/pl\/produkt\/bpc-157-tb-500-55mg\/","title":{"rendered":"BPC-157 + TB-500 5+5mg"},"content":{"rendered":"<h1>BPC-157 + TB-500 &#8211; po\u0142\u0105czenie dw\u00f3ch najlepszych peptyd\u00f3w na regeneracj\u0119<\/h1>\n<p>BPC-157 + TB-500 najlepsze po\u0142\u0105czenie peptyd\u00f3w regeneracyjnych na rynku! Czy mo\u017ce by\u0107 co\u015b lepszego od BPC-157 na regeneracj\u0119? Tak! Po\u0142\u0105czenie peptydu BPC razem z TB-500 w jednym flakoniku. Oferujemy produkt, kt\u00f3ry jest numerem jeden na leczenie kontuzji i przyspieszenie regeneracji. Poni\u017cej opisali\u015bmy ka\u017cdy ze sk\u0142adnik\u00f3w, aby maksymalnie przybli\u017cy\u0107 Ci ich dzia\u0142anie.<\/p>\n<h2>Co to jest BPC-157 i jak dzia\u0142a?<\/h2>\n<p>Peptyd BPC-157 to skr\u00f3t od nazwy Body Protective Compound 157. Jest to zwi\u0105zek chemiczny, kt\u00f3ry sk\u0142ada si\u0119 z 15 aminokwas\u00f3w. Zosta\u0142 odkryty w latach 90.\u00a0Peptyd BPC-157 dzia\u0142a na wiele sposob\u00f3w. Przede wszystkim poprawia gojenie si\u0119 tkanek i redukuje stan zapalny. Badania wykaza\u0142y, \u017ce peptyd BPC-157 stymuluje produkcj\u0119 kolagenu, kt\u00f3ry jest g\u0142\u00f3wnym sk\u0142adnikiem tkanki \u0142\u0105cznej. Dzi\u0119ki temu mo\u017ce pom\u00f3c w leczeniu uraz\u00f3w staw\u00f3w, \u015bci\u0119gien, wi\u0119zade\u0142 oraz mi\u0119\u015bni. Peptyd BPC-157 r\u00f3wnie\u017c poprawia przep\u0142yw krwi i dostarczanie sk\u0142adnik\u00f3w od\u017cywczych do tkanek, co sprzyja regeneracji. Ponadto wykazano, \u017ce peptyd BPC-157 ma dzia\u0142anie neuroprotekcyjne, czyli chroni uk\u0142ad nerwowy przed uszkodzeniami. Jego ciekaw\u0105 w\u0142a\u015bciwo\u015bci\u0105 jest zdolno\u015b\u0107 do stymulowania powstawania nowych naczy\u0144 krwiono\u015bnych.<\/p>\n<h2>Jakie s\u0105 korzy\u015bci stosowania peptydu BPC-157?<\/h2>\n<p>Stosowanie peptydu BPC-157 mo\u017ce przynie\u015b\u0107 wiele korzy\u015bci. Poni\u017cej przedstawiamy niekt\u00f3re z nich:<\/p>\n<ul>\n<li>Poprawia gojenie si\u0119 tkanek \u2014 Peptyd BPC-157 stymuluje produkcj\u0119 kolagenu, co przyspiesza gojenie si\u0119 tkanek. Dzi\u0119ki temu mo\u017ce pom\u00f3c w leczeniu uraz\u00f3w staw\u00f3w, \u015bci\u0119gien, wi\u0119zade\u0142 oraz mi\u0119\u015bni.<\/li>\n<li>Redukuje stan zapalny \u2014 Peptyd BPC-157 dzia\u0142a przeciwzapalnie, redukuj\u0105c stan zapalny w tkanek. Mo\u017ce to pom\u00f3c w leczeniu chor\u00f3b zapalnych, takich jak choroby autoimmunologiczne.<\/li>\n<li>Poprawia przep\u0142yw krwi i dostarczanie sk\u0142adnik\u00f3w od\u017cywczych \u2014 Peptyd BPC-157 poprawia przep\u0142yw krwi i dostarczanie sk\u0142adnik\u00f3w od\u017cywczych do tkanek, co sprzyja regeneracji. Mo\u017ce to pom\u00f3c w leczeniu uraz\u00f3w oraz chor\u00f3b przewlek\u0142ych.<\/li>\n<li>Chroni uk\u0142ad nerwowy \u2014 Peptyd BPC-157 ma dzia\u0142anie neuroprotekcyjne, czyli chroni uk\u0142ad nerwowy przed uszkodzeniami. Mo\u017ce to pom\u00f3c w leczeniu chor\u00f3b neurodegeneracyjnych, takich jak choroba Parkinson<\/li>\n<li>Poprawia trawienie \u2014 Badania wykaza\u0142y, \u017ce peptyd BPC-157 poprawia trawienie i przyswajanie sk\u0142adnik\u00f3w od\u017cywczych. Mo\u017ce to pom\u00f3c w leczeniu chor\u00f3b jelitowych, takich jak choroba Crohna czy wrzodziej\u0105ce zapalenie jelita grubego.<\/li>\n<li>Leczy choroby serca i naczy\u0144 krwiono\u015bnych \u2014 Peptyd BPC-157 ma dzia\u0142anie kardioprotekcyjne, czyli chroni serce przed uszkodzeniami. Mo\u017ce to pom\u00f3c w leczeniu chor\u00f3b serca i naczy\u0144 krwiono\u015bnych, takich jak mia\u017cd\u017cyca czy choroba wie\u0144cowa.<\/li>\n<\/ul>\n<h2>Jak stosowa\u0107 peptyd BPC?<\/h2>\n<p>Peptyd BPC-157 nale\u017cy podawa\u0107 miejscowo, najlepiej w okolice miejsca dotkni\u0119tego kontuzj\u0105.\u00a0Peptyd BPC-157 uwa\u017ca si\u0119 za w pe\u0142ni bezpieczny \u015brodek, kt\u00f3ry nie powoduje skutk\u00f3w ubocznych.<\/p>\n<h2>Czym jest peptyd TB-500 i jak dzia\u0142a?<\/h2>\n<p>Peptyd TB-500 to syntetyczny fragment bia\u0142ka, kt\u00f3ry sk\u0142ada si\u0119 z 44 aminokwas\u00f3w. Zosta\u0142 odkryty w 1984 roku w Ludwigsburgu w Niemczech i od tego czasu zyska\u0142 ogromn\u0105 popularno\u015b\u0107 w \u015bwiecie sportowym. Jest to zwi\u0105zkiem, kt\u00f3ry wp\u0142ywa na procesy regeneracji, przyspiesza gojenie si\u0119 tkanek oraz chroni przed uszkodzeniami mi\u0119\u015bni i staw\u00f3w. Peptyd dzia\u0142a poprzez zwi\u0119kszenie poziomu hormonu beta-tymosiny, kt\u00f3ry jest naturalnie produkowany przez organizm. Hormon ten odpowiada za wiele proces\u00f3w regeneracyjnych, w tym za produkcj\u0119 nowych kom\u00f3rek, tworzenie nowych naczy\u0144 krwiono\u015bnych oraz napraw\u0119 uszkodze\u0144 tkanek.<\/p>\n<h2>Wp\u0142yw TB-500 na organizm<\/h2>\n<p>Stosowanie peptydu mo\u017ce przynie\u015b\u0107 wiele korzy\u015bci dla organizmu, w tym:<\/p>\n<ul>\n<li>Przyspieszenie gojenia si\u0119 tkanek &#8211; Mo\u017ce pom\u00f3c w szybszym gojeniu si\u0119 ran, uraz\u00f3w i uszkodze\u0144 mi\u0119\u015bni oraz staw\u00f3w. Zwi\u0119ksza produkcj\u0119 nowych kom\u00f3rek oraz naczy\u0144 krwiono\u015bnych, co przyspiesza procesy regeneracyjne.<\/li>\n<li>Ochrona przed urazami &#8211; Stosowanie peptydu TB-500 mo\u017ce pom\u00f3c w ochronie mi\u0119\u015bni i staw\u00f3w przed uszkodzeniami. Chroni przed stanami zapalnymi, kt\u00f3re mog\u0105 prowadzi\u0107 do powa\u017cniejszych uraz\u00f3w.<\/li>\n<li>Poprawa si\u0142y i wytrzyma\u0142o\u015bci &#8211; Peptyd TB-500 mo\u017ce pom\u00f3c w poprawie si\u0142y i wytrzyma\u0142o\u015bci organizmu. Zwi\u0119ksza produkcj\u0119 czerwonych krwinek, kt\u00f3re s\u0105 odpowiedzialne za transport tlenu do mi\u0119\u015bni. Dzi\u0119ki temu organizm jest w stanie pracowa\u0107 d\u0142u\u017cej i ci\u0119\u017cej.<\/li>\n<li>Poprawa zdrowia serca &#8211; Peptyd TB-500 mo\u017ce pom\u00f3c w poprawie zdrowia serca. Zwi\u0119ksza produkcj\u0119 nowych naczy\u0144 krwiono\u015bnych oraz poprawia przep\u0142yw krwi, co przek\u0142ada si\u0119 na lepsz\u0105 prac\u0119 serca i zmniejsza ryzyko chor\u00f3b sercowo-naczyniowych.<\/li>\n<\/ul>\n<h2>Jak stosowa\u0107 peptyd TB-500?<\/h2>\n<p>Peptyd TB-500 jest zwykle stosowany w formie zastrzyk\u00f3w podsk\u00f3rnych. Dawkowanie zale\u017cy od indywidualnych potrzeb i cel\u00f3w, jednak zwykle rekomenduje si\u0119 stosowanie 2-2,5 mg na tydzie\u0144 przez okres 4-6 tygodni.<\/p>\n<p>Peptyd TB-500 jest stosunkowo bezpiecznym zwi\u0105zkiem i nie powoduje powa\u017cnych skutk\u00f3w ubocznych. Jednak\u017ce, w niekt\u00f3rych przypadkach mog\u0105 wyst\u0105pi\u0107 \u0142agodne reakcje, takie jak b\u00f3l lub zaczerwienienie w miejscu podania zastrzyku.<\/p>\n<h2>BPC-157 + TB-500 po\u0142\u0105czenie idealne<\/h2>\n<p><span style=\"font-weight: 400;\">BPC-157 i TB-500 to dwa popularne peptydy stosowane w celu poprawy zdrowia i regeneracji tkanek. Obie substancje maj\u0105 silne w\u0142a\u015bciwo\u015bci przeciwzapalne, przyspieszaj\u0105ce gojenie i ochronne dla uk\u0142adu nerwowego.\u00a0<\/span><span style=\"font-weight: 400;\">BPC-157 i TB-500 maj\u0105 podobne mechanizmy dzia\u0142ania, ale r\u00f3\u017cni\u0105 si\u0119 nieco w zakresie swojego wp\u0142ywu na organizm. Po\u0142\u0105czenie tych dw\u00f3ch peptyd\u00f3w mo\u017ce da\u0107 synergiczny efekt, czyli wi\u0119kszy ni\u017c suma dzia\u0142ania ka\u017cdego z nich osobno. Oto niekt\u00f3re z korzy\u015bci p\u0142yn\u0105cych z po\u0142\u0105czenia BPC-157 i TB-500:<\/span><\/p>\n<ul>\n<li><span style=\"font-size: 16px; font-weight: 400;\">szybsza i skuteczniejsza regeneracja tkanek uszkodzonych przez urazy lub przeci\u0105\u017cenia<\/span><\/li>\n<li>zmniejszenie stanu zapalnego i b\u00f3lu<\/li>\n<li>poprawa funkcji uk\u0142adu nerwowego i nastroju<\/li>\n<li>ochrona przed infekcjami i chorobami autoimmunologicznymi<\/li>\n<\/ul>\n<h2>O czym nale\u017cy pami\u0119ta\u0107 stosuj\u0105c BPC-157 + TB-500?<\/h2>\n<ul>\n<li>Peptydy ukierunkowane s\u0105 na wsparcie regeneracji uszkodzonych tkanek.<\/li>\n<li>Ich dzia\u0142anie nasila procesy naprawcze i ogranicza stany zapalne.<\/li>\n<li>Stosowanie peptyd\u00f3w jest bezpieczne i nie wywo\u0142uje skutk\u00f3w ubocznych.<\/li>\n<\/ul>\n<h3>BPC-157 + TB-500 PEPTYD PRZEZNACZONY DO CEL\u00d3W BADAWCZYCH<\/h3>\n<p>Wszystkie wy\u017cej wymienione w\u0142a\u015bciwo\u015bci obserwuje si\u0119 przy badaniach laboratoryjnych, nierobione na ludziach, maj\u0105 one charakter wy\u0142\u0105cznie informacyjny. Wszelkie informacje zawarte w opisach nie s\u0105 zatwierdzone przez GIS, GIF ani EFSA. Substancja nie jest lekiem, produktem spo\u017cywczym ani suplementem diety, nie nadaje si\u0119 on do spo\u017cycia przez ludzi. Produkt kwalifikuje si\u0119 jako odczynnik chemiczny \/ materia\u0142 odniesienia dopuszczony do obrotu na terenie UE. Mo\u017cna go u\u017cywa\u0107 wy\u0142\u0105cznie do bada\u0144 naukowych. Pozosta\u0142e informacje na temat \u015brodka zawarte s\u0105 w karcie charakterystyki substancji chemicznej, kt\u00f3r\u0105 udost\u0119pniamy do wgl\u0105du. Produkty dost\u0119pne s\u0105 tylko dla instytucji lub os\u00f3b prywatnych, kt\u00f3re s\u0105 powi\u0105zane z dzia\u0142alno\u015bci\u0105 badawcz\u0105 lub laboratoryjn\u0105.<\/p>\n","protected":false},"excerpt":{"rendered":"<p>BPC-157 + TB-500 &#8211; po\u0142\u0105czenie dw\u00f3ch najlepszych peptyd\u00f3w na regeneracj\u0119 BPC-157 + TB-500 najlepsze po\u0142\u0105czenie peptyd\u00f3w regeneracyjnych na rynku! Czy mo\u017ce by\u0107 co\u015b lepszego od BPC-157 na regeneracj\u0119? Tak! Po\u0142\u0105czenie peptydu BPC razem z TB-500 w jednym flakoniku. Oferujemy produkt, kt\u00f3ry jest numerem jeden na leczenie kontuzji i przyspieszenie regeneracji. Poni\u017cej opisali\u015bmy ka\u017cdy ze sk\u0142adnik\u00f3w, &hellip;<\/p>\n<p class=\"read-more\"> <a class=\"\" href=\"https:\/\/pro-body.com\/pl\/produkt\/bpc-157-tb-500-55mg\/\"> <span class=\"screen-reader-text\">BPC-157 + TB-500 5+5mg<\/span> Read More &raquo;<\/a><\/p>\n","protected":false},"featured_media":2194,"comment_status":"open","ping_status":"closed","template":"","meta":{"_acf_changed":false,"site-sidebar-layout":"default","site-content-layout":"","ast-site-content-layout":"default","site-content-style":"default","site-sidebar-style":"default","ast-global-header-display":"","ast-banner-title-visibility":"","ast-main-header-display":"","ast-hfb-above-header-display":"","ast-hfb-below-header-display":"","ast-hfb-mobile-header-display":"","site-post-title":"","ast-breadcrumbs-content":"","ast-featured-img":"","footer-sml-layout":"","theme-transparent-header-meta":"default","adv-header-id-meta":"","stick-header-meta":"","header-above-stick-meta":"","header-main-stick-meta":"","header-below-stick-meta":"","astra-migrate-meta-layouts":"set"},"product_brand":[],"product_cat":[15,96,47,56,52],"product_tag":[],"class_list":{"0":"post-2169","1":"product","2":"type-product","3":"status-publish","4":"has-post-thumbnail","6":"product_cat-bez-kategorii","7":"product_cat-peptydy-iniekcyjne","8":"product_cat-peptydy","9":"product_cat-peptydy-na-kontuzje","10":"product_cat-peptydy-na-regeneracje","11":"desktop-align-center","12":"tablet-align-left","13":"mobile-align-left","15":"first","16":"instock","17":"sale","18":"taxable","19":"shipping-taxable","20":"purchasable","21":"product-type-simple"},"acf":[],"aioseo_notices":[],"_links":{"self":[{"href":"https:\/\/pro-body.com\/pl\/wp-json\/wp\/v2\/product\/2169","targetHints":{"allow":["GET"]}}],"collection":[{"href":"https:\/\/pro-body.com\/pl\/wp-json\/wp\/v2\/product"}],"about":[{"href":"https:\/\/pro-body.com\/pl\/wp-json\/wp\/v2\/types\/product"}],"replies":[{"embeddable":true,"href":"https:\/\/pro-body.com\/pl\/wp-json\/wp\/v2\/comments?post=2169"}],"wp:featuredmedia":[{"embeddable":true,"href":"https:\/\/pro-body.com\/pl\/wp-json\/wp\/v2\/media\/2194"}],"wp:attachment":[{"href":"https:\/\/pro-body.com\/pl\/wp-json\/wp\/v2\/media?parent=2169"}],"wp:term":[{"taxonomy":"product_brand","embeddable":true,"href":"https:\/\/pro-body.com\/pl\/wp-json\/wp\/v2\/product_brand?post=2169"},{"taxonomy":"product_cat","embeddable":true,"href":"https:\/\/pro-body.com\/pl\/wp-json\/wp\/v2\/product_cat?post=2169"},{"taxonomy":"product_tag","embeddable":true,"href":"https:\/\/pro-body.com\/pl\/wp-json\/wp\/v2\/product_tag?post=2169"}],"curies":[{"name":"wp","href":"https:\/\/api.w.org\/{rel}","templated":true}]}}