{"id":2170,"date":"2023-09-13T10:01:50","date_gmt":"2023-09-13T08:01:50","guid":{"rendered":"https:\/\/pro-body.com\/pl\/?post_type=product&#038;p=2170"},"modified":"2026-04-14T23:06:43","modified_gmt":"2026-04-14T21:06:43","slug":"mk-677-10mg-60-kapsulek","status":"publish","type":"product","link":"https:\/\/pro-body.com\/pl\/produkt\/mk-677-10mg-60-kapsulek\/","title":{"rendered":"MK-677 10MG 60 kapsu\u0142ek"},"content":{"rendered":"<h3>PRZEZNACZONY DO CEL\u00d3W BADAWCZYCH!<\/h3>\n<p>Wszystkie wy\u017cej wymienione w\u0142a\u015bciwo\u015bci obserwuje si\u0119 przy badaniach laboratoryjnych, nierobione na ludziach, maj\u0105 one charakter wy\u0142\u0105cznie informacyjny. Wszelkie informacje zawarte w opisach nie zatwierdzono przez GIS, GIF ani EFSA. Substancja nie jest lekiem, produktem spo\u017cywczym ani suplementem diety, nie nadaje si\u0119 on do spo\u017cycia przez ludzi. Produkt kwalifikuje si\u0119 jako odczynnik chemiczny \/ materia\u0142 odniesienia dopuszczony do obrotu na terenie UE. Mo\u017cna go u\u017cywa\u0107 wy\u0142\u0105cznie do bada\u0144 naukowych. Pozosta\u0142e informacje na temat \u015brodka zawarto w karcie charakterystyki substancji chemicznej, kt\u00f3r\u0105 udost\u0119pniamy do wgl\u0105du. Produkty dost\u0119pne s\u0105 tylko dla instytucji lub os\u00f3b prywatnych, kt\u00f3re s\u0105 powi\u0105zane z dzia\u0142alno\u015bci\u0105 badawcz\u0105 lub laboratoryjn\u0105.<\/p>\n","protected":false},"excerpt":{"rendered":"<p>PRZEZNACZONY DO CEL\u00d3W BADAWCZYCH! Wszystkie wy\u017cej wymienione w\u0142a\u015bciwo\u015bci obserwuje si\u0119 przy badaniach laboratoryjnych, nierobione na ludziach, maj\u0105 one charakter wy\u0142\u0105cznie informacyjny. Wszelkie informacje zawarte w opisach nie zatwierdzono przez GIS, GIF ani EFSA. Substancja nie jest lekiem, produktem spo\u017cywczym ani suplementem diety, nie nadaje si\u0119 on do spo\u017cycia przez ludzi. Produkt kwalifikuje si\u0119 jako odczynnik &hellip;<\/p>\n<p class=\"read-more\"> <a class=\"\" href=\"https:\/\/pro-body.com\/pl\/produkt\/mk-677-10mg-60-kapsulek\/\"> <span class=\"screen-reader-text\">MK-677 10MG 60 kapsu\u0142ek<\/span> Read More &raquo;<\/a><\/p>\n","protected":false},"featured_media":94523,"comment_status":"open","ping_status":"closed","template":"","meta":{"_acf_changed":false,"site-sidebar-layout":"default","site-content-layout":"","ast-site-content-layout":"default","site-content-style":"default","site-sidebar-style":"default","ast-global-header-display":"","ast-banner-title-visibility":"","ast-main-header-display":"","ast-hfb-above-header-display":"","ast-hfb-below-header-display":"","ast-hfb-mobile-header-display":"","site-post-title":"","ast-breadcrumbs-content":"","ast-featured-img":"","footer-sml-layout":"","theme-transparent-header-meta":"default","adv-header-id-meta":"","stick-header-meta":"","header-above-stick-meta":"","header-main-stick-meta":"","header-below-stick-meta":"","astra-migrate-meta-layouts":"set"},"product_brand":[],"product_cat":[15,98,64,60,61,63],"product_tag":[],"class_list":{"0":"post-2170","1":"product","2":"type-product","3":"status-publish","4":"has-post-thumbnail","6":"product_cat-bez-kategorii","7":"product_cat-sarmy-w-kapsulkach","8":"product_cat-sarm-y-na-sile","9":"product_cat-sarm","10":"product_cat-sarmy-na-mase-miesniowa","11":"product_cat-sarmy-na-utwardzenie-sylwetki","12":"desktop-align-center","13":"tablet-align-left","14":"mobile-align-left","16":"first","17":"instock","18":"sale","19":"taxable","20":"shipping-taxable","21":"purchasable","22":"product-type-simple"},"acf":[],"aioseo_notices":[],"_links":{"self":[{"href":"https:\/\/pro-body.com\/pl\/wp-json\/wp\/v2\/product\/2170","targetHints":{"allow":["GET"]}}],"collection":[{"href":"https:\/\/pro-body.com\/pl\/wp-json\/wp\/v2\/product"}],"about":[{"href":"https:\/\/pro-body.com\/pl\/wp-json\/wp\/v2\/types\/product"}],"replies":[{"embeddable":true,"href":"https:\/\/pro-body.com\/pl\/wp-json\/wp\/v2\/comments?post=2170"}],"wp:featuredmedia":[{"embeddable":true,"href":"https:\/\/pro-body.com\/pl\/wp-json\/wp\/v2\/media\/94523"}],"wp:attachment":[{"href":"https:\/\/pro-body.com\/pl\/wp-json\/wp\/v2\/media?parent=2170"}],"wp:term":[{"taxonomy":"product_brand","embeddable":true,"href":"https:\/\/pro-body.com\/pl\/wp-json\/wp\/v2\/product_brand?post=2170"},{"taxonomy":"product_cat","embeddable":true,"href":"https:\/\/pro-body.com\/pl\/wp-json\/wp\/v2\/product_cat?post=2170"},{"taxonomy":"product_tag","embeddable":true,"href":"https:\/\/pro-body.com\/pl\/wp-json\/wp\/v2\/product_tag?post=2170"}],"curies":[{"name":"wp","href":"https:\/\/api.w.org\/{rel}","templated":true}]}}