{"id":2176,"date":"2023-09-13T10:01:51","date_gmt":"2023-09-13T08:01:51","guid":{"rendered":"https:\/\/pro-body.com\/pl\/?post_type=product&#038;p=2176"},"modified":"2025-11-05T18:55:48","modified_gmt":"2025-11-05T17:55:48","slug":"igf-1-des-5mg","status":"publish","type":"product","link":"https:\/\/pro-body.com\/pl\/produkt\/igf-1-des-5mg\/","title":{"rendered":"IGF-1 DES 5mg"},"content":{"rendered":"<h1>IGF-1 DES peptyd buduj\u0105cy mi\u0119\u015bnie<\/h1>\n<p><strong>IGF-1 DES jest hormonem peptydowym<\/strong>, kt\u00f3ry wzbudza wiele emocji w\u015br\u00f3d kulturyst\u00f3w. Wszystko za spraw\u0105 jego pot\u0119\u017cnego dzia\u0142ania, kt\u00f3re ma bezpo\u015bredni wp\u0142yw na budow\u0119 nowych tkanek mi\u0119\u015bniowych. Oznacza to, \u017ce peptyd daje nam okazj\u0119 do jeszcze wi\u0119kszego wzrostu masy mi\u0119\u015bniowej poprzez dostarczenie czynnika bezpo\u015brednio odpowiadaj\u0105cego za jej rozw\u00f3j. Czym jest IGF-DES? Jakie ma dzia\u0142anie? Z czym go \u0142\u0105czy\u0107? Na te pytania odpowiadamy w dalszej cz\u0119\u015bci tekstu.<\/p>\n<h2>Co to jest peptyd IGF-DES?<\/h2>\n<p><strong>IGF-DES jest jednym z dw\u00f3ch g\u0142\u00f3wnych typ\u00f3w IGF-1 insulinopodobnego czynnika wzrostu.<\/strong> Jest znany z dzia\u0142ania, kt\u00f3re skutecznie nasila procesy regeneracyjne, ale i bezpo\u015brednio odpowiada za przemiany anaboliczne w mi\u0119\u015bniach. <strong>IGF-1 wytwarzane jest przez w\u0105trob\u0119 z insuliny<\/strong>, jak i hormonu wzrostu. Jednak trzeba tutaj zaznaczy\u0107, \u017ce klasyczne IGF-1 nie jest na tyle aktywne anabolicznie (zwi\u0105zana z bia\u0142kiem), gdy\u017c nie jest w stanie \u0142\u0105czy\u0107 si\u0119 z receptorami, a tym samym pobudza\u0107 mi\u0119\u015bnia do wzrostu. Jednak poprzez prosty zabieg usuni\u0119cia 3 ostatnich aminokwas\u00f3w w \u0142a\u0144cuchu IGF-1 otrzymujemy DES (1-3) IGF.<\/p>\n<p>Innym szczeg\u00f3\u0142em, kt\u00f3ry odr\u00f3\u017cnia IGF-DES od klasycznego IGF-1 to jego zdolno\u015b\u0107 do dopasowania si\u0119 do receptora mi\u0119\u015bniowego.<\/p>\n<h2>Jak dzia\u0142a produkt IGF-DES?<\/h2>\n<p>Mechanizm dzia\u0142ania IGF-DES jest skomplikowany i jego om\u00f3wienie wymaga\u0142oby wyt\u0142umaczenia kilku proces\u00f3w chemicznych. Jednak mo\u017cemy napisa\u0107 w uproszczeniu, \u017ce ma on wp\u0142yw na funkcjonowanie kom\u00f3rek. Po pierwsze <strong>IGF1-DES jest jak gdyby zapalnikiem, kt\u00f3ry wywo\u0142uje szereg reakcji sprzyjaj\u0105cych wzrostowi kom\u00f3rek, jak i ich dzieleniu. <\/strong>Po drugie ma wp\u0142yw m.in. na g\u0119sto\u015b\u0107 ko\u015bci i dzia\u0142a antykatabolicznie.<\/p>\n<p>Musisz te\u017c wiedzie\u0107, \u017ce <strong>IGF-DES nie jest ca\u0142kowicie obcym peptydem dla naszego cia\u0142a.<\/strong> Podczas treningu dochodzi do reakcji, kt\u00f3re powoduj\u0105 wydzielanie kwasu mlekowego w mi\u0119\u015bniach. To w\u0142a\u015bnie to palenie jest kluczowym elementem wzrostu mi\u0119\u015bniowego. Wtedy te\u017c powstaje w mi\u0119\u015bniach IGF-DES. Oczywi\u015bcie reakcja ta trwa jedynie tylko kilkana\u015bcie minut.<\/p>\n<p>W odpowiedzi na te mechanizmy powsta\u0142 nasz produkt IGF-DES, kt\u00f3ry mo\u017cecie bezpo\u015brednio wykorzysta\u0107 przed treningiem, aby zwi\u0119kszy\u0107 swoje przyrosty. <strong>IGF-DES opracowano, aby trafia\u0107 do docelowych tkanek.<\/strong>\u00a0Oznacza to, \u017ce wykorzystujemy tutaj bezpo\u015bredni\u0105 iniekcj\u0119 w mi\u0119sie\u0144, kt\u00f3ry chcemy poprawi\u0107 i rozbudowa\u0107. Co wa\u017cne jest on du\u017co bardziej skuteczny w dzia\u0142aniu, je\u017celi chodzi o poziom anabolizmu, ale i rozwoju nowych kom\u00f3rek mi\u0119\u015bniowych.<\/p>\n<p>Peptyd IGF-DES wykazuje r\u00f3wnie\u017c silne dzia\u0142anie spalaj\u0105ce t\u0142uszcz. Oznacza to, \u017ce mo\u017cemy jednocze\u015bnie wykorzysta\u0107 jego anaboliczne w\u0142a\u015bciwo\u015bci i przy okazji wykorzysta\u0107 dzia\u0142anie redukcyjne.<\/p>\n<h2>Korzy\u015bci z u\u017cycia IGF-1 DES<\/h2>\n<ul>\n<li>Silne dzia\u0142anie anaboliczne,<\/li>\n<li>Wzrost nowych kom\u00f3rek mi\u0119\u015bniowych,<\/li>\n<li>Dzia\u0142a antykatabolicznie,<\/li>\n<li>Zwi\u0119ksza g\u0119sto\u015b\u0107 mineralna ko\u015bci,<\/li>\n<li>Przyspiesza spalanie tkanki t\u0142uszczowej,<\/li>\n<li>Poprawia regeneracje,<\/li>\n<li>Przyspiesza gojenie sie\u0328 ran.<\/li>\n<\/ul>\n<h2>Z czym \u0142\u0105czy\u0107 i jak dawkowa\u0107 IGF-1 DES?<\/h2>\n<p>Dawkowanie:<br \/>\n-podsko\u0301rnie lub domie\u0328s\u0301niowo<br \/>\n-od 25 mcg do 150 mcg<br \/>\n-do 6 tygodni stosowania<\/p>\n<p><strong>IGF-1 DES jest analogiem IGF-1,<\/strong> a co za tym idzie posiada szereg takich samych w\u0142a\u015bciwo\u015bci i funkcji. W organizmie, ludzki hormon wzrostu (hGH) przenika do tkanek wysy\u0142aj\u0105c sygna\u0142y inicjuj\u0105ce wiele proces\u00f3w anabolicznych. Kiedy hGH dotrze do w\u0105troby, wchodzi w reakcj\u0119 i wytwarza IGF-1. St\u0105d IGF-1 rozprzestrzenia si\u0119 w organizmie, stwarzaj\u0105c mo\u017cliwo\u015b\u0107 rozrostu w wi\u0119kszo\u015bci typ\u00f3w kom\u00f3rek. [2] IGF-1 jest szybko wch\u0142aniany przez bia\u0142ko no\u015bnikowe IGFBP. [3]<\/p>\n<p>IGF-1 DES os\u0142abia proces wch\u0142aniania dzi\u0119ki swojej odmiennej strukturze. B\u0119d\u0105c kr\u00f3tszym ni\u017c IGF-1, IGF-1 DES nie podlega tak silnemu dzia\u0142aniu IGFBP. Oznacza to, \u017ce pozostaje w organizmie d\u0142u\u017cej, wchodz\u0105c w interakcje z kom\u00f3rkami.<\/p>\n<p><strong>Badania naukowe<\/strong><br \/>\nPrzeprowadzono kilka bada\u0144 nad IGF-1 I jego analogami, w\u0142\u0105czaj\u0105c w to IGF-1 DES. Badanie na \u017cywych myszach wykaza\u0142o pewne efekty dzia\u0142ania IGF-1 DES. W badaniu, myszom wstrzykiwano peptyd codziennie przez okres trzech tygodni. Na koniec badania u zwierz\u0105t zaobserwowano wy\u017csz\u0105 mas\u0119 mi\u0119\u015bniowa, r\u00f3wnie\u017c w obr\u0119bie serca. [1]<\/p>\n<p>Peptyd IGF1 DES mo\u017cemy po\u0142\u0105czy\u0107 z hormonem wzrostu <a href=\"https:\/\/pl.pro-peptydy.com\/produkt\/oxytropin-2\/\">OXYTROPIN<\/a> lub produktami stymuluj\u0105cymi wydzielanie GH. \u0141\u0105czy si\u0119 tez go z peptydem GHRP-6; GHRP-2 czy te\u017c CJC-1295 z DAC.<\/p>\n<p><a href=\"https:\/\/pubmed.ncbi.nlm.nih.gov\/8930132\/\">\u0179r\u00f3d\u0142o<\/a><\/p>\n<h3>Produkt do cel\u00f3w badawczych<\/h3>\n<p>Wszystkie wy\u017cej wymienione w\u0142a\u015bciwo\u015bci obserwuje si\u0119 przy badaniach laboratoryjnych, nierobione na ludziach, maj\u0105 one charakter wy\u0142\u0105cznie informacyjny. Wszelkie informacje zawarte w opisach nie s\u0105 zatwierdzone przez GIS, GIF ani EFSA. Substancja nie jest lekiem, produktem spo\u017cywczym ani suplementem diety, nie nadaje si\u0119 on do spo\u017cycia przez ludzi. Produkt kwalifikuje si\u0119 jako odczynnik chemiczny \/ materia\u0142 odniesienia dopuszczony do obrotu na terenie UE. Mo\u017cna go u\u017cywa\u0107 wy\u0142\u0105cznie do bada\u0144 naukowych. Pozosta\u0142e informacje na temat \u015brodka zawarte s\u0105 w karcie charakterystyki substancji chemicznej, kt\u00f3r\u0105 udost\u0119pniamy do wgl\u0105du. Produkty dost\u0119pne s\u0105 tylko dla instytucji lub os\u00f3b prywatnych, kt\u00f3re s\u0105 powi\u0105zane z dzia\u0142alno\u015bci\u0105 badawcz\u0105 lub laboratoryjn\u0105.<\/p>\n","protected":false},"excerpt":{"rendered":"<p>IGF-1 DES peptyd buduj\u0105cy mi\u0119\u015bnie IGF-1 DES jest hormonem peptydowym, kt\u00f3ry wzbudza wiele emocji w\u015br\u00f3d kulturyst\u00f3w. Wszystko za spraw\u0105 jego pot\u0119\u017cnego dzia\u0142ania, kt\u00f3re ma bezpo\u015bredni wp\u0142yw na budow\u0119 nowych tkanek mi\u0119\u015bniowych. Oznacza to, \u017ce peptyd daje nam okazj\u0119 do jeszcze wi\u0119kszego wzrostu masy mi\u0119\u015bniowej poprzez dostarczenie czynnika bezpo\u015brednio odpowiadaj\u0105cego za jej rozw\u00f3j. Czym jest IGF-DES? &hellip;<\/p>\n<p class=\"read-more\"> <a class=\"\" href=\"https:\/\/pro-body.com\/pl\/produkt\/igf-1-des-5mg\/\"> <span class=\"screen-reader-text\">IGF-1 DES 5mg<\/span> Read More &raquo;<\/a><\/p>\n","protected":false},"featured_media":2201,"comment_status":"open","ping_status":"closed","template":"","meta":{"_acf_changed":false,"site-sidebar-layout":"default","site-content-layout":"","ast-site-content-layout":"default","site-content-style":"default","site-sidebar-style":"default","ast-global-header-display":"","ast-banner-title-visibility":"","ast-main-header-display":"","ast-hfb-above-header-display":"","ast-hfb-below-header-display":"","ast-hfb-mobile-header-display":"","site-post-title":"","ast-breadcrumbs-content":"","ast-featured-img":"","footer-sml-layout":"","theme-transparent-header-meta":"default","adv-header-id-meta":"","stick-header-meta":"","header-above-stick-meta":"","header-main-stick-meta":"","header-below-stick-meta":"","astra-migrate-meta-layouts":"set"},"product_brand":[],"product_cat":[15,96,47],"product_tag":[],"class_list":{"0":"post-2176","1":"product","2":"type-product","3":"status-publish","4":"has-post-thumbnail","6":"product_cat-bez-kategorii","7":"product_cat-peptydy-iniekcyjne","8":"product_cat-peptydy","9":"desktop-align-center","10":"tablet-align-left","11":"mobile-align-left","13":"first","14":"instock","15":"sale","16":"taxable","17":"shipping-taxable","18":"purchasable","19":"product-type-simple"},"acf":[],"aioseo_notices":[],"_links":{"self":[{"href":"https:\/\/pro-body.com\/pl\/wp-json\/wp\/v2\/product\/2176","targetHints":{"allow":["GET"]}}],"collection":[{"href":"https:\/\/pro-body.com\/pl\/wp-json\/wp\/v2\/product"}],"about":[{"href":"https:\/\/pro-body.com\/pl\/wp-json\/wp\/v2\/types\/product"}],"replies":[{"embeddable":true,"href":"https:\/\/pro-body.com\/pl\/wp-json\/wp\/v2\/comments?post=2176"}],"wp:featuredmedia":[{"embeddable":true,"href":"https:\/\/pro-body.com\/pl\/wp-json\/wp\/v2\/media\/2201"}],"wp:attachment":[{"href":"https:\/\/pro-body.com\/pl\/wp-json\/wp\/v2\/media?parent=2176"}],"wp:term":[{"taxonomy":"product_brand","embeddable":true,"href":"https:\/\/pro-body.com\/pl\/wp-json\/wp\/v2\/product_brand?post=2176"},{"taxonomy":"product_cat","embeddable":true,"href":"https:\/\/pro-body.com\/pl\/wp-json\/wp\/v2\/product_cat?post=2176"},{"taxonomy":"product_tag","embeddable":true,"href":"https:\/\/pro-body.com\/pl\/wp-json\/wp\/v2\/product_tag?post=2176"}],"curies":[{"name":"wp","href":"https:\/\/api.w.org\/{rel}","templated":true}]}}