{"id":56370,"date":"2023-10-08T22:34:41","date_gmt":"2023-10-08T20:34:41","guid":{"rendered":"https:\/\/pro-body.com\/pl\/?post_type=product&#038;p=56370"},"modified":"2025-10-22T12:11:49","modified_gmt":"2025-10-22T10:11:49","slug":"ghk-cu-50mg","status":"publish","type":"product","link":"https:\/\/pro-body.com\/pl\/produkt\/ghk-cu-50mg\/","title":{"rendered":"GHK-Cu 50mg"},"content":{"rendered":"<h1>Peptyd GHK-Cu 50 mg<\/h1>\n<p>Peptyd GHK-Cu 50 mg to najwy\u017cszej jako\u015bci peptyd marki Endogenic. Sk\u00f3ra to nasza wizyt\u00f3wka i odbicie zdrowia. Dlatego warto zadba\u0107 o ni\u0105 jak najlepiej. Jednym z najnowszych odkry\u0107 w dziedzinie piel\u0119gnacji sk\u00f3ry jest peptyd <strong>GHK-Cu<\/strong>. Ten niesamowity sk\u0142adnik mo\u017ce zdzia\u0142a\u0107 cuda dla Twojej sk\u00f3ry.\u00a0 Czytaj\u0105c opis przede wszystkim dowiedz si\u0119, dlaczego warto go wypr\u00f3bowa\u0107. Jak dzia\u0142a GHK-Cu? Z czym go \u0142\u0105czy\u0107 i jak dawkowa\u0107? Wszystko to dowiesz si\u0119 w dalszej cz\u0119\u015bci tekstu.<\/p>\n<h2>Peptyd GHK-Cu: Co To W\u0142a\u015bciwie Jest?<\/h2>\n<p>Peptyd GHK-Cu to pot\u0119\u017cny zwi\u0105zek, kt\u00f3ry skrywa w sobie tajemnic\u0119 m\u0142odo\u015bci i zdrowia sk\u00f3ry. <strong>Jest to po\u0142\u0105czenie trzech sk\u0142adnik\u00f3w: glicyny, histydyny i lizyny, kt\u00f3re tworz\u0105 niezwykle korzystny dla sk\u00f3ry peptyd.<\/strong> Peptydy s\u0105 to r\u00f3\u017cnego rodzaju zwi\u0105zki sk\u0142adaj\u0105ce si\u0119 z aminokwas\u00f3w. Specjalna sekwencja aminokwas\u00f3w sprawia, \u017ce wykazuj\u0105 one w ciele cz\u0142owieka szereg specyficznych dzia\u0142a\u0144. W przypadku peptydu GHK-CU mamy do czynienia z jego wp\u0142ywem na sekcje beauty, jak i elementy prozdrowotne.<\/p>\n<h2>Jak Dzia\u0142a produkt GHK-Cu 50 mg?<\/h2>\n<p>Ten <strong>peptyd ma zdolno\u015b\u0107 stymulowania produkcji kolagenu w sk\u00f3rze.<\/strong> Kolagen jest kluczowym sk\u0142adnikiem utrzymuj\u0105cym nasz\u0105 sk\u00f3r\u0119 j\u0119drn\u0105 i elastyczn\u0105. Z wiekiem jego produkcja maleje, co prowadzi do powstawania zmarszczek i utraty spr\u0119\u017cysto\u015bci sk\u00f3ry. Peptyd GHK-Cu mo\u017ce odwr\u00f3ci\u0107 ten proces i przywr\u00f3ci\u0107 m\u0142odzie\u0144cz\u0105 sk\u00f3r\u0119. <strong>Substancja <\/strong>aktywna wp\u0142ywa te\u017c na inne cz\u0119\u015bci cia\u0142a np. w\u0142osy i paznokcie.<\/p>\n<h2>Korzy\u015bci Z U\u017cycia Peptydu GHK-Cu 50 mg<\/h2>\n<p>Korzystanie z peptydu GHK-Cu mo\u017ce przynie\u015b\u0107 wiele korzy\u015bci dla Twojej sk\u00f3ry. Oto niekt\u00f3re z najwa\u017cniejszych:<\/p>\n<ul>\n<li><strong>Redukcja Zmarszczek:<\/strong> Dzi\u0119ki zwi\u0119kszonej produkcji kolagenu, zmarszczki staj\u0105 si\u0119 mniej widoczne, a sk\u00f3ra wygl\u0105da m\u0142odziej.<\/li>\n<li><strong>Poprawa Elastyczno\u015bci:<\/strong> Sk\u00f3ra staje si\u0119 bardziej elastyczna, co przek\u0142ada si\u0119 na jej spr\u0119\u017cysto\u015b\u0107.<\/li>\n<li><strong>Wyg\u0142adzenie Nier\u00f3wno\u015bci:<\/strong> Peptyd GHK-Cu pomaga wyg\u0142adzi\u0107 nier\u00f3wno\u015bci sk\u00f3ry, takie jak blizny czy przebarwienia.<\/li>\n<li><strong>Przyspieszenie Proces\u00f3w Naprawczych: <\/strong>Sk\u00f3ra szybciej regeneruje si\u0119 po uszkodzeniach, co jest szczeg\u00f3lnie wa\u017cne po opalaniu czy mikrodermabrazji.<\/li>\n<\/ul>\n<h3><strong>Dawkowanie peptydu GHK-Cu 50 mg<\/strong><\/h3>\n<p>Teraz kiedy wiesz, jak korzystny jest peptyd GHK-Cu, by\u0107 mo\u017ce zastanawiasz si\u0119, jak go u\u017cy\u0107. Mo\u017cesz znale\u017a\u0107 go w wielu kosmetykach, takich jak kremy, serum czy maski do twarzy. Warto jednak skonsultowa\u0107 si\u0119 z dermatologiem, aby dobra\u0107 produkt odpowiedni dla Twojego typu sk\u00f3ry.<\/p>\n<p>Zaleca si\u0119 wykonanie tzw. \u0142adowania peptydem w ilo\u015bci <strong>1-2 mg na dzie\u0144. <\/strong>Kuracja powinna trwa\u0107 maksymalnie <strong>30 dni. <\/strong>Ilo\u015b\u0107 cykli w tygodniu nie powinna wynosi\u0107 wi\u0119cej ni\u017c <strong>1-2 razy do roku.\u00a0<\/strong><\/p>\n<p><strong>Dzia\u0142anie peptydu uzupe\u0142nia <a href=\"https:\/\/pl.pro-peptydy.com\/produkt\/epithalon-10mg\/\">Epithalon<\/a>.<\/strong> Przy kuracji GHK-Cu warto rozwa\u017cy\u0107 po\u0142\u0105czenie obu peptyd\u00f3w.<\/p>\n<h3>Podsumowanie<\/h3>\n<p>Peptyd GHK-Cu to prawdziwy sekret m\u0142odo\u015bci Twojej sk\u00f3ry. Dzia\u0142a on skutecznie na wiele poziom\u00f3w, przynosz\u0105c widoczne rezultaty. Je\u015bli marzysz o m\u0142odzie\u0144czej i zdrowszej sk\u00f3rze, koniecznie wypr\u00f3buj kosmetyki zawieraj\u0105ce ten niezwyk\u0142y sk\u0142adnik. Twoja sk\u00f3ra na pewno Ci podzi\u0119kuje.<\/p>\n<p><strong>\u0179r\u00f3d\u0142a:<\/strong><\/p>\n<p><a href=\"https:\/\/www.ncbi.nlm.nih.gov\/pmc\/articles\/PMC4508379\/\">Badania<\/a><\/p>\n<h3>PRZEZNACZONY DO CEL\u00d3W BADAWCZYCH!<\/h3>\n<p>Wszystkie wy\u017cej wymienione w\u0142a\u015bciwo\u015bci zaobserwowano przy badaniach laboratoryjnych, a co za tym idzie nie by\u0142y one robione na ludziach, maj\u0105 one charakter wy\u0142\u0105cznie informacyjny. Wszelkie informacje zawarte w opisach nie s\u0105 zatwierdzone przez GIS, GIF ani EFSA. Substancja nie jest lekiem, produktem spo\u017cywczym ani suplementem diety, nie nadaje si\u0119 on do spo\u017cycia przez ludzi. Produkt jest kwalifikowany jako odczynnik chemiczny \/ materia\u0142 odniesienia dopuszczony do obrotu na terenie UE. Mo\u017cna go u\u017cywa\u0107 wy\u0142\u0105cznie do bada\u0144 naukowych. Pozosta\u0142e informacje na temat \u015brodka zawarte s\u0105 w karcie charakterystyki substancji chemicznej, kt\u00f3r\u0105 udost\u0119pniamy do wgl\u0105du. Produkty dost\u0119pne s\u0105 tylko dla instytucji lub os\u00f3b prywatnych, kt\u00f3re s\u0105 powi\u0105zane z dzia\u0142alno\u015bci\u0105 badawcz\u0105 lub laboratoryjn\u0105.<\/p>\n","protected":false},"excerpt":{"rendered":"<p>Peptyd GHK-Cu 50 mg Peptyd GHK-Cu 50 mg to najwy\u017cszej jako\u015bci peptyd marki Endogenic. Sk\u00f3ra to nasza wizyt\u00f3wka i odbicie zdrowia. Dlatego warto zadba\u0107 o ni\u0105 jak najlepiej. Jednym z najnowszych odkry\u0107 w dziedzinie piel\u0119gnacji sk\u00f3ry jest peptyd GHK-Cu. Ten niesamowity sk\u0142adnik mo\u017ce zdzia\u0142a\u0107 cuda dla Twojej sk\u00f3ry.\u00a0 Czytaj\u0105c opis przede wszystkim dowiedz si\u0119, dlaczego &hellip;<\/p>\n<p class=\"read-more\"> <a class=\"\" href=\"https:\/\/pro-body.com\/pl\/produkt\/ghk-cu-50mg\/\"> <span class=\"screen-reader-text\">GHK-Cu 50mg<\/span> Read More &raquo;<\/a><\/p>\n","protected":false},"featured_media":56371,"comment_status":"open","ping_status":"closed","template":"","meta":{"_acf_changed":false,"site-sidebar-layout":"default","site-content-layout":"","ast-site-content-layout":"default","site-content-style":"default","site-sidebar-style":"default","ast-global-header-display":"","ast-banner-title-visibility":"","ast-main-header-display":"","ast-hfb-above-header-display":"","ast-hfb-below-header-display":"","ast-hfb-mobile-header-display":"","site-post-title":"","ast-breadcrumbs-content":"","ast-featured-img":"","footer-sml-layout":"","theme-transparent-header-meta":"default","adv-header-id-meta":"","stick-header-meta":"","header-above-stick-meta":"","header-main-stick-meta":"","header-below-stick-meta":"","astra-migrate-meta-layouts":"set"},"product_brand":[],"product_cat":[15,96,67,47,56,58,52,49],"product_tag":[],"class_list":{"0":"post-56370","1":"product","2":"type-product","3":"status-publish","4":"has-post-thumbnail","6":"product_cat-bez-kategorii","7":"product_cat-peptydy-iniekcyjne","8":"product_cat-uroda","9":"product_cat-peptydy","10":"product_cat-peptydy-na-kontuzje","11":"product_cat-peptydy-na-odpornosc","12":"product_cat-peptydy-na-regeneracje","13":"product_cat-peptydy-na-sen","14":"desktop-align-center","15":"tablet-align-left","16":"mobile-align-left","18":"first","19":"instock","20":"sale","21":"taxable","22":"shipping-taxable","23":"purchasable","24":"product-type-simple"},"acf":[],"aioseo_notices":[],"_links":{"self":[{"href":"https:\/\/pro-body.com\/pl\/wp-json\/wp\/v2\/product\/56370","targetHints":{"allow":["GET"]}}],"collection":[{"href":"https:\/\/pro-body.com\/pl\/wp-json\/wp\/v2\/product"}],"about":[{"href":"https:\/\/pro-body.com\/pl\/wp-json\/wp\/v2\/types\/product"}],"replies":[{"embeddable":true,"href":"https:\/\/pro-body.com\/pl\/wp-json\/wp\/v2\/comments?post=56370"}],"wp:featuredmedia":[{"embeddable":true,"href":"https:\/\/pro-body.com\/pl\/wp-json\/wp\/v2\/media\/56371"}],"wp:attachment":[{"href":"https:\/\/pro-body.com\/pl\/wp-json\/wp\/v2\/media?parent=56370"}],"wp:term":[{"taxonomy":"product_brand","embeddable":true,"href":"https:\/\/pro-body.com\/pl\/wp-json\/wp\/v2\/product_brand?post=56370"},{"taxonomy":"product_cat","embeddable":true,"href":"https:\/\/pro-body.com\/pl\/wp-json\/wp\/v2\/product_cat?post=56370"},{"taxonomy":"product_tag","embeddable":true,"href":"https:\/\/pro-body.com\/pl\/wp-json\/wp\/v2\/product_tag?post=56370"}],"curies":[{"name":"wp","href":"https:\/\/api.w.org\/{rel}","templated":true}]}}