{"id":56660,"date":"2023-10-18T01:05:55","date_gmt":"2023-10-17T23:05:55","guid":{"rendered":"https:\/\/pro-body.com\/pl\/?post_type=product&#038;p=56660"},"modified":"2025-03-25T08:28:41","modified_gmt":"2025-03-25T07:28:41","slug":"krem","status":"publish","type":"product","link":"https:\/\/pro-body.com\/pl\/produkt\/krem\/","title":{"rendered":"Krem"},"content":{"rendered":"<h1>Krem do peptyd\u00f3w<\/h1>\n<p>Krem do peptyd\u00f3w to baza do \u0142\u0105czenia z innymi sk\u0142adnikami aktywnymi. Pi\u0119kna i zdrowa sk\u00f3ra jest marzeniem ka\u017cdej kobiety. Krem do twarzy sta\u0142 si\u0119 nieod\u0142\u0105cznym elementem naszej codziennej piel\u0119gnacji sk\u00f3ry. Nasz produkt to \u015bwietna baza pod \u0142\u0105czenie go z takimi peptydami jak <a href=\"https:\/\/pl.pro-peptydy.com\/produkt\/ghk-cu-50mg\/\">GHK-Cu<\/a>! Teraz mo\u017cesz \u0142\u0105czy\u0107 znakomicie dzia\u0142aj\u0105cy peptyd miedziowy w postaci kremu, kt\u00f3ry bez w\u0105tpienia jest jednym z najskuteczniejszych rozwi\u0105za\u0144 dla Twojej sk\u00f3ry.<\/p>\n<h2>Jak stosowa\u0107 krem do peptyd\u00f3w?<\/h2>\n<p>Najlepiej sprawdza si\u0119 po\u0142\u0105czenie kremu z peptydami miedzi w st\u0119\u017ceniu 3% zawarto\u015bci kremu. Po pierwsze, aby uzyska\u0107 st\u0119\u017cenie 3% GHK-CU, musimy doda\u0107 oko\u0142o 150 mg peptydu GHK-Cu na 50 ml kremu. Po drugie krem mo\u017cemy przygotowa\u0107 w proporcji 1:3. W konsekwencji 30 ml bazy kremowej \u0142\u0105czymy z 10 ml peptydu miedzi.<\/p>\n<p>Inne peptydy, kt\u00f3re \u0142\u0105czy si\u0119 w formie kremu to m.in. <a href=\"https:\/\/pl.pro-peptydy.com\/produkt\/snap-8\/\">SNAP8<\/a> oraz <a href=\"https:\/\/pl.pro-peptydy.com\/produkt\/matrixyl-3000\/\">Matrixyl 3000<\/a>. W konsekwencji mo\u017cemy otrzyma\u0107 najmocniejsze serum na rynku. Wi\u0119cej na temat \u0142\u0105czenia peptyd\u00f3w wspomagaj\u0105cych sk\u00f3r\u0119 przeczytasz na naszym blogu.<\/p>\n<p>https:\/\/pl.pro-peptydy.com\/mloda-skora-bez-skalpela-to-mozliwe-dzieki-ghkcu-snap-8-i-matrixyl\/<\/p>\n<h2>Jak dzia\u0142a krem z peptydem miedziowym?<\/h2>\n<p>G\u0142\u00f3wne dzia\u0142anie kremu z dodatkiem peptydu to na przyk\u0142ad:<\/p>\n<ul>\n<li>nasilenie syntezy kolagenu i elastyny,<\/li>\n<li>wzrost st\u0119\u017cenia proteoglikan\u00f3w i glikozoaminoglikan\u00f3w,<\/li>\n<li>niweluje wszelkie oznaki starzenia sk\u00f3ry,<\/li>\n<li>redukuje zmarszczki,<\/li>\n<li>zwi\u0119ksza j\u0119drno\u015b\u0107 sk\u00f3ry,<\/li>\n<li>sprzyja redukcji blizn,<\/li>\n<li>przeciwdzia\u0142a zmianom kolorytu sk\u00f3ry.<\/li>\n<\/ul>\n<h3>Produkt przeznaczony do cel\u00f3w badawczych<\/h3>\n<p>Po pierwsze wszystkie wy\u017cej wymienione w\u0142a\u015bciwo\u015bci obserwuje si\u0119 przy badaniach laboratoryjnych, nierobione na ludziach, maj\u0105 one charakter wy\u0142\u0105cznie informacyjny. Wszelkie informacje zawarte w opisach nie s\u0105 zatwierdzone przez GIS, GIF ani EFSA. Substancja nie jest lekiem, produktem spo\u017cywczym ani suplementem diety, nie nadaje si\u0119 on do spo\u017cycia przez ludzi. Produkt kwalifikuje si\u0119 jako odczynnik chemiczny \/ materia\u0142 odniesienia dopuszczony do obrotu na terenie UE. Mo\u017cna go u\u017cywa\u0107 wy\u0142\u0105cznie do bada\u0144 naukowych. Pozosta\u0142e informacje na temat \u015brodka zawarte s\u0105 w karcie charakterystyki substancji chemicznej, kt\u00f3r\u0105 udost\u0119pniamy do wgl\u0105du. Produkty dost\u0119pne s\u0105 tylko dla instytucji lub os\u00f3b prywatnych, kt\u00f3re s\u0105 powi\u0105zane z dzia\u0142alno\u015bci\u0105 badawcz\u0105 lub laboratoryjn\u0105.<\/p>\n<p><strong>\u0179r\u00f3d\u0142a:<\/strong><\/p>\n<p><a href=\"https:\/\/pubmed.ncbi.nlm.nih.gov\/35083444\/\">Badania GHK-CU<\/a><\/p>\n","protected":false},"excerpt":{"rendered":"<p>Krem do peptyd\u00f3w Krem do peptyd\u00f3w to baza do \u0142\u0105czenia z innymi sk\u0142adnikami aktywnymi. Pi\u0119kna i zdrowa sk\u00f3ra jest marzeniem ka\u017cdej kobiety. Krem do twarzy sta\u0142 si\u0119 nieod\u0142\u0105cznym elementem naszej codziennej piel\u0119gnacji sk\u00f3ry. Nasz produkt to \u015bwietna baza pod \u0142\u0105czenie go z takimi peptydami jak GHK-Cu! Teraz mo\u017cesz \u0142\u0105czy\u0107 znakomicie dzia\u0142aj\u0105cy peptyd miedziowy w postaci &hellip;<\/p>\n<p class=\"read-more\"> <a class=\"\" href=\"https:\/\/pro-body.com\/pl\/produkt\/krem\/\"> <span class=\"screen-reader-text\">Krem<\/span> Read More &raquo;<\/a><\/p>\n","protected":false},"featured_media":36355,"comment_status":"open","ping_status":"closed","template":"","meta":{"_acf_changed":false,"site-sidebar-layout":"default","site-content-layout":"","ast-site-content-layout":"default","site-content-style":"default","site-sidebar-style":"default","ast-global-header-display":"","ast-banner-title-visibility":"","ast-main-header-display":"","ast-hfb-above-header-display":"","ast-hfb-below-header-display":"","ast-hfb-mobile-header-display":"","site-post-title":"","ast-breadcrumbs-content":"","ast-featured-img":"","footer-sml-layout":"","theme-transparent-header-meta":"default","adv-header-id-meta":"","stick-header-meta":"","header-above-stick-meta":"","header-main-stick-meta":"","header-below-stick-meta":"","astra-migrate-meta-layouts":"set"},"product_brand":[],"product_cat":[15],"product_tag":[],"class_list":{"0":"post-56660","1":"product","2":"type-product","3":"status-publish","4":"has-post-thumbnail","6":"product_cat-bez-kategorii","7":"desktop-align-center","8":"tablet-align-left","9":"mobile-align-left","11":"first","12":"outofstock","13":"taxable","14":"shipping-taxable","15":"purchasable","16":"product-type-simple"},"acf":[],"aioseo_notices":[],"_links":{"self":[{"href":"https:\/\/pro-body.com\/pl\/wp-json\/wp\/v2\/product\/56660","targetHints":{"allow":["GET"]}}],"collection":[{"href":"https:\/\/pro-body.com\/pl\/wp-json\/wp\/v2\/product"}],"about":[{"href":"https:\/\/pro-body.com\/pl\/wp-json\/wp\/v2\/types\/product"}],"replies":[{"embeddable":true,"href":"https:\/\/pro-body.com\/pl\/wp-json\/wp\/v2\/comments?post=56660"}],"wp:featuredmedia":[{"embeddable":true,"href":"https:\/\/pro-body.com\/pl\/wp-json\/wp\/v2\/media\/36355"}],"wp:attachment":[{"href":"https:\/\/pro-body.com\/pl\/wp-json\/wp\/v2\/media?parent=56660"}],"wp:term":[{"taxonomy":"product_brand","embeddable":true,"href":"https:\/\/pro-body.com\/pl\/wp-json\/wp\/v2\/product_brand?post=56660"},{"taxonomy":"product_cat","embeddable":true,"href":"https:\/\/pro-body.com\/pl\/wp-json\/wp\/v2\/product_cat?post=56660"},{"taxonomy":"product_tag","embeddable":true,"href":"https:\/\/pro-body.com\/pl\/wp-json\/wp\/v2\/product_tag?post=56660"}],"curies":[{"name":"wp","href":"https:\/\/api.w.org\/{rel}","templated":true}]}}