{"id":58004,"date":"2023-11-22T19:48:35","date_gmt":"2023-11-22T18:48:35","guid":{"rendered":"https:\/\/pro-body.com\/pl\/?post_type=product&#038;p=58004"},"modified":"2025-06-27T11:47:48","modified_gmt":"2025-06-27T09:47:48","slug":"hcg-2500-iu","status":"publish","type":"product","link":"https:\/\/pro-body.com\/pl\/produkt\/hcg-2500-iu\/","title":{"rendered":"HCG 2500 IU"},"content":{"rendered":"<div style=\"display: none;\">\n<h1>HCG 2500 IU &#8211; gonadotropina kosm\u00f3wkowa<\/h1>\n<p><strong>HCG 2500 IU to hormon, kt\u00f3ry odpowiedzialny jest przede wszystkim za p\u0142odno\u015b\u0107. <\/strong>W przypadku os\u00f3b trenuj\u0105cych sporty sylwetkowe HCG zyska\u0142o na popularno\u015bci ze wzgl\u0119du na swoje dzia\u0142anie wspomagaj\u0105ce tzw. odblok. Czym jest HCG 2500 IU? Jakie ma korzy\u015bci dla os\u00f3b trenuj\u0105cych? Jak dawkowa\u0107 gonadotropin\u0119 kosm\u00f3wkow\u0105? Wszelkie informacje zawarto\u00a0w opisie poni\u017cej.<\/p>\n<h2>Czym jest HCG 2500 IU?<\/h2>\n<p>HCG 2500 IU to skr\u00f3t, kt\u00f3ry oznacza ang. human chorionic gonadotropin. Jest to hormon, kt\u00f3ry produkowany jest w znacznych ilo\u015bciach w ciele kobiety w okresie ci\u0105\u017cy, ale i w niewielkich ilo\u015bciach w ciele m\u0119\u017cczyzny. Jego g\u0142\u00f3wnym zadaniem jest pobudzanie j\u0105der u m\u0119\u017cczyzn i jajnik\u00f3w u kobiet, aby utrzymywa\u0142y one gotowo\u015b\u0107 na prokreacj\u0119. W medycynie HCG stosuje si\u0119 u m\u0119\u017cczyzn podczas kuracji HTZ. <strong>Dzia\u0142anie HCG ma na celu stymulowanie produkcji testosteronu w j\u0105drach.<\/strong> Czasem jest przepisywane jako pierwszy \u015brodek do unormowania hormon\u00f3w terapii zast\u0119pczej.<\/p>\n<h2>Dlaczego kultury\u015bci stosuj\u0105 HCG?<\/h2>\n<p>HCG w kulturystyce ma podobne znaczenie, jak w przypadku os\u00f3b, kt\u00f3re lecz\u0105 problemy niep\u0142odno\u015bci. <strong>HCG ma na celu stymulowanie j\u0105der, aby rozpoczyna\u0142y one produkcj\u0119 testosteronu w momencie, gdy odstawimy \u015brodki dopinguj\u0105ce.<\/strong> Kultury\u015bci stosuj\u0105 HCG, aby odblokowa\u0107 naturaln\u0105 produkcj\u0119 testosteronu i tym samym przeprowadzi\u0107 skuteczn\u0105 terapi\u0119 po cyklu nazywan\u0105 PCT.<\/p>\n<p>W przypadku podawania testosteronu syntetycznego dochodzi do zaburze\u0144 osi przysadka-j\u0105dra, gdzie naturalnie nie otrzymuj\u0105 one sygna\u0142u do produkcji testosteronu. Skoro organizm wykrywa, \u017ce w naszym ciele norma testosteronu jest przekroczona znacznie powy\u017cej granicy fizjologicznej, to blokuje stymulacj\u0119 j\u0105der. HCG ma za zadanie ponownie uruchomi\u0107 produkcj\u0119 testosteronu przez j\u0105dra, tak, aby odzyska\u0107 ich naturalne funkcjonowanie.<\/p>\n<p>Dodatkowo HCG jest r\u00f3wnie\u017c podawana w niewielkich ilo\u015bciach podczas ca\u0142ego okresu stosowania SAA. Ma to za zadanie zahamowa\u0107 ewentualn\u0105 atrofi\u0119 j\u0105der ze wzgl\u0119du na to, \u017ce nie s\u0105 one wykorzystywane do produkcji testosteronu. Wiele os\u00f3b do\u015bwiadcza obkurczenia j\u0105der podczas d\u0142ugotrwa\u0142ych cykli, dlatego te\u017c zalecane jest wtedy wykorzystanie HCG 2500 IU, aby temu zapobiega\u0107.<\/p>\n<h2>Jakie s\u0105 protoko\u0142y podawania gonadotropiny kosm\u00f3wkowej?<\/h2>\n<p>Dawkowanie zazwyczaj podzielone jest na dwie metody. Jedna powi\u0105zana jest \u015bci\u015ble z PCT, a druga z wykorzystaniem gonadotropiny kosm\u00f3wkowej w trakcie cyklu.<\/p>\n<p>W przypadku PCT stosuje si\u0119 oko\u0142o 2500 IU w cz\u0119stotliwo\u015bci co 3-4 dni przez okres oko\u0142o 2-3 tygodni.\u00a0 W tracie cyklu z kolei kultury\u015bci stosuj\u0105 400-500 IU co 3-4 dni, jako przeciwdzia\u0142anie do atrofii j\u0105der.<\/p>\n<h2>HCG a odblok &#8211; badanie<\/h2>\n<p>W przypadku wykonywania prawid\u0142owego odbloku warto wykona\u0107 badania LH i FSH, aby sprawdzi\u0107 kondycj\u0119 uk\u0142adu hormonalnego. Zazwyczaj na tej podstawie planuje si\u0119 ewentualne stosowanie HCG. Jest to nieroz\u0142\u0105czny element tzw. odbloku, czyli wykorzystania odpowiednich medykament\u00f3w do uruchomienia prawid\u0142owej pracy osi podwzg\u00f3rze-przysadka i docelowo praca j\u0105der. Gonadotropina kosm\u00f3wkowa pomaga nam szybciej przywr\u00f3ci\u0107 naturaln\u0105 produkcj\u0119 hormonaln\u0105, kt\u00f3ra przek\u0142ada si\u0119 na zdrowie fizyczne i psychiczne.<\/p>\n<h3>HCG 2500 IU Gonadotropina kosm\u00f3wkowa &#8211; podsumowanie<\/h3>\n<p>HCG 2500 IU, czyli gonadotropina kosm\u00f3wkowa, to \u015brodek wspomagaj\u0105cy PCT u kulturyst\u00f3w. Dzia\u0142anie HCG polega na stymulowaniu j\u0105der do produkcji testosteronu. HCG bywa te\u017c stosowane podczas okresu stosowania \u015brodk\u00f3w dopinguj\u0105cych jako element wsparcia w utrzymaniu dobrej kondycji j\u0105der. HCG Endogenic to pewny wyb\u00f3r, je\u017celi chodzi o jako\u015b\u0107 \u015brodka i zawarto\u015b\u0107 gonadotropiny kosm\u00f3wkowej.\n<\/p><\/div>\n<p><strong>PRZEZNACZONY DO CEL\u00d3W BADAWCZYCH!<\/strong><br \/>\nWszystkie wy\u017cej wymienione w\u0142a\u015bciwo\u015bci obserwuje si\u0119 przy badaniach laboratoryjnych, nierobione na ludziach, maj\u0105 one charakter wy\u0142\u0105cznie informacyjny. Wszelkie informacje zawarte w opisach nie zatwierdzono przez GIS, GIF ani EFSA. Substancja nie jest lekiem, produktem spo\u017cywczym ani suplementem diety, nie nadaje si\u0119 on do spo\u017cycia przez ludzi. Produkt kwalifikuje si\u0119 jako odczynnik chemiczny \/ materia\u0142 odniesienia dopuszczony do obrotu na terenie UE. Mo\u017cna go u\u017cywa\u0107 wy\u0142\u0105cznie do bada\u0144 naukowych. Pozosta\u0142e informacje na temat \u015brodka zawarto w karcie charakterystyki substancji chemicznej, kt\u00f3r\u0105 udost\u0119pniamy do wgl\u0105du. Produkty dost\u0119pne s\u0105 tylko dla instytucji lub os\u00f3b prywatnych, kt\u00f3re s\u0105 powi\u0105zane z dzia\u0142alno\u015bci\u0105 badawcz\u0105 lub laboratoryjn\u0105.<\/p>\n","protected":false},"excerpt":{"rendered":"<p>HCG 2500 IU &#8211; gonadotropina kosm\u00f3wkowa HCG 2500 IU to hormon, kt\u00f3ry odpowiedzialny jest przede wszystkim za p\u0142odno\u015b\u0107. W przypadku os\u00f3b trenuj\u0105cych sporty sylwetkowe HCG zyska\u0142o na popularno\u015bci ze wzgl\u0119du na swoje dzia\u0142anie wspomagaj\u0105ce tzw. odblok. Czym jest HCG 2500 IU? Jakie ma korzy\u015bci dla os\u00f3b trenuj\u0105cych? Jak dawkowa\u0107 gonadotropin\u0119 kosm\u00f3wkow\u0105? Wszelkie informacje zawarto\u00a0w opisie &hellip;<\/p>\n<p class=\"read-more\"> <a class=\"\" href=\"https:\/\/pro-body.com\/pl\/produkt\/hcg-2500-iu\/\"> <span class=\"screen-reader-text\">HCG 2500 IU<\/span> Read More &raquo;<\/a><\/p>\n","protected":false},"featured_media":70489,"comment_status":"open","ping_status":"closed","template":"","meta":{"_acf_changed":false,"site-sidebar-layout":"default","site-content-layout":"","ast-site-content-layout":"default","site-content-style":"default","site-sidebar-style":"default","ast-global-header-display":"","ast-banner-title-visibility":"","ast-main-header-display":"","ast-hfb-above-header-display":"","ast-hfb-below-header-display":"","ast-hfb-mobile-header-display":"","site-post-title":"","ast-breadcrumbs-content":"","ast-featured-img":"","footer-sml-layout":"","theme-transparent-header-meta":"default","adv-header-id-meta":"","stick-header-meta":"","header-above-stick-meta":"","header-main-stick-meta":"","header-below-stick-meta":"","astra-migrate-meta-layouts":"set"},"product_brand":[],"product_cat":[15,96,47],"product_tag":[],"class_list":{"0":"post-58004","1":"product","2":"type-product","3":"status-publish","4":"has-post-thumbnail","6":"product_cat-bez-kategorii","7":"product_cat-peptydy-iniekcyjne","8":"product_cat-peptydy","9":"desktop-align-center","10":"tablet-align-left","11":"mobile-align-left","13":"first","14":"instock","15":"sale","16":"taxable","17":"shipping-taxable","18":"purchasable","19":"product-type-simple"},"acf":[],"aioseo_notices":[],"_links":{"self":[{"href":"https:\/\/pro-body.com\/pl\/wp-json\/wp\/v2\/product\/58004","targetHints":{"allow":["GET"]}}],"collection":[{"href":"https:\/\/pro-body.com\/pl\/wp-json\/wp\/v2\/product"}],"about":[{"href":"https:\/\/pro-body.com\/pl\/wp-json\/wp\/v2\/types\/product"}],"replies":[{"embeddable":true,"href":"https:\/\/pro-body.com\/pl\/wp-json\/wp\/v2\/comments?post=58004"}],"wp:featuredmedia":[{"embeddable":true,"href":"https:\/\/pro-body.com\/pl\/wp-json\/wp\/v2\/media\/70489"}],"wp:attachment":[{"href":"https:\/\/pro-body.com\/pl\/wp-json\/wp\/v2\/media?parent=58004"}],"wp:term":[{"taxonomy":"product_brand","embeddable":true,"href":"https:\/\/pro-body.com\/pl\/wp-json\/wp\/v2\/product_brand?post=58004"},{"taxonomy":"product_cat","embeddable":true,"href":"https:\/\/pro-body.com\/pl\/wp-json\/wp\/v2\/product_cat?post=58004"},{"taxonomy":"product_tag","embeddable":true,"href":"https:\/\/pro-body.com\/pl\/wp-json\/wp\/v2\/product_tag?post=58004"}],"curies":[{"name":"wp","href":"https:\/\/api.w.org\/{rel}","templated":true}]}}