{"id":58048,"date":"2023-11-23T19:38:38","date_gmt":"2023-11-23T18:38:38","guid":{"rendered":"https:\/\/pro-body.com\/pl\/?post_type=product&#038;p=58048"},"modified":"2025-11-05T18:55:31","modified_gmt":"2025-11-05T17:55:31","slug":"semaglutyd","status":"publish","type":"product","link":"https:\/\/pro-body.com\/pl\/produkt\/semaglutyd\/","title":{"rendered":"SEMA G"},"content":{"rendered":"<div style=\"display: none;\">\n<h1>Semaglutyd &#8211; skuteczne odchudzanie<\/h1>\n<p><strong>Semaglutyd to peptyd, kt\u00f3ry wspomaga walk\u0119 z nadwag\u0105 i daje trwa\u0142e efekty bez jojo. <\/strong>Swoj\u0105 popularno\u015b\u0107 zdoby\u0142 jako produkt, kt\u00f3ry pozwala znacznie zredukowa\u0107 mas\u0119 cia\u0142a nawet bez wymagaj\u0105cej diety czy du\u017cej ilo\u015bci trening\u00f3w. Jest popularnym \u015brodkiem w\u015br\u00f3d gwiazd, kt\u00f3re bardzo cz\u0119sto stosuj\u0105 semaglutyd, aby uzyska\u0107 szczup\u0142\u0105 i zgrabn\u0105 sylwetk\u0119. Czym dok\u0142adnie jest peptyd? Jakie ma dzia\u0142anie? Jak dawkowa\u0107, aby uzyska\u0107 szczup\u0142\u0105 sylwetk\u0119? Wszystkie te informacje zawarli\u015bmy w poni\u017cszym opisie.<\/p>\n<h2>Semaglutyd &#8211; Czym Jest i Jak Dzia\u0142a<\/h2>\n<p>Semaglutyd to peptyd, kt\u00f3ry wykorzystywany jest w leczeniu cukrzycy. Pod k\u0105tem budowy chemicznej<strong> jest analogiem hormonu GLP-1.<\/strong> Semaglutyd pozwala na wi\u0105zanie si\u0119 z receptorami GLP-1 i w ten spos\u00f3b aktywuje szereg r\u00f3\u017cnych dzia\u0142a\u0144 w ciele cz\u0142owieka. Receptory GLP-1 w organizmie cz\u0142owieka umiejscowione s\u0105 w takich obszarach jak m\u00f3zg, serce, uk\u0142ad odporno\u015bciowy, naczynia krwiono\u015bne i nerki.<\/p>\n<p><a href=\"https:\/\/pl.pro-peptydy.com\/produkt\/glp-1-gip-tirzepatyd-5mg\/\">Sprawd\u017a te\u017c GLP-1+GIP<\/a><\/p>\n<p><strong>Dzia\u0142anie odchudzaj\u0105ce semaglutydu <\/strong>przede wszystkim powi\u0105zane jest z dzia\u0142aniem na receptory m\u00f3zgu i trzustki. Jego dzia\u0142anie reguluje poziom insuliny, ale glukagonu co sprawia, \u017ce w ciele poziom cukru utrzymuje si\u0119 na stabilnym poziomie. <strong>Wp\u0142ywa to m.in. na op\u00f3\u017anienie opr\u00f3\u017cniania si\u0119 \u017co\u0142\u0105dka co sprawia, \u017ce szybciej czujemy si\u0119 syci, ale i d\u0142u\u017cej mo\u017cemy funkcjonowa\u0107 bez odczucia g\u0142odu. <\/strong>Peptyd skutecznie zmniejsza mas\u0119 cia\u0142o poprzez mo\u017cliwo\u015b\u0107 kontroli tego, co i ile jemy. Peptyd pozwala nam cieszy\u0107 si\u0119 regularnym spadkiem masy cia\u0142a bez wi\u0119kszego wysi\u0142ku.<\/p>\n<p>Co wa\u017cne, peptyd ma r\u00f3wnie\u017c dzia\u0142anie prozdrowotne. W badaniach z u\u017cyciem peptydu wykazano, \u017ce skutecznie obni\u017ca on poziom lipid\u00f3w, ci\u015bnienie skurczowe krwi oraz ma zdolno\u015bci do zmniejszenia stan\u00f3w zapalnych. Istniej\u0105 solidne przes\u0142anki, \u017ce semaglutyd mo\u017ce skutecznie obni\u017ca\u0107 ryzyko wyst\u0119powania mia\u017cd\u017cycy.<\/p>\n<h2>Ten innowacyjny peptyd:<\/h2>\n<ul>\n<li><strong>Zwi\u0119ksza Wra\u017cliwo\u015b\u0107 na Insulin\u0119:<\/strong>\u00a0poprawia wra\u017cliwo\u015b\u0107 organizmu na insulin\u0119, co pomaga obni\u017cy\u0107 poziom cukru we krwi.<\/li>\n<li><strong>Op\u00f3\u017ania Wch\u0142anianie Glukozy: <\/strong>op\u00f3\u017ania wch\u0142anianie glukozy z przewodu pokarmowego, co prowadzi do stabilniejszych poziom\u00f3w cukru.<\/li>\n<li><strong>Zwi\u0119ksza Wydzielanie Insuliny:<\/strong>\u00a0stymuluje trzustk\u0119 do wi\u0119kszego wydzielania insuliny, co pomaga w regulacji poziomu cukru.<\/li>\n<\/ul>\n<h2>Semaglutyd oferuje wiele korzy\u015bci dla os\u00f3b z cukrzyc\u0105<\/h2>\n<p>Lepsza kontrola poziomu glukozy we krwi. Dzi\u0119ki temu peptydowi \u0142atwiej jest utrzyma\u0107 stabilny poziom cukru we krwi, co jest kluczowe w leczeniu cukrzycy. Semaglutyd b\u0119dzie r\u00f3wnie\u017c obni\u017ca\u0142 ryzyko powik\u0142a\u0144 zwi\u0105zanych z cukrzyc\u0105. Poprawa wra\u017cliwo\u015bci na insulin\u0119 i stabilizacja poziomu cukru przyczyniaj\u0105 si\u0119 do zmniejszenia ryzyka powik\u0142a\u0144 cukrzycowych.<\/p>\n<h2>Zalety Semaglutydu<\/h2>\n<p>Semaglutyd ma wiele zalet. Po pierwsze, jest \u0142atwy do podawania w postaci zastrzyk\u00f3w podsk\u00f3rnych. Po drugie, mo\u017ce pom\u00f3c pacjentom w utrzymaniu stabilnego poziomu cukru we krwi, co jest kluczowe dla zapobiegania powik\u0142aniom cukrzycy. Ponadto semaglutyd mo\u017ce prowadzi\u0107 do utraty wagi, co jest korzystne dla os\u00f3b, kt\u00f3re walcz\u0105 z oty\u0142o\u015bci\u0105 i grozi im zachorowanie na cukrzyc\u0119. Co wa\u017cne, stosowanie peptydu zgodnie z zaleceniami nie wywo\u0142uje negatywnego dzia\u0142ania na organizm.<\/p>\n<h2>Semaglutyd dawkowanie<\/h2>\n<p>Zgodnie z zaleceniami Europejskiej Agencji Lek\u00f3w dawkowanie semaglutydu <strong>rozpoczynamy od 250 mcg podawane raz w tygodniu <\/strong>przez pierwsze 4 tygodnie suplementacji. Po kolejnych 4 tygodniach zwi\u0119kszamy dawk\u0119 do 500 mcg na tydzie\u0144, a docelowo po 8 tygodniach stosowania uzyskujemy dawk\u0119 1 mg na tydzie\u0144.<\/p>\n<p>Peptyd mo\u017ce by\u0107 \u0142\u0105czony z innymi peptydami wspomagaj\u0105cymi odchudzanie jak np. <a href=\"https:\/\/pl.pro-peptydy.com\/produkt\/hgh-fragment-176-191-5mg\/\">Fragment HGH 176-191<\/a>.<\/p>\n<h2>Semaglutyd vs Ozempic<\/h2>\n<p>Zazwyczaj pojawiaj\u0105 si\u0119 podobne pytania por\u00f3wnawcze semaglutyd do handlowej nazwy Ozempic. Jednak trzeba zaznaczy\u0107, \u017ce jest to ta sama substancja aktywna. Ozempic to nic innego jak semaglutyd, kt\u00f3ry sprzedawany jest pod nazw\u0105 handlow\u0105 Ozempic. Jest to praktycznie ten sam produkt. Kupuj\u0105c Semaglutyd Endogenic masz pewno\u015b\u0107, \u017ce peptyd dzia\u0142a r\u00f3wnie skuteczne co inne produkty na rynku.<\/p>\n<h3>Semaglutyd &#8211; podsumowanie<\/h3>\n<p>Semaglutyd to skuteczne wsparcie w leczeniu oty\u0142o\u015bci i cukrzycy. Peptyd wykazuje silne dzia\u0142anie odchudzaj\u0105ce, kt\u00f3re mo\u017cemy wykorzysta\u0107 do osi\u0105gni\u0119cia szczup\u0142ej sylwetki. Peptyd wykazuje r\u00f3wnie\u017c szereg dzia\u0142a\u0144 prozdrowotnych, kt\u00f3re maj\u0105 wp\u0142yw na zdrowie uk\u0142ady sercowo-naczyniowego.<\/p>\n<p><strong>PRZEZNACZONY DO CEL\u00d3W BADAWCZYCH!<\/strong><br \/>\nWszystkie wy\u017cej wymienione w\u0142a\u015bciwo\u015bci obserwuje si\u0119 przy badaniach laboratoryjnych, nierobione na ludziach, maj\u0105 one charakter wy\u0142\u0105cznie informacyjny. Wszelkie informacje zawarte w opisach nie zatwierdzono przez GIS, GIF ani EFSA. Substancja nie jest lekiem, produktem spo\u017cywczym ani suplementem diety, w konsekwencji nie nadaje si\u0119 on do spo\u017cycia przez ludzi. Produkt kwalifikuje si\u0119 jako odczynnik chemiczny \/ materia\u0142 odniesienia dopuszczony do obrotu na terenie UE. Mo\u017cna go u\u017cywa\u0107 wy\u0142\u0105cznie do bada\u0144 naukowych. Pozosta\u0142e informacje na temat \u015brodka zawarto w karcie charakterystyki substancji chemicznej, kt\u00f3r\u0105 udost\u0119pniamy do wgl\u0105du. Produkty dost\u0119pne s\u0105 tylko dla instytucji lub os\u00f3b prywatnych, kt\u00f3re powi\u0105zano z dzia\u0142alno\u015bci\u0105 badawcz\u0105 lub laboratoryjn\u0105.<\/p>\n<p><a href=\"https:\/\/www.ncbi.nlm.nih.gov\/pmc\/articles\/PMC9486455\/\">BADANIA<\/a><\/p>\n<\/div>\n<h3>PRZEZNACZONY DO CEL\u00d3W BADAWCZYCH!<\/h3>\n<p>Wszystkie wy\u017cej wymienione w\u0142a\u015bciwo\u015bci obserwuje si\u0119 przy badaniach laboratoryjnych, nierobione na ludziach, maj\u0105 one charakter wy\u0142\u0105cznie informacyjny. Wszelkie informacje zawarte w opisach nie zatwierdzono przez GIS, GIF ani EFSA. Substancja nie jest lekiem, produktem spo\u017cywczym ani suplementem diety, nie nadaje si\u0119 on do spo\u017cycia przez ludzi. Produkt kwalifikuje si\u0119 jako odczynnik chemiczny \/ materia\u0142 odniesienia dopuszczony do obrotu na terenie UE. Mo\u017cna go u\u017cywa\u0107 wy\u0142\u0105cznie do bada\u0144 naukowych. Pozosta\u0142e informacje na temat \u015brodka zawarto w karcie charakterystyki substancji chemicznej, kt\u00f3r\u0105 udost\u0119pniamy do wgl\u0105du. Produkty dost\u0119pne s\u0105 tylko dla instytucji lub os\u00f3b prywatnych, kt\u00f3re s\u0105 powi\u0105zane z dzia\u0142alno\u015bci\u0105 badawcz\u0105 lub laboratoryjn\u0105.<\/p>\n","protected":false},"excerpt":{"rendered":"<p>Semaglutyd &#8211; skuteczne odchudzanie Semaglutyd to peptyd, kt\u00f3ry wspomaga walk\u0119 z nadwag\u0105 i daje trwa\u0142e efekty bez jojo. Swoj\u0105 popularno\u015b\u0107 zdoby\u0142 jako produkt, kt\u00f3ry pozwala znacznie zredukowa\u0107 mas\u0119 cia\u0142a nawet bez wymagaj\u0105cej diety czy du\u017cej ilo\u015bci trening\u00f3w. Jest popularnym \u015brodkiem w\u015br\u00f3d gwiazd, kt\u00f3re bardzo cz\u0119sto stosuj\u0105 semaglutyd, aby uzyska\u0107 szczup\u0142\u0105 i zgrabn\u0105 sylwetk\u0119. Czym dok\u0142adnie &hellip;<\/p>\n<p class=\"read-more\"> <a class=\"\" href=\"https:\/\/pro-body.com\/pl\/produkt\/semaglutyd\/\"> <span class=\"screen-reader-text\">SEMA G<\/span> Read More &raquo;<\/a><\/p>\n","protected":false},"featured_media":70493,"comment_status":"open","ping_status":"closed","template":"","meta":{"_acf_changed":false,"site-sidebar-layout":"default","site-content-layout":"","ast-site-content-layout":"default","site-content-style":"default","site-sidebar-style":"default","ast-global-header-display":"","ast-banner-title-visibility":"","ast-main-header-display":"","ast-hfb-above-header-display":"","ast-hfb-below-header-display":"","ast-hfb-mobile-header-display":"","site-post-title":"","ast-breadcrumbs-content":"","ast-featured-img":"","footer-sml-layout":"","theme-transparent-header-meta":"default","adv-header-id-meta":"","stick-header-meta":"","header-above-stick-meta":"","header-main-stick-meta":"","header-below-stick-meta":"","astra-migrate-meta-layouts":"set"},"product_brand":[],"product_cat":[15,96,47,57,65],"product_tag":[],"class_list":{"0":"post-58048","1":"product","2":"type-product","3":"status-publish","4":"has-post-thumbnail","6":"product_cat-bez-kategorii","7":"product_cat-peptydy-iniekcyjne","8":"product_cat-peptydy","9":"product_cat-peptydy-na-spalanie-tkanki-tluszczowej","10":"product_cat-spalacze-tluszczu","11":"desktop-align-center","12":"tablet-align-left","13":"mobile-align-left","15":"first","16":"instock","17":"sale","18":"taxable","19":"shipping-taxable","20":"purchasable","21":"product-type-simple"},"acf":[],"aioseo_notices":[],"_links":{"self":[{"href":"https:\/\/pro-body.com\/pl\/wp-json\/wp\/v2\/product\/58048","targetHints":{"allow":["GET"]}}],"collection":[{"href":"https:\/\/pro-body.com\/pl\/wp-json\/wp\/v2\/product"}],"about":[{"href":"https:\/\/pro-body.com\/pl\/wp-json\/wp\/v2\/types\/product"}],"replies":[{"embeddable":true,"href":"https:\/\/pro-body.com\/pl\/wp-json\/wp\/v2\/comments?post=58048"}],"wp:featuredmedia":[{"embeddable":true,"href":"https:\/\/pro-body.com\/pl\/wp-json\/wp\/v2\/media\/70493"}],"wp:attachment":[{"href":"https:\/\/pro-body.com\/pl\/wp-json\/wp\/v2\/media?parent=58048"}],"wp:term":[{"taxonomy":"product_brand","embeddable":true,"href":"https:\/\/pro-body.com\/pl\/wp-json\/wp\/v2\/product_brand?post=58048"},{"taxonomy":"product_cat","embeddable":true,"href":"https:\/\/pro-body.com\/pl\/wp-json\/wp\/v2\/product_cat?post=58048"},{"taxonomy":"product_tag","embeddable":true,"href":"https:\/\/pro-body.com\/pl\/wp-json\/wp\/v2\/product_tag?post=58048"}],"curies":[{"name":"wp","href":"https:\/\/api.w.org\/{rel}","templated":true}]}}