{"id":63758,"date":"2024-04-07T10:58:39","date_gmt":"2024-04-07T08:58:39","guid":{"rendered":"https:\/\/pro-body.com\/pl\/?post_type=product&#038;p=63758"},"modified":"2025-12-08T09:18:51","modified_gmt":"2025-12-08T08:18:51","slug":"peptyd-kpv","status":"publish","type":"product","link":"https:\/\/pro-body.com\/pl\/produkt\/peptyd-kpv\/","title":{"rendered":"KPV"},"content":{"rendered":"<h1><b>Peptyd KPV 5 mg<\/b><\/h1>\n<p><b>Peptyd KPV wykazuje silne dzia\u0142anie przeciwzapalne<\/b><span style=\"font-weight: 400;\">, kt\u00f3re mo\u017cemy wykorzysta\u0107 w walce z wieloma schorzeniami uk\u0142adu pokarmowego, ale i nie tylko. Stany zapalne w naszym ciele to pow\u00f3d do rozwoju wielu niepo\u017c\u0105danych reakcji fizjologicznych, kt\u00f3re utrudniaj\u0105 utrzymanie r\u00f3wnowagi w ciele. Jednym ze sposob\u00f3w na to, aby przeciwdzia\u0142a\u0107 ich rozprzestrzenianiu, jest stosowanie peptyd\u00f3w o potencjale przeciwzapalnym co u\u0142atwia regeneracj\u0119. <\/span><b>\u00a0Czym jest KPV? <\/b><span style=\"font-weight: 400;\">Jakie ma dzia\u0142anie? Jakie potencjale korzy\u015bci przynosi?\u00a0<\/span><\/p>\n<p><img fetchpriority=\"high\" decoding=\"async\" class=\"wp-image-63767 aligncenter\" src=\"https:\/\/pl.pro-peptydy.com\/wp-content\/uploads\/2024\/04\/kpv.jpeg\" alt=\"peptyd kpv\" width=\"498\" height=\"498\" srcset=\"https:\/\/pro-body.com\/pl\/wp-content\/uploads\/2024\/04\/kpv.jpeg 1080w, https:\/\/pro-body.com\/pl\/wp-content\/uploads\/2024\/04\/kpv-300x300.jpeg 300w, https:\/\/pro-body.com\/pl\/wp-content\/uploads\/2024\/04\/kpv-1024x1024.jpeg 1024w, https:\/\/pro-body.com\/pl\/wp-content\/uploads\/2024\/04\/kpv-150x150.jpeg 150w, https:\/\/pro-body.com\/pl\/wp-content\/uploads\/2024\/04\/kpv-768x768.jpeg 768w, https:\/\/pro-body.com\/pl\/wp-content\/uploads\/2024\/04\/kpv-1000x1000.jpeg 1000w, https:\/\/pro-body.com\/pl\/wp-content\/uploads\/2024\/04\/kpv-100x100.jpeg 100w, https:\/\/pro-body.com\/pl\/wp-content\/uploads\/2024\/04\/kpv-64x64.jpeg 64w\" sizes=\"(max-width: 498px) 100vw, 498px\" \/><\/p>\n<p>&nbsp;<\/p>\n<p>&nbsp;<\/p>\n<h2><b>Czym jest peptyd KPV?<\/b><\/h2>\n<p><b>KPV, czyli aminokwasy Lys-Pro-Val to pot\u0119\u017cny peptyd przeciwzapalny, wykazuj\u0105cy niezwyk\u0142\u0105 skuteczno\u015b\u0107 w r\u00f3\u017cnych warunkach. <\/b><span style=\"font-weight: 400;\">Chocia\u017c jego odkrycie jest stosunkowo nowe, jego wp\u0142yw na organizm cz\u0142owieka jest obiecuj\u0105cy i wzbudza zainteresowanie wielu naukowc\u00f3w. <a href=\"https:\/\/pubmed.ncbi.nlm.nih.gov\/18061177\/\">Badania<\/a> przede wszystkim koncentruj\u0105 si\u0119 na jego si\u0142\u0119 w zwalczaniu zespo\u0142u jelita dra\u017cliwego (IBS) i nadmiernej bakteryjnej proliferacji w jelicie cienkim (SIBO), przynosz\u0105c bardzo dobre wyniki.<\/span><\/p>\n<p><b>To, co wyr\u00f3\u017cnia KPV, to jego wszechstronno\u015b\u0107 w podawaniu.<\/b><span style=\"font-weight: 400;\"> Czy to spo\u017cywane doustnie, podawane podsk\u00f3rnie czy stosowane miejscowo w postaci kremu, KPV wykazuje godne pochwa\u0142y bezpiecze\u0144stwo stosowania. Co wi\u0119cej, ten naturalny peptyd wywiera swoje terapeutyczne dzia\u0142anie bez jakichkolwiek zauwa\u017calnych skutk\u00f3w ubocznych, co jest szczeg\u00f3lnie wa\u017cne, gdy zmagamy si\u0119 z jak\u0105\u015b jednostk\u0105 chorobow\u0105.\u00a0<\/span><\/p>\n<h2><b>Jak dzia\u0142a KPV?<\/b><\/h2>\n<p><span style=\"font-weight: 400;\">Obecne doniesienia naukowe potwierdzaj\u0105, \u017ce peptyd wykazuje <\/span><b>silne dzia\u0142anie przeciwzapalne<\/b><span style=\"font-weight: 400;\">, ktore mo\u017cna wykorzysta\u0107 w przyspieszeniu gojeniu si\u0119 ran (stymulacja regeneracji), ograniczy\u0107 stany zapalne i infekcje. Szczeg\u00f3lnie istotne jest jego dzia\u0142anie w przypadku SIBO, ograniczaj\u0105c namna\u017canie si\u0119 bakterii jelitowych.<\/span><b> KPC wykazuje r\u00f3wnie\u017c dzia\u0142anie stymuluj\u0105ce uk\u0142ad odporno\u015bciowy.\u00a0<\/b><\/p>\n<h2><b>KPV mo\u017ce by\u0107 szczeg\u00f3lnie istotny dla sportowc\u00f3w<\/b><\/h2>\n<p><span style=\"font-weight: 400;\">KPV dzia\u0142a dzi\u0119ki swoim silnym w\u0142a\u015bciwo\u015bciom przeciwzapalnym i immunomoduluj\u0105cym, co mo\u017ce przyspieszy\u0107 proces rekonwalescencji. Dzia\u0142anie to mo\u017ce skraca\u0107 czas potrzebny na regeneracj\u0119 nie tylko w okresie kontuzji. Bardzo mocny trening, czy wzrost intensywno\u015bci wysi\u0142ku w okresie np. przygotowania do zawod\u00f3w, mo\u017ce wymaga\u0107 bardziej zaawansowanego podej\u015bcia do regeneracji.\u00a0<\/span><\/p>\n<p><span style=\"font-weight: 400;\">To szczeg\u00f3lnie istotne dla sportowc\u00f3w, entuzjast\u00f3w fitnessu lub ka\u017cdego, kto dozna\u0142 przetrenowania. <\/span><b>Co wi\u0119cej, KPV mo\u017ce r\u00f3wnie\u017c wykazywa\u0107 dzia\u0142anie os\u0142onowe dla uk\u0142adu pokarmowego podczas stosowania innych mocniejszych \u015brodk\u00f3w <\/b><span style=\"font-weight: 400;\">maj\u0105cych wp\u0142yw na podra\u017cnienie uk\u0142adu pokarmowego, w tym przy antybiotykoterapii. Co wa\u017cne, KPV poprzez ograniczenie stan\u00f3w zapalnych mo\u017ce r\u00f3wnie\u017c zmniejsza\u0107 b\u00f3l.\u00a0<\/span><\/p>\n<h2><b>KPV to:<\/b><\/h2>\n<ul>\n<li style=\"font-weight: 400;\" aria-level=\"1\"><span style=\"font-weight: 400;\">Szybsze gojenie ran<\/span><\/li>\n<li style=\"font-weight: 400;\" aria-level=\"1\"><span style=\"font-weight: 400;\">Redukcja stan\u00f3w zapalnych<\/span><\/li>\n<li style=\"font-weight: 400;\" aria-level=\"1\"><span style=\"font-weight: 400;\">Wzmacnianie regeneracji tkanek<\/span><\/li>\n<li style=\"font-weight: 400;\" aria-level=\"1\"><span style=\"font-weight: 400;\">Ograniczenie b\u00f3lu<\/span><\/li>\n<li style=\"font-weight: 400;\" aria-level=\"1\"><span style=\"font-weight: 400;\">Minimalizacja blizn<\/span><\/li>\n<li style=\"font-weight: 400;\" aria-level=\"1\"><span style=\"font-weight: 400;\">Skraca czas regeneracji<\/span><\/li>\n<li style=\"font-weight: 400;\" aria-level=\"1\"><span style=\"font-weight: 400;\">Przyspiesza rekonwalescencj\u0119 po operacji<\/span><\/li>\n<li style=\"font-weight: 400;\" aria-level=\"1\"><span style=\"font-weight: 400;\">Wspiera zdrowie jelit<\/span><\/li>\n<li style=\"font-weight: 400;\" aria-level=\"1\"><span style=\"font-weight: 400;\">Dzia\u0142a przeciwbakteryjnie i przeciwgrzybiczo<\/span><\/li>\n<\/ul>\n<h2><b>Jak dawkowa\u0107 peptyd KPV?<\/b><\/h2>\n<p><span style=\"font-weight: 400;\">W przypadku preparatu doustnego zaleca si\u0119 dawk\u0119 150-300 mcg dziennie, podzielone na dwie porcje w ci\u0105gu dnia.\u00a0 Roztw\u00f3r iniekcyjny KPV zazwyczaj podaje si\u0119 podsk\u00f3rnie lub domi\u0119\u015bniowo, a niekt\u00f3re wytyczne zalecaj\u0105 schemat dawkowania od 200 do 400 mcg dziennie.<\/span><\/p>\n<h2><b>Z czym \u0142\u0105czy\u0107 KPV?<\/b><\/h2>\n<p><span style=\"font-weight: 400;\">Peptyd KPV zazwyczaj \u0142\u0105czony jest z <\/span><a href=\"https:\/\/pl.pro-peptydy.com\/produkt\/arg-bpc-157\/\"><b>BPC-157 ARG<\/b><\/a><span style=\"font-weight: 400;\">. R\u00f3wnie\u017c mo\u017ce by\u0107 stosowany z innymi peptydami regeneracyjnymi jak <\/span><b><a href=\"https:\/\/pl.pro-peptydy.com\/produkt\/tb-500-5mg\/\">TB-500<\/a>.\u00a0<\/b><\/p>\n<h3><b>Peptyd KPV &#8211; Podsumowanie:<\/b><\/h3>\n<p><span style=\"font-weight: 400;\">Wraz z post\u0119pem bada\u0144 i rozwojem technologii medycznych, mo\u017cemy oczekiwa\u0107 dalszych odkry\u0107 i zastosowa\u0144 KPV, kt\u00f3re przynios\u0105 ulg\u0119 milionom os\u00f3b dotkni\u0119tych r\u00f3\u017cnymi dolegliwo\u015bciami. Warto r\u00f3wnie\u017c podkre\u015bli\u0107, \u017ce wyb\u00f3r naturalnych substancji, takich jak KPV, mo\u017ce stanowi\u0107 wa\u017cny krok w kierunku zdrowego i zr\u00f3wnowa\u017conego \u017cycia. Unikamy w ten spos\u00f3b leczenia typowymi produktami farmakologicznymi czy antybiotykami.\u00a0<\/span><\/p>\n<h4>PRZEZNACZONY DO CEL\u00d3W BADAWCZYCH!<\/h4>\n<p>Wszystkie wy\u017cej wymienione w\u0142a\u015bciwo\u015bci obserwuje si\u0119 przy badaniach laboratoryjnych, nierobione na ludziach, maj\u0105 one charakter wy\u0142\u0105cznie informacyjny. Wszelkie informacje zawarte w opisach nie zatwierdzono przez GIS, GIF ani EFSA. Substancja nie jest lekiem, produktem spo\u017cywczym ani suplementem diety, w konsekwencji nie nadaje si\u0119 on do spo\u017cycia przez ludzi. Produkt kwalifikuje si\u0119 jako odczynnik chemiczny \/ materia\u0142 odniesienia dopuszczony do obrotu na terenie UE. Mo\u017cna go u\u017cywa\u0107 wy\u0142\u0105cznie do bada\u0144 naukowych. Pozosta\u0142e informacje na temat \u015brodka zawarto w karcie charakterystyki substancji chemicznej, kt\u00f3r\u0105 udost\u0119pniamy do wgl\u0105du. Produkty dost\u0119pne s\u0105 tylko dla instytucji lub os\u00f3b prywatnych, kt\u00f3re powi\u0105zano z dzia\u0142alno\u015bci\u0105 badawcz\u0105 lub laboratoryjn\u0105.<\/p>\n","protected":false},"excerpt":{"rendered":"<p>Peptyd KPV 5 mg Peptyd KPV wykazuje silne dzia\u0142anie przeciwzapalne, kt\u00f3re mo\u017cemy wykorzysta\u0107 w walce z wieloma schorzeniami uk\u0142adu pokarmowego, ale i nie tylko. Stany zapalne w naszym ciele to pow\u00f3d do rozwoju wielu niepo\u017c\u0105danych reakcji fizjologicznych, kt\u00f3re utrudniaj\u0105 utrzymanie r\u00f3wnowagi w ciele. Jednym ze sposob\u00f3w na to, aby przeciwdzia\u0142a\u0107 ich rozprzestrzenianiu, jest stosowanie peptyd\u00f3w &hellip;<\/p>\n<p class=\"read-more\"> <a class=\"\" href=\"https:\/\/pro-body.com\/pl\/produkt\/peptyd-kpv\/\"> <span class=\"screen-reader-text\">KPV<\/span> Read More &raquo;<\/a><\/p>\n","protected":false},"featured_media":63759,"comment_status":"open","ping_status":"closed","template":"","meta":{"_acf_changed":false,"site-sidebar-layout":"default","site-content-layout":"","ast-site-content-layout":"default","site-content-style":"default","site-sidebar-style":"default","ast-global-header-display":"","ast-banner-title-visibility":"","ast-main-header-display":"","ast-hfb-above-header-display":"","ast-hfb-below-header-display":"","ast-hfb-mobile-header-display":"","site-post-title":"","ast-breadcrumbs-content":"","ast-featured-img":"","footer-sml-layout":"","theme-transparent-header-meta":"default","adv-header-id-meta":"","stick-header-meta":"","header-above-stick-meta":"","header-main-stick-meta":"","header-below-stick-meta":"","astra-migrate-meta-layouts":"set"},"product_brand":[],"product_cat":[15,96,47,53,46],"product_tag":[],"class_list":{"0":"post-63758","1":"product","2":"type-product","3":"status-publish","4":"has-post-thumbnail","6":"product_cat-bez-kategorii","7":"product_cat-peptydy-iniekcyjne","8":"product_cat-peptydy","9":"product_cat-peptydy-na-poprawe-samopoczucia","10":"product_cat-peptydy-na-prace-mozgu","11":"desktop-align-center","12":"tablet-align-left","13":"mobile-align-left","15":"first","16":"instock","17":"sale","18":"taxable","19":"shipping-taxable","20":"purchasable","21":"product-type-simple"},"acf":[],"aioseo_notices":[],"_links":{"self":[{"href":"https:\/\/pro-body.com\/pl\/wp-json\/wp\/v2\/product\/63758","targetHints":{"allow":["GET"]}}],"collection":[{"href":"https:\/\/pro-body.com\/pl\/wp-json\/wp\/v2\/product"}],"about":[{"href":"https:\/\/pro-body.com\/pl\/wp-json\/wp\/v2\/types\/product"}],"replies":[{"embeddable":true,"href":"https:\/\/pro-body.com\/pl\/wp-json\/wp\/v2\/comments?post=63758"}],"wp:featuredmedia":[{"embeddable":true,"href":"https:\/\/pro-body.com\/pl\/wp-json\/wp\/v2\/media\/63759"}],"wp:attachment":[{"href":"https:\/\/pro-body.com\/pl\/wp-json\/wp\/v2\/media?parent=63758"}],"wp:term":[{"taxonomy":"product_brand","embeddable":true,"href":"https:\/\/pro-body.com\/pl\/wp-json\/wp\/v2\/product_brand?post=63758"},{"taxonomy":"product_cat","embeddable":true,"href":"https:\/\/pro-body.com\/pl\/wp-json\/wp\/v2\/product_cat?post=63758"},{"taxonomy":"product_tag","embeddable":true,"href":"https:\/\/pro-body.com\/pl\/wp-json\/wp\/v2\/product_tag?post=63758"}],"curies":[{"name":"wp","href":"https:\/\/api.w.org\/{rel}","templated":true}]}}