{"id":64108,"date":"2024-04-17T13:37:14","date_gmt":"2024-04-17T11:37:14","guid":{"rendered":"https:\/\/pl.pro-peptydy.com\/?post_type=product&#038;p=64108"},"modified":"2026-01-10T09:57:47","modified_gmt":"2026-01-10T08:57:47","slug":"mots-c","status":"publish","type":"product","link":"https:\/\/pro-body.com\/pl\/produkt\/mots-c\/","title":{"rendered":"MOTS-C"},"content":{"rendered":"<h1><b>Peptyd MOTS-C<\/b><\/h1>\n<p><span style=\"font-weight: 400;\">Utrzymanie zdrowia metabolicznego jest szczeg\u00f3lnie wa\u017cne w kontek\u015bcie <a href=\"https:\/\/pl.pro-peptydy.com\/skuteczne-spalacze-tluszczu\/\">odchudzania<\/a>, ale i przeciwdzia\u0142ania stresowi metabolicznemu, czy funkcjami typowo przeciwstarzeniowymi. <\/span><b>Peptyd MOTS-C<\/b><span style=\"font-weight: 400;\"> wykazuje ogromny potencja\u0142 w r\u00f3\u017cnych aspektach zdrowia, od regulacji metabolizmu po potencjalne w\u0142a\u015bciwo\u015bci prozdrowotne. Peptyd mo\u017ce by\u0107 szeroko stosowany w suplementacji sportowej, ale r\u00f3wnie\u017c jako element dzia\u0142ania prozdrowotnego, o czym przeczytasz w dalszej cz\u0119\u015bci jego opisu.\u00a0<\/span><\/p>\n<p><img fetchpriority=\"high\" decoding=\"async\" class=\"wp-image-64109 aligncenter\" src=\"https:\/\/pl.pro-peptydy.com\/wp-content\/uploads\/2024\/04\/motsc.png\" alt=\"MOTS-C peptyd na odchudzanie\" width=\"505\" height=\"379\" srcset=\"https:\/\/pro-body.com\/pl\/wp-content\/uploads\/2024\/04\/motsc.png 1024w, https:\/\/pro-body.com\/pl\/wp-content\/uploads\/2024\/04\/motsc-300x225.png 300w, https:\/\/pro-body.com\/pl\/wp-content\/uploads\/2024\/04\/motsc-768x576.png 768w, https:\/\/pro-body.com\/pl\/wp-content\/uploads\/2024\/04\/motsc-1000x750.png 1000w, https:\/\/pro-body.com\/pl\/wp-content\/uploads\/2024\/04\/motsc-64x48.png 64w\" sizes=\"(max-width: 505px) 100vw, 505px\" \/><\/p>\n<h2><b>Czym jest peptyd MOTS-C<\/b><\/h2>\n<p><span style=\"font-weight: 400;\">MOTS-C, co oznacza &#8220;Mitochondrial-derived Oligopeptide of 40 residues &#8211; C-terminus&#8221;, to peptyd zakodowany przez genom mitochondrialny. Odkryty stosunkowo niedawno, MOTS-C szybko sta\u0142 si\u0119 przedmiotem intensywnych bada\u0144 ze wzgl\u0119du na swoje wieloaspektowe rol\u0119 w metabolizmie kom\u00f3rkowym i og\u00f3lnym zdrowiu.<\/span><\/p>\n<p><span style=\"font-weight: 400;\">Jedn\u0105 z g\u0142\u00f3wnych funkcji MOTS-C jest jego rola w regulacji metabolizmu. Ten peptyd przede wszystkim oddzia\u0142uje z kluczowymi szlakami metabolicznymi, w tym metabolizmem glukozy i lipid\u00f3w, aby utrzyma\u0107 homeostaz\u0119. Poprzez regulacj\u0119 tych szlak\u00f3w peptyd odgrywa kluczow\u0105 rol\u0119 w produkcji i wykorzystaniu energii w organizmie. Jego dzia\u0142anie mo\u017ce by\u0107 wykorzystane np. do utrzymania kondycji mitochondri\u00f3w, co jest szczeg\u00f3lnie wa\u017cne w uj\u0119ciu anty aging.\u00a0<\/span><\/p>\n<h2><b>Jak dzia\u0142a?<\/b><\/h2>\n<ul>\n<li style=\"font-weight: 400;\" aria-level=\"1\"><span style=\"font-weight: 400;\">Wspomaga prac\u0119 metabolizmu<\/span><\/li>\n<li style=\"font-weight: 400;\" aria-level=\"1\"><span style=\"font-weight: 400;\">Reguluje funkcj\u0119 mitochondrialne<\/span><\/li>\n<li style=\"font-weight: 400;\" aria-level=\"1\"><span style=\"font-weight: 400;\">Wp\u0142ywa na wzrost d\u0142ugowieczno\u015bci<\/span><\/li>\n<li style=\"font-weight: 400;\" aria-level=\"1\"><span style=\"font-weight: 400;\">Zwi\u0119ksza poziom energii<\/span><\/li>\n<li style=\"font-weight: 400;\" aria-level=\"1\"><span style=\"font-weight: 400;\">Zapobiega insulinooporno\u015bci<\/span><\/li>\n<li style=\"font-weight: 400;\" aria-level=\"1\"><span style=\"font-weight: 400;\">Chroni serce<\/span><\/li>\n<li style=\"font-weight: 400;\" aria-level=\"1\"><span style=\"font-weight: 400;\">Usprawnia prac\u0119 uk\u0142adu kr\u0105\u017cenia<\/span><\/li>\n<li style=\"font-weight: 400;\" aria-level=\"1\"><span style=\"font-weight: 400;\">Chroni przed stresem oksydacyjnym<\/span><\/li>\n<li style=\"font-weight: 400;\" aria-level=\"1\"><span style=\"font-weight: 400;\">Wspomaga wydolno\u015b\u0107<\/span><\/li>\n<li style=\"font-weight: 400;\" aria-level=\"1\"><span style=\"font-weight: 400;\">Ogranicza lipogenez\u0119<\/span><\/li>\n<li style=\"font-weight: 400;\" aria-level=\"1\"><span style=\"font-weight: 400;\">Dzia\u0142a przeciwzapalnie<\/span><\/li>\n<\/ul>\n<h2><b>Potencjalne Efekty Przeciwstarzeniowe<\/b><\/h2>\n<p><span style=\"font-weight: 400;\">Poza swoimi funkcjami metabolicznymi MOTS-C wykazuje r\u00f3wnie\u017c obiecuj\u0105ce efekty przeciwstarzeniowe w badaniach przedklinicznych. Wraz z wiekiem funkcja mitochondrialna zwykle maleje, prowadz\u0105c do r\u00f3\u017cnych chor\u00f3b zwi\u0105zanych z wiekiem. Peptyd wydaje si\u0119 przeciwdzia\u0142a\u0107 temu spadkowi, poprawiaj\u0105c biogenez\u0119 i funkcj\u0119 mitochondri\u00f3w, co ostatecznie przyczynia si\u0119 do poprawy zdrowia kom\u00f3rkowego i d\u0142ugowieczno\u015bci.<\/span><\/p>\n<h2><b>Korzy\u015bci Z Suplementacji Peptydem MOTS-C<\/b><\/h2>\n<p><span style=\"font-weight: 400;\">Bior\u0105c pod uwag\u0119 jego r\u00f3\u017cnorodne role w metabolizmie i potencjalne efekty przeciwstarzeniowe, suplementacja peptydem MOTS-C oferuje wiele korzy\u015bci dla og\u00f3lnego zdrowia i dobrego samopoczucia.<\/span><\/p>\n<p><b>Poprawa Zdrowia Metabolicznego<\/b><b><br \/>\n<\/b><span style=\"font-weight: 400;\">Po pierwsze suplementacja peptydem mo\u017ce pom\u00f3c w poprawie zdrowia metabolicznego poprzez optymalizacj\u0119 metabolizmu glukozy i lipid\u00f3w. Mo\u017ce to prowadzi\u0107 do lepszych poziom\u00f3w energii, poprawionej wra\u017cliwo\u015bci na insulin\u0119 i zwi\u0119kszenia og\u00f3lnej wydajno\u015bci metabolicznej.<\/span><\/p>\n<p><b>Zwi\u0119kszenie Poziomu Energii<\/b><b><br \/>\n<\/b><span style=\"font-weight: 400;\">Po drugie poprzez promowanie efektywnej produkcji energii w mitochondriach, suplementacja MOTS-C mo\u017ce prowadzi\u0107 do zwi\u0119kszenia poziom\u00f3w energii i zmniejszenia zm\u0119czenia. Mo\u017ce to by\u0107 szczeg\u00f3lnie korzystne dla os\u00f3b prowadz\u0105cych aktywny tryb \u017cycia lub cierpi\u0105cych na przewlek\u0142e zm\u0119czenie.<\/span><\/p>\n<p><b>Wsparcie Dla D\u0142ugowieczno\u015bci<\/b><b><br \/>\n<\/b><span style=\"font-weight: 400;\">Efekty przeciwstarzeniowe MOTS-C czyni\u0105 go obiecuj\u0105cym kandydatem do promowania d\u0142ugowieczno\u015bci. Poprzez zachowanie funkcji mitochondrialnych i integralno\u015bci kom\u00f3rkowej, suplementacja MOTS-C mo\u017ce pom\u00f3c op\u00f3\u017ani\u0107 pojawienie si\u0119 chor\u00f3b zwi\u0105zanych z wiekiem i przed\u0142u\u017cy\u0107 \u017cycie.<\/span><\/p>\n<h3><b>Podsumowanie<\/b><\/h3>\n<p><span style=\"font-weight: 400;\">Podsumowuj\u0105c, peptyd MOTS-C stanowi potencjalne korzy\u015bci do poprawy zdrowia metabolicznego i wyd\u0142u\u017cenia \u017cycia. Jego mechanizm dzia\u0142ania w organizmie oferuj\u0105 obiecuj\u0105ce perspektywy na radzenie sobie z r\u00f3\u017cnymi problemami zdrowotnymi, pocz\u0105wszy od zaburze\u0144 metabolicznych po starzenie kom\u00f3rkowe. Peptyd skutecznie usprawnia funkcje metaboliczne, poprawia wykorzystanie energii i promuje utrzymanie szczup\u0142ej i zdrowej sylwetki.\u00a0<\/span><\/p>\n<p><strong>PRZEZNACZONY DO CEL\u00d3W BADAWCZYCH!<\/strong><br \/>\nWszystkie wy\u017cej wymienione w\u0142a\u015bciwo\u015bci obserwuje si\u0119 przy badaniach laboratoryjnych, nierobione na ludziach, maj\u0105 one charakter wy\u0142\u0105cznie informacyjny. Wszelkie informacje zawarte w opisach nie zatwierdzono przez GIS, GIF ani EFSA. Substancja nie jest lekiem, produktem spo\u017cywczym ani suplementem diety, nie nadaje si\u0119 on do spo\u017cycia przez ludzi. Produkt kwalifikuje si\u0119 jako odczynnik chemiczny \/ materia\u0142 odniesienia dopuszczony do obrotu na terenie UE. Mo\u017cna go u\u017cywa\u0107 wy\u0142\u0105cznie do bada\u0144 naukowych. Pozosta\u0142e informacje na temat \u015brodka zawarto w karcie charakterystyki substancji chemicznej, kt\u00f3r\u0105 udost\u0119pniamy do wgl\u0105du. Produkty dost\u0119pne s\u0105 tylko dla instytucji lub os\u00f3b prywatnych, kt\u00f3re s\u0105 powi\u0105zane z dzia\u0142alno\u015bci\u0105 badawcz\u0105 lub laboratoryjn\u0105.<\/p>\n<p><a href=\"https:\/\/www.ncbi.nlm.nih.gov\/pmc\/articles\/PMC9905433\/\">\u0179r\u00f3d\u0142o<\/a><\/p>\n","protected":false},"excerpt":{"rendered":"<p>Peptyd MOTS-C Utrzymanie zdrowia metabolicznego jest szczeg\u00f3lnie wa\u017cne w kontek\u015bcie odchudzania, ale i przeciwdzia\u0142ania stresowi metabolicznemu, czy funkcjami typowo przeciwstarzeniowymi. Peptyd MOTS-C wykazuje ogromny potencja\u0142 w r\u00f3\u017cnych aspektach zdrowia, od regulacji metabolizmu po potencjalne w\u0142a\u015bciwo\u015bci prozdrowotne. Peptyd mo\u017ce by\u0107 szeroko stosowany w suplementacji sportowej, ale r\u00f3wnie\u017c jako element dzia\u0142ania prozdrowotnego, o czym przeczytasz w dalszej &hellip;<\/p>\n<p class=\"read-more\"> <a class=\"\" href=\"https:\/\/pro-body.com\/pl\/produkt\/mots-c\/\"> <span class=\"screen-reader-text\">MOTS-C<\/span> Read More &raquo;<\/a><\/p>\n","protected":false},"featured_media":64109,"comment_status":"open","ping_status":"closed","template":"","meta":{"_acf_changed":false,"site-sidebar-layout":"default","site-content-layout":"","ast-site-content-layout":"default","site-content-style":"default","site-sidebar-style":"default","ast-global-header-display":"","ast-banner-title-visibility":"","ast-main-header-display":"","ast-hfb-above-header-display":"","ast-hfb-below-header-display":"","ast-hfb-mobile-header-display":"","site-post-title":"","ast-breadcrumbs-content":"","ast-featured-img":"","footer-sml-layout":"","theme-transparent-header-meta":"default","adv-header-id-meta":"","stick-header-meta":"","header-above-stick-meta":"","header-main-stick-meta":"","header-below-stick-meta":"","astra-migrate-meta-layouts":"set"},"product_brand":[],"product_cat":[15,96,47,52,57],"product_tag":[],"class_list":{"0":"post-64108","1":"product","2":"type-product","3":"status-publish","4":"has-post-thumbnail","6":"product_cat-bez-kategorii","7":"product_cat-peptydy-iniekcyjne","8":"product_cat-peptydy","9":"product_cat-peptydy-na-regeneracje","10":"product_cat-peptydy-na-spalanie-tkanki-tluszczowej","11":"desktop-align-center","12":"tablet-align-left","13":"mobile-align-left","15":"first","16":"instock","17":"sale","18":"taxable","19":"shipping-taxable","20":"purchasable","21":"product-type-simple"},"acf":[],"aioseo_notices":[],"_links":{"self":[{"href":"https:\/\/pro-body.com\/pl\/wp-json\/wp\/v2\/product\/64108","targetHints":{"allow":["GET"]}}],"collection":[{"href":"https:\/\/pro-body.com\/pl\/wp-json\/wp\/v2\/product"}],"about":[{"href":"https:\/\/pro-body.com\/pl\/wp-json\/wp\/v2\/types\/product"}],"replies":[{"embeddable":true,"href":"https:\/\/pro-body.com\/pl\/wp-json\/wp\/v2\/comments?post=64108"}],"wp:featuredmedia":[{"embeddable":true,"href":"https:\/\/pro-body.com\/pl\/wp-json\/wp\/v2\/media\/64109"}],"wp:attachment":[{"href":"https:\/\/pro-body.com\/pl\/wp-json\/wp\/v2\/media?parent=64108"}],"wp:term":[{"taxonomy":"product_brand","embeddable":true,"href":"https:\/\/pro-body.com\/pl\/wp-json\/wp\/v2\/product_brand?post=64108"},{"taxonomy":"product_cat","embeddable":true,"href":"https:\/\/pro-body.com\/pl\/wp-json\/wp\/v2\/product_cat?post=64108"},{"taxonomy":"product_tag","embeddable":true,"href":"https:\/\/pro-body.com\/pl\/wp-json\/wp\/v2\/product_tag?post=64108"}],"curies":[{"name":"wp","href":"https:\/\/api.w.org\/{rel}","templated":true}]}}