{"id":67959,"date":"2024-06-23T22:46:49","date_gmt":"2024-06-23T20:46:49","guid":{"rendered":"https:\/\/pro-body.com\/pl\/?post_type=product&#038;p=67959"},"modified":"2024-06-27T10:06:30","modified_gmt":"2024-06-27T08:06:30","slug":"bronchogen","status":"publish","type":"product","link":"https:\/\/pro-body.com\/pl\/produkt\/bronchogen\/","title":{"rendered":"Bronchogen"},"content":{"rendered":"<p><b>Bronchogen 20 mg<\/b><span style=\"font-weight: 400;\"> to innowacyjny peptyd, kt\u00f3ry wspomaga funkcjonowanie p\u0142uc i zapobiega chorobom uk\u0142adu oddechowego. <\/span><b>Ma w\u0142a\u015bciwo\u015bci regeneruj\u0105ce i ochronne dla nab\u0142onka oskrzelowego. <\/b><span style=\"font-weight: 400;\">Jakie jeszcze korzy\u015bci posiada? Jak go stosowa\u0107? Czy chroni p\u0142uca przed infekcjami? Wszystkie wiadomo\u015bci zosta\u0142y zawarte poni\u017cej<\/span><\/p>\n<h2><b>Jak Dzia\u0142a Bronchogen 20 mg<\/b><\/h2>\n<p><span style=\"font-weight: 400;\">Peptyd, kt\u00f3ry dzia\u0142a na wiele sposob\u00f3w, aby poprawi\u0107 funkcje p\u0142uc. Jednym z jego g\u0142\u00f3wnych dzia\u0142a\u0144 jest wzmocnienie bariery ochronnej p\u0142uc, co pomaga zminimalizowa\u0107 wp\u0142yw szkodliwych czynnik\u00f3w \u015brodowiskowych. Ponadto ten peptyd mo\u017ce tak\u017ce przyczyni\u0107 si\u0119 do rozszerzenia dr\u00f3g oddechowych, co u\u0142atwia oddychanie.<\/span><\/p>\n<p><b>Bronchogen jest peptydem syntetycznym, kt\u00f3ry zosta\u0142 zaprojektowany tak, aby na\u015bladowa\u0107 dzia\u0142anie naturalnego czynnika wzrostu nab\u0142onka oskrzelowego (EGF). <\/b><span style=\"font-weight: 400;\">EGF jest bia\u0142kiem, kt\u00f3re stymuluje podzia\u0142 i wzrost kom\u00f3rek nab\u0142onka oskrzelowego, a tak\u017ce chroni je przed uszkodzeniami spowodowanymi przez czynniki zewn\u0119trzne, takie jak zanieczyszczenia powietrza, dym tytoniowy czy infekcje.<\/span><\/p>\n<p><span style=\"font-weight: 400;\">Je\u015bli zale\u017cy Ci na zdrowych p\u0142ucach, to peptyd mo\u017ce by\u0107 Twoim sprzymierze\u0144cem. Jest on znany ze swojej zdolno\u015bci do wspomagania pracy p\u0142uc i utrzymania ich w doskona\u0142ej kondycji. Dla wielu os\u00f3b zdrowie p\u0142uc jest kluczowe, szczeg\u00f3lnie w dzisiejszych czasach, kiedy jako\u015b\u0107 powietrza mo\u017ce pozostawia\u0107 wiele do \u017cyczenia. Dlatego warto przyjrze\u0107 si\u0119 bli\u017cej temu innowacyjnemu produktowi.<\/span><\/p>\n<p><img fetchpriority=\"high\" decoding=\"async\" class=\"wp-image-67960  aligncenter\" src=\"https:\/\/pro-body.com\/pl\/wp-content\/uploads\/2024\/06\/bronchogen.png\" alt=\"bronchogen 20 mg peptyd na zdrowe p\u0142uca\" width=\"604\" height=\"453\" srcset=\"https:\/\/pro-body.com\/pl\/wp-content\/uploads\/2024\/06\/bronchogen.png 1024w, https:\/\/pro-body.com\/pl\/wp-content\/uploads\/2024\/06\/bronchogen-300x225.png 300w, https:\/\/pro-body.com\/pl\/wp-content\/uploads\/2024\/06\/bronchogen-768x576.png 768w, https:\/\/pro-body.com\/pl\/wp-content\/uploads\/2024\/06\/bronchogen-1000x750.png 1000w, https:\/\/pro-body.com\/pl\/wp-content\/uploads\/2024\/06\/bronchogen-64x48.png 64w\" sizes=\"(max-width: 604px) 100vw, 604px\" \/><\/p>\n<h2><b>Komu polecany jest peptyd na zdrowe p\u0142uca?<\/b><\/h2>\n<p><span style=\"font-weight: 400;\">Stosowanie peptydu szczeg\u00f3lnie polecane jest osobom, kt\u00f3re pal\u0105 lub pali\u0142y tyto\u0144, jako element regeneracji i odbudowy p\u0142uc. Obecnymi czasy znajduje te\u017c zastosowanie jako wsparcie przy powrocie do pe\u0142nej funkcjonalno\u015bci po covidzie. Co wi\u0119cej, osoby nara\u017cone na uszkodzenia p\u0142uc np. pracuj\u0105ce przy substancjach pylnych, r\u00f3wnie\u017c mog\u0105 skorzysta\u0107 z dzia\u0142ania ochronnego peptydu.\u00a0<\/span><\/p>\n<h2><b>Korzy\u015bci Wynikaj\u0105ce z U\u017cycia Bronchogen 20 mg<\/b><\/h2>\n<p><span style=\"font-weight: 400;\">Korzystanie z peptydu mo\u017ce przynie\u015b\u0107 wiele korzy\u015bci dla Twojego zdrowia p\u0142uc. Oto niekt\u00f3re z nich:<\/span><\/p>\n<ol>\n<li><b> Poprawa Og\u00f3lnego Stanu P\u0142uc<\/b><b><br \/>\n<\/b><span style=\"font-weight: 400;\">Bronchogen 20 mg pomaga w utrzymaniu p\u0142uc w doskona\u0142ej kondycji, co mo\u017ce przek\u0142ada\u0107 si\u0119 na popraw\u0119 og\u00f3lnego stanu zdrowia.<\/span><\/li>\n<li><b> Wzmacnianie Odporno\u015bci P\u0142uc<\/b><b><br \/>\n<\/b><span style=\"font-weight: 400;\">Dzi\u0119ki zwi\u0119kszeniu odporno\u015bci p\u0142uc, staj\u0105 si\u0119 one bardziej odporne na szkodliwe czynniki \u015brodowiskowe.<\/span><\/li>\n<li><b> \u0141atwiejsze Oddychanie<\/b><b><br \/>\n<\/b><span style=\"font-weight: 400;\">Rozszerzanie dr\u00f3g oddechowych sprawia, \u017ce oddychanie staje si\u0119 \u0142atwiejsze i bardziej komfortowe.<\/span><\/li>\n<li><b> Minimalizacja Ryzyka Chor\u00f3b P\u0142ucnych<\/b><b><br \/>\n<\/b><span style=\"font-weight: 400;\">Regularne stosowanie peptydu mo\u017ce pom\u00f3c w minimalizacji ryzyka chor\u00f3b p\u0142ucnych, zw\u0142aszcza u os\u00f3b nara\u017conych na dzia\u0142anie szkodliwych substancji.<\/span><\/li>\n<\/ol>\n<p><span style=\"font-weight: 400;\">Preparat poprawia jako\u015b\u0107 \u017cycia os\u00f3b z problemami oddechowymi, takimi jak astma, przewlek\u0142a obturacyjna choroba p\u0142uc (POChP), zapalenie oskrzeli czy rozedma p\u0142uc. <\/span><b>Bronchogen zmniejsza zapalenie i obrz\u0119k b\u0142ony \u015bluzowej oskrzeli, u\u0142atwia oddychanie i redukuje kaszel. <\/b><span style=\"font-weight: 400;\">Ponadto preparat zapobiega pogorszeniu si\u0119 stanu p\u0142uc i chroni je przed dalszymi uszkodzeniami. Peptyd mo\u017ce by\u0107 stosowany jako lek wspomagaj\u0105cy w leczeniu chor\u00f3b p\u0142uc lub jako profilaktyka dla os\u00f3b nara\u017conych na szkodliwe dzia\u0142anie czynnik\u00f3w \u015brodowiskowych. Co wi\u0119cej, jak wykazuj\u0105 badania, mo\u017ce wp\u0142ywa\u0107 na odwracanie zmian p\u0142ucnych, kt\u00f3re nast\u0119puj\u0105 ze wzgl\u0119du na starzenie si\u0119 organizmu.\u00a0<\/span><\/p>\n<h2><b>Jak Stosowa\u0107 Peptyd?<\/b><\/h2>\n<p><span style=\"font-weight: 400;\">W badaniach naukowych dawki s\u0105 do\u015b\u0107 znacznej rozpi\u0119to\u015bci. Profilaktycznie sprawdza si\u0119 ju\u017c dawka 100 mg na dzie\u0144. W przypadku chor\u00f3b p\u0142uc naukowcy stosowali dawki rz\u0119du 0,5-1 mg dziennie.\u00a0 Mo\u017ce by\u0107 stosowany przez osoby w ka\u017cdym wieku, zar\u00f3wno zdrowe, jak i cierpi\u0105ce na r\u00f3\u017cne schorzenia p\u0142uc. Peptyd stosuje si\u0119 podsk\u00f3rnie lub donosowo.\u00a0<\/span><\/p>\n<p><b>Peptyd \u0142\u0105czy si\u0119 z takimi produktami jak:<\/b><\/p>\n<ul>\n<li style=\"font-weight: 400;\" aria-level=\"1\"><span style=\"font-weight: 400;\"><a href=\"https:\/\/pro-body.com\/pl\/produkt\/ghk-cu-20mg\/\">GHK-Cu<\/a> (wp\u0142yw na starzej\u0105ce si\u0119 DNA)<\/span><\/li>\n<li style=\"font-weight: 400;\" aria-level=\"1\"><span style=\"font-weight: 400;\">Epitalon (wp\u0142yw na starzej\u0105ce si\u0119 DNA)<\/span><\/li>\n<li style=\"font-weight: 400;\" aria-level=\"1\"><span style=\"font-weight: 400;\">BPC-157 (ukrwienie tkanek)<\/span><\/li>\n<li style=\"font-weight: 400;\" aria-level=\"1\"><span style=\"font-weight: 400;\">TB-500 (ukrwienie tkanek)<\/span><\/li>\n<\/ul>\n<h3><b>Bronchogen &#8211; Podsumowanie<\/b><\/h3>\n<p><span style=\"font-weight: 400;\">Bronchogen 20 mg to innowacyjny peptyd, kt\u00f3ry mo\u017ce znacz\u0105co wp\u0142yn\u0105\u0107 na zdrowie Twoich p\u0142uc. Dzi\u0119ki jego regularnemu stosowaniu mo\u017cesz poprawi\u0107 og\u00f3lny stan p\u0142uc, zwi\u0119kszy\u0107 ich odporno\u015b\u0107, u\u0142atwi\u0107 oddychanie i zmniejszy\u0107 ryzyko chor\u00f3b p\u0142ucnych. Peptyd mo\u017cemy stosowa\u0107 profilaktycznie w niewielkich dawkach np. w okresie jesienno zimowych, gdzie jeste\u015bmy mocniej podatni na choroby infekcyjne.\u00a0<\/span><\/p>\n<p><span style=\"font-weight: 400;\">PRZEZNACZONY DO CEL\u00d3W BADAWCZYCH!<\/span><\/p>\n<p><span style=\"font-weight: 400;\">Wszystkie wy\u017cej wymienione w\u0142a\u015bciwo\u015bci obserwuje si\u0119 przy badaniach laboratoryjnych, nierobione na ludziach, maj\u0105 one charakter wy\u0142\u0105cznie informacyjny. Wszelkie informacje zawarte w opisach nie zatwierdzono przez GIS, GIF ani EFSA. Substancja nie jest lekiem, produktem spo\u017cywczym ani suplementem diety, w konsekwencji nie nadaje si\u0119 on do spo\u017cycia przez ludzi. Produkt kwalifikuje si\u0119 jako odczynnik chemiczny \/ materia\u0142 odniesienia dopuszczony do obrotu na terenie UE. Mo\u017cna go u\u017cywa\u0107 wy\u0142\u0105cznie do bada\u0144 naukowych. Pozosta\u0142e informacje na temat \u015brodka zawarto w karcie charakterystyki substancji chemicznej, kt\u00f3r\u0105 udost\u0119pniamy do wgl\u0105du. Produkty dost\u0119pne s\u0105 tylko dla instytucji lub os\u00f3b prywatnych, kt\u00f3re powi\u0105zano z dzia\u0142alno\u015bci\u0105 badawcz\u0105 lub laboratoryjn\u0105.<\/span><\/p>\n<p><a href=\"https:\/\/www.researchgate.net\/publication\/49760602_Effect_of_the_Peptide_Bronchogen_Ala-Asp-Glu-Leu_on_DNA_Thermostability\">Badania<\/a><\/p>\n","protected":false},"excerpt":{"rendered":"<p>Bronchogen 20 mg to innowacyjny peptyd, kt\u00f3ry wspomaga funkcjonowanie p\u0142uc i zapobiega chorobom uk\u0142adu oddechowego. Ma w\u0142a\u015bciwo\u015bci regeneruj\u0105ce i ochronne dla nab\u0142onka oskrzelowego. Jakie jeszcze korzy\u015bci posiada? Jak go stosowa\u0107? Czy chroni p\u0142uca przed infekcjami? Wszystkie wiadomo\u015bci zosta\u0142y zawarte poni\u017cej Jak Dzia\u0142a Bronchogen 20 mg Peptyd, kt\u00f3ry dzia\u0142a na wiele sposob\u00f3w, aby poprawi\u0107 funkcje p\u0142uc. &hellip;<\/p>\n<p class=\"read-more\"> <a class=\"\" href=\"https:\/\/pro-body.com\/pl\/produkt\/bronchogen\/\"> <span class=\"screen-reader-text\">Bronchogen<\/span> Read More &raquo;<\/a><\/p>\n","protected":false},"featured_media":67960,"comment_status":"open","ping_status":"closed","template":"","meta":{"_acf_changed":false,"site-sidebar-layout":"default","site-content-layout":"","ast-site-content-layout":"default","site-content-style":"default","site-sidebar-style":"default","ast-global-header-display":"","ast-banner-title-visibility":"","ast-main-header-display":"","ast-hfb-above-header-display":"","ast-hfb-below-header-display":"","ast-hfb-mobile-header-display":"","site-post-title":"","ast-breadcrumbs-content":"","ast-featured-img":"","footer-sml-layout":"","theme-transparent-header-meta":"default","adv-header-id-meta":"","stick-header-meta":"","header-above-stick-meta":"","header-main-stick-meta":"","header-below-stick-meta":"","astra-migrate-meta-layouts":"set"},"product_brand":[],"product_cat":[96,47],"product_tag":[],"class_list":{"0":"post-67959","1":"product","2":"type-product","3":"status-publish","4":"has-post-thumbnail","6":"product_cat-peptydy-iniekcyjne","7":"product_cat-peptydy","8":"desktop-align-center","9":"tablet-align-left","10":"mobile-align-left","12":"first","13":"instock","14":"sale","15":"taxable","16":"shipping-taxable","17":"purchasable","18":"product-type-simple"},"acf":[],"aioseo_notices":[],"_links":{"self":[{"href":"https:\/\/pro-body.com\/pl\/wp-json\/wp\/v2\/product\/67959","targetHints":{"allow":["GET"]}}],"collection":[{"href":"https:\/\/pro-body.com\/pl\/wp-json\/wp\/v2\/product"}],"about":[{"href":"https:\/\/pro-body.com\/pl\/wp-json\/wp\/v2\/types\/product"}],"replies":[{"embeddable":true,"href":"https:\/\/pro-body.com\/pl\/wp-json\/wp\/v2\/comments?post=67959"}],"wp:featuredmedia":[{"embeddable":true,"href":"https:\/\/pro-body.com\/pl\/wp-json\/wp\/v2\/media\/67960"}],"wp:attachment":[{"href":"https:\/\/pro-body.com\/pl\/wp-json\/wp\/v2\/media?parent=67959"}],"wp:term":[{"taxonomy":"product_brand","embeddable":true,"href":"https:\/\/pro-body.com\/pl\/wp-json\/wp\/v2\/product_brand?post=67959"},{"taxonomy":"product_cat","embeddable":true,"href":"https:\/\/pro-body.com\/pl\/wp-json\/wp\/v2\/product_cat?post=67959"},{"taxonomy":"product_tag","embeddable":true,"href":"https:\/\/pro-body.com\/pl\/wp-json\/wp\/v2\/product_tag?post=67959"}],"curies":[{"name":"wp","href":"https:\/\/api.w.org\/{rel}","templated":true}]}}