{"id":67961,"date":"2024-06-23T22:47:16","date_gmt":"2024-06-23T20:47:16","guid":{"rendered":"https:\/\/pro-body.com\/pl\/?post_type=product&#038;p=67961"},"modified":"2024-10-31T07:48:36","modified_gmt":"2024-10-31T06:48:36","slug":"livagen","status":"publish","type":"product","link":"https:\/\/pro-body.com\/pl\/produkt\/livagen\/","title":{"rendered":"Livagen"},"content":{"rendered":"<h1><b>Livagen peptyd na regeneracj\u0119 w\u0105troby<\/b><\/h1>\n<p><b>Livagen &#8211; peptyd ochronny dla w\u0105troby.<\/b><span style=\"font-weight: 400;\"> W ostatnich latach terapia peptydowa zyska\u0142a znaczn\u0105 uwag\u0119 w dziedzinie medycyny regeneracyjnej. W\u015br\u00f3d r\u00f3\u017cnych peptyd\u00f3w zyskuj\u0105cych uznanie ze wzgl\u0119du na potencjalne korzy\u015bci zdrowotne, peptyd przede wszystkim wyr\u00f3\u017cnia si\u0119 jako obiecuj\u0105ca opcja terapeutyczna dla os\u00f3b, kt\u00f3re maj\u0105 problemy z w\u0105trob\u0105. Jak dzia\u0142a Livagen? Jakie korzy\u015bci przynosi w\u0105trobie? Jakie efekt\u00f3w mo\u017cna si\u0119 po nim spodziewa\u0107?<\/span><\/p>\n<p><img fetchpriority=\"high\" decoding=\"async\" class=\"wp-image-67962  aligncenter\" src=\"https:\/\/pro-body.com\/pl\/wp-content\/uploads\/2024\/06\/livagen.png\" alt=\"livagen - peptyd na regeneracj\u0119 w\u0105troby\" width=\"516\" height=\"387\" srcset=\"https:\/\/pro-body.com\/pl\/wp-content\/uploads\/2024\/06\/livagen.png 1024w, https:\/\/pro-body.com\/pl\/wp-content\/uploads\/2024\/06\/livagen-300x225.png 300w, https:\/\/pro-body.com\/pl\/wp-content\/uploads\/2024\/06\/livagen-768x576.png 768w, https:\/\/pro-body.com\/pl\/wp-content\/uploads\/2024\/06\/livagen-1000x750.png 1000w, https:\/\/pro-body.com\/pl\/wp-content\/uploads\/2024\/06\/livagen-64x48.png 64w\" sizes=\"(max-width: 516px) 100vw, 516px\" \/><\/p>\n<h2><b>Rodzaje peptyd\u00f3w &#8211; czym s\u0105 peptydy<\/b><\/h2>\n<p><b>Peptydy to kr\u00f3tkie \u0142a\u0144cuchy aminokwas\u00f3w<\/b><span style=\"font-weight: 400;\">, b\u0119d\u0105ce podstawowymi sk\u0142adnikami bia\u0142ek. W odr\u00f3\u017cnieniu od bia\u0142ek peptydy s\u0105 mniejsze i odgrywaj\u0105 istotne role w r\u00f3\u017cnych funkcjach fizjologicznych organizmu. Peptydy przede wszystkim mog\u0105 dzia\u0142a\u0107 jako moleku\u0142y sygnalizuj\u0105ce, wp\u0142ywaj\u0105c na komunikacj\u0119 kom\u00f3rkow\u0105, ekspresj\u0119 gen\u00f3w oraz szlaki metaboliczne. Podsumowuj\u0105c s\u0105 one precyzyjnie opracowanymi formu\u0142ami, kt\u00f3rych dzia\u0142anie jest ukierunkowane na konkretny problem.\u00a0<\/span><\/p>\n<h2><b>Co to jest Peptyd Livagen?<\/b><\/h2>\n<p><span style=\"font-weight: 400;\">Livagen to specjalistyczna formu\u0142a peptydowa zaprojektowana w celu wsparcia zdrowia w\u0105troby. W\u0105troba jest witalnym organem odpowiedzialnym za detoksykacj\u0119, metabolizm oraz syntez\u0119 istotnych moleku\u0142 w organizmie. Peptyd zosta\u0142 opracowany w celu poprawy funkcji w\u0105troby i wspierania jej og\u00f3lnego zdrowia poprzez unikalne w\u0142a\u015bciwo\u015bci biochemiczne.<\/span><\/p>\n<h2><b>Mechanizm Dzia\u0142ania<\/b><\/h2>\n<p><span style=\"font-weight: 400;\">Skuteczno\u015b\u0107 Peptydu Livagen wynika z jego mechanizmu dzia\u0142ania na poziomie kom\u00f3rkowym. Formu\u0142a peptydowa ta dzia\u0142a poprzez:<\/span><\/p>\n<ul>\n<li style=\"font-weight: 400;\" aria-level=\"1\"><b>Stymulacj\u0119 regeneracji kom\u00f3rek w\u0105troby.<\/b><span style=\"font-weight: 400;\"> Po pierwsze mo\u017ce stymulowa\u0107 proliferacj\u0119 hepatocyt\u00f3w, g\u0142\u00f3wnych kom\u00f3rek funkcjonalnych w\u0105troby, wspieraj\u0105c tym samym napraw\u0119 uszkodzonego tkanki w\u0105trobowej.<\/span><\/li>\n<li style=\"font-weight: 400;\" aria-level=\"1\"><b>Wsparcie szlak\u00f3w detoksykacyjnych. <\/b><span style=\"font-weight: 400;\">Po drugie poprawiaj\u0105c funkcjonowanie w\u0105troby, wspomaga efektywne usuwanie toksyn i produkt\u00f3w przemiany materii z krwiobiegu.<\/span><\/li>\n<li style=\"font-weight: 400;\" aria-level=\"1\"><b>Modulacja odpowiedzi zapalnej. <\/b><span style=\"font-weight: 400;\">Przewlek\u0142y stan zapalny mo\u017ce negatywnie wp\u0142ywa\u0107 na funkcjonowanie w\u0105troby. Produkt mo\u017ce wykazywa\u0107 w\u0142a\u015bciwo\u015bci przeciwzapalne, zmniejszaj\u0105c zapalenie w w\u0105trobie i sprzyjaj\u0105c zdrowszemu \u015brodowisku dla proces\u00f3w kom\u00f3rkowych.<\/span><\/li>\n<li style=\"font-weight: 400;\" aria-level=\"1\"><b>Poprawa pracy metabolizmu.<\/b><span style=\"font-weight: 400;\"> Mo\u017ce wp\u0142ywa\u0107 na mo\u017cliwo\u015bci trawienne, a co za tym idzie przyswajanie sk\u0142adnik\u00f3w od\u017cywczych.\u00a0<\/span><\/li>\n<li style=\"font-weight: 400;\" aria-level=\"1\"><b>Detoks organizmu. <\/b><span style=\"font-weight: 400;\">W\u0105troba odpowiada za mo\u017cliwo\u015bci oczyszczaj\u0105ce. Jej prawid\u0142owe funkcjonowanie b\u0119dzie skutecznie wspiera\u0107 detoks organizmu, a co za tym idzie poprawia\u0107 zdrowie og\u00f3lne.\u00a0<\/span><\/li>\n<\/ul>\n<h2><b>Livagen dawkowanie<\/b><\/h2>\n<p><span style=\"font-weight: 400;\">W pi\u015bmiennictwie naukowym mo\u017cemy spotka\u0107 si\u0119 z dawkowaniem profilaktycznym <\/span><b>2 mg na dzie\u0144<\/b><span style=\"font-weight: 400;\">.\u00a0<\/span><\/p>\n<p><span style=\"font-weight: 400;\">Peptyd Livagen mo\u017ce by\u0107 wykorzystywany podczas stosowania innych preparat\u00f3w na regeneracj\u0119 jak <a href=\"https:\/\/pro-body.com\/pl\/produkt\/arg-bpc-157\/\">BPC w kapsu\u0142kach<\/a>, TB-500 czy Epitalon.\u00a0<\/span><\/p>\n<h3><b>Peptyd Livagen &#8211; podsumowanie<\/b><\/h3>\n<p><span style=\"font-weight: 400;\">Podsumowuj\u0105c, Peptyd Livagen stanowi obiecuj\u0105cy post\u0119p we wsparciu zdrowia w\u0105troby poprzez ukierunkowane dzia\u0142anie na funkcje w\u0105troby i integralno\u015b\u0107 kom\u00f3rkow\u0105. W miar\u0119 jak badania post\u0119puj\u0105, mo\u017cna spodziewa\u0107 si\u0119 dalszych informacji na temat mechanizm\u00f3w dzia\u0142ania i szerszych zastosowa\u0144 tego innowacyjnego preparatu peptydowego. Z pewno\u015bci\u0105 peptyd b\u0119dzie skutecznym sposobem na to, aby poprawia\u0107 mo\u017cliwo\u015bci organizmu w zakresie pracy uk\u0142adu pokarmowego.\u00a0<\/span><\/p>\n<p><span style=\"font-weight: 400;\">PRZEZNACZONY DO CEL\u00d3W BADAWCZYCH!<\/span><\/p>\n<p><span style=\"font-weight: 400;\">Wszystkie wy\u017cej wymienione w\u0142a\u015bciwo\u015bci obserwuje si\u0119 przy badaniach laboratoryjnych, nierobione na ludziach, maj\u0105 one charakter wy\u0142\u0105cznie informacyjny. Wszelkie informacje zawarte w opisach nie zatwierdzono przez GIS, GIF ani EFSA. Substancja nie jest lekiem, produktem spo\u017cywczym ani suplementem diety, w konsekwencji nie nadaje si\u0119 on do spo\u017cycia przez ludzi. Produkt kwalifikuje si\u0119 jako odczynnik chemiczny \/ materia\u0142 odniesienia dopuszczony do obrotu na terenie UE. Mo\u017cna go u\u017cywa\u0107 wy\u0142\u0105cznie do bada\u0144 naukowych. Pozosta\u0142e informacje na temat \u015brodka zawarto w karcie charakterystyki substancji chemicznej, kt\u00f3r\u0105 udost\u0119pniamy do wgl\u0105du. Produkty dost\u0119pne s\u0105 tylko dla instytucji lub os\u00f3b prywatnych, kt\u00f3re powi\u0105zano z dzia\u0142alno\u015bci\u0105 badawcz\u0105 lub laboratoryjn\u0105.<\/span><\/p>\n<p><a href=\"https:\/\/www.researchgate.net\/publication\/10593732_Effects_of_Livagen_and_Epitalon_New_Peptide_Bioregulators_on_Enkephalin-Degrading_Enzymes_from_Human_Serum\">\u0179r\u00f3d\u0142o<\/a><\/p>\n","protected":false},"excerpt":{"rendered":"<p>Livagen peptyd na regeneracj\u0119 w\u0105troby Livagen &#8211; peptyd ochronny dla w\u0105troby. W ostatnich latach terapia peptydowa zyska\u0142a znaczn\u0105 uwag\u0119 w dziedzinie medycyny regeneracyjnej. W\u015br\u00f3d r\u00f3\u017cnych peptyd\u00f3w zyskuj\u0105cych uznanie ze wzgl\u0119du na potencjalne korzy\u015bci zdrowotne, peptyd przede wszystkim wyr\u00f3\u017cnia si\u0119 jako obiecuj\u0105ca opcja terapeutyczna dla os\u00f3b, kt\u00f3re maj\u0105 problemy z w\u0105trob\u0105. Jak dzia\u0142a Livagen? Jakie korzy\u015bci &hellip;<\/p>\n<p class=\"read-more\"> <a class=\"\" href=\"https:\/\/pro-body.com\/pl\/produkt\/livagen\/\"> <span class=\"screen-reader-text\">Livagen<\/span> Read More &raquo;<\/a><\/p>\n","protected":false},"featured_media":67962,"comment_status":"open","ping_status":"closed","template":"","meta":{"_acf_changed":false,"site-sidebar-layout":"default","site-content-layout":"","ast-site-content-layout":"default","site-content-style":"default","site-sidebar-style":"default","ast-global-header-display":"","ast-banner-title-visibility":"","ast-main-header-display":"","ast-hfb-above-header-display":"","ast-hfb-below-header-display":"","ast-hfb-mobile-header-display":"","site-post-title":"","ast-breadcrumbs-content":"","ast-featured-img":"","footer-sml-layout":"","theme-transparent-header-meta":"default","adv-header-id-meta":"","stick-header-meta":"","header-above-stick-meta":"","header-main-stick-meta":"","header-below-stick-meta":"","astra-migrate-meta-layouts":"set"},"product_brand":[],"product_cat":[96,47],"product_tag":[],"class_list":{"0":"post-67961","1":"product","2":"type-product","3":"status-publish","4":"has-post-thumbnail","6":"product_cat-peptydy-iniekcyjne","7":"product_cat-peptydy","8":"desktop-align-center","9":"tablet-align-left","10":"mobile-align-left","12":"first","13":"instock","14":"sale","15":"taxable","16":"shipping-taxable","17":"purchasable","18":"product-type-simple"},"acf":[],"aioseo_notices":[],"_links":{"self":[{"href":"https:\/\/pro-body.com\/pl\/wp-json\/wp\/v2\/product\/67961","targetHints":{"allow":["GET"]}}],"collection":[{"href":"https:\/\/pro-body.com\/pl\/wp-json\/wp\/v2\/product"}],"about":[{"href":"https:\/\/pro-body.com\/pl\/wp-json\/wp\/v2\/types\/product"}],"replies":[{"embeddable":true,"href":"https:\/\/pro-body.com\/pl\/wp-json\/wp\/v2\/comments?post=67961"}],"wp:featuredmedia":[{"embeddable":true,"href":"https:\/\/pro-body.com\/pl\/wp-json\/wp\/v2\/media\/67962"}],"wp:attachment":[{"href":"https:\/\/pro-body.com\/pl\/wp-json\/wp\/v2\/media?parent=67961"}],"wp:term":[{"taxonomy":"product_brand","embeddable":true,"href":"https:\/\/pro-body.com\/pl\/wp-json\/wp\/v2\/product_brand?post=67961"},{"taxonomy":"product_cat","embeddable":true,"href":"https:\/\/pro-body.com\/pl\/wp-json\/wp\/v2\/product_cat?post=67961"},{"taxonomy":"product_tag","embeddable":true,"href":"https:\/\/pro-body.com\/pl\/wp-json\/wp\/v2\/product_tag?post=67961"}],"curies":[{"name":"wp","href":"https:\/\/api.w.org\/{rel}","templated":true}]}}