{"id":67965,"date":"2024-06-23T22:48:27","date_gmt":"2024-06-23T20:48:27","guid":{"rendered":"https:\/\/pro-body.com\/pl\/?post_type=product&#038;p=67965"},"modified":"2025-11-05T18:54:11","modified_gmt":"2025-11-05T17:54:11","slug":"pancragen","status":"publish","type":"product","link":"https:\/\/pro-body.com\/pl\/produkt\/pancragen\/","title":{"rendered":"Pancragen 20 mg"},"content":{"rendered":"<p><b>Pancragen to peptyd wspomagaj\u0105cy prac\u0119 trzustki.<\/b><span style=\"font-weight: 400;\"> W obecnych czasach, gdzie spos\u00f3b od\u017cywiania wielu os\u00f3b pozostawia wiele do \u017cyczenia mo\u017ce dochodzi\u0107 do upo\u015bledzenia pracy trzustki poprzez np. mniejsze wydzielanie insuliny. Peptydy maj\u0105 za zadanie wspomaga\u0107 prac\u0119 narz\u0105d\u00f3w wewn\u0119trznych, aby przywr\u00f3ci\u0107 ich naturalne dzia\u0142anie. Jednym z takich produkt\u00f3w jest Endogenic Pancragen.<\/span><\/p>\n<p><img fetchpriority=\"high\" decoding=\"async\" class=\"aligncenter wp-image-80891 size-full\" src=\"https:\/\/pro-body.com\/pl\/wp-content\/uploads\/2024\/06\/fitness-Banner-Landscape.png\" alt=\"pancragen prptide\" width=\"1300\" height=\"500\" srcset=\"https:\/\/pro-body.com\/pl\/wp-content\/uploads\/2024\/06\/fitness-Banner-Landscape.png 1300w, https:\/\/pro-body.com\/pl\/wp-content\/uploads\/2024\/06\/fitness-Banner-Landscape-300x115.png 300w, https:\/\/pro-body.com\/pl\/wp-content\/uploads\/2024\/06\/fitness-Banner-Landscape-1024x394.png 1024w, https:\/\/pro-body.com\/pl\/wp-content\/uploads\/2024\/06\/fitness-Banner-Landscape-768x295.png 768w, https:\/\/pro-body.com\/pl\/wp-content\/uploads\/2024\/06\/fitness-Banner-Landscape-1000x385.png 1000w, https:\/\/pro-body.com\/pl\/wp-content\/uploads\/2024\/06\/fitness-Banner-Landscape-64x25.png 64w\" sizes=\"(max-width: 1300px) 100vw, 1300px\" \/><\/p>\n<h2><b>Czym jest Pancragen 20 mg?<\/b><\/h2>\n<p><b>Pancragen 20 mg<\/b><span style=\"font-weight: 400;\"> to preparat nale\u017c\u0105cy do grupy tzw. <\/span><i><span style=\"font-weight: 400;\">peptyd\u00f3w bioregulatorowych<\/span><\/i><span style=\"font-weight: 400;\">. Peptydy te mog\u0105 wspomaga\u0107 r\u00f3\u017cne narz\u0105dy i tkanki w organizmie cz\u0142owieka, u\u0142atwiaj\u0105c zachowanie r\u00f3wnowagi wewn\u0119trznej (homeostazy). <\/span><b>Pancragen<\/b><span style=\"font-weight: 400;\"> zosta\u0142 opracowany z my\u015bl\u0105 o wsparciu proces\u00f3w regeneracyjnych i regulacyjnych w obr\u0119bie <\/span><b>trzustki<\/b><span style=\"font-weight: 400;\">, co mo\u017ce mie\u0107 znaczenie dla os\u00f3b zmagaj\u0105cych si\u0119 z zaburzeniami jej funkcjonowania albo pragn\u0105cych zadba\u0107 o jej optymaln\u0105 kondycj\u0119.<\/span><\/p>\n<h3><b>Sk\u0142ad i mechanizm dzia\u0142ania<\/b><\/h3>\n<p><span style=\"font-weight: 400;\">Peptydy zawarte w <\/span><b>Pancragenie<\/b><span style=\"font-weight: 400;\"> maj\u0105 dzia\u0142anie ukierunkowane na kom\u00f3rki trzustki, potencjalnie wspieraj\u0105c ich regeneracj\u0119 i normalizacj\u0119 funkcji. Dzi\u0119ki specyficznej sekwencji aminokwas\u00f3w, peptydy mog\u0105 oddzia\u0142ywa\u0107 na poziomie molekularnym, reguluj\u0105c niekt\u00f3re procesy metaboliczne.<\/span><\/p>\n<p><span style=\"font-weight: 400;\">W praktyce oznacza to, \u017ce regularne stosowanie preparatu mo\u017ce przyczyni\u0107 si\u0119 do:<\/span><\/p>\n<ul>\n<li style=\"font-weight: 400;\" aria-level=\"1\"><b>Wsparcia proces\u00f3w trawiennych<\/b><span style=\"font-weight: 400;\"> poprzez popraw\u0119 wydzielania enzym\u00f3w.<\/span><\/li>\n<li style=\"font-weight: 400;\" aria-level=\"1\"><b>Regulacji poziomu cukru we krwi<\/b><span style=\"font-weight: 400;\"> dzi\u0119ki korzystnemu wp\u0142ywowi na produkcj\u0119 i wydzielanie insuliny.<\/span><\/li>\n<li style=\"font-weight: 400;\" aria-level=\"1\"><b>Redukcji stanu zapalnego<\/b><span style=\"font-weight: 400;\"> w obr\u0119bie trzustki (je\u015bli wyst\u0119puje), co z kolei mo\u017ce przynie\u015b\u0107 ulg\u0119 w dolegliwo\u015bciach b\u00f3lowych.<\/span><\/li>\n<\/ul>\n","protected":false},"excerpt":{"rendered":"<p><strong>Pancragen<\/strong> to wsparcie zdrowia trzustki i usprawnienie trawienia. Czy wiesz, \u017ce trzustka to jeden z najwa\u017cniejszych narz\u0105d\u00f3w w Twoim ciele, odpowiedzialny za trawienie i regulacj\u0119 poziomu cukru we krwi? Je\u015bli trenujesz na si\u0142owni i zale\u017cy Ci na maksymalnych wynikach, zdrowa trzustka to klucz do efektywnego metabolizmu i energii na treningach. <strong>Pancragen 20 mg to innowacyjny suplement, kt\u00f3ry wspiera regeneracj\u0119 i prawid\u0142owe funkcjonowanie tego narz\u0105du.<\/strong> Dzi\u0119ki unikalnym peptydom bioregulatorowym, Pancragen mo\u017ce pom\u00f3c Ci poprawi\u0107 trawienie, zoptymalizowa\u0107 poziom cukru we krwi i zwi\u0119kszy\u0107 wydolno\u015b\u0107 organizmu. Nie pozw\u00f3l, by problemy z trzustk\u0105 spowolni\u0142y Tw\u00f3j progres! Zacznij dzia\u0142a\u0107 ju\u017c dzi\u015b i postaw na kompleksowe wsparcie swojego cia\u0142a. Pancragen 20 mg to Tw\u00f3j sekret na lepsze wyniki i zdrowie.<\/p>\n","protected":false},"featured_media":67966,"comment_status":"open","ping_status":"closed","template":"","meta":{"_acf_changed":false,"site-sidebar-layout":"default","site-content-layout":"","ast-site-content-layout":"default","site-content-style":"default","site-sidebar-style":"default","ast-global-header-display":"","ast-banner-title-visibility":"","ast-main-header-display":"","ast-hfb-above-header-display":"","ast-hfb-below-header-display":"","ast-hfb-mobile-header-display":"","site-post-title":"","ast-breadcrumbs-content":"","ast-featured-img":"","footer-sml-layout":"","theme-transparent-header-meta":"default","adv-header-id-meta":"","stick-header-meta":"","header-above-stick-meta":"","header-main-stick-meta":"","header-below-stick-meta":"","astra-migrate-meta-layouts":"set"},"product_brand":[],"product_cat":[96,47],"product_tag":[],"class_list":{"0":"post-67965","1":"product","2":"type-product","3":"status-publish","4":"has-post-thumbnail","6":"product_cat-peptydy-iniekcyjne","7":"product_cat-peptydy","8":"desktop-align-center","9":"tablet-align-left","10":"mobile-align-left","12":"first","13":"instock","14":"sale","15":"taxable","16":"shipping-taxable","17":"purchasable","18":"product-type-simple"},"acf":[],"aioseo_notices":[],"_links":{"self":[{"href":"https:\/\/pro-body.com\/pl\/wp-json\/wp\/v2\/product\/67965","targetHints":{"allow":["GET"]}}],"collection":[{"href":"https:\/\/pro-body.com\/pl\/wp-json\/wp\/v2\/product"}],"about":[{"href":"https:\/\/pro-body.com\/pl\/wp-json\/wp\/v2\/types\/product"}],"replies":[{"embeddable":true,"href":"https:\/\/pro-body.com\/pl\/wp-json\/wp\/v2\/comments?post=67965"}],"wp:featuredmedia":[{"embeddable":true,"href":"https:\/\/pro-body.com\/pl\/wp-json\/wp\/v2\/media\/67966"}],"wp:attachment":[{"href":"https:\/\/pro-body.com\/pl\/wp-json\/wp\/v2\/media?parent=67965"}],"wp:term":[{"taxonomy":"product_brand","embeddable":true,"href":"https:\/\/pro-body.com\/pl\/wp-json\/wp\/v2\/product_brand?post=67965"},{"taxonomy":"product_cat","embeddable":true,"href":"https:\/\/pro-body.com\/pl\/wp-json\/wp\/v2\/product_cat?post=67965"},{"taxonomy":"product_tag","embeddable":true,"href":"https:\/\/pro-body.com\/pl\/wp-json\/wp\/v2\/product_tag?post=67965"}],"curies":[{"name":"wp","href":"https:\/\/api.w.org\/{rel}","templated":true}]}}