{"id":67967,"date":"2024-06-23T22:49:06","date_gmt":"2024-06-23T20:49:06","guid":{"rendered":"https:\/\/pro-body.com\/pl\/?post_type=product&#038;p=67967"},"modified":"2025-10-07T17:23:56","modified_gmt":"2025-10-07T15:23:56","slug":"thrombin-peptide-tp508","status":"publish","type":"product","link":"https:\/\/pro-body.com\/pl\/produkt\/thrombin-peptide-tp508\/","title":{"rendered":"Thrombin peptide TP508"},"content":{"rendered":"<h1><b>Thrombin TP 508 5 mg\u00a0 &#8211; peptyd na regeneracj\u0119<\/b><\/h1>\n<p><b>Trombin TP508 to peptyd, kt\u00f3ry zyskuje na popularno\u015bci, dzi\u0119ki swojemu dzia\u0142aniu przeciwzapalnemu, regeneracyjnemu i ochronnemu. <\/b><span style=\"font-weight: 400;\">Jest to syntetyczny analog trombiny, czyli enzymu bior\u0105cego udzia\u0142 w krzepni\u0119ciu krwi. Thrombin dzia\u0142a poprzez stymulowanie produkcji kolagenu i wzrostu naczy\u0144 krwiono\u015bnych w miejscu uszkodzenia. Dzi\u0119ki temu przyspiesza si\u0119 zarastanie rany i zmniejsza si\u0119 ryzyko zaka\u017cenia lub blizn. Dlaczego warto go stosowa\u0107? Jakie jeszcze ciekawe w\u0142a\u015bciwo\u015bci posiada?<\/span><\/p>\n","protected":false},"excerpt":{"rendered":"<p>Thrombin TP 508 5 mg\u00a0 &#8211; peptyd na regeneracj\u0119 Trombin TP508 to peptyd, kt\u00f3ry zyskuje na popularno\u015bci, dzi\u0119ki swojemu dzia\u0142aniu przeciwzapalnemu, regeneracyjnemu i ochronnemu. Jest to syntetyczny analog trombiny, czyli enzymu bior\u0105cego udzia\u0142 w krzepni\u0119ciu krwi. Thrombin dzia\u0142a poprzez stymulowanie produkcji kolagenu i wzrostu naczy\u0144 krwiono\u015bnych w miejscu uszkodzenia. Dzi\u0119ki temu przyspiesza si\u0119 zarastanie rany &hellip;<\/p>\n<p class=\"read-more\"> <a class=\"\" href=\"https:\/\/pro-body.com\/pl\/produkt\/thrombin-peptide-tp508\/\"> <span class=\"screen-reader-text\">Thrombin peptide TP508<\/span> Read More &raquo;<\/a><\/p>\n","protected":false},"featured_media":67968,"comment_status":"open","ping_status":"closed","template":"","meta":{"_acf_changed":false,"site-sidebar-layout":"default","site-content-layout":"","ast-site-content-layout":"default","site-content-style":"default","site-sidebar-style":"default","ast-global-header-display":"","ast-banner-title-visibility":"","ast-main-header-display":"","ast-hfb-above-header-display":"","ast-hfb-below-header-display":"","ast-hfb-mobile-header-display":"","site-post-title":"","ast-breadcrumbs-content":"","ast-featured-img":"","footer-sml-layout":"","theme-transparent-header-meta":"default","adv-header-id-meta":"","stick-header-meta":"","header-above-stick-meta":"","header-main-stick-meta":"","header-below-stick-meta":"","astra-migrate-meta-layouts":"set"},"product_brand":[],"product_cat":[96,47],"product_tag":[],"class_list":{"0":"post-67967","1":"product","2":"type-product","3":"status-publish","4":"has-post-thumbnail","6":"product_cat-peptydy-iniekcyjne","7":"product_cat-peptydy","8":"desktop-align-center","9":"tablet-align-left","10":"mobile-align-left","12":"first","13":"instock","14":"sale","15":"taxable","16":"shipping-taxable","17":"purchasable","18":"product-type-simple"},"acf":[],"aioseo_notices":[],"_links":{"self":[{"href":"https:\/\/pro-body.com\/pl\/wp-json\/wp\/v2\/product\/67967","targetHints":{"allow":["GET"]}}],"collection":[{"href":"https:\/\/pro-body.com\/pl\/wp-json\/wp\/v2\/product"}],"about":[{"href":"https:\/\/pro-body.com\/pl\/wp-json\/wp\/v2\/types\/product"}],"replies":[{"embeddable":true,"href":"https:\/\/pro-body.com\/pl\/wp-json\/wp\/v2\/comments?post=67967"}],"wp:featuredmedia":[{"embeddable":true,"href":"https:\/\/pro-body.com\/pl\/wp-json\/wp\/v2\/media\/67968"}],"wp:attachment":[{"href":"https:\/\/pro-body.com\/pl\/wp-json\/wp\/v2\/media?parent=67967"}],"wp:term":[{"taxonomy":"product_brand","embeddable":true,"href":"https:\/\/pro-body.com\/pl\/wp-json\/wp\/v2\/product_brand?post=67967"},{"taxonomy":"product_cat","embeddable":true,"href":"https:\/\/pro-body.com\/pl\/wp-json\/wp\/v2\/product_cat?post=67967"},{"taxonomy":"product_tag","embeddable":true,"href":"https:\/\/pro-body.com\/pl\/wp-json\/wp\/v2\/product_tag?post=67967"}],"curies":[{"name":"wp","href":"https:\/\/api.w.org\/{rel}","templated":true}]}}