{"id":68801,"date":"2024-07-06T10:20:29","date_gmt":"2024-07-06T08:20:29","guid":{"rendered":"https:\/\/pro-body.com\/pl\/?post_type=product&#038;p=68801"},"modified":"2024-10-31T07:46:03","modified_gmt":"2024-10-31T06:46:03","slug":"thymosin-beta-4-fragment-arg-bpc-157","status":"publish","type":"product","link":"https:\/\/pro-body.com\/pl\/produkt\/thymosin-beta-4-fragment-arg-bpc-157\/","title":{"rendered":"TB4 Fragment + ARG-BPC-157 (TB-500 oral)"},"content":{"rendered":"<h1><b>Peptyd TB-500 w kapsu\u0142kach z BPC-157 ARG<\/b><\/h1>\n<p><b>Suplementacja TB-500 oraz BPC-157 w formie ARG <\/b><span style=\"font-weight: 400;\">jest obecnie najmocniejsz\u0105 kombinacj\u0105 peptyd\u00f3w w kapsu\u0142kach, kt\u00f3re maj\u0105 za zadanie wzmacnia\u0107 Twoj\u0105 regeneracj\u0119. Ta pot\u0119\u017cna kombinacja jest znana z potencja\u0142u przyspieszania gojenia, wspomagania naprawy tkanek i oferowania wielu innych korzy\u015bci zdrowotnych. Produkt, jaki oferujemy, zawiera maksymalne dawki substancji aktywnych, kt\u00f3re poprawiaj\u0105 mo\u017cliwo\u015bci Twojego organizmu. Sprawd\u017a jak wykorzysta\u0107 dzia\u0142anie TB-500 w kapsu\u0142kach z BPC-157. <\/span><\/p>\n","protected":false},"excerpt":{"rendered":"<p>Peptyd TB-500 w kapsu\u0142kach z BPC-157 ARG Suplementacja TB-500 oraz BPC-157 w formie ARG jest obecnie najmocniejsz\u0105 kombinacj\u0105 peptyd\u00f3w w kapsu\u0142kach, kt\u00f3re maj\u0105 za zadanie wzmacnia\u0107 Twoj\u0105 regeneracj\u0119. Ta pot\u0119\u017cna kombinacja jest znana z potencja\u0142u przyspieszania gojenia, wspomagania naprawy tkanek i oferowania wielu innych korzy\u015bci zdrowotnych. Produkt, jaki oferujemy, zawiera maksymalne dawki substancji aktywnych, kt\u00f3re &hellip;<\/p>\n<p class=\"read-more\"> <a class=\"\" href=\"https:\/\/pro-body.com\/pl\/produkt\/thymosin-beta-4-fragment-arg-bpc-157\/\"> <span class=\"screen-reader-text\">TB4 Fragment + ARG-BPC-157 (TB-500 oral)<\/span> Read More &raquo;<\/a><\/p>\n","protected":false},"featured_media":68802,"comment_status":"open","ping_status":"closed","template":"","meta":{"_acf_changed":false,"site-sidebar-layout":"default","site-content-layout":"","ast-site-content-layout":"default","site-content-style":"default","site-sidebar-style":"default","ast-global-header-display":"","ast-banner-title-visibility":"","ast-main-header-display":"","ast-hfb-above-header-display":"","ast-hfb-below-header-display":"","ast-hfb-mobile-header-display":"","site-post-title":"","ast-breadcrumbs-content":"","ast-featured-img":"","footer-sml-layout":"","theme-transparent-header-meta":"default","adv-header-id-meta":"","stick-header-meta":"","header-above-stick-meta":"","header-main-stick-meta":"","header-below-stick-meta":"","astra-migrate-meta-layouts":"set"},"product_brand":[],"product_cat":[15,50,47],"product_tag":[],"class_list":{"0":"post-68801","1":"product","2":"type-product","3":"status-publish","4":"has-post-thumbnail","6":"product_cat-bez-kategorii","7":"product_cat-peptydy-w-kapsulkach","8":"product_cat-peptydy","9":"desktop-align-center","10":"tablet-align-left","11":"mobile-align-left","13":"first","14":"instock","15":"sale","16":"taxable","17":"shipping-taxable","18":"purchasable","19":"product-type-simple"},"acf":[],"aioseo_notices":[],"_links":{"self":[{"href":"https:\/\/pro-body.com\/pl\/wp-json\/wp\/v2\/product\/68801","targetHints":{"allow":["GET"]}}],"collection":[{"href":"https:\/\/pro-body.com\/pl\/wp-json\/wp\/v2\/product"}],"about":[{"href":"https:\/\/pro-body.com\/pl\/wp-json\/wp\/v2\/types\/product"}],"replies":[{"embeddable":true,"href":"https:\/\/pro-body.com\/pl\/wp-json\/wp\/v2\/comments?post=68801"}],"wp:featuredmedia":[{"embeddable":true,"href":"https:\/\/pro-body.com\/pl\/wp-json\/wp\/v2\/media\/68802"}],"wp:attachment":[{"href":"https:\/\/pro-body.com\/pl\/wp-json\/wp\/v2\/media?parent=68801"}],"wp:term":[{"taxonomy":"product_brand","embeddable":true,"href":"https:\/\/pro-body.com\/pl\/wp-json\/wp\/v2\/product_brand?post=68801"},{"taxonomy":"product_cat","embeddable":true,"href":"https:\/\/pro-body.com\/pl\/wp-json\/wp\/v2\/product_cat?post=68801"},{"taxonomy":"product_tag","embeddable":true,"href":"https:\/\/pro-body.com\/pl\/wp-json\/wp\/v2\/product_tag?post=68801"}],"curies":[{"name":"wp","href":"https:\/\/api.w.org\/{rel}","templated":true}]}}