{"id":68810,"date":"2024-07-06T11:00:38","date_gmt":"2024-07-06T09:00:38","guid":{"rendered":"https:\/\/pro-body.com\/pl\/?post_type=product&#038;p=68810"},"modified":"2025-10-22T12:14:42","modified_gmt":"2025-10-22T10:14:42","slug":"cardiogen","status":"publish","type":"product","link":"https:\/\/pro-body.com\/pl\/produkt\/cardiogen\/","title":{"rendered":"Cardiogen"},"content":{"rendered":"<h1>Cardiogen 20 mg &#8211; zdrowe serce<\/h1>\n<p><b>Cardiogen <\/b><span style=\"font-weight: 400;\">peptyd, kt\u00f3ry wspomaga prac\u0119 serca. Je\u015bli chodzi o utrzymanie zdrowego serca, na rynku dost\u0119pne jest wiele suplement\u00f3w i produkt\u00f3w, kt\u00f3rych celem jest zadbanie o nasz najwa\u017cniejszy mi\u0119sie\u0144. Jednym z takich produkt\u00f3w, kt\u00f3ry zwr\u00f3ci\u0142 na siebie uwag\u0119 jest<\/span> <span style=\"font-weight: 400;\">peptyd <\/span><b>Cardiogen<\/b><span style=\"font-weight: 400;\">. Obecnymi czasy wiele os\u00f3b ma problemy z uk\u0142adem krwiono\u015bnym,\u00a0 w tym dotyka nas wiele chor\u00f3b serca, kt\u00f3re mog\u0105 powodowa\u0107 wiele przykrych dolegliwo\u015bci. W \u015bwiecie medycyny poszukuje si\u0119 nadal zwi\u0105zk\u00f3w aktywnych, kt\u00f3rych celem b\u0119dzie utrzymanie jak najlepszej kondycji serca. Produktami, kt\u00f3re obecnie wzbudzaj\u0105 spore zainteresowanie s\u0105 peptydy.\u00a0<\/span><\/p>\n<p><span style=\"font-weight: 400;\">\u00a0<\/span><\/p>\n<p>&nbsp;<\/p>\n","protected":false},"excerpt":{"rendered":"<p>Cardiogen 20 mg &#8211; zdrowe serce Cardiogen peptyd, kt\u00f3ry wspomaga prac\u0119 serca. Je\u015bli chodzi o utrzymanie zdrowego serca, na rynku dost\u0119pne jest wiele suplement\u00f3w i produkt\u00f3w, kt\u00f3rych celem jest zadbanie o nasz najwa\u017cniejszy mi\u0119sie\u0144. Jednym z takich produkt\u00f3w, kt\u00f3ry zwr\u00f3ci\u0142 na siebie uwag\u0119 jest peptyd Cardiogen. Obecnymi czasy wiele os\u00f3b ma problemy z uk\u0142adem krwiono\u015bnym,\u00a0 &hellip;<\/p>\n<p class=\"read-more\"> <a class=\"\" href=\"https:\/\/pro-body.com\/pl\/produkt\/cardiogen\/\"> <span class=\"screen-reader-text\">Cardiogen<\/span> Read More &raquo;<\/a><\/p>\n","protected":false},"featured_media":68811,"comment_status":"open","ping_status":"closed","template":"","meta":{"_acf_changed":false,"site-sidebar-layout":"default","site-content-layout":"","ast-site-content-layout":"default","site-content-style":"default","site-sidebar-style":"default","ast-global-header-display":"","ast-banner-title-visibility":"","ast-main-header-display":"","ast-hfb-above-header-display":"","ast-hfb-below-header-display":"","ast-hfb-mobile-header-display":"","site-post-title":"","ast-breadcrumbs-content":"","ast-featured-img":"","footer-sml-layout":"","theme-transparent-header-meta":"default","adv-header-id-meta":"","stick-header-meta":"","header-above-stick-meta":"","header-main-stick-meta":"","header-below-stick-meta":"","astra-migrate-meta-layouts":"set"},"product_brand":[],"product_cat":[15,96,47],"product_tag":[],"class_list":{"0":"post-68810","1":"product","2":"type-product","3":"status-publish","4":"has-post-thumbnail","6":"product_cat-bez-kategorii","7":"product_cat-peptydy-iniekcyjne","8":"product_cat-peptydy","9":"desktop-align-center","10":"tablet-align-left","11":"mobile-align-left","13":"first","14":"instock","15":"sale","16":"taxable","17":"shipping-taxable","18":"purchasable","19":"product-type-simple"},"acf":[],"aioseo_notices":[],"_links":{"self":[{"href":"https:\/\/pro-body.com\/pl\/wp-json\/wp\/v2\/product\/68810","targetHints":{"allow":["GET"]}}],"collection":[{"href":"https:\/\/pro-body.com\/pl\/wp-json\/wp\/v2\/product"}],"about":[{"href":"https:\/\/pro-body.com\/pl\/wp-json\/wp\/v2\/types\/product"}],"replies":[{"embeddable":true,"href":"https:\/\/pro-body.com\/pl\/wp-json\/wp\/v2\/comments?post=68810"}],"wp:featuredmedia":[{"embeddable":true,"href":"https:\/\/pro-body.com\/pl\/wp-json\/wp\/v2\/media\/68811"}],"wp:attachment":[{"href":"https:\/\/pro-body.com\/pl\/wp-json\/wp\/v2\/media?parent=68810"}],"wp:term":[{"taxonomy":"product_brand","embeddable":true,"href":"https:\/\/pro-body.com\/pl\/wp-json\/wp\/v2\/product_brand?post=68810"},{"taxonomy":"product_cat","embeddable":true,"href":"https:\/\/pro-body.com\/pl\/wp-json\/wp\/v2\/product_cat?post=68810"},{"taxonomy":"product_tag","embeddable":true,"href":"https:\/\/pro-body.com\/pl\/wp-json\/wp\/v2\/product_tag?post=68810"}],"curies":[{"name":"wp","href":"https:\/\/api.w.org\/{rel}","templated":true}]}}