{"id":68812,"date":"2024-07-06T11:02:58","date_gmt":"2024-07-06T09:02:58","guid":{"rendered":"https:\/\/pro-body.com\/pl\/?post_type=product&#038;p=68812"},"modified":"2026-03-01T09:48:32","modified_gmt":"2026-03-01T08:48:32","slug":"prostamax","status":"publish","type":"product","link":"https:\/\/pro-body.com\/pl\/produkt\/prostamax\/","title":{"rendered":"Prostamax"},"content":{"rendered":"<h1>Peptyd Prostamax 20 mg wsparcie dla uk\u0142adu moczowego i prostaty<\/h1>\n<p><span style=\"font-weight: 400;\">Czy czujesz, \u017ce potrzebujesz dodatkowego wsparcia dla swojego uk\u0142adu moczowego i prostaty? Je\u015bli tak, to w\u0142a\u015bnie dla Ciebie przygotowali\u015bmy<\/span><b> Peptyd Prostamax<\/b><span style=\"font-weight: 400;\"> &#8211; innowacyjny produkt, kt\u00f3ry mo\u017ce zmieni\u0107 Twoje \u017cycie. Dzi\u0119ki niemu mo\u017cesz cieszy\u0107 si\u0119 zdrowszym i aktywniejszym \u017cyciem, bez obaw o te delikatne obszary Twojego cia\u0142a. Zapraszamy do zapoznania si\u0119 ze szczeg\u00f3\u0142ami dotycz\u0105cymi dzia\u0142ania peptydu. Dowiedz si\u0119, dlaczego Prostamax to najlepszy wyb\u00f3r dla Ciebie.<\/span><\/p>\n","protected":false},"excerpt":{"rendered":"<p>Peptyd Prostamax 20 mg wsparcie dla uk\u0142adu moczowego i prostaty Czy czujesz, \u017ce potrzebujesz dodatkowego wsparcia dla swojego uk\u0142adu moczowego i prostaty? Je\u015bli tak, to w\u0142a\u015bnie dla Ciebie przygotowali\u015bmy Peptyd Prostamax &#8211; innowacyjny produkt, kt\u00f3ry mo\u017ce zmieni\u0107 Twoje \u017cycie. Dzi\u0119ki niemu mo\u017cesz cieszy\u0107 si\u0119 zdrowszym i aktywniejszym \u017cyciem, bez obaw o te delikatne obszary Twojego &hellip;<\/p>\n<p class=\"read-more\"> <a class=\"\" href=\"https:\/\/pro-body.com\/pl\/produkt\/prostamax\/\"> <span class=\"screen-reader-text\">Prostamax<\/span> Read More &raquo;<\/a><\/p>\n","protected":false},"featured_media":68814,"comment_status":"open","ping_status":"closed","template":"","meta":{"_acf_changed":false,"site-sidebar-layout":"default","site-content-layout":"","ast-site-content-layout":"default","site-content-style":"default","site-sidebar-style":"default","ast-global-header-display":"","ast-banner-title-visibility":"","ast-main-header-display":"","ast-hfb-above-header-display":"","ast-hfb-below-header-display":"","ast-hfb-mobile-header-display":"","site-post-title":"","ast-breadcrumbs-content":"","ast-featured-img":"","footer-sml-layout":"","theme-transparent-header-meta":"default","adv-header-id-meta":"","stick-header-meta":"","header-above-stick-meta":"","header-main-stick-meta":"","header-below-stick-meta":"","astra-migrate-meta-layouts":"set"},"product_brand":[],"product_cat":[15,96,47],"product_tag":[],"class_list":{"0":"post-68812","1":"product","2":"type-product","3":"status-publish","4":"has-post-thumbnail","6":"product_cat-bez-kategorii","7":"product_cat-peptydy-iniekcyjne","8":"product_cat-peptydy","9":"desktop-align-center","10":"tablet-align-left","11":"mobile-align-left","13":"first","14":"instock","15":"sale","16":"taxable","17":"shipping-taxable","18":"purchasable","19":"product-type-simple"},"acf":[],"aioseo_notices":[],"_links":{"self":[{"href":"https:\/\/pro-body.com\/pl\/wp-json\/wp\/v2\/product\/68812","targetHints":{"allow":["GET"]}}],"collection":[{"href":"https:\/\/pro-body.com\/pl\/wp-json\/wp\/v2\/product"}],"about":[{"href":"https:\/\/pro-body.com\/pl\/wp-json\/wp\/v2\/types\/product"}],"replies":[{"embeddable":true,"href":"https:\/\/pro-body.com\/pl\/wp-json\/wp\/v2\/comments?post=68812"}],"wp:featuredmedia":[{"embeddable":true,"href":"https:\/\/pro-body.com\/pl\/wp-json\/wp\/v2\/media\/68814"}],"wp:attachment":[{"href":"https:\/\/pro-body.com\/pl\/wp-json\/wp\/v2\/media?parent=68812"}],"wp:term":[{"taxonomy":"product_brand","embeddable":true,"href":"https:\/\/pro-body.com\/pl\/wp-json\/wp\/v2\/product_brand?post=68812"},{"taxonomy":"product_cat","embeddable":true,"href":"https:\/\/pro-body.com\/pl\/wp-json\/wp\/v2\/product_cat?post=68812"},{"taxonomy":"product_tag","embeddable":true,"href":"https:\/\/pro-body.com\/pl\/wp-json\/wp\/v2\/product_tag?post=68812"}],"curies":[{"name":"wp","href":"https:\/\/api.w.org\/{rel}","templated":true}]}}