{"id":69322,"date":"2024-07-13T10:12:25","date_gmt":"2024-07-13T08:12:25","guid":{"rendered":"https:\/\/pro-body.com\/pl\/?post_type=product&#038;p=69322"},"modified":"2025-02-10T08:13:18","modified_gmt":"2025-02-10T07:13:18","slug":"endopump","status":"publish","type":"product","link":"https:\/\/pro-body.com\/pl\/produkt\/endopump\/","title":{"rendered":"Endopump"},"content":{"rendered":"<h1><b>Endopump &#8211; no-booster na pomp\u0119 mi\u0119\u015bniow\u0105<\/b><\/h1>\n<p><b>Endopump to nowoczesny booster tlenku azotu (NO)<\/b><span style=\"font-weight: 400;\"> zaprojektowany specjalnie do zwi\u0119kszenia pomp mi\u0119\u015bniowych podczas trening\u00f3w. Dzi\u0119ki wykorzystaniu synergii pi\u0119ciu kluczowych aminokwas\u00f3w, Endopump ma na celu zwi\u0119kszenie poziomu tlenku azotu w organizmie, poprawiaj\u0105c tym samym przep\u0142yw krwi, dostarczanie sk\u0142adnik\u00f3w od\u017cywczych i og\u00f3ln\u0105 wydolno\u015b\u0107 treningow\u0105. Sprawd\u017a szczeg\u00f3\u0142owy sk\u0142ad i wykorzystaj maksymaln\u0105 pomp\u0119 mi\u0119\u015bniow\u0105, aby wspiera\u0107 rozw\u00f3j sylwetki!<\/span><\/p>\n<p><strong>Czym jest tlenek azotu?<\/strong><\/p>\n<p><span style=\"font-weight: 400;\">Tlenek azotu (NO) to naturalnie wyst\u0119puj\u0105ca w organizmie cz\u0105steczka, kt\u00f3ra odgrywa kluczow\u0105 rol\u0119 w zdrowiu naczyniowym. Dzia\u0142a jako wazodylatator, co oznacza, \u017ce pomaga rozlu\u017ania\u0107 i rozszerza\u0107 naczynia krwiono\u015bne, poprawiaj\u0105c przep\u0142yw krwi. Zwi\u0119kszony przep\u0142yw krwi podczas \u0107wicze\u0144 prowadzi do lepszego dostarczania tlenu i sk\u0142adnik\u00f3w od\u017cywczych do mi\u0119\u015bni, co mo\u017ce znacznie poprawi\u0107 wydajno\u015b\u0107 i regeneracj\u0119.<\/span><\/p>\n","protected":false},"excerpt":{"rendered":"<p>Endopump &#8211; no-booster na pomp\u0119 mi\u0119\u015bniow\u0105 Endopump to nowoczesny booster tlenku azotu (NO) zaprojektowany specjalnie do zwi\u0119kszenia pomp mi\u0119\u015bniowych podczas trening\u00f3w. Dzi\u0119ki wykorzystaniu synergii pi\u0119ciu kluczowych aminokwas\u00f3w, Endopump ma na celu zwi\u0119kszenie poziomu tlenku azotu w organizmie, poprawiaj\u0105c tym samym przep\u0142yw krwi, dostarczanie sk\u0142adnik\u00f3w od\u017cywczych i og\u00f3ln\u0105 wydolno\u015b\u0107 treningow\u0105. Sprawd\u017a szczeg\u00f3\u0142owy sk\u0142ad i wykorzystaj maksymaln\u0105 &hellip;<\/p>\n<p class=\"read-more\"> <a class=\"\" href=\"https:\/\/pro-body.com\/pl\/produkt\/endopump\/\"> <span class=\"screen-reader-text\">Endopump<\/span> Read More &raquo;<\/a><\/p>\n","protected":false},"featured_media":69697,"comment_status":"open","ping_status":"closed","template":"","meta":{"_acf_changed":false,"site-sidebar-layout":"default","site-content-layout":"","ast-site-content-layout":"default","site-content-style":"default","site-sidebar-style":"default","ast-global-header-display":"","ast-banner-title-visibility":"","ast-main-header-display":"","ast-hfb-above-header-display":"","ast-hfb-below-header-display":"","ast-hfb-mobile-header-display":"","site-post-title":"","ast-breadcrumbs-content":"","ast-featured-img":"","footer-sml-layout":"","theme-transparent-header-meta":"default","adv-header-id-meta":"","stick-header-meta":"","header-above-stick-meta":"","header-main-stick-meta":"","header-below-stick-meta":"","astra-migrate-meta-layouts":"set"},"product_brand":[],"product_cat":[15,120,66],"product_tag":[],"class_list":{"0":"post-69322","1":"product","2":"type-product","3":"status-publish","4":"has-post-thumbnail","6":"product_cat-bez-kategorii","7":"product_cat-aminokawsy","8":"product_cat-suplementy","9":"desktop-align-center","10":"tablet-align-left","11":"mobile-align-left","13":"first","14":"instock","15":"sale","16":"taxable","17":"shipping-taxable","18":"purchasable","19":"product-type-simple"},"acf":[],"aioseo_notices":[],"_links":{"self":[{"href":"https:\/\/pro-body.com\/pl\/wp-json\/wp\/v2\/product\/69322","targetHints":{"allow":["GET"]}}],"collection":[{"href":"https:\/\/pro-body.com\/pl\/wp-json\/wp\/v2\/product"}],"about":[{"href":"https:\/\/pro-body.com\/pl\/wp-json\/wp\/v2\/types\/product"}],"replies":[{"embeddable":true,"href":"https:\/\/pro-body.com\/pl\/wp-json\/wp\/v2\/comments?post=69322"}],"wp:featuredmedia":[{"embeddable":true,"href":"https:\/\/pro-body.com\/pl\/wp-json\/wp\/v2\/media\/69697"}],"wp:attachment":[{"href":"https:\/\/pro-body.com\/pl\/wp-json\/wp\/v2\/media?parent=69322"}],"wp:term":[{"taxonomy":"product_brand","embeddable":true,"href":"https:\/\/pro-body.com\/pl\/wp-json\/wp\/v2\/product_brand?post=69322"},{"taxonomy":"product_cat","embeddable":true,"href":"https:\/\/pro-body.com\/pl\/wp-json\/wp\/v2\/product_cat?post=69322"},{"taxonomy":"product_tag","embeddable":true,"href":"https:\/\/pro-body.com\/pl\/wp-json\/wp\/v2\/product_tag?post=69322"}],"curies":[{"name":"wp","href":"https:\/\/api.w.org\/{rel}","templated":true}]}}