{"id":69328,"date":"2024-07-13T10:14:41","date_gmt":"2024-07-13T08:14:41","guid":{"rendered":"https:\/\/pro-body.com\/pl\/?post_type=product&#038;p=69328"},"modified":"2025-02-10T08:13:11","modified_gmt":"2025-02-10T07:13:11","slug":"endosleep","status":"publish","type":"product","link":"https:\/\/pro-body.com\/pl\/produkt\/endosleep\/","title":{"rendered":"Endosleep"},"content":{"rendered":"<h1><b>Endosleep spokojny i g\u0142\u0119boki sen<\/b><\/h1>\n<p><b>Endosleep to zaawansowana mieszanka aminokwas\u00f3w wspieraj\u0105cych sen. <\/b><span style=\"font-weight: 400;\">Sen jest nieod\u0142\u0105cznym elementem naszego zdrowia i dobrego samopoczucia. Brak odpowiedniego wypoczynku mo\u017ce prowadzi\u0107 do wielu problem\u00f3w zdrowotnych, zar\u00f3wno fizycznych, jak i psychicznych. Endosleep to innowacyjny produkt aminokwasowy, kt\u00f3ry zosta\u0142 opracowany w celu wspierania zdrowego snu. Zawiera kluczowe sk\u0142adniki takie jak melatonina, GABA, L-glutamina i L-arginina, kt\u00f3re synergicznie dzia\u0142aj\u0105, aby poprawi\u0107 jako\u015b\u0107 snu.<\/span><\/p>\n","protected":false},"excerpt":{"rendered":"<p>Endosleep spokojny i g\u0142\u0119boki sen Endosleep to zaawansowana mieszanka aminokwas\u00f3w wspieraj\u0105cych sen. Sen jest nieod\u0142\u0105cznym elementem naszego zdrowia i dobrego samopoczucia. Brak odpowiedniego wypoczynku mo\u017ce prowadzi\u0107 do wielu problem\u00f3w zdrowotnych, zar\u00f3wno fizycznych, jak i psychicznych. Endosleep to innowacyjny produkt aminokwasowy, kt\u00f3ry zosta\u0142 opracowany w celu wspierania zdrowego snu. Zawiera kluczowe sk\u0142adniki takie jak melatonina, GABA, &hellip;<\/p>\n<p class=\"read-more\"> <a class=\"\" href=\"https:\/\/pro-body.com\/pl\/produkt\/endosleep\/\"> <span class=\"screen-reader-text\">Endosleep<\/span> Read More &raquo;<\/a><\/p>\n","protected":false},"featured_media":69330,"comment_status":"open","ping_status":"closed","template":"","meta":{"_acf_changed":false,"site-sidebar-layout":"default","site-content-layout":"","ast-site-content-layout":"default","site-content-style":"default","site-sidebar-style":"default","ast-global-header-display":"","ast-banner-title-visibility":"","ast-main-header-display":"","ast-hfb-above-header-display":"","ast-hfb-below-header-display":"","ast-hfb-mobile-header-display":"","site-post-title":"","ast-breadcrumbs-content":"","ast-featured-img":"","footer-sml-layout":"","theme-transparent-header-meta":"default","adv-header-id-meta":"","stick-header-meta":"","header-above-stick-meta":"","header-main-stick-meta":"","header-below-stick-meta":"","astra-migrate-meta-layouts":"set"},"product_brand":[],"product_cat":[15,120,66],"product_tag":[],"class_list":{"0":"post-69328","1":"product","2":"type-product","3":"status-publish","4":"has-post-thumbnail","6":"product_cat-bez-kategorii","7":"product_cat-aminokawsy","8":"product_cat-suplementy","9":"desktop-align-center","10":"tablet-align-left","11":"mobile-align-left","13":"first","14":"instock","15":"sale","16":"taxable","17":"shipping-taxable","18":"purchasable","19":"product-type-simple"},"acf":[],"aioseo_notices":[],"_links":{"self":[{"href":"https:\/\/pro-body.com\/pl\/wp-json\/wp\/v2\/product\/69328","targetHints":{"allow":["GET"]}}],"collection":[{"href":"https:\/\/pro-body.com\/pl\/wp-json\/wp\/v2\/product"}],"about":[{"href":"https:\/\/pro-body.com\/pl\/wp-json\/wp\/v2\/types\/product"}],"replies":[{"embeddable":true,"href":"https:\/\/pro-body.com\/pl\/wp-json\/wp\/v2\/comments?post=69328"}],"wp:featuredmedia":[{"embeddable":true,"href":"https:\/\/pro-body.com\/pl\/wp-json\/wp\/v2\/media\/69330"}],"wp:attachment":[{"href":"https:\/\/pro-body.com\/pl\/wp-json\/wp\/v2\/media?parent=69328"}],"wp:term":[{"taxonomy":"product_brand","embeddable":true,"href":"https:\/\/pro-body.com\/pl\/wp-json\/wp\/v2\/product_brand?post=69328"},{"taxonomy":"product_cat","embeddable":true,"href":"https:\/\/pro-body.com\/pl\/wp-json\/wp\/v2\/product_cat?post=69328"},{"taxonomy":"product_tag","embeddable":true,"href":"https:\/\/pro-body.com\/pl\/wp-json\/wp\/v2\/product_tag?post=69328"}],"curies":[{"name":"wp","href":"https:\/\/api.w.org\/{rel}","templated":true}]}}