{"id":69331,"date":"2024-07-13T10:16:04","date_gmt":"2024-07-13T08:16:04","guid":{"rendered":"https:\/\/pro-body.com\/pl\/?post_type=product&#038;p=69331"},"modified":"2025-10-23T16:44:17","modified_gmt":"2025-10-23T14:44:17","slug":"l-carnitine-200mg","status":"publish","type":"product","link":"https:\/\/pro-body.com\/pl\/produkt\/l-carnitine-200mg\/","title":{"rendered":"L-Carnitine 200 mg\/1 ml &#8211; 10 ml"},"content":{"rendered":"<h1><b>L-karnityna na odchudzanie 200 mg \/ 1 ml<\/b><\/h1>\n<p><b>L-karnityna na odchudzanie<\/b><span style=\"font-weight: 400;\"> &#8211; to skuteczne dzia\u0142anie wspieraj\u0105ce redukcj\u0119 tkanki t\u0142uszczowej. Wersja iniekcyjna l-karnityny daje nam mo\u017cliwo\u015b\u0107 wykorzystania pe\u0142nego potencja\u0142u karnityny, co przek\u0142ada si\u0119 na wysok\u0105 efektywno\u015b\u0107 suplementacji. Je\u017celi wcze\u015bniej pr\u00f3bowa\u0142e\u015b l-karnityny w postaci suplementu diety i nie czu\u0142e\u015b efekt\u00f3w, to nasza wersja produktu w formie iniekcji podsk\u00f3rnej zaskoczy Ci\u0119 pozytywnie swoim dzia\u0142anie. Sprawd\u017a, jakie efekty Ci przyniesie i jak dobrze wykorzysta\u0107 jej dzia\u0142anie. <\/span><\/p>\n","protected":false},"excerpt":{"rendered":"<p>L-karnityna na odchudzanie 200 mg \/ 1 ml L-karnityna na odchudzanie &#8211; to skuteczne dzia\u0142anie wspieraj\u0105ce redukcj\u0119 tkanki t\u0142uszczowej. Wersja iniekcyjna l-karnityny daje nam mo\u017cliwo\u015b\u0107 wykorzystania pe\u0142nego potencja\u0142u karnityny, co przek\u0142ada si\u0119 na wysok\u0105 efektywno\u015b\u0107 suplementacji. Je\u017celi wcze\u015bniej pr\u00f3bowa\u0142e\u015b l-karnityny w postaci suplementu diety i nie czu\u0142e\u015b efekt\u00f3w, to nasza wersja produktu w formie iniekcji &hellip;<\/p>\n<p class=\"read-more\"> <a class=\"\" href=\"https:\/\/pro-body.com\/pl\/produkt\/l-carnitine-200mg\/\"> <span class=\"screen-reader-text\">L-Carnitine 200 mg\/1 ml &#8211; 10 ml<\/span> Read More &raquo;<\/a><\/p>\n","protected":false},"featured_media":69332,"comment_status":"open","ping_status":"closed","template":"","meta":{"_acf_changed":false,"site-sidebar-layout":"default","site-content-layout":"","ast-site-content-layout":"default","site-content-style":"default","site-sidebar-style":"default","ast-global-header-display":"","ast-banner-title-visibility":"","ast-main-header-display":"","ast-hfb-above-header-display":"","ast-hfb-below-header-display":"","ast-hfb-mobile-header-display":"","site-post-title":"","ast-breadcrumbs-content":"","ast-featured-img":"","footer-sml-layout":"","theme-transparent-header-meta":"default","adv-header-id-meta":"","stick-header-meta":"","header-above-stick-meta":"","header-main-stick-meta":"","header-below-stick-meta":"","astra-migrate-meta-layouts":"set"},"product_brand":[],"product_cat":[15,96,121,117,65,66],"product_tag":[],"class_list":{"0":"post-69331","1":"product","2":"type-product","3":"status-publish","4":"has-post-thumbnail","6":"product_cat-bez-kategorii","7":"product_cat-peptydy-iniekcyjne","8":"product_cat-lcarnityna","9":"product_cat-nowosc","10":"product_cat-spalacze-tluszczu","11":"product_cat-suplementy","12":"desktop-align-center","13":"tablet-align-left","14":"mobile-align-left","16":"first","17":"instock","18":"sale","19":"taxable","20":"shipping-taxable","21":"purchasable","22":"product-type-simple"},"acf":[],"aioseo_notices":[],"_links":{"self":[{"href":"https:\/\/pro-body.com\/pl\/wp-json\/wp\/v2\/product\/69331","targetHints":{"allow":["GET"]}}],"collection":[{"href":"https:\/\/pro-body.com\/pl\/wp-json\/wp\/v2\/product"}],"about":[{"href":"https:\/\/pro-body.com\/pl\/wp-json\/wp\/v2\/types\/product"}],"replies":[{"embeddable":true,"href":"https:\/\/pro-body.com\/pl\/wp-json\/wp\/v2\/comments?post=69331"}],"wp:featuredmedia":[{"embeddable":true,"href":"https:\/\/pro-body.com\/pl\/wp-json\/wp\/v2\/media\/69332"}],"wp:attachment":[{"href":"https:\/\/pro-body.com\/pl\/wp-json\/wp\/v2\/media?parent=69331"}],"wp:term":[{"taxonomy":"product_brand","embeddable":true,"href":"https:\/\/pro-body.com\/pl\/wp-json\/wp\/v2\/product_brand?post=69331"},{"taxonomy":"product_cat","embeddable":true,"href":"https:\/\/pro-body.com\/pl\/wp-json\/wp\/v2\/product_cat?post=69331"},{"taxonomy":"product_tag","embeddable":true,"href":"https:\/\/pro-body.com\/pl\/wp-json\/wp\/v2\/product_tag?post=69331"}],"curies":[{"name":"wp","href":"https:\/\/api.w.org\/{rel}","templated":true}]}}