{"id":69333,"date":"2024-07-13T12:23:52","date_gmt":"2024-07-13T10:23:52","guid":{"rendered":"https:\/\/pro-body.com\/pl\/?post_type=product&#038;p=69333"},"modified":"2025-10-23T16:44:08","modified_gmt":"2025-10-23T14:44:08","slug":"l-carnitine-400mg","status":"publish","type":"product","link":"https:\/\/pro-body.com\/pl\/produkt\/l-carnitine-400mg\/","title":{"rendered":"L-Carnitine 400 mg\/1 ml &#8211; 10 ml"},"content":{"rendered":"<h1><b>L-karnityna iniekcyjna<\/b><\/h1>\n<p><b>L-Karnityna Iniekcyjna 400 mg <\/b><span style=\"font-weight: 400;\">zdobywa znaczn\u0105 uwag\u0119 ze wzgl\u0119du na swoje potencjalne korzy\u015bci zdrowotne i potencjalne dzia\u0142anie wspieraj\u0105ce wysi\u0142ek fizyczny. Karnityna <\/span><b>odgrywa istotn\u0105 rol\u0119 w produkcji energii<\/b><span style=\"font-weight: 400;\"> poprzez transportowanie kwas\u00f3w t\u0142uszczowych do mitochondri\u00f3w kom\u00f3rek, gdzie s\u0105 one &#8220;spalane&#8221; w celu uzyskania energii. L-Karnityna Iniekcyjna 400 mg oferuje unikaln\u0105 metod\u0119 podawania, kt\u00f3ra mo\u017ce zapewni\u0107 szybkie i skuteczne rezultaty zar\u00f3wno dla pacjent\u00f3w, jak i sportowc\u00f3w. Sprawd\u017a, jakie korzy\u015bci mo\u017cesz uzyska\u0107 przy jej zastosowaniu.\u00a0<\/span><\/p>\n","protected":false},"excerpt":{"rendered":"<p>L-karnityna iniekcyjna L-Karnityna Iniekcyjna 400 mg zdobywa znaczn\u0105 uwag\u0119 ze wzgl\u0119du na swoje potencjalne korzy\u015bci zdrowotne i potencjalne dzia\u0142anie wspieraj\u0105ce wysi\u0142ek fizyczny. Karnityna odgrywa istotn\u0105 rol\u0119 w produkcji energii poprzez transportowanie kwas\u00f3w t\u0142uszczowych do mitochondri\u00f3w kom\u00f3rek, gdzie s\u0105 one &#8220;spalane&#8221; w celu uzyskania energii. L-Karnityna Iniekcyjna 400 mg oferuje unikaln\u0105 metod\u0119 podawania, kt\u00f3ra mo\u017ce zapewni\u0107 &hellip;<\/p>\n<p class=\"read-more\"> <a class=\"\" href=\"https:\/\/pro-body.com\/pl\/produkt\/l-carnitine-400mg\/\"> <span class=\"screen-reader-text\">L-Carnitine 400 mg\/1 ml &#8211; 10 ml<\/span> Read More &raquo;<\/a><\/p>\n","protected":false},"featured_media":69334,"comment_status":"open","ping_status":"closed","template":"","meta":{"_acf_changed":false,"site-sidebar-layout":"default","site-content-layout":"","ast-site-content-layout":"default","site-content-style":"default","site-sidebar-style":"default","ast-global-header-display":"","ast-banner-title-visibility":"","ast-main-header-display":"","ast-hfb-above-header-display":"","ast-hfb-below-header-display":"","ast-hfb-mobile-header-display":"","site-post-title":"","ast-breadcrumbs-content":"","ast-featured-img":"","footer-sml-layout":"","theme-transparent-header-meta":"default","adv-header-id-meta":"","stick-header-meta":"","header-above-stick-meta":"","header-main-stick-meta":"","header-below-stick-meta":"","astra-migrate-meta-layouts":"set"},"product_brand":[],"product_cat":[15,96,121,117,65,66],"product_tag":[],"class_list":{"0":"post-69333","1":"product","2":"type-product","3":"status-publish","4":"has-post-thumbnail","6":"product_cat-bez-kategorii","7":"product_cat-peptydy-iniekcyjne","8":"product_cat-lcarnityna","9":"product_cat-nowosc","10":"product_cat-spalacze-tluszczu","11":"product_cat-suplementy","12":"desktop-align-center","13":"tablet-align-left","14":"mobile-align-left","16":"first","17":"instock","18":"sale","19":"taxable","20":"shipping-taxable","21":"purchasable","22":"product-type-simple"},"acf":[],"aioseo_notices":[],"_links":{"self":[{"href":"https:\/\/pro-body.com\/pl\/wp-json\/wp\/v2\/product\/69333","targetHints":{"allow":["GET"]}}],"collection":[{"href":"https:\/\/pro-body.com\/pl\/wp-json\/wp\/v2\/product"}],"about":[{"href":"https:\/\/pro-body.com\/pl\/wp-json\/wp\/v2\/types\/product"}],"replies":[{"embeddable":true,"href":"https:\/\/pro-body.com\/pl\/wp-json\/wp\/v2\/comments?post=69333"}],"wp:featuredmedia":[{"embeddable":true,"href":"https:\/\/pro-body.com\/pl\/wp-json\/wp\/v2\/media\/69334"}],"wp:attachment":[{"href":"https:\/\/pro-body.com\/pl\/wp-json\/wp\/v2\/media?parent=69333"}],"wp:term":[{"taxonomy":"product_brand","embeddable":true,"href":"https:\/\/pro-body.com\/pl\/wp-json\/wp\/v2\/product_brand?post=69333"},{"taxonomy":"product_cat","embeddable":true,"href":"https:\/\/pro-body.com\/pl\/wp-json\/wp\/v2\/product_cat?post=69333"},{"taxonomy":"product_tag","embeddable":true,"href":"https:\/\/pro-body.com\/pl\/wp-json\/wp\/v2\/product_tag?post=69333"}],"curies":[{"name":"wp","href":"https:\/\/api.w.org\/{rel}","templated":true}]}}