{"id":69335,"date":"2024-07-13T12:24:11","date_gmt":"2024-07-13T10:24:11","guid":{"rendered":"https:\/\/pro-body.com\/pl\/?post_type=product&#038;p=69335"},"modified":"2026-02-06T10:36:10","modified_gmt":"2026-02-06T09:36:10","slug":"l-carnitine-600mg","status":"publish","type":"product","link":"https:\/\/pro-body.com\/pl\/produkt\/l-carnitine-600mg\/","title":{"rendered":"L-Carnitine 600 mg\/1 ml &#8211; 10 ml"},"content":{"rendered":"<h1>L-karnityna na odchudzanie<\/h1>\n<p><strong>L-karnityna 600 mg 10 ml<\/strong> to specjalistyczny suplement szeroko uznawany za swoje potencjalne korzy\u015bci w poprawie wydolno\u015bci fizycznej, wspomaganiu odchudzania oraz promowaniu zdrowia sercowo-naczyniowego. Jej dzia\u0142anie zazwyczaj wykorzystywane jest w okresie redukcji tkanki t\u0142uszczowej, jako wsparcie w szybszym odchudzaniu. L-karnityna ma jeszcze wi\u0119cej innych ciekawych w\u0142a\u015bciwo\u015bci, kt\u00f3re mo\u017cesz wykorzysta\u0107, aby usprawni\u0107 funkcjonowanie Twojego cia\u0142a.<\/p>\n","protected":false},"excerpt":{"rendered":"<p>L-karnityna na odchudzanie L-karnityna 600 mg 10 ml to specjalistyczny suplement szeroko uznawany za swoje potencjalne korzy\u015bci w poprawie wydolno\u015bci fizycznej, wspomaganiu odchudzania oraz promowaniu zdrowia sercowo-naczyniowego. Jej dzia\u0142anie zazwyczaj wykorzystywane jest w okresie redukcji tkanki t\u0142uszczowej, jako wsparcie w szybszym odchudzaniu. L-karnityna ma jeszcze wi\u0119cej innych ciekawych w\u0142a\u015bciwo\u015bci, kt\u00f3re mo\u017cesz wykorzysta\u0107, aby usprawni\u0107 funkcjonowanie &hellip;<\/p>\n<p class=\"read-more\"> <a class=\"\" href=\"https:\/\/pro-body.com\/pl\/produkt\/l-carnitine-600mg\/\"> <span class=\"screen-reader-text\">L-Carnitine 600 mg\/1 ml &#8211; 10 ml<\/span> Read More &raquo;<\/a><\/p>\n","protected":false},"featured_media":69336,"comment_status":"open","ping_status":"closed","template":"","meta":{"_acf_changed":false,"site-sidebar-layout":"default","site-content-layout":"","ast-site-content-layout":"default","site-content-style":"default","site-sidebar-style":"default","ast-global-header-display":"","ast-banner-title-visibility":"","ast-main-header-display":"","ast-hfb-above-header-display":"","ast-hfb-below-header-display":"","ast-hfb-mobile-header-display":"","site-post-title":"","ast-breadcrumbs-content":"","ast-featured-img":"","footer-sml-layout":"","theme-transparent-header-meta":"default","adv-header-id-meta":"","stick-header-meta":"","header-above-stick-meta":"","header-main-stick-meta":"","header-below-stick-meta":"","astra-migrate-meta-layouts":"set"},"product_brand":[],"product_cat":[15,96,121,117,65,66],"product_tag":[],"class_list":{"0":"post-69335","1":"product","2":"type-product","3":"status-publish","4":"has-post-thumbnail","6":"product_cat-bez-kategorii","7":"product_cat-peptydy-iniekcyjne","8":"product_cat-lcarnityna","9":"product_cat-nowosc","10":"product_cat-spalacze-tluszczu","11":"product_cat-suplementy","12":"desktop-align-center","13":"tablet-align-left","14":"mobile-align-left","16":"first","17":"instock","18":"sale","19":"taxable","20":"shipping-taxable","21":"purchasable","22":"product-type-simple"},"acf":[],"aioseo_notices":[],"_links":{"self":[{"href":"https:\/\/pro-body.com\/pl\/wp-json\/wp\/v2\/product\/69335","targetHints":{"allow":["GET"]}}],"collection":[{"href":"https:\/\/pro-body.com\/pl\/wp-json\/wp\/v2\/product"}],"about":[{"href":"https:\/\/pro-body.com\/pl\/wp-json\/wp\/v2\/types\/product"}],"replies":[{"embeddable":true,"href":"https:\/\/pro-body.com\/pl\/wp-json\/wp\/v2\/comments?post=69335"}],"wp:featuredmedia":[{"embeddable":true,"href":"https:\/\/pro-body.com\/pl\/wp-json\/wp\/v2\/media\/69336"}],"wp:attachment":[{"href":"https:\/\/pro-body.com\/pl\/wp-json\/wp\/v2\/media?parent=69335"}],"wp:term":[{"taxonomy":"product_brand","embeddable":true,"href":"https:\/\/pro-body.com\/pl\/wp-json\/wp\/v2\/product_brand?post=69335"},{"taxonomy":"product_cat","embeddable":true,"href":"https:\/\/pro-body.com\/pl\/wp-json\/wp\/v2\/product_cat?post=69335"},{"taxonomy":"product_tag","embeddable":true,"href":"https:\/\/pro-body.com\/pl\/wp-json\/wp\/v2\/product_tag?post=69335"}],"curies":[{"name":"wp","href":"https:\/\/api.w.org\/{rel}","templated":true}]}}