{"id":70182,"date":"2024-07-30T22:39:59","date_gmt":"2024-07-30T20:39:59","guid":{"rendered":"https:\/\/pro-body.com\/pl\/?post_type=product&#038;p=70182"},"modified":"2026-01-09T11:09:29","modified_gmt":"2026-01-09T10:09:29","slug":"nicotinamide-mononucleotide-500mg-60-kapsulek","status":"publish","type":"product","link":"https:\/\/pro-body.com\/pl\/produkt\/nicotinamide-mononucleotide-500mg-60-kapsulek\/","title":{"rendered":"NMN Nicotinamide 500 mg 60 kaps"},"content":{"rendered":"<h1><b>Mononukleotyd Nicotinamide 500 mg 60 kaps<\/b><\/h1>\n<p><b>Mononukleotyd Nikotynamidu <\/b><span style=\"font-weight: 400;\">znany jest z potencjalnych korzy\u015bci zdrowotnych, szczeg\u00f3lnie w zakresie przeciwdzia\u0142ania starzeniu. <\/span><b>NMN jest pochodn\u0105 witaminy B3 (niacyny) <\/b><span style=\"font-weight: 400;\">i odgrywa kluczow\u0105 rol\u0119 w produkcji Dinukleotydu Nikotynamidoadeninowego (NAD+), koenzymu obecnego we wszystkich \u017cywych kom\u00f3rkach. NAD+ jest niezb\u0119dny do r\u00f3\u017cnych proces\u00f3w kom\u00f3rkowych, w tym produkcji energii, naprawy DNA i utrzymania zdrowia naszych kom\u00f3rek. W miar\u0119 starzenia si\u0119 poziom NAD+ w naszych organizmach maleje, co mo\u017ce prowadzi\u0107 do r\u00f3\u017cnych problem\u00f3w zdrowotnych zwi\u0105zanych z wiekiem. Sprawd\u017a, jakie jeszcze ma szczeg\u00f3lne dzia\u0142anie <\/span><b>NMN<\/b><span style=\"font-weight: 400;\"> i wykorzystaj jego wsparcie w poprawie zdrowia serca, odporno\u015bci i funkcji poznawczych.\u00a0<\/span><\/p>\n","protected":false},"excerpt":{"rendered":"<p>Mononukleotyd Nicotinamide 500 mg 60 kaps Mononukleotyd Nikotynamidu znany jest z potencjalnych korzy\u015bci zdrowotnych, szczeg\u00f3lnie w zakresie przeciwdzia\u0142ania starzeniu. NMN jest pochodn\u0105 witaminy B3 (niacyny) i odgrywa kluczow\u0105 rol\u0119 w produkcji Dinukleotydu Nikotynamidoadeninowego (NAD+), koenzymu obecnego we wszystkich \u017cywych kom\u00f3rkach. NAD+ jest niezb\u0119dny do r\u00f3\u017cnych proces\u00f3w kom\u00f3rkowych, w tym produkcji energii, naprawy DNA i utrzymania &hellip;<\/p>\n<p class=\"read-more\"> <a class=\"\" href=\"https:\/\/pro-body.com\/pl\/produkt\/nicotinamide-mononucleotide-500mg-60-kapsulek\/\"> <span class=\"screen-reader-text\">NMN Nicotinamide 500 mg 60 kaps<\/span> Read More &raquo;<\/a><\/p>\n","protected":false},"featured_media":70183,"comment_status":"open","ping_status":"closed","template":"","meta":{"_acf_changed":false,"site-sidebar-layout":"default","site-content-layout":"","ast-site-content-layout":"default","site-content-style":"default","site-sidebar-style":"default","ast-global-header-display":"","ast-banner-title-visibility":"","ast-main-header-display":"","ast-hfb-above-header-display":"","ast-hfb-below-header-display":"","ast-hfb-mobile-header-display":"","site-post-title":"","ast-breadcrumbs-content":"","ast-featured-img":"","footer-sml-layout":"","theme-transparent-header-meta":"default","adv-header-id-meta":"","stick-header-meta":"","header-above-stick-meta":"","header-main-stick-meta":"","header-below-stick-meta":"","astra-migrate-meta-layouts":"set"},"product_brand":[],"product_cat":[15,119,117,66],"product_tag":[],"class_list":{"0":"post-70182","1":"product","2":"type-product","3":"status-publish","4":"has-post-thumbnail","6":"product_cat-bez-kategorii","7":"product_cat-kapsulki","8":"product_cat-nowosc","9":"product_cat-suplementy","10":"desktop-align-center","11":"tablet-align-left","12":"mobile-align-left","14":"first","15":"instock","16":"sale","17":"taxable","18":"shipping-taxable","19":"purchasable","20":"product-type-simple"},"acf":[],"aioseo_notices":[],"_links":{"self":[{"href":"https:\/\/pro-body.com\/pl\/wp-json\/wp\/v2\/product\/70182","targetHints":{"allow":["GET"]}}],"collection":[{"href":"https:\/\/pro-body.com\/pl\/wp-json\/wp\/v2\/product"}],"about":[{"href":"https:\/\/pro-body.com\/pl\/wp-json\/wp\/v2\/types\/product"}],"replies":[{"embeddable":true,"href":"https:\/\/pro-body.com\/pl\/wp-json\/wp\/v2\/comments?post=70182"}],"wp:featuredmedia":[{"embeddable":true,"href":"https:\/\/pro-body.com\/pl\/wp-json\/wp\/v2\/media\/70183"}],"wp:attachment":[{"href":"https:\/\/pro-body.com\/pl\/wp-json\/wp\/v2\/media?parent=70182"}],"wp:term":[{"taxonomy":"product_brand","embeddable":true,"href":"https:\/\/pro-body.com\/pl\/wp-json\/wp\/v2\/product_brand?post=70182"},{"taxonomy":"product_cat","embeddable":true,"href":"https:\/\/pro-body.com\/pl\/wp-json\/wp\/v2\/product_cat?post=70182"},{"taxonomy":"product_tag","embeddable":true,"href":"https:\/\/pro-body.com\/pl\/wp-json\/wp\/v2\/product_tag?post=70182"}],"curies":[{"name":"wp","href":"https:\/\/api.w.org\/{rel}","templated":true}]}}