{"id":70184,"date":"2024-07-30T22:36:36","date_gmt":"2024-07-30T20:36:36","guid":{"rendered":"https:\/\/pro-body.com\/pl\/?post_type=product&#038;p=70184"},"modified":"2025-07-01T14:23:52","modified_gmt":"2025-07-01T12:23:52","slug":"tudca-300mg-60-kapsulek","status":"publish","type":"product","link":"https:\/\/pro-body.com\/pl\/produkt\/tudca-300mg-60-kapsulek\/","title":{"rendered":"TUDCA 300 mg 60 kapsu\u0142ek"},"content":{"rendered":"<h1><b>Endogenic TUDCA 300 mg &#8211; ochrona w\u0105troby<\/b><\/h1>\n<p><span style=\"font-weight: 400;\">TUDCA, czyli <\/span><b>Kwas Tauroursodeoksycholowy<\/b><span style=\"font-weight: 400;\">, zyska\u0142 znacz\u0105c\u0105 uwag\u0119 w ostatnich latach ze wzgl\u0119du na potencjalne korzy\u015bci zdrowotne i terapeutyczne zastosowania w poprawie pracy uk\u0142adu trawiennego. Ten pochodna kwasu \u017c\u00f3\u0142ciowy, tradycyjnie u\u017cywany w medycynie wschodniej, jest badany pod k\u0105tem jego skuteczno\u015bci w leczeniu chor\u00f3b w\u0105troby, stan\u00f3w neurodegeneracyjnych i innych problem\u00f3w zdrowotnych. Przygotowali\u015bmy dla Ciebie gar\u015b\u0107 informacji, z kt\u00f3rych dowiesz si\u0119 <\/span><b>jakie korzy\u015bci daje stosowanie TUDCA<\/b><span style=\"font-weight: 400;\">, jak dawkowa\u0107 suplement diety oraz na co zwr\u00f3ci\u0107 uwag\u0119 podczas stosowania.\u00a0<\/span><\/p>\n","protected":false},"excerpt":{"rendered":"<p>Endogenic TUDCA 300 mg &#8211; ochrona w\u0105troby TUDCA, czyli Kwas Tauroursodeoksycholowy, zyska\u0142 znacz\u0105c\u0105 uwag\u0119 w ostatnich latach ze wzgl\u0119du na potencjalne korzy\u015bci zdrowotne i terapeutyczne zastosowania w poprawie pracy uk\u0142adu trawiennego. Ten pochodna kwasu \u017c\u00f3\u0142ciowy, tradycyjnie u\u017cywany w medycynie wschodniej, jest badany pod k\u0105tem jego skuteczno\u015bci w leczeniu chor\u00f3b w\u0105troby, stan\u00f3w neurodegeneracyjnych i innych problem\u00f3w &hellip;<\/p>\n<p class=\"read-more\"> <a class=\"\" href=\"https:\/\/pro-body.com\/pl\/produkt\/tudca-300mg-60-kapsulek\/\"> <span class=\"screen-reader-text\">TUDCA 300 mg 60 kapsu\u0142ek<\/span> Read More &raquo;<\/a><\/p>\n","protected":false},"featured_media":70185,"comment_status":"open","ping_status":"closed","template":"","meta":{"_acf_changed":false,"site-sidebar-layout":"default","site-content-layout":"","ast-site-content-layout":"default","site-content-style":"default","site-sidebar-style":"default","ast-global-header-display":"","ast-banner-title-visibility":"","ast-main-header-display":"","ast-hfb-above-header-display":"","ast-hfb-below-header-display":"","ast-hfb-mobile-header-display":"","site-post-title":"","ast-breadcrumbs-content":"","ast-featured-img":"","footer-sml-layout":"","theme-transparent-header-meta":"default","adv-header-id-meta":"","stick-header-meta":"","header-above-stick-meta":"","header-main-stick-meta":"","header-below-stick-meta":"","astra-migrate-meta-layouts":"set"},"product_brand":[],"product_cat":[15,119,117,66],"product_tag":[],"class_list":{"0":"post-70184","1":"product","2":"type-product","3":"status-publish","4":"has-post-thumbnail","6":"product_cat-bez-kategorii","7":"product_cat-kapsulki","8":"product_cat-nowosc","9":"product_cat-suplementy","10":"desktop-align-center","11":"tablet-align-left","12":"mobile-align-left","14":"first","15":"instock","16":"sale","17":"taxable","18":"shipping-taxable","19":"purchasable","20":"product-type-simple"},"acf":[],"aioseo_notices":[],"_links":{"self":[{"href":"https:\/\/pro-body.com\/pl\/wp-json\/wp\/v2\/product\/70184","targetHints":{"allow":["GET"]}}],"collection":[{"href":"https:\/\/pro-body.com\/pl\/wp-json\/wp\/v2\/product"}],"about":[{"href":"https:\/\/pro-body.com\/pl\/wp-json\/wp\/v2\/types\/product"}],"replies":[{"embeddable":true,"href":"https:\/\/pro-body.com\/pl\/wp-json\/wp\/v2\/comments?post=70184"}],"wp:featuredmedia":[{"embeddable":true,"href":"https:\/\/pro-body.com\/pl\/wp-json\/wp\/v2\/media\/70185"}],"wp:attachment":[{"href":"https:\/\/pro-body.com\/pl\/wp-json\/wp\/v2\/media?parent=70184"}],"wp:term":[{"taxonomy":"product_brand","embeddable":true,"href":"https:\/\/pro-body.com\/pl\/wp-json\/wp\/v2\/product_brand?post=70184"},{"taxonomy":"product_cat","embeddable":true,"href":"https:\/\/pro-body.com\/pl\/wp-json\/wp\/v2\/product_cat?post=70184"},{"taxonomy":"product_tag","embeddable":true,"href":"https:\/\/pro-body.com\/pl\/wp-json\/wp\/v2\/product_tag?post=70184"}],"curies":[{"name":"wp","href":"https:\/\/api.w.org\/{rel}","templated":true}]}}